{"id":3383,"date":"2018-10-19T10:41:03","date_gmt":"2018-10-19T08:41:03","guid":{"rendered":"https:\/\/www.cerky-studio.com\/accueil\/"},"modified":"2026-05-07T11:01:25","modified_gmt":"2026-05-07T09:01:25","slug":"startseite","status":"publish","type":"page","link":"https:\/\/www.cerky-studio.com\/de\/","title":{"rendered":"Cerky Studio<br \/><span class=\"subtitle\">Mixing und Mastering Studio in M\u00fclhausen, vor Ort und online<\/span>"},"content":{"rendered":"<div class=\"wpb-content-wrapper\"><p>[vc_row][vc_column width=&#8220;1\/12&#8243; offset=&#8220;vc_col-md-2&#8243;][\/vc_column][vc_column width=&#8220;5\/6&#8243; offset=&#8220;vc_col-md-8&#8243;][vc_column_text css=&#8220;&#8220;]<strong>Cerky Studio ist ein professionelles <a href=\"https:\/\/www.cerky-studio.com\/de\/mixing\/\">Mixing<\/a>&#8211; und <a href=\"https:\/\/www.cerky-studio.com\/de\/mastering\/\">Mastering<\/a>-Studio mit Sitz in Mulhouse im Elsass.<\/strong><\/p>\n<p><strong>Ob vor Ort oder online \u2013 profitieren Sie von einer pers\u00f6nlichen und ma\u00dfgeschneiderten Betreuung, um einen Sound zu erhalten, der Ihrer k\u00fcnstlerischen Vision entspricht und den h\u00f6chsten Standards der Musikindustrie gerecht wird.<\/strong><\/p>\n<p><strong>Gegr\u00fcndet von Pierre Lorrain (<a href=\"https:\/\/www.cerky-studio.com\/de\/cerky\/\">Cerky<\/a>), einem Toningenieur mit 20 Jahren Erfahrung (seit 2005), der bereits zahlreiche Projekte und Songs <a href=\"https:\/\/www.cerky-studio.com\/de\/referenzen\/\">f\u00fcr namhafte K\u00fcnstler<\/a> aufgenommen, co-produziert und gemixt hat \u2013 darunter Gold-, Platin- und Diamant-Auszeichnungen \u2013, vereint das Studio Pr\u00e4zision, Leidenschaft und k\u00fcnstlerisches Feingef\u00fchl.<\/strong>[\/vc_column_text][vc_empty_space][\/vc_column][\/vc_row][vc_row][vc_column width=&#8220;1\/5&#8243;][\/vc_column][vc_column width=&#8220;1\/5&#8243;][vc_single_image image=&#8220;3372&#8243; img_size=&#8220;medium&#8220; alignment=&#8220;center&#8220; onclick=&#8220;link_image&#8220; css=&#8220;&#8220;][\/vc_column][vc_column width=&#8220;1\/5&#8243;][vc_single_image image=&#8220;3373&#8243; img_size=&#8220;medium&#8220; alignment=&#8220;center&#8220; onclick=&#8220;link_image&#8220; css=&#8220;&#8220;][\/vc_column][vc_column width=&#8220;1\/5&#8243;][vc_single_image image=&#8220;3374&#8243; img_size=&#8220;medium&#8220; alignment=&#8220;center&#8220; onclick=&#8220;link_image&#8220; css=&#8220;&#8220;][\/vc_column][vc_column width=&#8220;1\/5&#8243;][\/vc_column][\/vc_row][vc_row][vc_column][vc_empty_space][vc_separator css=&#8220;&#8220;][vc_empty_space][\/vc_column][\/vc_row][vc_row][vc_column width=&#8220;1\/2&#8243;][vc_column_text css=&#8220;&#8220;]<\/p>\n<h2>Geben Sie Ihrem Sound die Qualit\u00e4t, die er verdient<\/h2>\n<p>Cerky Studio bietet <a href=\"https:\/\/www.cerky-studio.com\/de\/mixing\/dienstleistung\/\">Mixing<\/a> und <a href=\"https:\/\/www.cerky-studio.com\/de\/mastering\/dienstleistung\/\">Mastering-Dienstleistungen<\/a>, die darauf ausgelegt sind, Ihre Musik zu veredeln und ihr die volle Kraft <strong>eines professionellen Sounds zu verleihen<\/strong>. Mit Pr\u00e4zision, Sensibilit\u00e4t und Expertise wird jedes Projekt so bearbeitet, <strong>dass es mit den aktuellen Top-Produktionen<\/strong> der Branche mithalten kann.[\/vc_column_text][\/vc_column][vc_column width=&#8220;1\/2&#8243;][vc_single_image image=&#8220;4850&#8243; img_size=&#8220;Large&#8220; alignment=&#8220;center&#8220; onclick=&#8220;link_image&#8220; css=&#8220;&#8220;][\/vc_column][\/vc_row][vc_row][vc_column][vc_empty_space][vc_separator css=&#8220;&#8220;][vc_empty_space][\/vc_column][\/vc_row][vc_row][vc_column width=&#8220;1\/2&#8243;][vc_column_text css=&#8220;&#8220;]<\/p>\n<h2>Mixing \u2013 im Dienste Ihres Songs<\/h2>\n<p>Cerky Studio bietet Ihnen eine umfassende Betreuung und ein Mixing, das jeden Aspekt Ihrer musikalischen Kreation hervorhebt.<br \/>\nJede Spur wird sorgf\u00e4ltig analysiert und bearbeitet <b>Lautst\u00e4rke-Balance, feine Dynamiksteuerung, pr\u00e4zise EQ-Anpassungen, Phasenkorrektur und Optimierung des Stereobildes<\/b>\u00a0unter Verwendung hochwertiger Analogtechnik und Premium-Plugins.<\/p>\n<p>Das Ziel: <b>ein harmonischer, koh\u00e4renter und perfekt ausbalancierter Mix<\/b>, der Ihre k\u00fcnstlerische Intention respektiert und den h\u00f6chsten Standards der Musikindustrie entspricht konkurrenzf\u00e4hig mit den anspruchsvollsten Produktionen.[\/vc_column_text][vc_btn title=&#8220;Mehr \u00fcber das Mixing erfahren&#8220; style=&#8220;flat&#8220; color=&#8220;danger&#8220; css=&#8220;&#8220; link=&#8220;url:https%3A%2F%2Fwww.cerky-studio.com%2Fmixage%2Fdefinition%2F|title:Qu%E2%80%99est-ce%20que%20le%20mixage%20%3F&#8220;][\/vc_column][vc_column width=&#8220;1\/2&#8243;][vc_single_image image=&#8220;3376&#8243; img_size=&#8220;Large&#8220; alignment=&#8220;center&#8220; onclick=&#8220;link_image&#8220; css=&#8220;&#8220;][\/vc_column][\/vc_row][vc_row][vc_column][vc_empty_space][vc_separator css=&#8220;&#8220;][vc_empty_space][\/vc_column][\/vc_row][vc_row][vc_column width=&#8220;1\/2&#8243;][vc_column_text css=&#8220;&#8220;]<b>Mastering \u2013 der letzte Schliff f\u00fcr Ihren Sound<\/b><\/p>\n<p>Cerky Studio \u00fcbernimmt das Mastering Ihres Songs, um ihm seine finale Dimension zu geben: <b>ein professioneller, kraftvoller und wettbewerbsf\u00e4higer Sound<\/b>, der mit den Standards der Branche mithalten kann.<\/p>\n<p>Dieser entscheidende Schritt perfektioniert den Mix Ihres Songs oder Ihres gesamten Projekts (EP, Album \u2026) durch pr\u00e4zise, angepasste Bearbeitungen. So wird eine optimale Wiedergabe auf allen Streaming-Plattformen und physischen Formaten (CD, Vinyl) gew\u00e4hrleistet.[\/vc_column_text][vc_btn title=&#8220;Mehr \u00fcber das Mastering erfahren&#8220; style=&#8220;flat&#8220; color=&#8220;danger&#8220; css=&#8220;&#8220; link=&#8220;url:https%3A%2F%2Fwww.cerky-studio.com%2Fmastering%2Fdefinition%2F|title:Qu%E2%80%99est-ce%20que%20le%20mastering%20%3F&#8220;][\/vc_column][vc_column width=&#8220;1\/2&#8243;][vc_single_image image=&#8220;3377&#8243; img_size=&#8220;Large&#8220; alignment=&#8220;center&#8220; onclick=&#8220;link_image&#8220; css=&#8220;&#8220;][\/vc_column][\/vc_row][vc_row][vc_column][vc_empty_space][vc_separator css=&#8220;&#8220;][vc_empty_space][\/vc_column][\/vc_row][vc_row][vc_column width=&#8220;1\/2&#8243;][vc_column_text css=&#8220;&#8220;]<\/p>\n<h2>Mixing &amp; Mastering online \u2013 egal wo Sie sind, reibungslos und interaktiv<\/h2>\n<p>Cerky Studio bietet seine <a href=\"https:\/\/www.cerky-studio.com\/de\/mixing\/online\/\">Mixing<\/a> und <a href=\"https:\/\/www.cerky-studio.com\/de\/mastering\/online\/\">Mastering Dienstleistungen auch online an<\/a>, mit einer <b>Echtzeit-Begleitung, als w\u00e4ren Sie vor Ort<\/b>.<\/p>\n<p><strong>\u00dcber einen privaten Link<\/strong>, den Sie per E-Mail erhalten, k\u00f6nnen Sie <b>live h\u00f6ren<\/b>, wie die Bearbeitungen an Ihrem Song vorgenommen werden, w\u00e4hrend Sie per Videokonferenz Feedback geben.<br \/>\nDiese Arbeitsweise erm\u00f6glicht eine effiziente, interaktive Zusammenarbeit ohne endlose Revisionen. <b>Egal, wo Sie sind, <\/b>Ihre Musik erh\u00e4lt eine professionelle, pers\u00f6nliche und reibungslose Betreuung f\u00fcr ein schnelles und optimales Ergebnis<b>.<\/b>[\/vc_column_text][\/vc_column][vc_column width=&#8220;1\/2&#8243;][vc_single_image image=&#8220;3378&#8243; img_size=&#8220;Large&#8220; alignment=&#8220;center&#8220; onclick=&#8220;link_image&#8220; css=&#8220;&#8220;][\/vc_column][\/vc_row][vc_row][vc_column][vc_empty_space][vc_separator css=&#8220;&#8220;][vc_empty_space][\/vc_column][\/vc_row][vc_row][vc_column width=&#8220;1\/2&#8243;][vc_column_text css=&#8220;&#8220;]<\/p>\n<h2>Living Room \u2013 Ihr R\u00fcckzugsort im Studio<\/h2>\n<p>F\u00fcr K\u00fcnstler, die vor Ort arbeiten m\u00f6chten, bietet das Studio einen <b>\u201eLiving Room\u201c<\/b>, der wie ein gem\u00fctlicher R\u00fcckzugsort gestaltet ist.<br \/>\nDieser komfortable Bereich umfasst ein Wohnzimmer, eine voll ausgestattete K\u00fcche und ein Bad \u2013 alles, was Sie brauchen, um sich zwischen den Sessions zu entspannen.<\/p>\n<p>Zur Unterhaltung stehen Videospiele, eine Auswahl an B\u00fcchern und Magazinen zur Verf\u00fcgung. Besonders bei langen Studiotagen sorgt dieser Raum daf\u00fcr, dass Sie sich wie zu Hause f\u00fchlen \u2013 in einer <b>praktischen und freundlichen Atmosph\u00e4re<\/b>.[\/vc_column_text][\/vc_column][vc_column width=&#8220;1\/2&#8243;][vc_single_image image=&#8220;3379&#8243; img_size=&#8220;full&#8220; onclick=&#8220;link_image&#8220;][\/vc_column][\/vc_row][vc_row][vc_column][vc_empty_space][vc_separator css=&#8220;&#8220;][vc_empty_space][\/vc_column][\/vc_row][vc_row][vc_column width=&#8220;1\/6&#8243;][\/vc_column][vc_column width=&#8220;2\/3&#8243;][vc_column_text css=&#8220;&#8220;]<\/p>\n<h2>Einige Songs, die bei Cerky Studio produziert wurden :<\/h2>\n<p>[\/vc_column_text][vc_empty_space][\/vc_column][vc_column width=&#8220;1\/6&#8243;][\/vc_column][\/vc_row][vc_row][vc_column width=&#8220;1\/6&#8243;][\/vc_column][vc_column width=&#8220;1\/3&#8243;][vc_column_text css=&#8220;&#8220;]https:\/\/open.spotify.com\/intl-fr\/track\/7B6z0HrxAByztLfgzkoxBw[\/vc_column_text][vc_single_image image=&#8220;3380&#8243; img_size=&#8220;Medium&#8220; alignment=&#8220;center&#8220; onclick=&#8220;link_image&#8220; css=&#8220;&#8220;][\/vc_column][vc_column width=&#8220;1\/3&#8243;][vc_column_text css=&#8220;&#8220;]https:\/\/open.spotify.com\/intl-fr\/track\/3llW2J8Gl8LggqQcQSjyqM[\/vc_column_text][vc_single_image image=&#8220;3381&#8243; img_size=&#8220;Medium&#8220; alignment=&#8220;center&#8220; onclick=&#8220;link_image&#8220; css=&#8220;&#8220;][\/vc_column][vc_column width=&#8220;1\/6&#8243;][\/vc_column][\/vc_row][vc_row][vc_column][vc_empty_space][vc_separator css=&#8220;&#8220;][vc_empty_space][\/vc_column][\/vc_row][vc_row][vc_column][vc_column_text css=&#8220;&#8220;]<\/p>\n<p style=\"text-align: center;\">Greifen Sie auf das <a href=\"https:\/\/www.cerky-studio.com\/de\/kit-mixing-mastering-cerky-studio\/\">Mixing und Mastering-Kit<\/a> zu, um alle meine Dienstleistungen f\u00fcr K\u00fcnstler und Labels zu entdecken<\/p>\n<p>[\/vc_column_text][\/vc_column][\/vc_row][vc_row][vc_column width=&#8220;1\/6&#8243;][\/vc_column][vc_column width=&#8220;2\/3&#8243;][vc_column_text css=&#8220;&#8220;]<\/p>\n<p style=\"text-align: center;\"><b>F\u00fcr weitere Informationen oder um Ihr Mixing- oder Mastering-Projekt anzuvertrauen, kontaktieren Sie Cerky Studio.<\/b><\/p>\n<p>[\/vc_column_text][vc_empty_space][\/vc_column][vc_column width=&#8220;1\/6&#8243;][\/vc_column][\/vc_row][vc_row title=&#8220;Je contacte Cerky Studio&#8220; style=&#8220;flat&#8220; gradient_color_1=&#8220;turquoise&#8220; gradient_color_2=&#8220;vista-blue&#8220; gradient_custom_color_1=&#8220;#dd3333&#8243; gradient_custom_color_2=&#8220;#eeee22&#8243; gradient_text_color=&#8220;#ffffff&#8220; custom_background=&#8220;#ededed&#8220; custom_text=&#8220;#666&#8243; outline_custom_color=&#8220;#666&#8243; outline_custom_hover_background=&#8220;#666&#8243; outline_custom_hover_text=&#8220;#fff&#8220; shape=&#8220;rounded&#8220; color=&#8220;danger&#8220; size=&#8220;lg&#8220; align=&#8220;center&#8220; button_block=&#8220;&#8220; add_icon=&#8220;&#8220; i_align=&#8220;left&#8220; i_type=&#8220;fontawesome&#8220; i_icon_fontawesome=&#8220;fas fa-adjust&#8220; i_icon_openiconic=&#8220;vc-oi vc-oi-dial&#8220; i_icon_typicons=&#8220;typcn typcn-adjust-brightness&#8220; i_icon_entypo=&#8220;entypo-icon entypo-icon-note&#8220; i_icon_linecons=&#8220;vc_li vc_li-heart&#8220; i_icon_monosocial=&#8220;vc-mono vc-mono-fivehundredpx&#8220; i_icon_material=&#8220;vc-material vc-material-cake&#8220; i_icon_pixelicons=&#8220;vc_pixel_icon vc_pixel_icon-alert&#8220; custom_onclick=&#8220;&#8220; link=&#8220;url:https%3A%2F%2Fwww.cerky-studio.com%2Fcontact%2F|||&#8220; custom_onclick_code=&#8220;&#8220;][vc_column][vc_btn title=&#8220;Cerky Studio kontaktieren&#8220; style=&#8220;flat&#8220; color=&#8220;danger&#8220; size=&#8220;lg&#8220; align=&#8220;center&#8220; css=&#8220;&#8220; link=&#8220;url:https%3A%2F%2Fwww.cerky-studio.com%2Fcontact%2F|||&#8220;][\/vc_column][\/vc_row]<\/p>\n<\/div>","protected":false},"excerpt":{"rendered":"<p>[vc_row][vc_column width=&#8220;1\/12&#8243; offset=&#8220;vc_col-md-2&#8243;][\/vc_column][vc_column width=&#8220;5\/6&#8243; offset=&#8220;vc_col-md-8&#8243;][vc_column_text css=&#8220;&#8220;]Cerky Studio ist ein professionelles Mixing&#8211; und Mastering-Studio mit Sitz in Mulhouse im Elsass. Ob vor Ort oder online \u2013 profitieren Sie von einer pers\u00f6nlichen und ma\u00dfgeschneiderten Betreuung, um einen Sound zu erhalten, der Ihrer k\u00fcnstlerischen Vision entspricht und den h\u00f6chsten Standards der Musikindustrie gerecht wird. Gegr\u00fcndet von Pierre Lorrain [&hellip;]<\/p>\n","protected":false},"author":2,"featured_media":0,"parent":0,"menu_order":0,"comment_status":"closed","ping_status":"closed","template":"","meta":{"footnotes":""},"class_list":["post-3383","page","type-page","status-publish","hentry"],"yoast_head":"<!-- This site is optimized with the Yoast SEO plugin v26.1.1 - https:\/\/yoast.com\/wordpress\/plugins\/seo\/ -->\n<title>Mixing und Mastering online, Studio Musik M\u00fclhausen<\/title>\n<meta name=\"description\" content=\"Cerky Studio, Mixing- und Mastering-Studio in Mulhouse und im Ausland. Veredeln Sie Ihre Musik mit professioneller, pr\u00e4ziser und zielgerichteter Wiedergabe\" \/>\n<meta name=\"robots\" content=\"index, follow, max-snippet:-1, max-image-preview:large, max-video-preview:-1\" \/>\n<link rel=\"canonical\" href=\"https:\/\/www.cerky-studio.com\/de\/\" \/>\n<meta property=\"og:locale\" content=\"de_DE\" \/>\n<meta property=\"og:type\" content=\"article\" \/>\n<meta property=\"og:title\" content=\"Mixing und Mastering online, Studio Musik M\u00fclhausen\" \/>\n<meta property=\"og:description\" content=\"Cerky Studio, Mixing- und Mastering-Studio in Mulhouse und im Ausland. Veredeln Sie Ihre Musik mit professioneller, pr\u00e4ziser und zielgerichteter Wiedergabe\" \/>\n<meta property=\"og:url\" content=\"https:\/\/www.cerky-studio.com\/de\/\" \/>\n<meta property=\"og:site_name\" content=\"Cerky Studio\" \/>\n<meta property=\"article:publisher\" content=\"https:\/\/www.facebook.com\/DjCerk\" \/>\n<meta property=\"article:modified_time\" content=\"2026-05-07T09:01:25+00:00\" \/>\n<meta name=\"twitter:card\" content=\"summary_large_image\" \/>\n<meta name=\"twitter:site\" content=\"@DJ_CERK\" \/>\n<meta name=\"twitter:label1\" content=\"Gesch\u00e4tzte Lesezeit\" \/>\n\t<meta name=\"twitter:data1\" content=\"4\u00a0Minuten\" \/>\n<script type=\"application\/ld+json\" class=\"yoast-schema-graph\">{\"@context\":\"https:\/\/schema.org\",\"@graph\":[{\"@type\":\"WebPage\",\"@id\":\"https:\/\/www.cerky-studio.com\/de\/\",\"url\":\"https:\/\/www.cerky-studio.com\/de\/\",\"name\":\"Mixing und Mastering online, Studio Musik M\u00fclhausen\",\"isPartOf\":{\"@id\":\"https:\/\/www.cerky-studio.com\/de\/#website\"},\"datePublished\":\"2018-10-19T08:41:03+00:00\",\"dateModified\":\"2026-05-07T09:01:25+00:00\",\"description\":\"Cerky Studio, Mixing- und Mastering-Studio in Mulhouse und im Ausland. Veredeln Sie Ihre Musik mit professioneller, pr\u00e4ziser und zielgerichteter Wiedergabe\",\"breadcrumb\":{\"@id\":\"https:\/\/www.cerky-studio.com\/de\/#breadcrumb\"},\"inLanguage\":\"de\",\"potentialAction\":[{\"@type\":\"ReadAction\",\"target\":[\"https:\/\/www.cerky-studio.com\/de\/\"]}]},{\"@type\":\"BreadcrumbList\",\"@id\":\"https:\/\/www.cerky-studio.com\/de\/#breadcrumb\",\"itemListElement\":[{\"@type\":\"ListItem\",\"position\":1,\"name\":\"Accueil\",\"item\":\"https:\/\/www.cerky-studio.com\/de\/\"},{\"@type\":\"ListItem\",\"position\":2,\"name\":\"Cerky StudioMixing und Mastering Studio in M\u00fclhausen, vor Ort und online\"}]},{\"@type\":\"WebSite\",\"@id\":\"https:\/\/www.cerky-studio.com\/de\/#website\",\"url\":\"https:\/\/www.cerky-studio.com\/de\/\",\"name\":\"Cerky Studio\",\"description\":\"Studio de mixage et mastering \u00e0 Mulhouse et en ligne\",\"publisher\":{\"@id\":\"https:\/\/www.cerky-studio.com\/de\/#organization\"},\"potentialAction\":[{\"@type\":\"SearchAction\",\"target\":{\"@type\":\"EntryPoint\",\"urlTemplate\":\"https:\/\/www.cerky-studio.com\/de\/?s={search_term_string}\"},\"query-input\":{\"@type\":\"PropertyValueSpecification\",\"valueRequired\":true,\"valueName\":\"search_term_string\"}}],\"inLanguage\":\"de\"},{\"@type\":\"Organization\",\"@id\":\"https:\/\/www.cerky-studio.com\/de\/#organization\",\"name\":\"Cerky Studio\",\"url\":\"https:\/\/www.cerky-studio.com\/de\/\",\"logo\":{\"@type\":\"ImageObject\",\"inLanguage\":\"de\",\"@id\":\"https:\/\/www.cerky-studio.com\/de\/#\/schema\/logo\/image\/\",\"url\":\"https:\/\/www.cerky-studio.com\/wp-cerky\/uploads\/2018\/11\/cerky-studio-logo-noir-big.png\",\"contentUrl\":\"https:\/\/www.cerky-studio.com\/wp-cerky\/uploads\/2018\/11\/cerky-studio-logo-noir-big.png\",\"width\":912,\"height\":787,\"caption\":\"Cerky Studio\"},\"image\":{\"@id\":\"https:\/\/www.cerky-studio.com\/de\/#\/schema\/logo\/image\/\"},\"sameAs\":[\"https:\/\/www.facebook.com\/DjCerk\",\"https:\/\/x.com\/DJ_CERK\",\"https:\/\/www.instagram.com\/dj.cerk\/\",\"https:\/\/www.youtube.com\/djcerk07\"]}]}<\/script>\n<!-- \/ Yoast SEO plugin. -->","yoast_head_json":{"title":"Mixing und Mastering online, Studio Musik M\u00fclhausen","description":"Cerky Studio, Mixing- und Mastering-Studio in Mulhouse und im Ausland. Veredeln Sie Ihre Musik mit professioneller, pr\u00e4ziser und zielgerichteter Wiedergabe","robots":{"index":"index","follow":"follow","max-snippet":"max-snippet:-1","max-image-preview":"max-image-preview:large","max-video-preview":"max-video-preview:-1"},"canonical":"https:\/\/www.cerky-studio.com\/de\/","og_locale":"de_DE","og_type":"article","og_title":"Mixing und Mastering online, Studio Musik M\u00fclhausen","og_description":"Cerky Studio, Mixing- und Mastering-Studio in Mulhouse und im Ausland. Veredeln Sie Ihre Musik mit professioneller, pr\u00e4ziser und zielgerichteter Wiedergabe","og_url":"https:\/\/www.cerky-studio.com\/de\/","og_site_name":"Cerky Studio","article_publisher":"https:\/\/www.facebook.com\/DjCerk","article_modified_time":"2026-05-07T09:01:25+00:00","twitter_card":"summary_large_image","twitter_site":"@DJ_CERK","twitter_misc":{"Gesch\u00e4tzte Lesezeit":"4\u00a0Minuten"},"schema":{"@context":"https:\/\/schema.org","@graph":[{"@type":"WebPage","@id":"https:\/\/www.cerky-studio.com\/de\/","url":"https:\/\/www.cerky-studio.com\/de\/","name":"Mixing und Mastering online, Studio Musik M\u00fclhausen","isPartOf":{"@id":"https:\/\/www.cerky-studio.com\/de\/#website"},"datePublished":"2018-10-19T08:41:03+00:00","dateModified":"2026-05-07T09:01:25+00:00","description":"Cerky Studio, Mixing- und Mastering-Studio in Mulhouse und im Ausland. Veredeln Sie Ihre Musik mit professioneller, pr\u00e4ziser und zielgerichteter Wiedergabe","breadcrumb":{"@id":"https:\/\/www.cerky-studio.com\/de\/#breadcrumb"},"inLanguage":"de","potentialAction":[{"@type":"ReadAction","target":["https:\/\/www.cerky-studio.com\/de\/"]}]},{"@type":"BreadcrumbList","@id":"https:\/\/www.cerky-studio.com\/de\/#breadcrumb","itemListElement":[{"@type":"ListItem","position":1,"name":"Accueil","item":"https:\/\/www.cerky-studio.com\/de\/"},{"@type":"ListItem","position":2,"name":"Cerky StudioMixing und Mastering Studio in M\u00fclhausen, vor Ort und online"}]},{"@type":"WebSite","@id":"https:\/\/www.cerky-studio.com\/de\/#website","url":"https:\/\/www.cerky-studio.com\/de\/","name":"Cerky Studio","description":"Studio de mixage et mastering \u00e0 Mulhouse et en ligne","publisher":{"@id":"https:\/\/www.cerky-studio.com\/de\/#organization"},"potentialAction":[{"@type":"SearchAction","target":{"@type":"EntryPoint","urlTemplate":"https:\/\/www.cerky-studio.com\/de\/?s={search_term_string}"},"query-input":{"@type":"PropertyValueSpecification","valueRequired":true,"valueName":"search_term_string"}}],"inLanguage":"de"},{"@type":"Organization","@id":"https:\/\/www.cerky-studio.com\/de\/#organization","name":"Cerky Studio","url":"https:\/\/www.cerky-studio.com\/de\/","logo":{"@type":"ImageObject","inLanguage":"de","@id":"https:\/\/www.cerky-studio.com\/de\/#\/schema\/logo\/image\/","url":"https:\/\/www.cerky-studio.com\/wp-cerky\/uploads\/2018\/11\/cerky-studio-logo-noir-big.png","contentUrl":"https:\/\/www.cerky-studio.com\/wp-cerky\/uploads\/2018\/11\/cerky-studio-logo-noir-big.png","width":912,"height":787,"caption":"Cerky Studio"},"image":{"@id":"https:\/\/www.cerky-studio.com\/de\/#\/schema\/logo\/image\/"},"sameAs":["https:\/\/www.facebook.com\/DjCerk","https:\/\/x.com\/DJ_CERK","https:\/\/www.instagram.com\/dj.cerk\/","https:\/\/www.youtube.com\/djcerk07"]}]}},"_links":{"self":[{"href":"https:\/\/www.cerky-studio.com\/de\/wp-json\/wp\/v2\/pages\/3383","targetHints":{"allow":["GET"]}}],"collection":[{"href":"https:\/\/www.cerky-studio.com\/de\/wp-json\/wp\/v2\/pages"}],"about":[{"href":"https:\/\/www.cerky-studio.com\/de\/wp-json\/wp\/v2\/types\/page"}],"author":[{"embeddable":true,"href":"https:\/\/www.cerky-studio.com\/de\/wp-json\/wp\/v2\/users\/2"}],"replies":[{"embeddable":true,"href":"https:\/\/www.cerky-studio.com\/de\/wp-json\/wp\/v2\/comments?post=3383"}],"version-history":[{"count":5,"href":"https:\/\/www.cerky-studio.com\/de\/wp-json\/wp\/v2\/pages\/3383\/revisions"}],"predecessor-version":[{"id":3744,"href":"https:\/\/www.cerky-studio.com\/de\/wp-json\/wp\/v2\/pages\/3383\/revisions\/3744"}],"wp:attachment":[{"href":"https:\/\/www.cerky-studio.com\/de\/wp-json\/wp\/v2\/media?parent=3383"}],"curies":[{"name":"wp","href":"https:\/\/api.w.org\/{rel}","templated":true}]}}