{"id":3747,"date":"2025-08-11T20:14:22","date_gmt":"2025-08-11T18:14:22","guid":{"rendered":"https:\/\/www.cerky-studio.com\/mixage\/"},"modified":"2026-05-07T09:55:11","modified_gmt":"2026-05-07T07:55:11","slug":"mixing","status":"publish","type":"page","link":"https:\/\/www.cerky-studio.com\/de\/mixing\/","title":{"rendered":"Mixing"},"content":{"rendered":"<div class=\"wpb-content-wrapper\"><p>[vc_row][vc_column width=&#8220;1\/6&#8243;][\/vc_column][vc_column width=&#8220;2\/3&#8243;][vc_column_text css=&#8220;&#8220;]<\/p>\n<p style=\"text-align: center;\">Das Mixing ist der <strong>zweite entscheidende Schritt bei der Entstehung eines Songs<\/strong> \u2013 nach der Produktion, der Aufnahme und dem Sounddesign. Hier erwachen die Ideen zum Leben, die k\u00fcnstlerische Intention wird hervorgehoben und <strong>jede Spur wird so bearbeitet, dass ein harmonisches und koh\u00e4rentes Ergebnis entsteht<\/strong>.<\/p>\n<p style=\"text-align: center;\">Bei Cerky Studio garantieren wir ein professionelles Mixing nach aktuellen Standards, abgestimmt auf Ihre Bed\u00fcrfnisse und Ihren Stil \u2013 eine Verbindung aus technischer Expertise, k\u00fcnstlerischem Feingef\u00fchl und musikalischer Kultur.<\/p>\n<p>[\/vc_column_text][vc_empty_space][\/vc_column][vc_column width=&#8220;1\/6&#8243;][\/vc_column][\/vc_row][vc_row][vc_column width=&#8220;1\/2&#8243;][vc_single_image image=&#8220;3473&#8243; img_size=&#8220;Large&#8220; onclick=&#8220;custom_link&#8220; css=&#8220;&#8220; link=&#8220;http:\/\/www.cerky-studio.com\/mixage\/definition\/&#8220;][vc_custom_heading text=&#8220;Was ist Mixing ?&#8220; font_container=&#8220;tag:h2|font_size:26|text_align:left&#8220; use_theme_fonts=&#8220;yes&#8220; css=&#8220;&#8220; link=&#8220;url:https%3A%2F%2Fwww.cerky-studio.com%2Fv2site%2Fmixage%2Fdefinition%2F|title:Qu%E2%80%99est-ce%20que%20le%20mixage%20%3F&#8220;][vc_column_text css=&#8220;&#8220;]Mixing ist die Kunst, rohe Spuren in ein ausgewogenes, klares und immersives Werk zu verwandeln, in dem jeder Sound seinen Platz findet und die gesamte Emotion des St\u00fccks zum Ausdruck bringt.[\/vc_column_text][vc_btn title=&#8220;Mehr erfahren&#8220; style=&#8220;flat&#8220; color=&#8220;danger&#8220; css=&#8220;&#8220; link=&#8220;url:https%3A%2F%2Fwww.cerky-studio.com%2Fde%2Fmixing%2Fdefinition%2F|title:Qu%E2%80%99est-ce%20que%20le%20mixage%20%3F&#8220;][\/vc_column][vc_column width=&#8220;1\/2&#8243;][vc_single_image image=&#8220;3485&#8243; img_size=&#8220;Large&#8220; alignment=&#8220;center&#8220; onclick=&#8220;custom_link&#8220; css=&#8220;&#8220; link=&#8220;https:\/\/www.cerky-studio.com\/mixage\/definition\/&#8220;][\/vc_column][\/vc_row][vc_row][vc_column][vc_empty_space][vc_separator css=&#8220;&#8220;][vc_empty_space][\/vc_column][\/vc_row][vc_row][vc_column width=&#8220;1\/3&#8243;][vc_single_image image=&#8220;4888&#8243; img_size=&#8220;large&#8220; onclick=&#8220;custom_link&#8220; css=&#8220;&#8220; link=&#8220;https:\/\/www.cerky-studio.com\/mixage\/prestation\/&#8220;][vc_custom_heading text=&#8220;Mixing bei Cerky Studio&#8220; font_container=&#8220;tag:h2|font_size:26|text_align:left&#8220; use_theme_fonts=&#8220;yes&#8220; css=&#8220;&#8220; link=&#8220;url:https%3A%2F%2Fwww.cerky-studio.com%2Fv2site%2Fmixage%2Fprestation%2F|title:Prestation%20de%20mixage&#8220;][vc_column_text css=&#8220;&#8220;]Im Cerky Studio zielt das Mixing darauf ab, Ihre Musik mit professioneller Pr\u00e4zision zu veredeln \u2013 entsprechend Ihren Erwartungen und den h\u00f6chsten Standards der Musikindustrie.[\/vc_column_text][vc_btn title=&#8220;Mehr erfahren&#8220; style=&#8220;flat&#8220; color=&#8220;danger&#8220; css=&#8220;&#8220; link=&#8220;url:https%3A%2F%2Fwww.cerky-studio.com%2Fde%2Fmixing%2Fdienstleistung%2F|title:Prestation%20de%20mixage&#8220;][vc_empty_space][vc_separator css=&#8220;&#8220;][vc_empty_space][\/vc_column][vc_column width=&#8220;1\/3&#8243;][vc_single_image image=&#8220;3474&#8243; img_size=&#8220;large&#8220; onclick=&#8220;custom_link&#8220; css=&#8220;&#8220; link=&#8220;https:\/\/www.cerky-studio.com\/mixage\/genres-musicaux\/&#8220;][vc_custom_heading text=&#8220;Mixing nach Musikgenres&#8220; font_container=&#8220;tag:h2|font_size:26|text_align:left&#8220; use_theme_fonts=&#8220;yes&#8220; css=&#8220;&#8220; link=&#8220;url:https%3A%2F%2Fwww.cerky-studio.com%2Fv2site%2Fmixage%2Fgenres-musicaux%2F|title:Mixage%20par%20genres%20musicaux&#8220;][vc_column_text css=&#8220;&#8220;]Das Mixing an jeden Musikstil anzupassen bedeutet, Technik, k\u00fcnstlerisches Gesp\u00fcr und die Einhaltung der jeweiligen Genre-Codes zu verbinden \u2013 f\u00fcr ein Ergebnis, das sowohl der Vision des K\u00fcnstlers als auch den kulturellen und professionellen Standards treu bleibt.[\/vc_column_text][vc_btn title=&#8220;Mehr erfahren&#8220; style=&#8220;flat&#8220; color=&#8220;danger&#8220; css=&#8220;&#8220; link=&#8220;url:https%3A%2F%2Fwww.cerky-studio.com%2Fde%2Fmixing%2Fmusikgenres%2F|title:Qu%E2%80%99est-ce%20que%20le%20mixage%20%3F&#8220;][vc_empty_space][vc_separator css=&#8220;&#8220;][vc_empty_space][\/vc_column][vc_column width=&#8220;1\/3&#8243;][vc_single_image image=&#8220;3475&#8243; img_size=&#8220;large&#8220; onclick=&#8220;custom_link&#8220; css=&#8220;&#8220; link=&#8220;https:\/\/www.cerky-studio.com\/mixage\/tarifs\/&#8220;][vc_custom_heading text=&#8220;Mixing Preise&#8220; font_container=&#8220;tag:h2|font_size:26|text_align:left&#8220; use_theme_fonts=&#8220;yes&#8220; css=&#8220;&#8220; link=&#8220;url:https%3A%2F%2Fwww.cerky-studio.com%2Fv2site%2Fmixage%2Ftarifs%2F|title:Tarifs%20mixage&#8220;][vc_column_text css=&#8220;&#8220;]Bei Cerky Studio stehen 20 Jahre Erfahrung, ein High-End-Arbeitsumfeld und Referenz-Equipment im Dienst Ihrer Musik \u2013 f\u00fcr ein professionelles und konkurrenzf\u00e4higes Ergebnis, angeboten zu transparenten Preisen.[\/vc_column_text][vc_btn title=&#8220;Mehr erfahren&#8220; style=&#8220;flat&#8220; color=&#8220;danger&#8220; css=&#8220;&#8220; link=&#8220;url:https%3A%2F%2Fwww.cerky-studio.com%2Fde%2Fmixing%2Fpreise%2F|title:Prestation%20de%20mixage&#8220;][vc_empty_space][vc_separator css=&#8220;&#8220;][vc_empty_space][\/vc_column][\/vc_row][vc_row][vc_column width=&#8220;1\/2&#8243;][vc_single_image image=&#8220;3472&#8243; img_size=&#8220;large&#8220; onclick=&#8220;custom_link&#8220; css=&#8220;&#8220; link=&#8220;https:\/\/www.cerky-studio.com\/mixage\/faq\/&#8220;][vc_custom_heading text=&#8220;FAQ Mixing&#8220; font_container=&#8220;tag:h2|font_size:26|text_align:left&#8220; use_theme_fonts=&#8220;yes&#8220; css=&#8220;&#8220; link=&#8220;url:https%3A%2F%2Fwww.cerky-studio.com%2Fv2site%2Fmixage%2Ffaq%2F|title:Mixage%20%3A%20Questions%20fr%C3%A9quentes&#8220;][vc_column_text css=&#8220;&#8220;]Mixing ist oft von Mythen und Missverst\u00e4ndnissen umgeben. Diese FAQ kl\u00e4rt die technischen Fragen mit klaren und leicht verst\u00e4ndlichen Antworten.[\/vc_column_text][vc_btn title=&#8220;Mehr erfahren&#8220; style=&#8220;flat&#8220; color=&#8220;danger&#8220; css=&#8220;&#8220; link=&#8220;url:https%3A%2F%2Fwww.cerky-studio.com%2Fde%2Fmixing%2Ffaq%2F|title:Prestation%20de%20mixage&#8220;][vc_empty_space][vc_separator][vc_empty_space][\/vc_column][vc_column width=&#8220;1\/2&#8243;][vc_single_image image=&#8220;3568&#8243; img_size=&#8220;large&#8220; alignment=&#8220;center&#8220; onclick=&#8220;custom_link&#8220; css=&#8220;&#8220; link=&#8220;https:\/\/www.cerky-studio.com\/mixage\/a-distance\/&#8220;][vc_custom_heading text=&#8220;Mixing aus der Ferne&#8220; font_container=&#8220;tag:h2|font_size:26|text_align:left&#8220; use_theme_fonts=&#8220;yes&#8220; css=&#8220;&#8220; link=&#8220;url:https%3A%2F%2Fwww.cerky-studio.com%2Fv2site%2Fmixage%2Fa-distance%2F|title:Mixage%20%C3%A0%20distance&#8220;][vc_column_text css=&#8220;&#8220;]Cerky Studio bietet einen Online-Mixing-Service an, der \u00fcberall in Frankreich und dar\u00fcber hinaus zug\u00e4nglich ist \u2013 dank Echtzeit-Streaming. Sie nehmen am Prozess teil, als w\u00e4ren Sie vor Ort: mit direkten Austauschm\u00f6glichkeiten und sofortigem Feedback.[\/vc_column_text][vc_btn title=&#8220;Mehr erfahren&#8220; style=&#8220;flat&#8220; color=&#8220;danger&#8220; css=&#8220;&#8220; link=&#8220;url:https%3A%2F%2Fwww.cerky-studio.com%2Fde%2Fmixing%2Fonline%2F|title:Prestation%20de%20mixage&#8220;][vc_empty_space][vc_separator][vc_empty_space][\/vc_column][\/vc_row][vc_row][vc_column][vc_column_text css=&#8220;&#8220;]<\/p>\n<p style=\"text-align: center;\"><strong>Kontaktieren Sie Cerky Studio f\u00fcr weitere Informationen zum Mixing oder f\u00fcr ein individuelles Angebot<\/strong><\/p>\n<p>[\/vc_column_text][vc_btn title=&#8220;Cerky Studio kontaktieren&#8220; style=&#8220;flat&#8220; color=&#8220;danger&#8220; size=&#8220;lg&#8220; align=&#8220;center&#8220; css=&#8220;&#8220; link=&#8220;url:https%3A%2F%2Fwww.cerky-studio.com%2Fcontact%2F|||&#8220;][\/vc_column][\/vc_row]<\/p>\n<\/div>","protected":false},"excerpt":{"rendered":"<p>[vc_row][vc_column width=&#8220;1\/6&#8243;][\/vc_column][vc_column width=&#8220;2\/3&#8243;][vc_column_text css=&#8220;&#8220;] Das Mixing ist der zweite entscheidende Schritt bei der Entstehung eines Songs \u2013 nach der Produktion, der Aufnahme und dem Sounddesign. Hier erwachen die Ideen zum Leben, die k\u00fcnstlerische Intention wird hervorgehoben und jede Spur wird so bearbeitet, dass ein harmonisches und koh\u00e4rentes Ergebnis entsteht. Bei Cerky Studio garantieren wir ein [&hellip;]<\/p>\n","protected":false},"author":2,"featured_media":0,"parent":0,"menu_order":1,"comment_status":"closed","ping_status":"closed","template":"","meta":{"footnotes":""},"class_list":["post-3747","page","type-page","status-publish","hentry"],"yoast_head":"<!-- This site is optimized with the Yoast SEO plugin v26.1.1 - https:\/\/yoast.com\/wordpress\/plugins\/seo\/ -->\n<title>Online Mixing, Mixing und Mastering Studio<\/title>\n<meta name=\"description\" content=\"Erleben Sie professionelles Mixing mit Cerky Studio: 20 Jahre Erfahrung, High-End-Equipment und ma\u00dfgeschneiderter Sound \u2013 f\u00fcr klare, ausgewogene und ver\u00f6ffentlichungsreife Tracks, die Ihre k\u00fcnstlerische Vision perfekt widerspiegeln.\" \/>\n<meta name=\"robots\" content=\"index, follow, max-snippet:-1, max-image-preview:large, max-video-preview:-1\" \/>\n<link rel=\"canonical\" href=\"https:\/\/www.cerky-studio.com\/de\/mixing\/\" \/>\n<meta property=\"og:locale\" content=\"de_DE\" \/>\n<meta property=\"og:type\" content=\"article\" \/>\n<meta property=\"og:title\" content=\"Online Mixing, Mixing und Mastering Studio\" \/>\n<meta property=\"og:description\" content=\"Erleben Sie professionelles Mixing mit Cerky Studio: 20 Jahre Erfahrung, High-End-Equipment und ma\u00dfgeschneiderter Sound \u2013 f\u00fcr klare, ausgewogene und ver\u00f6ffentlichungsreife Tracks, die Ihre k\u00fcnstlerische Vision perfekt widerspiegeln.\" \/>\n<meta property=\"og:url\" content=\"https:\/\/www.cerky-studio.com\/de\/mixing\/\" \/>\n<meta property=\"og:site_name\" content=\"Cerky Studio\" \/>\n<meta property=\"article:publisher\" content=\"https:\/\/www.facebook.com\/DjCerk\" \/>\n<meta property=\"article:modified_time\" content=\"2026-05-07T07:55:11+00:00\" \/>\n<meta name=\"twitter:card\" content=\"summary_large_image\" \/>\n<meta name=\"twitter:site\" content=\"@DJ_CERK\" \/>\n<meta name=\"twitter:label1\" content=\"Gesch\u00e4tzte Lesezeit\" \/>\n\t<meta name=\"twitter:data1\" content=\"3\u00a0Minuten\" \/>\n<script type=\"application\/ld+json\" class=\"yoast-schema-graph\">{\"@context\":\"https:\/\/schema.org\",\"@graph\":[{\"@type\":\"WebPage\",\"@id\":\"https:\/\/www.cerky-studio.com\/de\/mixing\/\",\"url\":\"https:\/\/www.cerky-studio.com\/de\/mixing\/\",\"name\":\"Online Mixing, Mixing und Mastering Studio\",\"isPartOf\":{\"@id\":\"https:\/\/www.cerky-studio.com\/de\/#website\"},\"datePublished\":\"2025-08-11T18:14:22+00:00\",\"dateModified\":\"2026-05-07T07:55:11+00:00\",\"description\":\"Erleben Sie professionelles Mixing mit Cerky Studio: 20 Jahre Erfahrung, High-End-Equipment und ma\u00dfgeschneiderter Sound \u2013 f\u00fcr klare, ausgewogene und ver\u00f6ffentlichungsreife Tracks, die Ihre k\u00fcnstlerische Vision perfekt widerspiegeln.\",\"breadcrumb\":{\"@id\":\"https:\/\/www.cerky-studio.com\/de\/mixing\/#breadcrumb\"},\"inLanguage\":\"de\",\"potentialAction\":[{\"@type\":\"ReadAction\",\"target\":[\"https:\/\/www.cerky-studio.com\/de\/mixing\/\"]}]},{\"@type\":\"BreadcrumbList\",\"@id\":\"https:\/\/www.cerky-studio.com\/de\/mixing\/#breadcrumb\",\"itemListElement\":[{\"@type\":\"ListItem\",\"position\":1,\"name\":\"Accueil\",\"item\":\"https:\/\/www.cerky-studio.com\/de\/\"},{\"@type\":\"ListItem\",\"position\":2,\"name\":\"Mixing\"}]},{\"@type\":\"WebSite\",\"@id\":\"https:\/\/www.cerky-studio.com\/de\/#website\",\"url\":\"https:\/\/www.cerky-studio.com\/de\/\",\"name\":\"Cerky Studio\",\"description\":\"Studio de mixage et mastering \u00e0 Mulhouse et en ligne\",\"publisher\":{\"@id\":\"https:\/\/www.cerky-studio.com\/de\/#organization\"},\"potentialAction\":[{\"@type\":\"SearchAction\",\"target\":{\"@type\":\"EntryPoint\",\"urlTemplate\":\"https:\/\/www.cerky-studio.com\/de\/?s={search_term_string}\"},\"query-input\":{\"@type\":\"PropertyValueSpecification\",\"valueRequired\":true,\"valueName\":\"search_term_string\"}}],\"inLanguage\":\"de\"},{\"@type\":\"Organization\",\"@id\":\"https:\/\/www.cerky-studio.com\/de\/#organization\",\"name\":\"Cerky Studio\",\"url\":\"https:\/\/www.cerky-studio.com\/de\/\",\"logo\":{\"@type\":\"ImageObject\",\"inLanguage\":\"de\",\"@id\":\"https:\/\/www.cerky-studio.com\/de\/#\/schema\/logo\/image\/\",\"url\":\"https:\/\/www.cerky-studio.com\/wp-cerky\/uploads\/2018\/11\/cerky-studio-logo-noir-big.png\",\"contentUrl\":\"https:\/\/www.cerky-studio.com\/wp-cerky\/uploads\/2018\/11\/cerky-studio-logo-noir-big.png\",\"width\":912,\"height\":787,\"caption\":\"Cerky Studio\"},\"image\":{\"@id\":\"https:\/\/www.cerky-studio.com\/de\/#\/schema\/logo\/image\/\"},\"sameAs\":[\"https:\/\/www.facebook.com\/DjCerk\",\"https:\/\/x.com\/DJ_CERK\",\"https:\/\/www.instagram.com\/dj.cerk\/\",\"https:\/\/www.youtube.com\/djcerk07\"]}]}<\/script>\n<!-- \/ Yoast SEO plugin. -->","yoast_head_json":{"title":"Online Mixing, Mixing und Mastering Studio","description":"Erleben Sie professionelles Mixing mit Cerky Studio: 20 Jahre Erfahrung, High-End-Equipment und ma\u00dfgeschneiderter Sound \u2013 f\u00fcr klare, ausgewogene und ver\u00f6ffentlichungsreife Tracks, die Ihre k\u00fcnstlerische Vision perfekt widerspiegeln.","robots":{"index":"index","follow":"follow","max-snippet":"max-snippet:-1","max-image-preview":"max-image-preview:large","max-video-preview":"max-video-preview:-1"},"canonical":"https:\/\/www.cerky-studio.com\/de\/mixing\/","og_locale":"de_DE","og_type":"article","og_title":"Online Mixing, Mixing und Mastering Studio","og_description":"Erleben Sie professionelles Mixing mit Cerky Studio: 20 Jahre Erfahrung, High-End-Equipment und ma\u00dfgeschneiderter Sound \u2013 f\u00fcr klare, ausgewogene und ver\u00f6ffentlichungsreife Tracks, die Ihre k\u00fcnstlerische Vision perfekt widerspiegeln.","og_url":"https:\/\/www.cerky-studio.com\/de\/mixing\/","og_site_name":"Cerky Studio","article_publisher":"https:\/\/www.facebook.com\/DjCerk","article_modified_time":"2026-05-07T07:55:11+00:00","twitter_card":"summary_large_image","twitter_site":"@DJ_CERK","twitter_misc":{"Gesch\u00e4tzte Lesezeit":"3\u00a0Minuten"},"schema":{"@context":"https:\/\/schema.org","@graph":[{"@type":"WebPage","@id":"https:\/\/www.cerky-studio.com\/de\/mixing\/","url":"https:\/\/www.cerky-studio.com\/de\/mixing\/","name":"Online Mixing, Mixing und Mastering Studio","isPartOf":{"@id":"https:\/\/www.cerky-studio.com\/de\/#website"},"datePublished":"2025-08-11T18:14:22+00:00","dateModified":"2026-05-07T07:55:11+00:00","description":"Erleben Sie professionelles Mixing mit Cerky Studio: 20 Jahre Erfahrung, High-End-Equipment und ma\u00dfgeschneiderter Sound \u2013 f\u00fcr klare, ausgewogene und ver\u00f6ffentlichungsreife Tracks, die Ihre k\u00fcnstlerische Vision perfekt widerspiegeln.","breadcrumb":{"@id":"https:\/\/www.cerky-studio.com\/de\/mixing\/#breadcrumb"},"inLanguage":"de","potentialAction":[{"@type":"ReadAction","target":["https:\/\/www.cerky-studio.com\/de\/mixing\/"]}]},{"@type":"BreadcrumbList","@id":"https:\/\/www.cerky-studio.com\/de\/mixing\/#breadcrumb","itemListElement":[{"@type":"ListItem","position":1,"name":"Accueil","item":"https:\/\/www.cerky-studio.com\/de\/"},{"@type":"ListItem","position":2,"name":"Mixing"}]},{"@type":"WebSite","@id":"https:\/\/www.cerky-studio.com\/de\/#website","url":"https:\/\/www.cerky-studio.com\/de\/","name":"Cerky Studio","description":"Studio de mixage et mastering \u00e0 Mulhouse et en ligne","publisher":{"@id":"https:\/\/www.cerky-studio.com\/de\/#organization"},"potentialAction":[{"@type":"SearchAction","target":{"@type":"EntryPoint","urlTemplate":"https:\/\/www.cerky-studio.com\/de\/?s={search_term_string}"},"query-input":{"@type":"PropertyValueSpecification","valueRequired":true,"valueName":"search_term_string"}}],"inLanguage":"de"},{"@type":"Organization","@id":"https:\/\/www.cerky-studio.com\/de\/#organization","name":"Cerky Studio","url":"https:\/\/www.cerky-studio.com\/de\/","logo":{"@type":"ImageObject","inLanguage":"de","@id":"https:\/\/www.cerky-studio.com\/de\/#\/schema\/logo\/image\/","url":"https:\/\/www.cerky-studio.com\/wp-cerky\/uploads\/2018\/11\/cerky-studio-logo-noir-big.png","contentUrl":"https:\/\/www.cerky-studio.com\/wp-cerky\/uploads\/2018\/11\/cerky-studio-logo-noir-big.png","width":912,"height":787,"caption":"Cerky Studio"},"image":{"@id":"https:\/\/www.cerky-studio.com\/de\/#\/schema\/logo\/image\/"},"sameAs":["https:\/\/www.facebook.com\/DjCerk","https:\/\/x.com\/DJ_CERK","https:\/\/www.instagram.com\/dj.cerk\/","https:\/\/www.youtube.com\/djcerk07"]}]}},"_links":{"self":[{"href":"https:\/\/www.cerky-studio.com\/de\/wp-json\/wp\/v2\/pages\/3747","targetHints":{"allow":["GET"]}}],"collection":[{"href":"https:\/\/www.cerky-studio.com\/de\/wp-json\/wp\/v2\/pages"}],"about":[{"href":"https:\/\/www.cerky-studio.com\/de\/wp-json\/wp\/v2\/types\/page"}],"author":[{"embeddable":true,"href":"https:\/\/www.cerky-studio.com\/de\/wp-json\/wp\/v2\/users\/2"}],"replies":[{"embeddable":true,"href":"https:\/\/www.cerky-studio.com\/de\/wp-json\/wp\/v2\/comments?post=3747"}],"version-history":[{"count":6,"href":"https:\/\/www.cerky-studio.com\/de\/wp-json\/wp\/v2\/pages\/3747\/revisions"}],"predecessor-version":[{"id":3846,"href":"https:\/\/www.cerky-studio.com\/de\/wp-json\/wp\/v2\/pages\/3747\/revisions\/3846"}],"wp:attachment":[{"href":"https:\/\/www.cerky-studio.com\/de\/wp-json\/wp\/v2\/media?parent=3747"}],"curies":[{"name":"wp","href":"https:\/\/api.w.org\/{rel}","templated":true}]}}