{"id":3752,"date":"2025-08-09T13:36:42","date_gmt":"2025-08-09T11:36:42","guid":{"rendered":"https:\/\/www.cerky-studio.com\/mixing\/definition\/"},"modified":"2026-05-07T10:00:00","modified_gmt":"2026-05-07T08:00:00","slug":"definition","status":"publish","type":"page","link":"https:\/\/www.cerky-studio.com\/de\/mixing\/definition\/","title":{"rendered":"Was ist Mixing ?"},"content":{"rendered":"<div class=\"wpb-content-wrapper\"><p>[vc_row][vc_column width=&#8220;1\/6&#8243;][\/vc_column][vc_column width=&#8220;2\/3&#8243;][vc_column_text css=&#8220;&#8220;]<\/p>\n<h2>Warum einen Song mixen?<\/h2>\n<p>Nach der Aufnahme ist das Mixing ein entscheidender Schritt, der rohe Tracks in ein <b>koh\u00e4rentes, ausgewogenes Musikst\u00fcck<\/b> verwandelt und es bereit macht, mit professionellen Standards mitzuhalten (es geht dem <a href=\"https:\/\/www.cerky-studio.com\/de\/mastering\/definition\/\">Mastering<\/a> voraus).<br \/>\nEs ist ein Prozess, der <b>Technik und k\u00fcnstlerisches Feingef\u00fchl<\/b> kombiniert, um die ganze Emotion eines Songs zum Ausdruck zu bringen.<\/p>\n<p>Technisch gesehen besteht das Mixing darin, Lautst\u00e4rken, Frequenzen und die Dynamik jedes Elements \u2013 Vocals, Percussion, Drums, Instrumente, Synthesizer, Texturen \u2013 so anzupassen, dass sie <b>ihren Platz im Frequenzspektrum und im Stereobild finden<\/b>.<br \/>\nDas Ziel ist eine <b>klare, breite und immersive Klangb\u00fchne<\/b>, in der jedes Detail h\u00f6rbar bleibt, ohne das Gesamtbild zu st\u00f6ren.<br \/>\nDazu geh\u00f6rt eine pr\u00e4zise Arbeit an Equalizing, Kompression, Panning, der r\u00e4umlichen Dimension jedes Elements sowie weiteren <b>hochwertigen Audioeffekten<\/b>.[\/vc_column_text][\/vc_column][vc_column width=&#8220;1\/6&#8243;][\/vc_column][\/vc_row][vc_row][vc_column width=&#8220;1\/6&#8243;][\/vc_column][vc_column width=&#8220;2\/3&#8243;][vc_single_image image=&#8220;3570&#8243; img_size=&#8220;large&#8220; alignment=&#8220;center&#8220; onclick=&#8220;link_image&#8220; css=&#8220;&#8220;][\/vc_column][vc_column width=&#8220;1\/6&#8243;][\/vc_column][\/vc_row][vc_row][vc_column width=&#8220;1\/6&#8243;][\/vc_column][vc_column width=&#8220;2\/3&#8243;][vc_column_text css=&#8220;&#8220;]Ein gelungenes Mixen ist nicht auf die Technik beschr\u00e4nkt. Es ist auch <strong>eine musikalische Interpretation<\/strong>: Verstehen Sie die Rolle jedes Instruments, die Botschaft des Liedes und passen Sie die Tonwahl an den Musikstil und die Pers\u00f6nlichkeit des K\u00fcnstlers an.<br \/>\n<strong>Ein guter Mix muss die kreative Intention zum Leben erwecken und unterstreichen<\/strong>, die Emotionen verst\u00e4rken und dem St\u00fcck Breite geben, ohne es zu verf\u00e4lschen.[\/vc_column_text][\/vc_column][vc_column width=&#8220;1\/6&#8243;][\/vc_column][\/vc_row][vc_row][vc_column width=&#8220;1\/6&#8243;][\/vc_column][vc_column width=&#8220;2\/3&#8243;][vc_single_image image=&#8220;3572&#8243; img_size=&#8220;large&#8220; alignment=&#8220;center&#8220; onclick=&#8220;link_image&#8220; css=&#8220;&#8220;][\/vc_column][vc_column width=&#8220;1\/6&#8243;][\/vc_column][\/vc_row][vc_row][vc_column width=&#8220;1\/6&#8243;][\/vc_column][vc_column width=&#8220;2\/3&#8243;][vc_column_text css=&#8220;&#8220;]Das <a href=\"https:\/\/www.cerky-studio.com\/de\/mixing\/\">Mixen<\/a> beruht auch auf dem <strong>Verst\u00e4ndnis der Psychoakustik<\/strong> &#8211; also der Art und Weise, wie unser Ohr T\u00f6ne wahrnimmt. Zu wissen, wie der Mensch die Frequenzen, die Tiefe oder die Stereo-Breite identifiziert, erm\u00f6glicht es, den Mix so zu gestalten, dass er auf allen H\u00f6rsystemen schlagkr\u00e4ftig und angenehm ist. Zum Beispiel k\u00f6nnen bestimmte Frequenzen ein Gef\u00fchl von N\u00e4he oder Distanz vermitteln, und die Balance zwischen den B\u00e4ssen, Mitten und H\u00f6hen beeinflusst direkt die emotionale Wirkung eines Songs.<\/p>\n<p>Durch die Nutzung dieser Prinzipien <strong>wird ein stimmiger Klang und maximale Klarheit gew\u00e4hrleistet<\/strong>, w\u00e4hrend gleichzeitig die Dynamik und Nat\u00fcrlichkeit der Instrumente erhalten bleibt und somit die Grundlagen f\u00fcr ein optimales <a href=\"https:\/\/www.cerky-studio.com\/de\/mastering\/\">Mastering<\/a> gelegt werden.[\/vc_column_text][vc_column_text css=&#8220;&#8220;]<strong>Lesen Sie auch<\/strong> : <a href=\"https:\/\/www.cerky-studio.com\/de\/mixing\/faq\/\">H\u00e4ufig gestellte Fragen zum Mischen<\/a>[\/vc_column_text][\/vc_column][vc_column width=&#8220;1\/6&#8243;][\/vc_column][\/vc_row][vc_row][vc_column][vc_empty_space][\/vc_column][\/vc_row][vc_row][vc_column width=&#8220;1\/6&#8243;][\/vc_column][vc_column width=&#8220;2\/3&#8243;][vc_column_text css=&#8220;&#8220;]<\/p>\n<h3>Was ist ein gutes Mixing ?<\/h3>\n<p>Mixing ist ein entscheidender Schritt, um rohe Tracks in ein <b>koh\u00e4rentes Werk<\/b> zu verwandeln, das die k\u00fcnstlerische Intention des Musikst\u00fccks unterstreicht.<br \/>\nDamit das Endergebnis von h\u00f6chster Qualit\u00e4t ist, m\u00fcssen alle <b>Klangquellen<\/b> \u2013 Vocals, aufgenommene Instrumente, Synthesizer, Sounddesign oder atmosph\u00e4rische Texturen \u2013 bereits in bestm\u00f6glicher Qualit\u00e4t aufgenommen oder erstellt worden sein.<\/p>\n<p>Der Erfolg eines Mixings h\u00e4ngt in hohem Ma\u00dfe von der Vorarbeit ab.<br \/>\nJedes Element muss seine urspr\u00fcngliche Intention widerspiegeln:<\/p>\n<ul>\n<li><b>eine Stimme<\/b>, die die Authentizit\u00e4t der Interpretation wiedergibt<\/li>\n<li><b>eine Gitarre<\/b>, die Klangfarbe und Dynamik respektiert<\/li>\n<li>oder <b>elektronische Sounds<\/b>, die sorgf\u00e4ltig gestaltet wurden<\/li>\n<\/ul>\n<p>Kein Take oder Sounddesign-Element sollte das Frequenzspektrum st\u00f6ren oder die M\u00f6glichkeiten beim Mixing einschr\u00e4nken.[\/vc_column_text][\/vc_column][vc_column width=&#8220;1\/6&#8243;][\/vc_column][\/vc_row][vc_row][vc_column][vc_empty_space][\/vc_column][\/vc_row][vc_row][vc_column width=&#8220;1\/6&#8243;][\/vc_column][vc_column width=&#8220;2\/3&#8243;][vc_column_text css=&#8220;&#8220;]<\/p>\n<h3>Was ist das Ziel des Mixings?<\/h3>\n<p>Anders gesagt:<br \/>\nMixing soll das Werk veredeln, jede Spur so ausbalancieren, dass ein harmonisches Ganzes entsteht, die Wahl der Elemente und ihre Intention betonen und damit ein Mastering auf h\u00f6chstem Niveau vorbereiten \u2013 <b>nicht, um schlechte Aufnahmen oder zuf\u00e4llige Entscheidungen zu reparieren<\/b>.<\/p>\n<p>Die Qualit\u00e4t eines Songs entsteht bereits bei der <b>Kreation und Aufnahme<\/b>, denn jedes Detail z\u00e4hlt, um die k\u00fcnstlerische Intention hervorzuheben.[\/vc_column_text][vc_column_text css=&#8220;&#8220;]<strong>Lesen Sie auch<\/strong> : <a href=\"https:\/\/www.cerky-studio.com\/de\/mixing\/musikgenres\/\">Mixen nach musikalischen Stilen<\/a>[\/vc_column_text][\/vc_column][vc_column width=&#8220;1\/6&#8243;][\/vc_column][\/vc_row][vc_row][vc_column][vc_empty_space][\/vc_column][\/vc_row][vc_row][vc_column width=&#8220;1\/6&#8243;][\/vc_column][vc_column width=&#8220;2\/3&#8243;][vc_column_text css=&#8220;&#8220;]<\/p>\n<blockquote><p><strong>Ein Mixing kann nur dann gl\u00e4nzen, wenn das Ausgangsmaterial sorgf\u00e4ltig und der k\u00fcnstlerischen Vision treu ist.<\/strong><br \/>\n<strong>Diese Konsequenz \u2013 vom Rohsound bis zum Endergebnis \u2013 macht den Unterschied zwischen einem Amateur-Track und einer professionellen Produktion.<\/strong><\/p><\/blockquote>\n<p>[\/vc_column_text][\/vc_column][vc_column width=&#8220;1\/6&#8243;][\/vc_column][\/vc_row][vc_row][vc_column][vc_empty_space][vc_separator css=&#8220;&#8220;][\/vc_column][\/vc_row][vc_row][vc_column][vc_empty_space][\/vc_column][\/vc_row][vc_row el_id=&#8220;preparer-morceau&#8220;][vc_column][vc_column_text css=&#8220;&#8220;]<\/p>\n<h2 style=\"text-align: center;\">Wie bereitet man seinen Song f\u00fcr das Mixing vor?<\/h2>\n<p>[\/vc_column_text][\/vc_column][\/vc_row][vc_row][vc_column][vc_empty_space][\/vc_column][\/vc_row][vc_row][vc_column width=&#8220;1\/6&#8243;][\/vc_column][vc_column width=&#8220;2\/3&#8243;][vc_column_text css=&#8220;&#8220;]<\/p>\n<h3>Vision und Erwartungen kl\u00e4ren \u2013 f\u00fcr ein optimales Mixing<\/h3>\n<ul>\n<li><b><\/b>Eine <b>Vorab-Anh\u00f6rung<\/b> des Songs und ggf. ein <b>Video-Call<\/b>, um Erwartungen zu besprechen<\/li>\n<li><b><\/b>Die <b>Schl\u00fcsselelemente<\/b> nennen, die im Vordergrund stehen sollen (z. B. Vocals, Drums, Texturen)<\/li>\n<li><b><\/b>Den gew\u00fcnschten <b>Soundcharakter oder die Stimmung<\/b> beschreiben (z. B. \u201ewarm und organisch\u201c oder \u201emodern und breit\u201c)<\/li>\n<li><b><\/b>Wenn m\u00f6glich, ein <b>detailliertes Briefing<\/b> vom K\u00fcnstler, Label oder Produzenten bereitstellen<\/li>\n<li><b><\/b>Alle <b>technischen oder k\u00fcnstlerischen Fragen<\/b> im Voraus kl\u00e4ren, um Effizienz zu gew\u00e4hrleisten<\/li>\n<li><b><\/b><b>Professionelle Referenz-Songs<\/b> teilen, die den gew\u00fcnschten Sound repr\u00e4sentieren (z. B. bekannte Titel mit einem \u00e4hnlichen Mixing)<\/li>\n<\/ul>\n<p>[\/vc_column_text][\/vc_column][vc_column width=&#8220;1\/6&#8243;][\/vc_column][\/vc_row][vc_row][vc_column width=&#8220;1\/6&#8243;][\/vc_column][vc_column width=&#8220;2\/3&#8243;][vc_column_text css=&#8220;&#8220;]<\/p>\n<h3>Tracks f\u00fcr den Export vorbereiten und organisieren<\/h3>\n<ol>\n<li>Nur die <b>besten Takes<\/b> ausw\u00e4hlen<\/li>\n<li><b>Doppelte oder unn\u00f6tige Spuren<\/b> entfernen, um die Session zu bereinigen<\/li>\n<li><b>Stille, St\u00f6rger\u00e4usche oder \u00fcberfl\u00fcssige Atemger\u00e4usche<\/b> l\u00f6schen<\/li>\n<li>Die <b>urspr\u00fcngliche Lautst\u00e4rke-Balance<\/b> des Projekts beibehalten (Rohmix)<\/li>\n<li>Kreative Effekte behalten (z. B. spezielle Reverbs, Delays), aber <b>Mixing-Effekte entfernen<\/b> (z. B. Kompression, EQ auf dem Masterbus)<\/li>\n<li>Jede Spur <b>eindeutig benennen<\/b> (z. B. Vocals_Lead, Kick, Gitarre_Lead)<\/li>\n<li>Export im <b>WAV-Format<\/b>, mind. <b>24 Bit<\/b> (ideal: <b>32 Bit Float<\/b>) und in der Original-Samplerate (z. B. 44,1 kHz oder 48 kHz)<\/li>\n<li>Alle Tracks und den Rohmix in <b>einen strukturierten Ordner<\/b> legen (ggf. Unterordner: Vocals, Drums, Strings \u2026)<\/li>\n<li>Alles vor dem Versand <b>noch einmal \u00fcberpr\u00fcfen<\/b><\/li>\n<\/ol>\n<p>[\/vc_column_text][vc_column_text css=&#8220;&#8220;]<strong>Lesen Sie auch <\/strong>: <a href=\"https:\/\/www.cerky-studio.com\/de\/mixing\/dienstleistung\/\">Mixen Sie Ihren Song im Cerky Studio<\/a>[\/vc_column_text][\/vc_column][vc_column width=&#8220;1\/6&#8243;][\/vc_column][\/vc_row][vc_row][vc_column][vc_empty_space][\/vc_column][\/vc_row][vc_row][vc_column][vc_column_text css=&#8220;&#8220;]<\/p>\n<p style=\"text-align: center;\">Bei weiteren Fragen zum Mixen lesen Sie bitte <a href=\"https:\/\/www.cerky-studio.com\/de\/mixing\/faq\/\">die FAQ zum Mixen<\/a> oder wenden Sie sich an Cerky Studio<\/p>\n<p>[\/vc_column_text][\/vc_column][\/vc_row][vc_row title=&#8220;Je contacte Cerky Studio&#8220; style=&#8220;flat&#8220; gradient_color_1=&#8220;turquoise&#8220; gradient_color_2=&#8220;vista-blue&#8220; gradient_custom_color_1=&#8220;#dd3333&#8243; gradient_custom_color_2=&#8220;#eeee22&#8243; gradient_text_color=&#8220;#ffffff&#8220; custom_background=&#8220;#ededed&#8220; custom_text=&#8220;#666&#8243; outline_custom_color=&#8220;#666&#8243; outline_custom_hover_background=&#8220;#666&#8243; outline_custom_hover_text=&#8220;#fff&#8220; shape=&#8220;rounded&#8220; color=&#8220;danger&#8220; size=&#8220;lg&#8220; align=&#8220;center&#8220; button_block=&#8220;&#8220; add_icon=&#8220;&#8220; i_align=&#8220;left&#8220; i_type=&#8220;fontawesome&#8220; i_icon_fontawesome=&#8220;fas fa-adjust&#8220; i_icon_openiconic=&#8220;vc-oi vc-oi-dial&#8220; i_icon_typicons=&#8220;typcn typcn-adjust-brightness&#8220; i_icon_entypo=&#8220;entypo-icon entypo-icon-note&#8220; i_icon_linecons=&#8220;vc_li vc_li-heart&#8220; i_icon_monosocial=&#8220;vc-mono vc-mono-fivehundredpx&#8220; i_icon_material=&#8220;vc-material vc-material-cake&#8220; i_icon_pixelicons=&#8220;vc_pixel_icon vc_pixel_icon-alert&#8220; custom_onclick=&#8220;&#8220; link=&#8220;url:https%3A%2F%2Fwww.cerky-studio.com%2Fcontact%2F|||&#8220; custom_onclick_code=&#8220;&#8220;][vc_column][vc_btn title=&#8220;Cerky Studio kontaktieren&#8220; style=&#8220;flat&#8220; color=&#8220;danger&#8220; size=&#8220;lg&#8220; align=&#8220;center&#8220; css=&#8220;&#8220; link=&#8220;url:https%3A%2F%2Fwww.cerky-studio.com%2Fcontact%2F|||&#8220;][\/vc_column][\/vc_row]<\/p>\n<\/div>","protected":false},"excerpt":{"rendered":"<p>[vc_row][vc_column width=&#8220;1\/6&#8243;][\/vc_column][vc_column width=&#8220;2\/3&#8243;][vc_column_text css=&#8220;&#8220;] Warum einen Song mixen? Nach der Aufnahme ist das Mixing ein entscheidender Schritt, der rohe Tracks in ein koh\u00e4rentes, ausgewogenes Musikst\u00fcck verwandelt und es bereit macht, mit professionellen Standards mitzuhalten (es geht dem Mastering voraus). Es ist ein Prozess, der Technik und k\u00fcnstlerisches Feingef\u00fchl kombiniert, um die ganze Emotion eines Songs [&hellip;]<\/p>\n","protected":false},"author":2,"featured_media":0,"parent":3747,"menu_order":11,"comment_status":"closed","ping_status":"closed","template":"","meta":{"footnotes":""},"class_list":["post-3752","page","type-page","status-publish","hentry"],"yoast_head":"<!-- This site is optimized with the Yoast SEO plugin v26.1.1 - https:\/\/yoast.com\/wordpress\/plugins\/seo\/ -->\n<title>Was ist ein Audio-Mixing ? Wie mixt man seine Musik?<\/title>\n<meta name=\"description\" content=\"Entdecken Sie das Audio Mixing: Verwandeln Sie Ihre Rohspuren in einen zusammenh\u00e4ngenden und immersiven Song, der Emotionen, k\u00fcnstlerische Intention und professionelle Standards hervorhebt\" \/>\n<meta name=\"robots\" content=\"index, follow, max-snippet:-1, max-image-preview:large, max-video-preview:-1\" \/>\n<link rel=\"canonical\" href=\"https:\/\/www.cerky-studio.com\/de\/mixing\/definition\/\" \/>\n<meta property=\"og:locale\" content=\"de_DE\" \/>\n<meta property=\"og:type\" content=\"article\" \/>\n<meta property=\"og:title\" content=\"Was ist ein Audio-Mixing ? Wie mixt man seine Musik?\" \/>\n<meta property=\"og:description\" content=\"Entdecken Sie das Audio Mixing: Verwandeln Sie Ihre Rohspuren in einen zusammenh\u00e4ngenden und immersiven Song, der Emotionen, k\u00fcnstlerische Intention und professionelle Standards hervorhebt\" \/>\n<meta property=\"og:url\" content=\"https:\/\/www.cerky-studio.com\/de\/mixing\/definition\/\" \/>\n<meta property=\"og:site_name\" content=\"Cerky Studio\" \/>\n<meta property=\"article:publisher\" content=\"https:\/\/www.facebook.com\/DjCerk\" \/>\n<meta property=\"article:modified_time\" content=\"2026-05-07T08:00:00+00:00\" \/>\n<meta name=\"twitter:card\" content=\"summary_large_image\" \/>\n<meta name=\"twitter:site\" content=\"@DJ_CERK\" \/>\n<meta name=\"twitter:label1\" content=\"Gesch\u00e4tzte Lesezeit\" \/>\n\t<meta name=\"twitter:data1\" content=\"5\u00a0Minuten\" \/>\n<script type=\"application\/ld+json\" class=\"yoast-schema-graph\">{\"@context\":\"https:\/\/schema.org\",\"@graph\":[{\"@type\":\"WebPage\",\"@id\":\"https:\/\/www.cerky-studio.com\/de\/mixing\/definition\/\",\"url\":\"https:\/\/www.cerky-studio.com\/de\/mixing\/definition\/\",\"name\":\"Was ist ein Audio-Mixing ? Wie mixt man seine Musik?\",\"isPartOf\":{\"@id\":\"https:\/\/www.cerky-studio.com\/de\/#website\"},\"datePublished\":\"2025-08-09T11:36:42+00:00\",\"dateModified\":\"2026-05-07T08:00:00+00:00\",\"description\":\"Entdecken Sie das Audio Mixing: Verwandeln Sie Ihre Rohspuren in einen zusammenh\u00e4ngenden und immersiven Song, der Emotionen, k\u00fcnstlerische Intention und professionelle Standards hervorhebt\",\"breadcrumb\":{\"@id\":\"https:\/\/www.cerky-studio.com\/de\/mixing\/definition\/#breadcrumb\"},\"inLanguage\":\"de\",\"potentialAction\":[{\"@type\":\"ReadAction\",\"target\":[\"https:\/\/www.cerky-studio.com\/de\/mixing\/definition\/\"]}]},{\"@type\":\"BreadcrumbList\",\"@id\":\"https:\/\/www.cerky-studio.com\/de\/mixing\/definition\/#breadcrumb\",\"itemListElement\":[{\"@type\":\"ListItem\",\"position\":1,\"name\":\"Accueil\",\"item\":\"https:\/\/www.cerky-studio.com\/de\/\"},{\"@type\":\"ListItem\",\"position\":2,\"name\":\"Mixing\",\"item\":\"https:\/\/www.cerky-studio.com\/de\/mixing\/\"},{\"@type\":\"ListItem\",\"position\":3,\"name\":\"Was ist Mixing ?\"}]},{\"@type\":\"WebSite\",\"@id\":\"https:\/\/www.cerky-studio.com\/de\/#website\",\"url\":\"https:\/\/www.cerky-studio.com\/de\/\",\"name\":\"Cerky Studio\",\"description\":\"Studio de mixage et mastering \u00e0 Mulhouse et en ligne\",\"publisher\":{\"@id\":\"https:\/\/www.cerky-studio.com\/de\/#organization\"},\"potentialAction\":[{\"@type\":\"SearchAction\",\"target\":{\"@type\":\"EntryPoint\",\"urlTemplate\":\"https:\/\/www.cerky-studio.com\/de\/?s={search_term_string}\"},\"query-input\":{\"@type\":\"PropertyValueSpecification\",\"valueRequired\":true,\"valueName\":\"search_term_string\"}}],\"inLanguage\":\"de\"},{\"@type\":\"Organization\",\"@id\":\"https:\/\/www.cerky-studio.com\/de\/#organization\",\"name\":\"Cerky Studio\",\"url\":\"https:\/\/www.cerky-studio.com\/de\/\",\"logo\":{\"@type\":\"ImageObject\",\"inLanguage\":\"de\",\"@id\":\"https:\/\/www.cerky-studio.com\/de\/#\/schema\/logo\/image\/\",\"url\":\"https:\/\/www.cerky-studio.com\/wp-cerky\/uploads\/2018\/11\/cerky-studio-logo-noir-big.png\",\"contentUrl\":\"https:\/\/www.cerky-studio.com\/wp-cerky\/uploads\/2018\/11\/cerky-studio-logo-noir-big.png\",\"width\":912,\"height\":787,\"caption\":\"Cerky Studio\"},\"image\":{\"@id\":\"https:\/\/www.cerky-studio.com\/de\/#\/schema\/logo\/image\/\"},\"sameAs\":[\"https:\/\/www.facebook.com\/DjCerk\",\"https:\/\/x.com\/DJ_CERK\",\"https:\/\/www.instagram.com\/dj.cerk\/\",\"https:\/\/www.youtube.com\/djcerk07\"]}]}<\/script>\n<!-- \/ Yoast SEO plugin. -->","yoast_head_json":{"title":"Was ist ein Audio-Mixing ? Wie mixt man seine Musik?","description":"Entdecken Sie das Audio Mixing: Verwandeln Sie Ihre Rohspuren in einen zusammenh\u00e4ngenden und immersiven Song, der Emotionen, k\u00fcnstlerische Intention und professionelle Standards hervorhebt","robots":{"index":"index","follow":"follow","max-snippet":"max-snippet:-1","max-image-preview":"max-image-preview:large","max-video-preview":"max-video-preview:-1"},"canonical":"https:\/\/www.cerky-studio.com\/de\/mixing\/definition\/","og_locale":"de_DE","og_type":"article","og_title":"Was ist ein Audio-Mixing ? Wie mixt man seine Musik?","og_description":"Entdecken Sie das Audio Mixing: Verwandeln Sie Ihre Rohspuren in einen zusammenh\u00e4ngenden und immersiven Song, der Emotionen, k\u00fcnstlerische Intention und professionelle Standards hervorhebt","og_url":"https:\/\/www.cerky-studio.com\/de\/mixing\/definition\/","og_site_name":"Cerky Studio","article_publisher":"https:\/\/www.facebook.com\/DjCerk","article_modified_time":"2026-05-07T08:00:00+00:00","twitter_card":"summary_large_image","twitter_site":"@DJ_CERK","twitter_misc":{"Gesch\u00e4tzte Lesezeit":"5\u00a0Minuten"},"schema":{"@context":"https:\/\/schema.org","@graph":[{"@type":"WebPage","@id":"https:\/\/www.cerky-studio.com\/de\/mixing\/definition\/","url":"https:\/\/www.cerky-studio.com\/de\/mixing\/definition\/","name":"Was ist ein Audio-Mixing ? Wie mixt man seine Musik?","isPartOf":{"@id":"https:\/\/www.cerky-studio.com\/de\/#website"},"datePublished":"2025-08-09T11:36:42+00:00","dateModified":"2026-05-07T08:00:00+00:00","description":"Entdecken Sie das Audio Mixing: Verwandeln Sie Ihre Rohspuren in einen zusammenh\u00e4ngenden und immersiven Song, der Emotionen, k\u00fcnstlerische Intention und professionelle Standards hervorhebt","breadcrumb":{"@id":"https:\/\/www.cerky-studio.com\/de\/mixing\/definition\/#breadcrumb"},"inLanguage":"de","potentialAction":[{"@type":"ReadAction","target":["https:\/\/www.cerky-studio.com\/de\/mixing\/definition\/"]}]},{"@type":"BreadcrumbList","@id":"https:\/\/www.cerky-studio.com\/de\/mixing\/definition\/#breadcrumb","itemListElement":[{"@type":"ListItem","position":1,"name":"Accueil","item":"https:\/\/www.cerky-studio.com\/de\/"},{"@type":"ListItem","position":2,"name":"Mixing","item":"https:\/\/www.cerky-studio.com\/de\/mixing\/"},{"@type":"ListItem","position":3,"name":"Was ist Mixing ?"}]},{"@type":"WebSite","@id":"https:\/\/www.cerky-studio.com\/de\/#website","url":"https:\/\/www.cerky-studio.com\/de\/","name":"Cerky Studio","description":"Studio de mixage et mastering \u00e0 Mulhouse et en ligne","publisher":{"@id":"https:\/\/www.cerky-studio.com\/de\/#organization"},"potentialAction":[{"@type":"SearchAction","target":{"@type":"EntryPoint","urlTemplate":"https:\/\/www.cerky-studio.com\/de\/?s={search_term_string}"},"query-input":{"@type":"PropertyValueSpecification","valueRequired":true,"valueName":"search_term_string"}}],"inLanguage":"de"},{"@type":"Organization","@id":"https:\/\/www.cerky-studio.com\/de\/#organization","name":"Cerky Studio","url":"https:\/\/www.cerky-studio.com\/de\/","logo":{"@type":"ImageObject","inLanguage":"de","@id":"https:\/\/www.cerky-studio.com\/de\/#\/schema\/logo\/image\/","url":"https:\/\/www.cerky-studio.com\/wp-cerky\/uploads\/2018\/11\/cerky-studio-logo-noir-big.png","contentUrl":"https:\/\/www.cerky-studio.com\/wp-cerky\/uploads\/2018\/11\/cerky-studio-logo-noir-big.png","width":912,"height":787,"caption":"Cerky Studio"},"image":{"@id":"https:\/\/www.cerky-studio.com\/de\/#\/schema\/logo\/image\/"},"sameAs":["https:\/\/www.facebook.com\/DjCerk","https:\/\/x.com\/DJ_CERK","https:\/\/www.instagram.com\/dj.cerk\/","https:\/\/www.youtube.com\/djcerk07"]}]}},"_links":{"self":[{"href":"https:\/\/www.cerky-studio.com\/de\/wp-json\/wp\/v2\/pages\/3752","targetHints":{"allow":["GET"]}}],"collection":[{"href":"https:\/\/www.cerky-studio.com\/de\/wp-json\/wp\/v2\/pages"}],"about":[{"href":"https:\/\/www.cerky-studio.com\/de\/wp-json\/wp\/v2\/types\/page"}],"author":[{"embeddable":true,"href":"https:\/\/www.cerky-studio.com\/de\/wp-json\/wp\/v2\/users\/2"}],"replies":[{"embeddable":true,"href":"https:\/\/www.cerky-studio.com\/de\/wp-json\/wp\/v2\/comments?post=3752"}],"version-history":[{"count":5,"href":"https:\/\/www.cerky-studio.com\/de\/wp-json\/wp\/v2\/pages\/3752\/revisions"}],"predecessor-version":[{"id":3838,"href":"https:\/\/www.cerky-studio.com\/de\/wp-json\/wp\/v2\/pages\/3752\/revisions\/3838"}],"up":[{"embeddable":true,"href":"https:\/\/www.cerky-studio.com\/de\/wp-json\/wp\/v2\/pages\/3747"}],"wp:attachment":[{"href":"https:\/\/www.cerky-studio.com\/de\/wp-json\/wp\/v2\/media?parent=3752"}],"curies":[{"name":"wp","href":"https:\/\/api.w.org\/{rel}","templated":true}]}}