{"id":3758,"date":"2018-10-19T10:43:55","date_gmt":"2018-10-19T08:43:55","guid":{"rendered":"https:\/\/www.cerky-studio.com\/mixing\/prestation\/"},"modified":"2026-05-07T10:01:38","modified_gmt":"2026-05-07T08:01:38","slug":"dienstleistung","status":"publish","type":"page","link":"https:\/\/www.cerky-studio.com\/de\/mixing\/dienstleistung\/","title":{"rendered":"Mixing Dienstleistung"},"content":{"rendered":"<div class=\"wpb-content-wrapper\"><p>[vc_row][vc_column width=&#8220;1\/6&#8243;][\/vc_column][vc_column width=&#8220;2\/3&#8243;][vc_column_text css=&#8220;&#8220;]<\/p>\n<h2 style=\"text-align: center;\">Bringen Sie Ihre musikalische Kreation zum Leben<\/h2>\n<p style=\"text-align: center;\">Cerky Studio ist ein Mixing-Studio in Frankreich, nur 10 Minuten von Mulhouse im Haut-Rhin (Elsass) entfernt. Es befindet sich in einem 100 m\u00b2 gro\u00dfen Wohnbereich und verf\u00fcgt \u00fcber einen 22 m\u00b2 gro\u00dfen Regieraum, der mit hochwertigem Equipment ausgestattet ist und analoge sowie digitale Technologien kombiniert. Cerky Studio bietet professionelle Mixing-Dienstleistungen vor Ort <a href=\"https:\/\/www.cerky-studio.com\/de\/mixing\/online\/\">oder online<\/a> an.<\/p>\n<p>[\/vc_column_text][\/vc_column][vc_column width=&#8220;1\/6&#8243;][\/vc_column][\/vc_row][vc_row][vc_column][vc_empty_space][\/vc_column][\/vc_row][vc_row][vc_column width=&#8220;1\/2&#8243;][vc_column_text css=&#8220;&#8220;]<\/p>\n<h3>Professionelles Mixing, um das volle Potenzial Ihrer Musik zu entfalten<\/h3>\n<p><strong>Veredeln Sie Ihre Musik mit einem professionellen Mix<\/strong>, der den h\u00f6chsten Branchenstandards entspricht, damit Sie Ihre Songs sorgenfrei ver\u00f6ffentlichen und teilen k\u00f6nnen.<\/p>\n<p>Cerky Studio stellt Ihnen <strong>sein Know-how<\/strong>, seine Erfahrung, seine Leidenschaft sowie eine <strong>pr\u00e4zise Analyse und sorgf\u00e4ltige Techniken<\/strong> zur Verf\u00fcgung, um Sie zu begleiten und die Anforderungen an das Mixing, das Ihr Musikst\u00fcck verdient, vollst\u00e4ndig zu erf\u00fcllen.[\/vc_column_text][\/vc_column][vc_column width=&#8220;1\/2&#8243;][vc_single_image image=&#8220;3485&#8243; img_size=&#8220;Large&#8220; onclick=&#8220;link_image&#8220; css=&#8220;&#8220;][\/vc_column][\/vc_row][vc_row][vc_column][vc_empty_space][vc_separator css=&#8220;&#8220;][vc_empty_space][\/vc_column][\/vc_row][vc_row][vc_column width=&#8220;1\/2&#8243;][vc_column_text css=&#8220;&#8220;]<\/p>\n<h3>Ein pr\u00e4ziser und ausgewogener Mix<\/h3>\n<p>Audio-Mixing ist <strong>ein entscheidender Schritt<\/strong>, bei dem die Lautst\u00e4rken ausbalanciert, die Frequenzen geformt und die Dynamik angepasst werden, <strong>um einen klaren und pr\u00e4zisen Klang zu erzielen<\/strong>. Jede Spur wird <strong>sorgf\u00e4ltig bearbeitet<\/strong>, um die Stereobreite, die Platzierung der Instrumente und die Gesamtbalance des St\u00fccks zu optimieren. Dank professioneller Tools und pr\u00e4ziser Techniken erm\u00f6glicht das Mixing ein Ergebnis, das <strong>Ihre k\u00fcnstlerische Intention hervorhebt<\/strong>, den Branchenstandards entspricht und gleichzeitig <strong>eine optimale Grundlage f\u00fcr das Mastering schafft<\/strong>.[\/vc_column_text][vc_btn title=&#8220;Mehr \u00fcber das Mixing erfahren&#8220; style=&#8220;flat&#8220; color=&#8220;danger&#8220; css=&#8220;&#8220; link=&#8220;url:https%3A%2F%2Fwww.cerky-studio.com%2Fde%2Fmixing%2Fdefinition%2F|title:Qu%E2%80%99est-ce%20que%20le%20mixage%20%3F|&#8220;][\/vc_column][vc_column width=&#8220;1\/2&#8243;][vc_single_image image=&#8220;3376&#8243; img_size=&#8220;Large&#8220; alignment=&#8220;center&#8220; onclick=&#8220;link_image&#8220; css=&#8220;&#8220;][\/vc_column][\/vc_row][vc_row][vc_column][vc_empty_space][vc_separator css=&#8220;&#8220;][vc_empty_space][\/vc_column][\/vc_row][vc_row][vc_column][vc_column_text css=&#8220;&#8220;]<\/p>\n<h3 style=\"text-align: center;\">Einige Marken, die im Cerky Studio verwendet werden<\/h3>\n<p>[\/vc_column_text][\/vc_column][\/vc_row][vc_row][vc_column width=&#8220;1\/2&#8243;][vc_single_image image=&#8220;3478&#8243; img_size=&#8220;medium&#8220; alignment=&#8220;center&#8220; css=&#8220;&#8220;][\/vc_column][vc_column width=&#8220;1\/2&#8243;][vc_single_image image=&#8220;4950&#8243; img_size=&#8220;Large&#8220; alignment=&#8220;center&#8220; onclick=&#8220;link_image&#8220; css=&#8220;&#8220;][\/vc_column][\/vc_row][vc_row][vc_column][vc_separator css=&#8220;&#8220;][vc_empty_space][\/vc_column][\/vc_row][vc_row][vc_column width=&#8220;1\/6&#8243;][\/vc_column][vc_column width=&#8220;2\/3&#8243;][vc_column_text css=&#8220;&#8220;]<\/p>\n<h3>Ein fertiges Ergebnis, bereit zur Ver\u00f6ffentlichung<\/h3>\n<p>Cerky Studio verpflichtet sich, Ihnen zus\u00e4tzlich zur Stereo-Mixspur <a href=\"https:\/\/www.cerky-studio.com\/de\/mastering\/dienstleistung\/\"><strong>eine gemasterte Version<\/strong><\/a> Ihres Titels zu liefern, <strong>die bereit f\u00fcr die Distribution ist<\/strong>.[\/vc_column_text][\/vc_column][vc_column width=&#8220;1\/6&#8243;][\/vc_column][\/vc_row][vc_row][vc_column][vc_empty_space][\/vc_column][\/vc_row][vc_row][vc_column width=&#8220;1\/6&#8243;][vc_empty_space][\/vc_column][vc_column width=&#8220;2\/3&#8243;][vc_column_text css=&#8220;&#8220;]<\/p>\n<h3>Sie sind nicht aus der Region?<\/h3>\n<p>Die Mixing-Dienstleistung von Cerky Studio <a href=\"https:\/\/www.cerky-studio.com\/de\/mixing\/online\/\"><strong>kann<\/strong> <strong>vollst\u00e4ndig online durchgef\u00fchrt werden<\/strong><\/a>. Dank eines Videokonferenz-Systems und Live-Mixing per Streaming \u00fcber einen Link, der per E-Mail gesendet wird, <strong>k\u00f6nnen Sie den Fortschritt Ihres Projekts in Echtzeit verfolgen<\/strong> \u2013 egal, wo auf der Welt Sie sich befinden. Diese pers\u00f6nliche Betreuung erm\u00f6glicht es Ihnen, <strong>sich einfach auszutauschen<\/strong>, die Mix-Schritte <strong>zu validieren und ein Ergebnis zu garantieren<\/strong>, das Ihrer k\u00fcnstlerischen Vision entspricht \u2013 <strong>ganz ohne Anreise<\/strong>.[\/vc_column_text][vc_empty_space][\/vc_column][vc_column width=&#8220;1\/6&#8243;][\/vc_column][\/vc_row][vc_row][vc_column][vc_btn title=&#8220;Ich kontaktiere Cerky Studio&#8220; style=&#8220;flat&#8220; color=&#8220;danger&#8220; size=&#8220;lg&#8220; align=&#8220;center&#8220; css=&#8220;&#8220; link=&#8220;url:https%3A%2F%2Fwww.cerky-studio.com%2Fcontact%2F|&#8220;][vc_empty_space][vc_separator css=&#8220;&#8220;][\/vc_column][\/vc_row][vc_row][vc_column][vc_empty_space][vc_column_text css=&#8220;&#8220;]<\/p>\n<p style=\"text-align: center;\"><strong>Cerky Studio bietet <a href=\"https:\/\/www.cerky-studio.com\/de\/mixing\/preise\/\">Preise<\/a> auf Angebot<\/strong><br \/>\n<strong>f\u00fcr die Mischung einer EP oder eines ganzen Albums.<\/strong><\/p>\n<p>[\/vc_column_text][\/vc_column][\/vc_row][vc_row][vc_column][vc_btn title=&#8220;Ich bitte um ein Angebot&#8220; style=&#8220;flat&#8220; color=&#8220;danger&#8220; size=&#8220;lg&#8220; align=&#8220;center&#8220; css=&#8220;&#8220; link=&#8220;url:https%3A%2F%2Fwww.cerky-studio.com%2Fcontact%2F|&#8220;][\/vc_column][\/vc_row]<\/p>\n<\/div>","protected":false},"excerpt":{"rendered":"<p>[vc_row][vc_column width=&#8220;1\/6&#8243;][\/vc_column][vc_column width=&#8220;2\/3&#8243;][vc_column_text css=&#8220;&#8220;] Bringen Sie Ihre musikalische Kreation zum Leben Cerky Studio ist ein Mixing-Studio in Frankreich, nur 10 Minuten von Mulhouse im Haut-Rhin (Elsass) entfernt. Es befindet sich in einem 100 m\u00b2 gro\u00dfen Wohnbereich und verf\u00fcgt \u00fcber einen 22 m\u00b2 gro\u00dfen Regieraum, der mit hochwertigem Equipment ausgestattet ist und analoge sowie digitale Technologien [&hellip;]<\/p>\n","protected":false},"author":2,"featured_media":0,"parent":3747,"menu_order":12,"comment_status":"closed","ping_status":"closed","template":"","meta":{"footnotes":""},"class_list":["post-3758","page","type-page","status-publish","hentry"],"yoast_head":"<!-- This site is optimized with the Yoast SEO plugin v26.1.1 - https:\/\/yoast.com\/wordpress\/plugins\/seo\/ -->\n<title>Professionelles online Audio Mixing Studio<\/title>\n<meta name=\"description\" content=\"\u00dcberlassen Sie das Mixen Ihrer Musik Cerky Studio, in Mulhouse im Elsass oder aus der Ferne. Ein professioneller, ausgewogener und f\u00fcr die Ausstrahlung vorbereiteter Sound mit pers\u00f6nlicher Betreuung und Beratung.\" \/>\n<meta name=\"robots\" content=\"index, follow, max-snippet:-1, max-image-preview:large, max-video-preview:-1\" \/>\n<link rel=\"canonical\" href=\"https:\/\/www.cerky-studio.com\/de\/mixing\/dienstleistung\/\" \/>\n<meta property=\"og:locale\" content=\"de_DE\" \/>\n<meta property=\"og:type\" content=\"article\" \/>\n<meta property=\"og:title\" content=\"Professionelles online Audio Mixing Studio\" \/>\n<meta property=\"og:description\" content=\"\u00dcberlassen Sie das Mixen Ihrer Musik Cerky Studio, in Mulhouse im Elsass oder aus der Ferne. Ein professioneller, ausgewogener und f\u00fcr die Ausstrahlung vorbereiteter Sound mit pers\u00f6nlicher Betreuung und Beratung.\" \/>\n<meta property=\"og:url\" content=\"https:\/\/www.cerky-studio.com\/de\/mixing\/dienstleistung\/\" \/>\n<meta property=\"og:site_name\" content=\"Cerky Studio\" \/>\n<meta property=\"article:publisher\" content=\"https:\/\/www.facebook.com\/DjCerk\" \/>\n<meta property=\"article:modified_time\" content=\"2026-05-07T08:01:38+00:00\" \/>\n<meta name=\"twitter:card\" content=\"summary_large_image\" \/>\n<meta name=\"twitter:site\" content=\"@DJ_CERK\" \/>\n<meta name=\"twitter:label1\" content=\"Gesch\u00e4tzte Lesezeit\" \/>\n\t<meta name=\"twitter:data1\" content=\"3\u00a0Minuten\" \/>\n<script type=\"application\/ld+json\" class=\"yoast-schema-graph\">{\"@context\":\"https:\/\/schema.org\",\"@graph\":[{\"@type\":\"WebPage\",\"@id\":\"https:\/\/www.cerky-studio.com\/de\/mixing\/dienstleistung\/\",\"url\":\"https:\/\/www.cerky-studio.com\/de\/mixing\/dienstleistung\/\",\"name\":\"Professionelles online Audio Mixing Studio\",\"isPartOf\":{\"@id\":\"https:\/\/www.cerky-studio.com\/de\/#website\"},\"datePublished\":\"2018-10-19T08:43:55+00:00\",\"dateModified\":\"2026-05-07T08:01:38+00:00\",\"description\":\"\u00dcberlassen Sie das Mixen Ihrer Musik Cerky Studio, in Mulhouse im Elsass oder aus der Ferne. Ein professioneller, ausgewogener und f\u00fcr die Ausstrahlung vorbereiteter Sound mit pers\u00f6nlicher Betreuung und Beratung.\",\"breadcrumb\":{\"@id\":\"https:\/\/www.cerky-studio.com\/de\/mixing\/dienstleistung\/#breadcrumb\"},\"inLanguage\":\"de\",\"potentialAction\":[{\"@type\":\"ReadAction\",\"target\":[\"https:\/\/www.cerky-studio.com\/de\/mixing\/dienstleistung\/\"]}]},{\"@type\":\"BreadcrumbList\",\"@id\":\"https:\/\/www.cerky-studio.com\/de\/mixing\/dienstleistung\/#breadcrumb\",\"itemListElement\":[{\"@type\":\"ListItem\",\"position\":1,\"name\":\"Accueil\",\"item\":\"https:\/\/www.cerky-studio.com\/de\/\"},{\"@type\":\"ListItem\",\"position\":2,\"name\":\"Mixing\",\"item\":\"https:\/\/www.cerky-studio.com\/de\/mixing\/\"},{\"@type\":\"ListItem\",\"position\":3,\"name\":\"Mixing Dienstleistung\"}]},{\"@type\":\"WebSite\",\"@id\":\"https:\/\/www.cerky-studio.com\/de\/#website\",\"url\":\"https:\/\/www.cerky-studio.com\/de\/\",\"name\":\"Cerky Studio\",\"description\":\"Studio de mixage et mastering \u00e0 Mulhouse et en ligne\",\"publisher\":{\"@id\":\"https:\/\/www.cerky-studio.com\/de\/#organization\"},\"potentialAction\":[{\"@type\":\"SearchAction\",\"target\":{\"@type\":\"EntryPoint\",\"urlTemplate\":\"https:\/\/www.cerky-studio.com\/de\/?s={search_term_string}\"},\"query-input\":{\"@type\":\"PropertyValueSpecification\",\"valueRequired\":true,\"valueName\":\"search_term_string\"}}],\"inLanguage\":\"de\"},{\"@type\":\"Organization\",\"@id\":\"https:\/\/www.cerky-studio.com\/de\/#organization\",\"name\":\"Cerky Studio\",\"url\":\"https:\/\/www.cerky-studio.com\/de\/\",\"logo\":{\"@type\":\"ImageObject\",\"inLanguage\":\"de\",\"@id\":\"https:\/\/www.cerky-studio.com\/de\/#\/schema\/logo\/image\/\",\"url\":\"https:\/\/www.cerky-studio.com\/wp-cerky\/uploads\/2018\/11\/cerky-studio-logo-noir-big.png\",\"contentUrl\":\"https:\/\/www.cerky-studio.com\/wp-cerky\/uploads\/2018\/11\/cerky-studio-logo-noir-big.png\",\"width\":912,\"height\":787,\"caption\":\"Cerky Studio\"},\"image\":{\"@id\":\"https:\/\/www.cerky-studio.com\/de\/#\/schema\/logo\/image\/\"},\"sameAs\":[\"https:\/\/www.facebook.com\/DjCerk\",\"https:\/\/x.com\/DJ_CERK\",\"https:\/\/www.instagram.com\/dj.cerk\/\",\"https:\/\/www.youtube.com\/djcerk07\"]}]}<\/script>\n<!-- \/ Yoast SEO plugin. -->","yoast_head_json":{"title":"Professionelles online Audio Mixing Studio","description":"\u00dcberlassen Sie das Mixen Ihrer Musik Cerky Studio, in Mulhouse im Elsass oder aus der Ferne. Ein professioneller, ausgewogener und f\u00fcr die Ausstrahlung vorbereiteter Sound mit pers\u00f6nlicher Betreuung und Beratung.","robots":{"index":"index","follow":"follow","max-snippet":"max-snippet:-1","max-image-preview":"max-image-preview:large","max-video-preview":"max-video-preview:-1"},"canonical":"https:\/\/www.cerky-studio.com\/de\/mixing\/dienstleistung\/","og_locale":"de_DE","og_type":"article","og_title":"Professionelles online Audio Mixing Studio","og_description":"\u00dcberlassen Sie das Mixen Ihrer Musik Cerky Studio, in Mulhouse im Elsass oder aus der Ferne. Ein professioneller, ausgewogener und f\u00fcr die Ausstrahlung vorbereiteter Sound mit pers\u00f6nlicher Betreuung und Beratung.","og_url":"https:\/\/www.cerky-studio.com\/de\/mixing\/dienstleistung\/","og_site_name":"Cerky Studio","article_publisher":"https:\/\/www.facebook.com\/DjCerk","article_modified_time":"2026-05-07T08:01:38+00:00","twitter_card":"summary_large_image","twitter_site":"@DJ_CERK","twitter_misc":{"Gesch\u00e4tzte Lesezeit":"3\u00a0Minuten"},"schema":{"@context":"https:\/\/schema.org","@graph":[{"@type":"WebPage","@id":"https:\/\/www.cerky-studio.com\/de\/mixing\/dienstleistung\/","url":"https:\/\/www.cerky-studio.com\/de\/mixing\/dienstleistung\/","name":"Professionelles online Audio Mixing Studio","isPartOf":{"@id":"https:\/\/www.cerky-studio.com\/de\/#website"},"datePublished":"2018-10-19T08:43:55+00:00","dateModified":"2026-05-07T08:01:38+00:00","description":"\u00dcberlassen Sie das Mixen Ihrer Musik Cerky Studio, in Mulhouse im Elsass oder aus der Ferne. Ein professioneller, ausgewogener und f\u00fcr die Ausstrahlung vorbereiteter Sound mit pers\u00f6nlicher Betreuung und Beratung.","breadcrumb":{"@id":"https:\/\/www.cerky-studio.com\/de\/mixing\/dienstleistung\/#breadcrumb"},"inLanguage":"de","potentialAction":[{"@type":"ReadAction","target":["https:\/\/www.cerky-studio.com\/de\/mixing\/dienstleistung\/"]}]},{"@type":"BreadcrumbList","@id":"https:\/\/www.cerky-studio.com\/de\/mixing\/dienstleistung\/#breadcrumb","itemListElement":[{"@type":"ListItem","position":1,"name":"Accueil","item":"https:\/\/www.cerky-studio.com\/de\/"},{"@type":"ListItem","position":2,"name":"Mixing","item":"https:\/\/www.cerky-studio.com\/de\/mixing\/"},{"@type":"ListItem","position":3,"name":"Mixing Dienstleistung"}]},{"@type":"WebSite","@id":"https:\/\/www.cerky-studio.com\/de\/#website","url":"https:\/\/www.cerky-studio.com\/de\/","name":"Cerky Studio","description":"Studio de mixage et mastering \u00e0 Mulhouse et en ligne","publisher":{"@id":"https:\/\/www.cerky-studio.com\/de\/#organization"},"potentialAction":[{"@type":"SearchAction","target":{"@type":"EntryPoint","urlTemplate":"https:\/\/www.cerky-studio.com\/de\/?s={search_term_string}"},"query-input":{"@type":"PropertyValueSpecification","valueRequired":true,"valueName":"search_term_string"}}],"inLanguage":"de"},{"@type":"Organization","@id":"https:\/\/www.cerky-studio.com\/de\/#organization","name":"Cerky Studio","url":"https:\/\/www.cerky-studio.com\/de\/","logo":{"@type":"ImageObject","inLanguage":"de","@id":"https:\/\/www.cerky-studio.com\/de\/#\/schema\/logo\/image\/","url":"https:\/\/www.cerky-studio.com\/wp-cerky\/uploads\/2018\/11\/cerky-studio-logo-noir-big.png","contentUrl":"https:\/\/www.cerky-studio.com\/wp-cerky\/uploads\/2018\/11\/cerky-studio-logo-noir-big.png","width":912,"height":787,"caption":"Cerky Studio"},"image":{"@id":"https:\/\/www.cerky-studio.com\/de\/#\/schema\/logo\/image\/"},"sameAs":["https:\/\/www.facebook.com\/DjCerk","https:\/\/x.com\/DJ_CERK","https:\/\/www.instagram.com\/dj.cerk\/","https:\/\/www.youtube.com\/djcerk07"]}]}},"_links":{"self":[{"href":"https:\/\/www.cerky-studio.com\/de\/wp-json\/wp\/v2\/pages\/3758","targetHints":{"allow":["GET"]}}],"collection":[{"href":"https:\/\/www.cerky-studio.com\/de\/wp-json\/wp\/v2\/pages"}],"about":[{"href":"https:\/\/www.cerky-studio.com\/de\/wp-json\/wp\/v2\/types\/page"}],"author":[{"embeddable":true,"href":"https:\/\/www.cerky-studio.com\/de\/wp-json\/wp\/v2\/users\/2"}],"replies":[{"embeddable":true,"href":"https:\/\/www.cerky-studio.com\/de\/wp-json\/wp\/v2\/comments?post=3758"}],"version-history":[{"count":7,"href":"https:\/\/www.cerky-studio.com\/de\/wp-json\/wp\/v2\/pages\/3758\/revisions"}],"predecessor-version":[{"id":3839,"href":"https:\/\/www.cerky-studio.com\/de\/wp-json\/wp\/v2\/pages\/3758\/revisions\/3839"}],"up":[{"embeddable":true,"href":"https:\/\/www.cerky-studio.com\/de\/wp-json\/wp\/v2\/pages\/3747"}],"wp:attachment":[{"href":"https:\/\/www.cerky-studio.com\/de\/wp-json\/wp\/v2\/media?parent=3758"}],"curies":[{"name":"wp","href":"https:\/\/api.w.org\/{rel}","templated":true}]}}