{"id":3764,"date":"2025-08-11T14:24:39","date_gmt":"2025-08-11T12:24:39","guid":{"rendered":"https:\/\/www.cerky-studio.com\/mixing\/tarifs\/"},"modified":"2026-05-07T10:02:59","modified_gmt":"2026-05-07T08:02:59","slug":"preise","status":"publish","type":"page","link":"https:\/\/www.cerky-studio.com\/de\/mixing\/preise\/","title":{"rendered":"Mixing Preise"},"content":{"rendered":"<div class=\"wpb-content-wrapper\"><p>[vc_row][vc_column width=&#8220;1\/6&#8243;][\/vc_column][vc_column width=&#8220;2\/3&#8243;][vc_column_text css=&#8220;&#8220;]<\/p>\n<h2>Welche Mixing-Preise gelten im Cerky Studio?<\/h2>\n<p>Musik und ihre technische Umsetzung stellen <strong>eine wesentliche Investition<\/strong> f\u00fcr jeden unabh\u00e4ngigen K\u00fcnstler oder jedes Label dar, das seine Projekte <strong>in einem professionellen und ausgereiften Format<\/strong> pr\u00e4sentieren m\u00f6chte. Deshalb verpflichtet sich Cerky Studio, <strong>Ihnen hochwertige Leistungen<\/strong>, fundierte Beratung und eine individuelle Betreuung zu bieten, damit Sie <a href=\"https:\/\/www.cerky-studio.com\/de\/mixing\/dienstleistung\/\"><strong>vom ersten Moment unserer Zusammenarbeit an Vertrauen haben<\/strong><\/a> und rundum zufrieden sind \u2013 egal, ob es sich um Mixing, Mastering, einen einzelnen Song oder ein komplettes Projekt handelt.<\/p>\n<p>Ganz auf Sie abgestimmt, ist es unser Ziel, Ihrer Musik <strong>eine professionelle Qualit\u00e4t zu verleihen<\/strong>, die den h\u00f6chsten Branchenstandards <strong>entspricht und konkurrenzf\u00e4hig<\/strong> ist \u2013 und Ihnen gleichzeitig die technischen Aspekte abzunehmen, damit Sie sich vollst\u00e4ndig auf Ihre Kreativit\u00e4t und Ihren k\u00fcnstlerischen Ausdruck konzentrieren k\u00f6nnen.<\/p>\n<p>In einer Branche, in der die Preise f\u00fcr<strong> ein Premium-Ergebnis<\/strong> nahezu unbegrenzt sein k\u00f6nnen und in der sich sowohl die Technik als auch das Fachwissen st\u00e4ndig weiterentwickeln, er\u00f6ffnet Ihnen Cerky Studio den Zugang zu professioneller Studioqualit\u00e4t dank 20 Jahren Erfahrung, einer hochwertigen Arbeitsumgebung und einer erstklassigen Ausstattung \u2013 f\u00fcr moderne, ma\u00dfgeschneiderte Leistungen zu folgenden festen Preisen:[\/vc_column_text][vc_column_text css=&#8220;&#8220;]<strong>Auch lesen<\/strong> : <a href=\"https:\/\/www.cerky-studio.com\/de\/mixing\/definition\/\">Wie bekomme ich einen guten Mix ?<\/a> | <a href=\"https:\/\/www.cerky-studio.com\/de\/mixing\/musikgenres\/\">Mixen nach musikalischen Genres<\/a>[\/vc_column_text][\/vc_column][vc_column width=&#8220;1\/6&#8243;][\/vc_column][\/vc_row][vc_row][vc_column][vc_empty_space][\/vc_column][\/vc_row][vc_row][vc_column][vc_empty_space][\/vc_column][\/vc_row][vc_row][vc_column][vc_column_text css=&#8220;&#8220;]<\/p>\n<h2 style=\"text-align: center;\">Mixing Preise<\/h2>\n<p>[\/vc_column_text][\/vc_column][\/vc_row][vc_row el_class=&#8220;tarifs&#8220;][vc_column width=&#8220;1\/4&#8243;][vc_column_text css=&#8220;&#8220;]<\/p>\n<p style=\"text-align: center;\"><strong>mit<br \/>\n<\/strong><strong>mastering<\/strong><\/p>\n<p>[\/vc_column_text][vc_column_text css=&#8220;&#8220;]<\/p>\n<p style=\"text-align: center;\"><strong>400\u20ac<\/strong><\/p>\n<p>[\/vc_column_text][vc_separator css=&#8220;&#8220;][\/vc_column][vc_column width=&#8220;1\/4&#8243;][vc_column_text css=&#8220;&#8220;]<\/p>\n<p style=\"text-align: center;\"><strong>ohne<br \/>\n<\/strong><strong>mastering<\/strong><\/p>\n<p>[\/vc_column_text][vc_column_text css=&#8220;&#8220;]<\/p>\n<p style=\"text-align: center;\"><strong>350\u20ac<\/strong><\/p>\n<p>[\/vc_column_text][vc_separator css=&#8220;&#8220;][\/vc_column][vc_column width=&#8220;1\/4&#8243;][vc_column_text css=&#8220;&#8220;]<\/p>\n<p style=\"text-align: center;\"><strong>Instrumental<br \/>\n<\/strong><strong>+ Stimme<\/strong><\/p>\n<p>[\/vc_column_text][vc_column_text css=&#8220;&#8220;]<\/p>\n<p style=\"text-align: center;\"><strong>300\u20ac<\/strong><\/p>\n<p>[\/vc_column_text][vc_separator css=&#8220;&#8220;][\/vc_column][vc_column width=&#8220;1\/4&#8243;][vc_column_text css=&#8220;&#8220;]<\/p>\n<p style=\"text-align: center;\"><strong>zus\u00e4tzliche Ausfuhren<\/strong><br \/>\n<strong>(PBO, andere Versionen&#8230;)<\/strong><\/p>\n<p>[\/vc_column_text][vc_column_text css=&#8220;&#8220;]<\/p>\n<p style=\"text-align: center;\"><strong>10\u20ac<\/strong><\/p>\n<p>[\/vc_column_text][vc_separator css=&#8220;&#8220;][\/vc_column][\/vc_row][vc_row][vc_column][vc_column_text css=&#8220;&#8220;]<\/p>\n<p style=\"text-align: center;\"><strong>Siehe auch<\/strong> : <a href=\"https:\/\/www.cerky-studio.com\/de\/mastering\/preise\/\">Mastering Preise<\/a><\/p>\n<p>[\/vc_column_text][vc_empty_space][\/vc_column][\/vc_row][vc_row][vc_column][vc_btn title=&#8220;Cerky Studio kontaktieren&#8220; style=&#8220;flat&#8220; color=&#8220;danger&#8220; size=&#8220;lg&#8220; align=&#8220;center&#8220; css=&#8220;&#8220; link=&#8220;url:https%3A%2F%2Fwww.cerky-studio.com%2Fcontact%2F|||&#8220;][vc_empty_space][vc_separator css=&#8220;&#8220;][\/vc_column][\/vc_row][vc_row][vc_column][vc_empty_space][vc_column_text css=&#8220;&#8220;]<\/p>\n<p style=\"text-align: center;\"><strong>Cerky Studio bietet Preise auf Angebot<\/strong><br \/>\n<strong>f\u00fcr die Mischung einer EP oder eines ganzen Albums.<\/strong><\/p>\n<p>[\/vc_column_text][\/vc_column][\/vc_row][vc_row][vc_column][vc_btn title=&#8220;Ich bitte um ein Angebot&#8220; style=&#8220;flat&#8220; color=&#8220;danger&#8220; size=&#8220;lg&#8220; align=&#8220;center&#8220; css=&#8220;&#8220; link=&#8220;url:https%3A%2F%2Fwww.cerky-studio.com%2Fcontact%2F|||&#8220;][\/vc_column][\/vc_row]<\/p>\n<\/div>","protected":false},"excerpt":{"rendered":"<p>[vc_row][vc_column width=&#8220;1\/6&#8243;][\/vc_column][vc_column width=&#8220;2\/3&#8243;][vc_column_text css=&#8220;&#8220;] Welche Mixing-Preise gelten im Cerky Studio? Musik und ihre technische Umsetzung stellen eine wesentliche Investition f\u00fcr jeden unabh\u00e4ngigen K\u00fcnstler oder jedes Label dar, das seine Projekte in einem professionellen und ausgereiften Format pr\u00e4sentieren m\u00f6chte. Deshalb verpflichtet sich Cerky Studio, Ihnen hochwertige Leistungen, fundierte Beratung und eine individuelle Betreuung zu bieten, damit [&hellip;]<\/p>\n","protected":false},"author":2,"featured_media":0,"parent":3747,"menu_order":13,"comment_status":"closed","ping_status":"closed","template":"","meta":{"footnotes":""},"class_list":["post-3764","page","type-page","status-publish","hentry"],"yoast_head":"<!-- This site is optimized with the Yoast SEO plugin v26.1.1 - https:\/\/yoast.com\/wordpress\/plugins\/seo\/ -->\n<title>Mixing-Preise, Kosten f\u00fcr Mixing, Wie viel kostet ein Mixing<\/title>\n<meta name=\"description\" content=\"Entdecken Sie die Mixing Preise bei Cerky Studio: professionelle Leistungen, ma\u00dfgeschneiderte Begleitung und Audiowiedergabe, die Ihrer k\u00fcnstlerischen Absicht gerecht wird.\" \/>\n<meta name=\"robots\" content=\"index, follow, max-snippet:-1, max-image-preview:large, max-video-preview:-1\" \/>\n<link rel=\"canonical\" href=\"https:\/\/www.cerky-studio.com\/de\/mixing\/preise\/\" \/>\n<meta property=\"og:locale\" content=\"de_DE\" \/>\n<meta property=\"og:type\" content=\"article\" \/>\n<meta property=\"og:title\" content=\"Mixing-Preise, Kosten f\u00fcr Mixing, Wie viel kostet ein Mixing\" \/>\n<meta property=\"og:description\" content=\"Entdecken Sie die Mixing Preise bei Cerky Studio: professionelle Leistungen, ma\u00dfgeschneiderte Begleitung und Audiowiedergabe, die Ihrer k\u00fcnstlerischen Absicht gerecht wird.\" \/>\n<meta property=\"og:url\" content=\"https:\/\/www.cerky-studio.com\/de\/mixing\/preise\/\" \/>\n<meta property=\"og:site_name\" content=\"Cerky Studio\" \/>\n<meta property=\"article:publisher\" content=\"https:\/\/www.facebook.com\/DjCerk\" \/>\n<meta property=\"article:modified_time\" content=\"2026-05-07T08:02:59+00:00\" \/>\n<meta name=\"twitter:card\" content=\"summary_large_image\" \/>\n<meta name=\"twitter:site\" content=\"@DJ_CERK\" \/>\n<meta name=\"twitter:label1\" content=\"Gesch\u00e4tzte Lesezeit\" \/>\n\t<meta name=\"twitter:data1\" content=\"2\u00a0Minuten\" \/>\n<script type=\"application\/ld+json\" class=\"yoast-schema-graph\">{\"@context\":\"https:\/\/schema.org\",\"@graph\":[{\"@type\":\"WebPage\",\"@id\":\"https:\/\/www.cerky-studio.com\/de\/mixing\/preise\/\",\"url\":\"https:\/\/www.cerky-studio.com\/de\/mixing\/preise\/\",\"name\":\"Mixing-Preise, Kosten f\u00fcr Mixing, Wie viel kostet ein Mixing\",\"isPartOf\":{\"@id\":\"https:\/\/www.cerky-studio.com\/de\/#website\"},\"datePublished\":\"2025-08-11T12:24:39+00:00\",\"dateModified\":\"2026-05-07T08:02:59+00:00\",\"description\":\"Entdecken Sie die Mixing Preise bei Cerky Studio: professionelle Leistungen, ma\u00dfgeschneiderte Begleitung und Audiowiedergabe, die Ihrer k\u00fcnstlerischen Absicht gerecht wird.\",\"breadcrumb\":{\"@id\":\"https:\/\/www.cerky-studio.com\/de\/mixing\/preise\/#breadcrumb\"},\"inLanguage\":\"de\",\"potentialAction\":[{\"@type\":\"ReadAction\",\"target\":[\"https:\/\/www.cerky-studio.com\/de\/mixing\/preise\/\"]}]},{\"@type\":\"BreadcrumbList\",\"@id\":\"https:\/\/www.cerky-studio.com\/de\/mixing\/preise\/#breadcrumb\",\"itemListElement\":[{\"@type\":\"ListItem\",\"position\":1,\"name\":\"Accueil\",\"item\":\"https:\/\/www.cerky-studio.com\/de\/\"},{\"@type\":\"ListItem\",\"position\":2,\"name\":\"Mixing\",\"item\":\"https:\/\/www.cerky-studio.com\/de\/mixing\/\"},{\"@type\":\"ListItem\",\"position\":3,\"name\":\"Mixing Preise\"}]},{\"@type\":\"WebSite\",\"@id\":\"https:\/\/www.cerky-studio.com\/de\/#website\",\"url\":\"https:\/\/www.cerky-studio.com\/de\/\",\"name\":\"Cerky Studio\",\"description\":\"Studio de mixage et mastering \u00e0 Mulhouse et en ligne\",\"publisher\":{\"@id\":\"https:\/\/www.cerky-studio.com\/de\/#organization\"},\"potentialAction\":[{\"@type\":\"SearchAction\",\"target\":{\"@type\":\"EntryPoint\",\"urlTemplate\":\"https:\/\/www.cerky-studio.com\/de\/?s={search_term_string}\"},\"query-input\":{\"@type\":\"PropertyValueSpecification\",\"valueRequired\":true,\"valueName\":\"search_term_string\"}}],\"inLanguage\":\"de\"},{\"@type\":\"Organization\",\"@id\":\"https:\/\/www.cerky-studio.com\/de\/#organization\",\"name\":\"Cerky Studio\",\"url\":\"https:\/\/www.cerky-studio.com\/de\/\",\"logo\":{\"@type\":\"ImageObject\",\"inLanguage\":\"de\",\"@id\":\"https:\/\/www.cerky-studio.com\/de\/#\/schema\/logo\/image\/\",\"url\":\"https:\/\/www.cerky-studio.com\/wp-cerky\/uploads\/2018\/11\/cerky-studio-logo-noir-big.png\",\"contentUrl\":\"https:\/\/www.cerky-studio.com\/wp-cerky\/uploads\/2018\/11\/cerky-studio-logo-noir-big.png\",\"width\":912,\"height\":787,\"caption\":\"Cerky Studio\"},\"image\":{\"@id\":\"https:\/\/www.cerky-studio.com\/de\/#\/schema\/logo\/image\/\"},\"sameAs\":[\"https:\/\/www.facebook.com\/DjCerk\",\"https:\/\/x.com\/DJ_CERK\",\"https:\/\/www.instagram.com\/dj.cerk\/\",\"https:\/\/www.youtube.com\/djcerk07\"]}]}<\/script>\n<!-- \/ Yoast SEO plugin. -->","yoast_head_json":{"title":"Mixing-Preise, Kosten f\u00fcr Mixing, Wie viel kostet ein Mixing","description":"Entdecken Sie die Mixing Preise bei Cerky Studio: professionelle Leistungen, ma\u00dfgeschneiderte Begleitung und Audiowiedergabe, die Ihrer k\u00fcnstlerischen Absicht gerecht wird.","robots":{"index":"index","follow":"follow","max-snippet":"max-snippet:-1","max-image-preview":"max-image-preview:large","max-video-preview":"max-video-preview:-1"},"canonical":"https:\/\/www.cerky-studio.com\/de\/mixing\/preise\/","og_locale":"de_DE","og_type":"article","og_title":"Mixing-Preise, Kosten f\u00fcr Mixing, Wie viel kostet ein Mixing","og_description":"Entdecken Sie die Mixing Preise bei Cerky Studio: professionelle Leistungen, ma\u00dfgeschneiderte Begleitung und Audiowiedergabe, die Ihrer k\u00fcnstlerischen Absicht gerecht wird.","og_url":"https:\/\/www.cerky-studio.com\/de\/mixing\/preise\/","og_site_name":"Cerky Studio","article_publisher":"https:\/\/www.facebook.com\/DjCerk","article_modified_time":"2026-05-07T08:02:59+00:00","twitter_card":"summary_large_image","twitter_site":"@DJ_CERK","twitter_misc":{"Gesch\u00e4tzte Lesezeit":"2\u00a0Minuten"},"schema":{"@context":"https:\/\/schema.org","@graph":[{"@type":"WebPage","@id":"https:\/\/www.cerky-studio.com\/de\/mixing\/preise\/","url":"https:\/\/www.cerky-studio.com\/de\/mixing\/preise\/","name":"Mixing-Preise, Kosten f\u00fcr Mixing, Wie viel kostet ein Mixing","isPartOf":{"@id":"https:\/\/www.cerky-studio.com\/de\/#website"},"datePublished":"2025-08-11T12:24:39+00:00","dateModified":"2026-05-07T08:02:59+00:00","description":"Entdecken Sie die Mixing Preise bei Cerky Studio: professionelle Leistungen, ma\u00dfgeschneiderte Begleitung und Audiowiedergabe, die Ihrer k\u00fcnstlerischen Absicht gerecht wird.","breadcrumb":{"@id":"https:\/\/www.cerky-studio.com\/de\/mixing\/preise\/#breadcrumb"},"inLanguage":"de","potentialAction":[{"@type":"ReadAction","target":["https:\/\/www.cerky-studio.com\/de\/mixing\/preise\/"]}]},{"@type":"BreadcrumbList","@id":"https:\/\/www.cerky-studio.com\/de\/mixing\/preise\/#breadcrumb","itemListElement":[{"@type":"ListItem","position":1,"name":"Accueil","item":"https:\/\/www.cerky-studio.com\/de\/"},{"@type":"ListItem","position":2,"name":"Mixing","item":"https:\/\/www.cerky-studio.com\/de\/mixing\/"},{"@type":"ListItem","position":3,"name":"Mixing Preise"}]},{"@type":"WebSite","@id":"https:\/\/www.cerky-studio.com\/de\/#website","url":"https:\/\/www.cerky-studio.com\/de\/","name":"Cerky Studio","description":"Studio de mixage et mastering \u00e0 Mulhouse et en ligne","publisher":{"@id":"https:\/\/www.cerky-studio.com\/de\/#organization"},"potentialAction":[{"@type":"SearchAction","target":{"@type":"EntryPoint","urlTemplate":"https:\/\/www.cerky-studio.com\/de\/?s={search_term_string}"},"query-input":{"@type":"PropertyValueSpecification","valueRequired":true,"valueName":"search_term_string"}}],"inLanguage":"de"},{"@type":"Organization","@id":"https:\/\/www.cerky-studio.com\/de\/#organization","name":"Cerky Studio","url":"https:\/\/www.cerky-studio.com\/de\/","logo":{"@type":"ImageObject","inLanguage":"de","@id":"https:\/\/www.cerky-studio.com\/de\/#\/schema\/logo\/image\/","url":"https:\/\/www.cerky-studio.com\/wp-cerky\/uploads\/2018\/11\/cerky-studio-logo-noir-big.png","contentUrl":"https:\/\/www.cerky-studio.com\/wp-cerky\/uploads\/2018\/11\/cerky-studio-logo-noir-big.png","width":912,"height":787,"caption":"Cerky Studio"},"image":{"@id":"https:\/\/www.cerky-studio.com\/de\/#\/schema\/logo\/image\/"},"sameAs":["https:\/\/www.facebook.com\/DjCerk","https:\/\/x.com\/DJ_CERK","https:\/\/www.instagram.com\/dj.cerk\/","https:\/\/www.youtube.com\/djcerk07"]}]}},"_links":{"self":[{"href":"https:\/\/www.cerky-studio.com\/de\/wp-json\/wp\/v2\/pages\/3764","targetHints":{"allow":["GET"]}}],"collection":[{"href":"https:\/\/www.cerky-studio.com\/de\/wp-json\/wp\/v2\/pages"}],"about":[{"href":"https:\/\/www.cerky-studio.com\/de\/wp-json\/wp\/v2\/types\/page"}],"author":[{"embeddable":true,"href":"https:\/\/www.cerky-studio.com\/de\/wp-json\/wp\/v2\/users\/2"}],"replies":[{"embeddable":true,"href":"https:\/\/www.cerky-studio.com\/de\/wp-json\/wp\/v2\/comments?post=3764"}],"version-history":[{"count":3,"href":"https:\/\/www.cerky-studio.com\/de\/wp-json\/wp\/v2\/pages\/3764\/revisions"}],"predecessor-version":[{"id":3841,"href":"https:\/\/www.cerky-studio.com\/de\/wp-json\/wp\/v2\/pages\/3764\/revisions\/3841"}],"up":[{"embeddable":true,"href":"https:\/\/www.cerky-studio.com\/de\/wp-json\/wp\/v2\/pages\/3747"}],"wp:attachment":[{"href":"https:\/\/www.cerky-studio.com\/de\/wp-json\/wp\/v2\/media?parent=3764"}],"curies":[{"name":"wp","href":"https:\/\/api.w.org\/{rel}","templated":true}]}}