{"id":3768,"date":"2025-08-11T20:23:47","date_gmt":"2025-08-11T18:23:47","guid":{"rendered":"https:\/\/www.cerky-studio.com\/mixing\/genres-musicaux\/"},"modified":"2026-05-07T10:07:08","modified_gmt":"2026-05-07T08:07:08","slug":"musikgenres","status":"publish","type":"page","link":"https:\/\/www.cerky-studio.com\/de\/mixing\/musikgenres\/","title":{"rendered":"Mixing nach Musikgenres"},"content":{"rendered":"<div class=\"wpb-content-wrapper\"><p>[vc_row][vc_column width=&#8220;1\/6&#8243;][\/vc_column][vc_column width=&#8220;2\/3&#8243;][vc_column_text css=&#8220;&#8220;]<\/p>\n<h2>M\u00fcssen Mixing-Techniken je nach Musikgenre angepasst werden?<\/h2>\n<p>Ja, auf jeden Fall \u2013 und sogar noch mehr: Es geht vor allem um die pers\u00f6nliche Interpretation eines Titels entsprechend seinem Musikstil, um ihm eine Sensibilit\u00e4t zu verleihen, die sowohl seiner Kultur als auch der des K\u00fcnstlers entspricht.<\/p>\n<p><strong>Jedes Musikgenre hat seine eigene Kultur<\/strong>, was erkl\u00e4rt, warum sich manche Toningenieure auf ein bestimmtes Genre spezialisieren.<\/p>\n<p>Im Cerky Studio sind <strong>alle Stile willkommen<\/strong> \u2013 Pop, Rock, Metal, Hip-Hop, Electro und viele mehr \u2013 und werden mit der Sensibilit\u00e4t und Pr\u00e4zision behandelt, die sie verdienen, um ein Ergebnis zu erzielen, das den Erwartungen des K\u00fcnstlers entspricht und gleichzeitig die Codes des Genres respektiert.<\/p>\n<p>Pierre Lorrain, seit seiner Kindheit leidenschaftlicher Musiker, hat sein Geh\u00f6r durch aufmerksames <strong>H\u00f6ren und tiefgehende Analyse zahlreicher Alben<\/strong>, K\u00fcnstler und Musikstr\u00f6mungen geschult, die unsere Kultur in den letzten Jahrzehnten gepr\u00e4gt haben.<\/p>\n<p>Stets neugierig, neue Stile zu entdecken und zu verstehen, <strong>passt er sich jedem musikalischen Universum an<\/strong> \u2013 besonders in der heutigen Zeit, in der sich Genres st\u00e4ndig \u00fcberschneiden und neu erfinden \u2013 um eine ma\u00dfgeschneiderte Zusammenarbeit und ein Ergebnis zu garantieren, das der k\u00fcnstlerischen Vision jedes Einzelnen gerecht wird.[\/vc_column_text][vc_column_text css=&#8220;&#8220;]<b>Lesen Sie auch:<\/b> <a href=\"https:\/\/www.cerky-studio.com\/de\/mixing\/definition\/\">Was macht ein gutes Mixing aus ?<\/a> | <a href=\"https:\/\/www.cerky-studio.com\/de\/mixing\/faq\/\">H\u00e4ufige Fragen zum Mixing<\/a>[\/vc_column_text][vc_empty_space][\/vc_column][vc_column width=&#8220;1\/6&#8243;][\/vc_column][\/vc_row][vc_row][vc_column width=&#8220;1\/2&#8243;][vc_column_text css=&#8220;&#8220;]<\/p>\n<h3>Mixing Pop<\/h3>\n<p>Im Pop-Mixing geht es um eine ausgewogene Herangehensweise: <strong>Die Stimme soll in den Vordergrund treten<\/strong>, w\u00e4hrend ein Klanguniversum geschaffen wird, <strong>das sowohl reichhaltig als auch klar ist<\/strong>. Die Herausforderung besteht oft darin, emotionale Intensit\u00e4t und Modernit\u00e4t zu vereinen, indem man <strong>die Emotionen des K\u00fcnstlers mit dem musikalischen Inhalt des Songs verbindet<\/strong>, um ein professionelles und aktuelles Ergebnis zu erzielen, das \u201eradio-ready\u201c ist.[\/vc_column_text][\/vc_column][vc_column width=&#8220;1\/2&#8243;][vc_single_image image=&#8220;3376&#8243; img_size=&#8220;large&#8220; alignment=&#8220;center&#8220; onclick=&#8220;link_image&#8220; css=&#8220;&#8220;][\/vc_column][\/vc_row][vc_row][vc_column][vc_separator css=&#8220;&#8220;][\/vc_column][\/vc_row][vc_row][vc_column width=&#8220;1\/2&#8243; offset=&#8220;vc_hidden-xs&#8220;][vc_single_image image=&#8220;3497&#8243; img_size=&#8220;Large&#8220; alignment=&#8220;center&#8220; onclick=&#8220;link_image&#8220; css=&#8220;&#8220;][\/vc_column][vc_column width=&#8220;1\/2&#8243;][vc_column_text css=&#8220;&#8220;]<\/p>\n<h3>Mixing Rock und Metal<\/h3>\n<p>Das Mixing von Rock oder Metal erfordert einen kraftvollen und pr\u00e4zisen Ansatz. Die Hauptaufgabe besteht darin, <strong>ein Gleichgewicht zwischen Durchschlagskraft, Klarheit und S\u00e4ttigung zu finden<\/strong>. Jedes Element \u2013 von den verzerrten Gitarren \u00fcber das akustische Schlagzeug bis hin zum Bass und den oft kr\u00e4ftigen oder geschrienen Vocals \u2013 <strong>muss seinen Platz in einer dichten Klangwand behalten<\/strong>, ohne den Rest zu \u00fcberdecken. Die Energie der Gitarren betonen, dem Schlagzeug die n\u00f6tige Gr\u00f6\u00dfe geben, diese beiden Elemente durch den Bass verbinden und <strong>sicherstellen, dass alles massiv, lebendig und koh\u00e4rent klingt<\/strong>: Das Ziel ist, den individuellen Sound jedes Musikers zu veredeln, ohne seine nat\u00fcrliche Intention zu verlieren, um die bestm\u00f6gliche Mischung zu erreichen.[\/vc_column_text][\/vc_column][vc_column width=&#8220;1\/2&#8243; offset=&#8220;vc_hidden-lg vc_hidden-md vc_hidden-sm&#8220;][vc_single_image image=&#8220;3497&#8243; img_size=&#8220;Large&#8220; alignment=&#8220;center&#8220; onclick=&#8220;link_image&#8220; css=&#8220;&#8220;][\/vc_column][\/vc_row][vc_row][vc_column][vc_separator css=&#8220;&#8220;][\/vc_column][\/vc_row][vc_row][vc_column width=&#8220;1\/2&#8243;][vc_column_text css=&#8220;&#8220;]<\/p>\n<h3>Mixing Rap und Hip-Hop<\/h3>\n<p>Das Hip-Hop-Mixing basiert auf einer klaren Hierarchie der Kl\u00e4nge, <strong>wobei besonderes Augenmerk auf die Drums gelegt wird<\/strong> \u2013 sie sind das R\u00fcckgrat des Tracks. Der Bass wird oft von kraftvollen, tiefen und texturierten 808s repr\u00e4sentiert, die pr\u00e4zise mit der Kick harmonieren m\u00fcssen, um Frequenz\u00fcberlagerungen zu vermeiden. <strong>Die Stimme spielt eine zentrale Rolle<\/strong>: Sie f\u00fchrt den H\u00f6rer von Anfang bis Ende, verk\u00f6rpert die Intention des Tracks und erweckt das Instrumental zum Leben. Sie muss pr\u00e4sent, charismatisch und klar geformt sein, <strong>mit den modernsten Effekten<\/strong> (Auto-Tune, S\u00e4ttigung, Backing-Vocals\u2026), ohne jemals von der Produktion \u00fcberlagert zu werden.[\/vc_column_text][\/vc_column][vc_column width=&#8220;1\/2&#8243;][vc_single_image image=&#8220;3495&#8243; img_size=&#8220;large&#8220; alignment=&#8220;center&#8220; onclick=&#8220;link_image&#8220; css=&#8220;&#8220;][\/vc_column][\/vc_row][vc_row][vc_column][vc_separator css=&#8220;&#8220;][\/vc_column][\/vc_row][vc_row][vc_column width=&#8220;1\/2&#8243; offset=&#8220;vc_hidden-xs&#8220;][vc_single_image image=&#8220;3493&#8243; img_size=&#8220;large&#8220; alignment=&#8220;center&#8220; onclick=&#8220;link_image&#8220; css=&#8220;&#8220;][\/vc_column][vc_column width=&#8220;1\/2&#8243;][vc_column_text css=&#8220;&#8220;]<b>Mixing Elektronischer Musik<\/b><\/p>\n<p>Im Electro-Mixing steht die <strong>Kick im Mittelpunkt<\/strong>: Sie f\u00fchrt buchst\u00e4blich den Tanz von Anfang bis Ende des Tracks. Ihre Bearbeitung ist entscheidend f\u00fcr Impact, Groove und Kompatibilit\u00e4t mit dem restlichen Frequenzspektrum, insbesondere mit <strong>dem Bass<\/strong>, der ebenfalls eine gro\u00dfe Rolle spielt und mit dem keine Konflikte entstehen d\u00fcrfen, um ein perfektes Zusammenspiel zu gew\u00e4hrleisten. <strong>Jedes Element des Mixes muss dicht, texturiert und kraftvoll sein<\/strong>, um einen <strong>massiven und lauten Sound<\/strong> zu erzielen, der sich auf den gr\u00f6\u00dften B\u00fchnen ebenso behauptet wie im Club. Dieses sich st\u00e4ndig weiterentwickelnde Genre erfordert <strong>moderne Techniken<\/strong> wie kreatives Sidechain, parallele S\u00e4ttigung, Multiband-Prozessing oder auch komplexe Automationen. Electro-Mixing erfordert die F\u00e4higkeit, sich an seine zahlreichen Subgenres (Techno, House, Future Bass, Dubstep\u2026) anzupassen, und dennoch <strong>eine klare Vision des Genres<\/strong>, der Energie und des Sounddesigns zu bewahren.[\/vc_column_text][\/vc_column][vc_column width=&#8220;1\/2&#8243; offset=&#8220;vc_hidden-lg vc_hidden-md vc_hidden-sm&#8220;][vc_single_image image=&#8220;3493&#8243; img_size=&#8220;large&#8220; alignment=&#8220;center&#8220; onclick=&#8220;link_image&#8220; css=&#8220;&#8220;][\/vc_column][\/vc_row][vc_row][vc_column][vc_separator css=&#8220;&#8220;][\/vc_column][\/vc_row][vc_row][vc_column width=&#8220;1\/6&#8243;][\/vc_column][vc_column width=&#8220;2\/3&#8243;][vc_column_text css=&#8220;&#8220;]<\/p>\n<h2>Mixing nach Genres \u2013 zusammengefasst<\/h2>\n<p>Mixing <strong>variiert je nach Stil<\/strong> und erfordert sowohl ein geschultes Ohr als auch fundierte technische F\u00e4higkeiten und <strong>ein tiefes Verst\u00e4ndnis der Codes jedes Genres<\/strong>. Ziel ist es, die Schl\u00fcsselelemente des Songs hervorzuheben und gleichzeitig die Vision des K\u00fcnstlers zu respektieren \u2013 <strong>mit einem modernen Ansatz, der ein professionelles Ergebnis liefert<\/strong>, das den Standards und Anforderungen des Marktes entspricht.[\/vc_column_text][vc_column_text css=&#8220;&#8220;]<b>Lesen Sie auch:<\/b> <a href=\"https:\/\/www.cerky-studio.com\/de\/mastering\/musikgenres\/\">Mastering nach Musikgenres<\/a>[\/vc_column_text][\/vc_column][vc_column width=&#8220;1\/6&#8243;][\/vc_column][\/vc_row][vc_row][vc_column][vc_empty_space][\/vc_column][\/vc_row][vc_row title=&#8220;Je contacte Cerky Studio&#8220; style=&#8220;flat&#8220; gradient_color_1=&#8220;turquoise&#8220; gradient_color_2=&#8220;vista-blue&#8220; gradient_custom_color_1=&#8220;#dd3333&#8243; gradient_custom_color_2=&#8220;#eeee22&#8243; gradient_text_color=&#8220;#ffffff&#8220; custom_background=&#8220;#ededed&#8220; custom_text=&#8220;#666&#8243; outline_custom_color=&#8220;#666&#8243; outline_custom_hover_background=&#8220;#666&#8243; outline_custom_hover_text=&#8220;#fff&#8220; shape=&#8220;rounded&#8220; color=&#8220;danger&#8220; size=&#8220;lg&#8220; align=&#8220;center&#8220; button_block=&#8220;&#8220; add_icon=&#8220;&#8220; i_align=&#8220;left&#8220; i_type=&#8220;fontawesome&#8220; i_icon_fontawesome=&#8220;fas fa-adjust&#8220; i_icon_openiconic=&#8220;vc-oi vc-oi-dial&#8220; i_icon_typicons=&#8220;typcn typcn-adjust-brightness&#8220; i_icon_entypo=&#8220;entypo-icon entypo-icon-note&#8220; i_icon_linecons=&#8220;vc_li vc_li-heart&#8220; i_icon_monosocial=&#8220;vc-mono vc-mono-fivehundredpx&#8220; i_icon_material=&#8220;vc-material vc-material-cake&#8220; i_icon_pixelicons=&#8220;vc_pixel_icon vc_pixel_icon-alert&#8220; custom_onclick=&#8220;&#8220; link=&#8220;url:https%3A%2F%2Fwww.cerky-studio.com%2Fcontact%2F|||&#8220; custom_onclick_code=&#8220;&#8220;][vc_column][vc_btn title=&#8220;Cerky Studio kontaktieren&#8220; style=&#8220;flat&#8220; color=&#8220;danger&#8220; size=&#8220;lg&#8220; align=&#8220;center&#8220; css=&#8220;&#8220; link=&#8220;url:https%3A%2F%2Fwww.cerky-studio.com%2Fcontact%2F|||&#8220;][\/vc_column][\/vc_row]<\/p>\n<\/div>","protected":false},"excerpt":{"rendered":"<p>[vc_row][vc_column width=&#8220;1\/6&#8243;][\/vc_column][vc_column width=&#8220;2\/3&#8243;][vc_column_text css=&#8220;&#8220;] M\u00fcssen Mixing-Techniken je nach Musikgenre angepasst werden? Ja, auf jeden Fall \u2013 und sogar noch mehr: Es geht vor allem um die pers\u00f6nliche Interpretation eines Titels entsprechend seinem Musikstil, um ihm eine Sensibilit\u00e4t zu verleihen, die sowohl seiner Kultur als auch der des K\u00fcnstlers entspricht. Jedes Musikgenre hat seine eigene Kultur, [&hellip;]<\/p>\n","protected":false},"author":2,"featured_media":0,"parent":3747,"menu_order":14,"comment_status":"closed","ping_status":"closed","template":"","meta":{"footnotes":""},"class_list":["post-3768","page","type-page","status-publish","hentry"],"yoast_head":"<!-- This site is optimized with the Yoast SEO plugin v26.1.1 - https:\/\/yoast.com\/wordpress\/plugins\/seo\/ -->\n<title>Wie mischt man seine Musik: Pop, Rock, Metal, Rap, Electro<\/title>\n<meta name=\"description\" content=\"Entdecken Sie, wie Mixing sich an jeden Musikstil anpasst: Pop, Rock, Hip-Hop, Electro\u2026 Erfahren Sie, wie Sie Ihre Spuren veredeln und gleichzeitig die Eigenheiten jedes Genres respektieren \u2013 mit Cerky Studio\" \/>\n<meta name=\"robots\" content=\"index, follow, max-snippet:-1, max-image-preview:large, max-video-preview:-1\" \/>\n<link rel=\"canonical\" href=\"https:\/\/www.cerky-studio.com\/de\/mixing\/musikgenres\/\" \/>\n<meta property=\"og:locale\" content=\"de_DE\" \/>\n<meta property=\"og:type\" content=\"article\" \/>\n<meta property=\"og:title\" content=\"Wie mischt man seine Musik: Pop, Rock, Metal, Rap, Electro\" \/>\n<meta property=\"og:description\" content=\"Entdecken Sie, wie Mixing sich an jeden Musikstil anpasst: Pop, Rock, Hip-Hop, Electro\u2026 Erfahren Sie, wie Sie Ihre Spuren veredeln und gleichzeitig die Eigenheiten jedes Genres respektieren \u2013 mit Cerky Studio\" \/>\n<meta property=\"og:url\" content=\"https:\/\/www.cerky-studio.com\/de\/mixing\/musikgenres\/\" \/>\n<meta property=\"og:site_name\" content=\"Cerky Studio\" \/>\n<meta property=\"article:publisher\" content=\"https:\/\/www.facebook.com\/DjCerk\" \/>\n<meta property=\"article:modified_time\" content=\"2026-05-07T08:07:08+00:00\" \/>\n<meta name=\"twitter:card\" content=\"summary_large_image\" \/>\n<meta name=\"twitter:site\" content=\"@DJ_CERK\" \/>\n<meta name=\"twitter:label1\" content=\"Gesch\u00e4tzte Lesezeit\" \/>\n\t<meta name=\"twitter:data1\" content=\"6\u00a0Minuten\" \/>\n<script type=\"application\/ld+json\" class=\"yoast-schema-graph\">{\"@context\":\"https:\/\/schema.org\",\"@graph\":[{\"@type\":\"WebPage\",\"@id\":\"https:\/\/www.cerky-studio.com\/de\/mixing\/musikgenres\/\",\"url\":\"https:\/\/www.cerky-studio.com\/de\/mixing\/musikgenres\/\",\"name\":\"Wie mischt man seine Musik: Pop, Rock, Metal, Rap, Electro\",\"isPartOf\":{\"@id\":\"https:\/\/www.cerky-studio.com\/de\/#website\"},\"datePublished\":\"2025-08-11T18:23:47+00:00\",\"dateModified\":\"2026-05-07T08:07:08+00:00\",\"description\":\"Entdecken Sie, wie Mixing sich an jeden Musikstil anpasst: Pop, Rock, Hip-Hop, Electro\u2026 Erfahren Sie, wie Sie Ihre Spuren veredeln und gleichzeitig die Eigenheiten jedes Genres respektieren \u2013 mit Cerky Studio\",\"breadcrumb\":{\"@id\":\"https:\/\/www.cerky-studio.com\/de\/mixing\/musikgenres\/#breadcrumb\"},\"inLanguage\":\"de\",\"potentialAction\":[{\"@type\":\"ReadAction\",\"target\":[\"https:\/\/www.cerky-studio.com\/de\/mixing\/musikgenres\/\"]}]},{\"@type\":\"BreadcrumbList\",\"@id\":\"https:\/\/www.cerky-studio.com\/de\/mixing\/musikgenres\/#breadcrumb\",\"itemListElement\":[{\"@type\":\"ListItem\",\"position\":1,\"name\":\"Accueil\",\"item\":\"https:\/\/www.cerky-studio.com\/de\/\"},{\"@type\":\"ListItem\",\"position\":2,\"name\":\"Mixing\",\"item\":\"https:\/\/www.cerky-studio.com\/de\/mixing\/\"},{\"@type\":\"ListItem\",\"position\":3,\"name\":\"Mixing nach Musikgenres\"}]},{\"@type\":\"WebSite\",\"@id\":\"https:\/\/www.cerky-studio.com\/de\/#website\",\"url\":\"https:\/\/www.cerky-studio.com\/de\/\",\"name\":\"Cerky Studio\",\"description\":\"Studio de mixage et mastering \u00e0 Mulhouse et en ligne\",\"publisher\":{\"@id\":\"https:\/\/www.cerky-studio.com\/de\/#organization\"},\"potentialAction\":[{\"@type\":\"SearchAction\",\"target\":{\"@type\":\"EntryPoint\",\"urlTemplate\":\"https:\/\/www.cerky-studio.com\/de\/?s={search_term_string}\"},\"query-input\":{\"@type\":\"PropertyValueSpecification\",\"valueRequired\":true,\"valueName\":\"search_term_string\"}}],\"inLanguage\":\"de\"},{\"@type\":\"Organization\",\"@id\":\"https:\/\/www.cerky-studio.com\/de\/#organization\",\"name\":\"Cerky Studio\",\"url\":\"https:\/\/www.cerky-studio.com\/de\/\",\"logo\":{\"@type\":\"ImageObject\",\"inLanguage\":\"de\",\"@id\":\"https:\/\/www.cerky-studio.com\/de\/#\/schema\/logo\/image\/\",\"url\":\"https:\/\/www.cerky-studio.com\/wp-cerky\/uploads\/2018\/11\/cerky-studio-logo-noir-big.png\",\"contentUrl\":\"https:\/\/www.cerky-studio.com\/wp-cerky\/uploads\/2018\/11\/cerky-studio-logo-noir-big.png\",\"width\":912,\"height\":787,\"caption\":\"Cerky Studio\"},\"image\":{\"@id\":\"https:\/\/www.cerky-studio.com\/de\/#\/schema\/logo\/image\/\"},\"sameAs\":[\"https:\/\/www.facebook.com\/DjCerk\",\"https:\/\/x.com\/DJ_CERK\",\"https:\/\/www.instagram.com\/dj.cerk\/\",\"https:\/\/www.youtube.com\/djcerk07\"]}]}<\/script>\n<!-- \/ Yoast SEO plugin. -->","yoast_head_json":{"title":"Wie mischt man seine Musik: Pop, Rock, Metal, Rap, Electro","description":"Entdecken Sie, wie Mixing sich an jeden Musikstil anpasst: Pop, Rock, Hip-Hop, Electro\u2026 Erfahren Sie, wie Sie Ihre Spuren veredeln und gleichzeitig die Eigenheiten jedes Genres respektieren \u2013 mit Cerky Studio","robots":{"index":"index","follow":"follow","max-snippet":"max-snippet:-1","max-image-preview":"max-image-preview:large","max-video-preview":"max-video-preview:-1"},"canonical":"https:\/\/www.cerky-studio.com\/de\/mixing\/musikgenres\/","og_locale":"de_DE","og_type":"article","og_title":"Wie mischt man seine Musik: Pop, Rock, Metal, Rap, Electro","og_description":"Entdecken Sie, wie Mixing sich an jeden Musikstil anpasst: Pop, Rock, Hip-Hop, Electro\u2026 Erfahren Sie, wie Sie Ihre Spuren veredeln und gleichzeitig die Eigenheiten jedes Genres respektieren \u2013 mit Cerky Studio","og_url":"https:\/\/www.cerky-studio.com\/de\/mixing\/musikgenres\/","og_site_name":"Cerky Studio","article_publisher":"https:\/\/www.facebook.com\/DjCerk","article_modified_time":"2026-05-07T08:07:08+00:00","twitter_card":"summary_large_image","twitter_site":"@DJ_CERK","twitter_misc":{"Gesch\u00e4tzte Lesezeit":"6\u00a0Minuten"},"schema":{"@context":"https:\/\/schema.org","@graph":[{"@type":"WebPage","@id":"https:\/\/www.cerky-studio.com\/de\/mixing\/musikgenres\/","url":"https:\/\/www.cerky-studio.com\/de\/mixing\/musikgenres\/","name":"Wie mischt man seine Musik: Pop, Rock, Metal, Rap, Electro","isPartOf":{"@id":"https:\/\/www.cerky-studio.com\/de\/#website"},"datePublished":"2025-08-11T18:23:47+00:00","dateModified":"2026-05-07T08:07:08+00:00","description":"Entdecken Sie, wie Mixing sich an jeden Musikstil anpasst: Pop, Rock, Hip-Hop, Electro\u2026 Erfahren Sie, wie Sie Ihre Spuren veredeln und gleichzeitig die Eigenheiten jedes Genres respektieren \u2013 mit Cerky Studio","breadcrumb":{"@id":"https:\/\/www.cerky-studio.com\/de\/mixing\/musikgenres\/#breadcrumb"},"inLanguage":"de","potentialAction":[{"@type":"ReadAction","target":["https:\/\/www.cerky-studio.com\/de\/mixing\/musikgenres\/"]}]},{"@type":"BreadcrumbList","@id":"https:\/\/www.cerky-studio.com\/de\/mixing\/musikgenres\/#breadcrumb","itemListElement":[{"@type":"ListItem","position":1,"name":"Accueil","item":"https:\/\/www.cerky-studio.com\/de\/"},{"@type":"ListItem","position":2,"name":"Mixing","item":"https:\/\/www.cerky-studio.com\/de\/mixing\/"},{"@type":"ListItem","position":3,"name":"Mixing nach Musikgenres"}]},{"@type":"WebSite","@id":"https:\/\/www.cerky-studio.com\/de\/#website","url":"https:\/\/www.cerky-studio.com\/de\/","name":"Cerky Studio","description":"Studio de mixage et mastering \u00e0 Mulhouse et en ligne","publisher":{"@id":"https:\/\/www.cerky-studio.com\/de\/#organization"},"potentialAction":[{"@type":"SearchAction","target":{"@type":"EntryPoint","urlTemplate":"https:\/\/www.cerky-studio.com\/de\/?s={search_term_string}"},"query-input":{"@type":"PropertyValueSpecification","valueRequired":true,"valueName":"search_term_string"}}],"inLanguage":"de"},{"@type":"Organization","@id":"https:\/\/www.cerky-studio.com\/de\/#organization","name":"Cerky Studio","url":"https:\/\/www.cerky-studio.com\/de\/","logo":{"@type":"ImageObject","inLanguage":"de","@id":"https:\/\/www.cerky-studio.com\/de\/#\/schema\/logo\/image\/","url":"https:\/\/www.cerky-studio.com\/wp-cerky\/uploads\/2018\/11\/cerky-studio-logo-noir-big.png","contentUrl":"https:\/\/www.cerky-studio.com\/wp-cerky\/uploads\/2018\/11\/cerky-studio-logo-noir-big.png","width":912,"height":787,"caption":"Cerky Studio"},"image":{"@id":"https:\/\/www.cerky-studio.com\/de\/#\/schema\/logo\/image\/"},"sameAs":["https:\/\/www.facebook.com\/DjCerk","https:\/\/x.com\/DJ_CERK","https:\/\/www.instagram.com\/dj.cerk\/","https:\/\/www.youtube.com\/djcerk07"]}]}},"_links":{"self":[{"href":"https:\/\/www.cerky-studio.com\/de\/wp-json\/wp\/v2\/pages\/3768","targetHints":{"allow":["GET"]}}],"collection":[{"href":"https:\/\/www.cerky-studio.com\/de\/wp-json\/wp\/v2\/pages"}],"about":[{"href":"https:\/\/www.cerky-studio.com\/de\/wp-json\/wp\/v2\/types\/page"}],"author":[{"embeddable":true,"href":"https:\/\/www.cerky-studio.com\/de\/wp-json\/wp\/v2\/users\/2"}],"replies":[{"embeddable":true,"href":"https:\/\/www.cerky-studio.com\/de\/wp-json\/wp\/v2\/comments?post=3768"}],"version-history":[{"count":4,"href":"https:\/\/www.cerky-studio.com\/de\/wp-json\/wp\/v2\/pages\/3768\/revisions"}],"predecessor-version":[{"id":3842,"href":"https:\/\/www.cerky-studio.com\/de\/wp-json\/wp\/v2\/pages\/3768\/revisions\/3842"}],"up":[{"embeddable":true,"href":"https:\/\/www.cerky-studio.com\/de\/wp-json\/wp\/v2\/pages\/3747"}],"wp:attachment":[{"href":"https:\/\/www.cerky-studio.com\/de\/wp-json\/wp\/v2\/media?parent=3768"}],"curies":[{"name":"wp","href":"https:\/\/api.w.org\/{rel}","templated":true}]}}