{"id":3778,"date":"2025-08-17T10:49:36","date_gmt":"2025-08-17T08:49:36","guid":{"rendered":"https:\/\/www.cerky-studio.com\/mixing\/a-distance\/"},"modified":"2026-05-07T10:11:28","modified_gmt":"2026-05-07T08:11:28","slug":"online","status":"publish","type":"page","link":"https:\/\/www.cerky-studio.com\/de\/mixing\/online\/","title":{"rendered":"Online Mixing"},"content":{"rendered":"<div class=\"wpb-content-wrapper\"><p>[vc_row][vc_column width=&#8220;1\/6&#8243;][\/vc_column][vc_column width=&#8220;2\/3&#8243;][vc_column_text css=&#8220;&#8220;]<\/p>\n<h2>Ein Fernmixing-Service<\/h2>\n<p>Cerky Studio mit Sitz in Frankreich, im Herzen des Ballungsraums von M\u00fclhausen, bietet Fernmixing-Dienstleistungen an, damit K\u00fcnstler und Labels aus ganz Frankreich (und dar\u00fcber hinaus) <a href=\"https:\/\/www.cerky-studio.com\/de\/mixing\/dienstleistung\/\"><strong>von seinem Know-how und seiner Erfahrung profitieren k\u00f6nnen<\/strong><\/a>.<\/p>\n<p>Sie m\u00fcssen lediglich Ihre Spuren per E-Mail zusenden: So profitieren Sie von einer pers\u00f6nlichen Betreuung und der hohen Qualit\u00e4t der Studioarbeit.<\/p>\n<p><strong>Dank eines privaten Links<\/strong>, der Ihnen per E-Mail zugesandt wird, kann die Mixing-Session in Echtzeit<strong> per Streaming verfolgt werden<\/strong>. So nehmen Sie am Prozess teil, als w\u00e4ren Sie direkt im Studio: M\u00f6glichkeit, Ihr Feedback sofort zu geben, reibungslose Kommunikation, Zeitersparnis und weniger Korrekturschleifen.[\/vc_column_text][vc_empty_space][\/vc_column][vc_column width=&#8220;1\/6&#8243;][\/vc_column][\/vc_row][vc_row title=&#8220;Je contacte Cerky Studio&#8220; style=&#8220;flat&#8220; gradient_color_1=&#8220;turquoise&#8220; gradient_color_2=&#8220;vista-blue&#8220; gradient_custom_color_1=&#8220;#dd3333&#8243; gradient_custom_color_2=&#8220;#eeee22&#8243; gradient_text_color=&#8220;#ffffff&#8220; custom_background=&#8220;#ededed&#8220; custom_text=&#8220;#666&#8243; outline_custom_color=&#8220;#666&#8243; outline_custom_hover_background=&#8220;#666&#8243; outline_custom_hover_text=&#8220;#fff&#8220; shape=&#8220;rounded&#8220; color=&#8220;danger&#8220; size=&#8220;lg&#8220; align=&#8220;center&#8220; button_block=&#8220;&#8220; add_icon=&#8220;&#8220; i_align=&#8220;left&#8220; i_type=&#8220;fontawesome&#8220; i_icon_fontawesome=&#8220;fas fa-adjust&#8220; i_icon_openiconic=&#8220;vc-oi vc-oi-dial&#8220; i_icon_typicons=&#8220;typcn typcn-adjust-brightness&#8220; i_icon_entypo=&#8220;entypo-icon entypo-icon-note&#8220; i_icon_linecons=&#8220;vc_li vc_li-heart&#8220; i_icon_monosocial=&#8220;vc-mono vc-mono-fivehundredpx&#8220; i_icon_material=&#8220;vc-material vc-material-cake&#8220; i_icon_pixelicons=&#8220;vc_pixel_icon vc_pixel_icon-alert&#8220; custom_onclick=&#8220;&#8220; link=&#8220;url:https%3A%2F%2Fwww.cerky-studio.com%2Fcontact%2F|||&#8220; custom_onclick_code=&#8220;&#8220;][vc_column width=&#8220;1\/6&#8243;][\/vc_column][vc_column width=&#8220;2\/3&#8243;][vc_single_image image=&#8220;3567&#8243; img_size=&#8220;large&#8220; alignment=&#8220;center&#8220; onclick=&#8220;link_image&#8220; css=&#8220;&#8220;][vc_empty_space][\/vc_column][vc_column width=&#8220;1\/6&#8243;][\/vc_column][\/vc_row][vc_row title=&#8220;Je contacte Cerky Studio&#8220; style=&#8220;flat&#8220; gradient_color_1=&#8220;turquoise&#8220; gradient_color_2=&#8220;vista-blue&#8220; gradient_custom_color_1=&#8220;#dd3333&#8243; gradient_custom_color_2=&#8220;#eeee22&#8243; gradient_text_color=&#8220;#ffffff&#8220; custom_background=&#8220;#ededed&#8220; custom_text=&#8220;#666&#8243; outline_custom_color=&#8220;#666&#8243; outline_custom_hover_background=&#8220;#666&#8243; outline_custom_hover_text=&#8220;#fff&#8220; shape=&#8220;rounded&#8220; color=&#8220;danger&#8220; size=&#8220;lg&#8220; align=&#8220;center&#8220; button_block=&#8220;&#8220; add_icon=&#8220;&#8220; i_align=&#8220;left&#8220; i_type=&#8220;fontawesome&#8220; i_icon_fontawesome=&#8220;fas fa-adjust&#8220; i_icon_openiconic=&#8220;vc-oi vc-oi-dial&#8220; i_icon_typicons=&#8220;typcn typcn-adjust-brightness&#8220; i_icon_entypo=&#8220;entypo-icon entypo-icon-note&#8220; i_icon_linecons=&#8220;vc_li vc_li-heart&#8220; i_icon_monosocial=&#8220;vc-mono vc-mono-fivehundredpx&#8220; i_icon_material=&#8220;vc-material vc-material-cake&#8220; i_icon_pixelicons=&#8220;vc_pixel_icon vc_pixel_icon-alert&#8220; custom_onclick=&#8220;&#8220; link=&#8220;url:https%3A%2F%2Fwww.cerky-studio.com%2Fcontact%2F|||&#8220; custom_onclick_code=&#8220;&#8220;][vc_column width=&#8220;1\/6&#8243;][\/vc_column][vc_column width=&#8220;2\/3&#8243;][vc_column_text css=&#8220;&#8220;]<\/p>\n<p style=\"text-align: center;\"><strong>Ob Sie nur ein paar Kilometer entfernt sind oder am anderen Ende des Landes: Die Zusammenarbeit beim Mixing bleibt genauso effektiv und interaktiv, als w\u00e4ren Sie vor Ort \u2013 oder als k\u00e4me Cerky Studio direkt zu Ihnen.<\/strong><\/p>\n<p>[\/vc_column_text][vc_empty_space][\/vc_column][vc_column width=&#8220;1\/6&#8243;][\/vc_column][\/vc_row][vc_row title=&#8220;Je contacte Cerky Studio&#8220; style=&#8220;flat&#8220; gradient_color_1=&#8220;turquoise&#8220; gradient_color_2=&#8220;vista-blue&#8220; gradient_custom_color_1=&#8220;#dd3333&#8243; gradient_custom_color_2=&#8220;#eeee22&#8243; gradient_text_color=&#8220;#ffffff&#8220; custom_background=&#8220;#ededed&#8220; custom_text=&#8220;#666&#8243; outline_custom_color=&#8220;#666&#8243; outline_custom_hover_background=&#8220;#666&#8243; outline_custom_hover_text=&#8220;#fff&#8220; shape=&#8220;rounded&#8220; color=&#8220;danger&#8220; size=&#8220;lg&#8220; align=&#8220;center&#8220; button_block=&#8220;&#8220; add_icon=&#8220;&#8220; i_align=&#8220;left&#8220; i_type=&#8220;fontawesome&#8220; i_icon_fontawesome=&#8220;fas fa-adjust&#8220; i_icon_openiconic=&#8220;vc-oi vc-oi-dial&#8220; i_icon_typicons=&#8220;typcn typcn-adjust-brightness&#8220; i_icon_entypo=&#8220;entypo-icon entypo-icon-note&#8220; i_icon_linecons=&#8220;vc_li vc_li-heart&#8220; i_icon_monosocial=&#8220;vc-mono vc-mono-fivehundredpx&#8220; i_icon_material=&#8220;vc-material vc-material-cake&#8220; i_icon_pixelicons=&#8220;vc_pixel_icon vc_pixel_icon-alert&#8220; custom_onclick=&#8220;&#8220; link=&#8220;url:https%3A%2F%2Fwww.cerky-studio.com%2Fcontact%2F|||&#8220; custom_onclick_code=&#8220;&#8220;][vc_column][vc_btn title=&#8220;Cerky Studio kontaktieren&#8220; style=&#8220;flat&#8220; color=&#8220;danger&#8220; size=&#8220;lg&#8220; align=&#8220;center&#8220; css=&#8220;&#8220; link=&#8220;url:https%3A%2F%2Fwww.cerky-studio.com%2Fcontact%2F|||&#8220;][\/vc_column][\/vc_row]<\/p>\n<\/div>","protected":false},"excerpt":{"rendered":"<p>[vc_row][vc_column width=&#8220;1\/6&#8243;][\/vc_column][vc_column width=&#8220;2\/3&#8243;][vc_column_text css=&#8220;&#8220;] Ein Fernmixing-Service Cerky Studio mit Sitz in Frankreich, im Herzen des Ballungsraums von M\u00fclhausen, bietet Fernmixing-Dienstleistungen an, damit K\u00fcnstler und Labels aus ganz Frankreich (und dar\u00fcber hinaus) von seinem Know-how und seiner Erfahrung profitieren k\u00f6nnen. Sie m\u00fcssen lediglich Ihre Spuren per E-Mail zusenden: So profitieren Sie von einer pers\u00f6nlichen Betreuung und [&hellip;]<\/p>\n","protected":false},"author":2,"featured_media":0,"parent":3747,"menu_order":16,"comment_status":"closed","ping_status":"closed","template":"","meta":{"footnotes":""},"class_list":["post-3778","page","type-page","status-publish","hentry"],"yoast_head":"<!-- This site is optimized with the Yoast SEO plugin v26.1.1 - https:\/\/yoast.com\/wordpress\/plugins\/seo\/ -->\n<title>Online mixing, Mixing aus der Ferne, Professionelles Online-Mixing<\/title>\n<meta name=\"description\" content=\"Cerky Studio bietet professionelles Online-Mixing mit Echtzeit-Streaming und pers\u00f6nlicher Betreuung, egal, ob Sie sich in Frankreich oder international befinden\" \/>\n<meta name=\"robots\" content=\"index, follow, max-snippet:-1, max-image-preview:large, max-video-preview:-1\" \/>\n<link rel=\"canonical\" href=\"https:\/\/www.cerky-studio.com\/de\/mixing\/online\/\" \/>\n<meta property=\"og:locale\" content=\"de_DE\" \/>\n<meta property=\"og:type\" content=\"article\" \/>\n<meta property=\"og:title\" content=\"Online mixing, Mixing aus der Ferne, Professionelles Online-Mixing\" \/>\n<meta property=\"og:description\" content=\"Cerky Studio bietet professionelles Online-Mixing mit Echtzeit-Streaming und pers\u00f6nlicher Betreuung, egal, ob Sie sich in Frankreich oder international befinden\" \/>\n<meta property=\"og:url\" content=\"https:\/\/www.cerky-studio.com\/de\/mixing\/online\/\" \/>\n<meta property=\"og:site_name\" content=\"Cerky Studio\" \/>\n<meta property=\"article:publisher\" content=\"https:\/\/www.facebook.com\/DjCerk\" \/>\n<meta property=\"article:modified_time\" content=\"2026-05-07T08:11:28+00:00\" \/>\n<meta name=\"twitter:card\" content=\"summary_large_image\" \/>\n<meta name=\"twitter:site\" content=\"@DJ_CERK\" \/>\n<meta name=\"twitter:label1\" content=\"Gesch\u00e4tzte Lesezeit\" \/>\n\t<meta name=\"twitter:data1\" content=\"2\u00a0Minuten\" \/>\n<script type=\"application\/ld+json\" class=\"yoast-schema-graph\">{\"@context\":\"https:\/\/schema.org\",\"@graph\":[{\"@type\":\"WebPage\",\"@id\":\"https:\/\/www.cerky-studio.com\/de\/mixing\/online\/\",\"url\":\"https:\/\/www.cerky-studio.com\/de\/mixing\/online\/\",\"name\":\"Online mixing, Mixing aus der Ferne, Professionelles Online-Mixing\",\"isPartOf\":{\"@id\":\"https:\/\/www.cerky-studio.com\/de\/#website\"},\"datePublished\":\"2025-08-17T08:49:36+00:00\",\"dateModified\":\"2026-05-07T08:11:28+00:00\",\"description\":\"Cerky Studio bietet professionelles Online-Mixing mit Echtzeit-Streaming und pers\u00f6nlicher Betreuung, egal, ob Sie sich in Frankreich oder international befinden\",\"breadcrumb\":{\"@id\":\"https:\/\/www.cerky-studio.com\/de\/mixing\/online\/#breadcrumb\"},\"inLanguage\":\"de\",\"potentialAction\":[{\"@type\":\"ReadAction\",\"target\":[\"https:\/\/www.cerky-studio.com\/de\/mixing\/online\/\"]}]},{\"@type\":\"BreadcrumbList\",\"@id\":\"https:\/\/www.cerky-studio.com\/de\/mixing\/online\/#breadcrumb\",\"itemListElement\":[{\"@type\":\"ListItem\",\"position\":1,\"name\":\"Accueil\",\"item\":\"https:\/\/www.cerky-studio.com\/de\/\"},{\"@type\":\"ListItem\",\"position\":2,\"name\":\"Mixing\",\"item\":\"https:\/\/www.cerky-studio.com\/de\/mixing\/\"},{\"@type\":\"ListItem\",\"position\":3,\"name\":\"Online Mixing\"}]},{\"@type\":\"WebSite\",\"@id\":\"https:\/\/www.cerky-studio.com\/de\/#website\",\"url\":\"https:\/\/www.cerky-studio.com\/de\/\",\"name\":\"Cerky Studio\",\"description\":\"Studio de mixage et mastering \u00e0 Mulhouse et en ligne\",\"publisher\":{\"@id\":\"https:\/\/www.cerky-studio.com\/de\/#organization\"},\"potentialAction\":[{\"@type\":\"SearchAction\",\"target\":{\"@type\":\"EntryPoint\",\"urlTemplate\":\"https:\/\/www.cerky-studio.com\/de\/?s={search_term_string}\"},\"query-input\":{\"@type\":\"PropertyValueSpecification\",\"valueRequired\":true,\"valueName\":\"search_term_string\"}}],\"inLanguage\":\"de\"},{\"@type\":\"Organization\",\"@id\":\"https:\/\/www.cerky-studio.com\/de\/#organization\",\"name\":\"Cerky Studio\",\"url\":\"https:\/\/www.cerky-studio.com\/de\/\",\"logo\":{\"@type\":\"ImageObject\",\"inLanguage\":\"de\",\"@id\":\"https:\/\/www.cerky-studio.com\/de\/#\/schema\/logo\/image\/\",\"url\":\"https:\/\/www.cerky-studio.com\/wp-cerky\/uploads\/2018\/11\/cerky-studio-logo-noir-big.png\",\"contentUrl\":\"https:\/\/www.cerky-studio.com\/wp-cerky\/uploads\/2018\/11\/cerky-studio-logo-noir-big.png\",\"width\":912,\"height\":787,\"caption\":\"Cerky Studio\"},\"image\":{\"@id\":\"https:\/\/www.cerky-studio.com\/de\/#\/schema\/logo\/image\/\"},\"sameAs\":[\"https:\/\/www.facebook.com\/DjCerk\",\"https:\/\/x.com\/DJ_CERK\",\"https:\/\/www.instagram.com\/dj.cerk\/\",\"https:\/\/www.youtube.com\/djcerk07\"]}]}<\/script>\n<!-- \/ Yoast SEO plugin. -->","yoast_head_json":{"title":"Online mixing, Mixing aus der Ferne, Professionelles Online-Mixing","description":"Cerky Studio bietet professionelles Online-Mixing mit Echtzeit-Streaming und pers\u00f6nlicher Betreuung, egal, ob Sie sich in Frankreich oder international befinden","robots":{"index":"index","follow":"follow","max-snippet":"max-snippet:-1","max-image-preview":"max-image-preview:large","max-video-preview":"max-video-preview:-1"},"canonical":"https:\/\/www.cerky-studio.com\/de\/mixing\/online\/","og_locale":"de_DE","og_type":"article","og_title":"Online mixing, Mixing aus der Ferne, Professionelles Online-Mixing","og_description":"Cerky Studio bietet professionelles Online-Mixing mit Echtzeit-Streaming und pers\u00f6nlicher Betreuung, egal, ob Sie sich in Frankreich oder international befinden","og_url":"https:\/\/www.cerky-studio.com\/de\/mixing\/online\/","og_site_name":"Cerky Studio","article_publisher":"https:\/\/www.facebook.com\/DjCerk","article_modified_time":"2026-05-07T08:11:28+00:00","twitter_card":"summary_large_image","twitter_site":"@DJ_CERK","twitter_misc":{"Gesch\u00e4tzte Lesezeit":"2\u00a0Minuten"},"schema":{"@context":"https:\/\/schema.org","@graph":[{"@type":"WebPage","@id":"https:\/\/www.cerky-studio.com\/de\/mixing\/online\/","url":"https:\/\/www.cerky-studio.com\/de\/mixing\/online\/","name":"Online mixing, Mixing aus der Ferne, Professionelles Online-Mixing","isPartOf":{"@id":"https:\/\/www.cerky-studio.com\/de\/#website"},"datePublished":"2025-08-17T08:49:36+00:00","dateModified":"2026-05-07T08:11:28+00:00","description":"Cerky Studio bietet professionelles Online-Mixing mit Echtzeit-Streaming und pers\u00f6nlicher Betreuung, egal, ob Sie sich in Frankreich oder international befinden","breadcrumb":{"@id":"https:\/\/www.cerky-studio.com\/de\/mixing\/online\/#breadcrumb"},"inLanguage":"de","potentialAction":[{"@type":"ReadAction","target":["https:\/\/www.cerky-studio.com\/de\/mixing\/online\/"]}]},{"@type":"BreadcrumbList","@id":"https:\/\/www.cerky-studio.com\/de\/mixing\/online\/#breadcrumb","itemListElement":[{"@type":"ListItem","position":1,"name":"Accueil","item":"https:\/\/www.cerky-studio.com\/de\/"},{"@type":"ListItem","position":2,"name":"Mixing","item":"https:\/\/www.cerky-studio.com\/de\/mixing\/"},{"@type":"ListItem","position":3,"name":"Online Mixing"}]},{"@type":"WebSite","@id":"https:\/\/www.cerky-studio.com\/de\/#website","url":"https:\/\/www.cerky-studio.com\/de\/","name":"Cerky Studio","description":"Studio de mixage et mastering \u00e0 Mulhouse et en ligne","publisher":{"@id":"https:\/\/www.cerky-studio.com\/de\/#organization"},"potentialAction":[{"@type":"SearchAction","target":{"@type":"EntryPoint","urlTemplate":"https:\/\/www.cerky-studio.com\/de\/?s={search_term_string}"},"query-input":{"@type":"PropertyValueSpecification","valueRequired":true,"valueName":"search_term_string"}}],"inLanguage":"de"},{"@type":"Organization","@id":"https:\/\/www.cerky-studio.com\/de\/#organization","name":"Cerky Studio","url":"https:\/\/www.cerky-studio.com\/de\/","logo":{"@type":"ImageObject","inLanguage":"de","@id":"https:\/\/www.cerky-studio.com\/de\/#\/schema\/logo\/image\/","url":"https:\/\/www.cerky-studio.com\/wp-cerky\/uploads\/2018\/11\/cerky-studio-logo-noir-big.png","contentUrl":"https:\/\/www.cerky-studio.com\/wp-cerky\/uploads\/2018\/11\/cerky-studio-logo-noir-big.png","width":912,"height":787,"caption":"Cerky Studio"},"image":{"@id":"https:\/\/www.cerky-studio.com\/de\/#\/schema\/logo\/image\/"},"sameAs":["https:\/\/www.facebook.com\/DjCerk","https:\/\/x.com\/DJ_CERK","https:\/\/www.instagram.com\/dj.cerk\/","https:\/\/www.youtube.com\/djcerk07"]}]}},"_links":{"self":[{"href":"https:\/\/www.cerky-studio.com\/de\/wp-json\/wp\/v2\/pages\/3778","targetHints":{"allow":["GET"]}}],"collection":[{"href":"https:\/\/www.cerky-studio.com\/de\/wp-json\/wp\/v2\/pages"}],"about":[{"href":"https:\/\/www.cerky-studio.com\/de\/wp-json\/wp\/v2\/types\/page"}],"author":[{"embeddable":true,"href":"https:\/\/www.cerky-studio.com\/de\/wp-json\/wp\/v2\/users\/2"}],"replies":[{"embeddable":true,"href":"https:\/\/www.cerky-studio.com\/de\/wp-json\/wp\/v2\/comments?post=3778"}],"version-history":[{"count":4,"href":"https:\/\/www.cerky-studio.com\/de\/wp-json\/wp\/v2\/pages\/3778\/revisions"}],"predecessor-version":[{"id":3845,"href":"https:\/\/www.cerky-studio.com\/de\/wp-json\/wp\/v2\/pages\/3778\/revisions\/3845"}],"up":[{"embeddable":true,"href":"https:\/\/www.cerky-studio.com\/de\/wp-json\/wp\/v2\/pages\/3747"}],"wp:attachment":[{"href":"https:\/\/www.cerky-studio.com\/de\/wp-json\/wp\/v2\/media?parent=3778"}],"curies":[{"name":"wp","href":"https:\/\/api.w.org\/{rel}","templated":true}]}}