{"id":3783,"date":"2025-08-11T20:16:31","date_gmt":"2025-08-11T18:16:31","guid":{"rendered":"https:\/\/www.cerky-studio.com\/mastering\/"},"modified":"2026-05-07T09:20:43","modified_gmt":"2026-05-07T07:20:43","slug":"mastering","status":"publish","type":"page","link":"https:\/\/www.cerky-studio.com\/de\/mastering\/","title":{"rendered":"Mastering"},"content":{"rendered":"<div class=\"wpb-content-wrapper\"><p>[vc_row][vc_column width=&#8220;1\/6&#8243;][\/vc_column][vc_column width=&#8220;2\/3&#8243;][vc_column_text css=&#8220;&#8220;]<\/p>\n<p style=\"text-align: center;\">Mastering ist <strong>der letzte Schritt<\/strong>, <strong>der einen Song f\u00fcr eine professionelle Ver\u00f6ffentlichung vorbereitet<\/strong>, sei es im Streaming, auf CD, Vinyl oder anderen Medien.<\/p>\n<p style=\"text-align: center;\">Dabei werden pr\u00e4zise Bearbeitungen vorgenommen, um Dynamik, Tonalbalance, Stereo, Phase und Endlautst\u00e4rke entsprechend den Genre-Standards und aktuellen Codes auszubalancieren. Diese \u201eFinish-Schicht\u201c erm\u00f6glicht es der Musik, <strong>mit den Referenzen der Branche zu konkurrieren<\/strong>. Bei einem Album oder EP sorgt das Mastering f\u00fcr die Homogenit\u00e4t der Tracks und bietet ein fl\u00fcssiges, konsistentes H\u00f6rerlebnis.<\/p>\n<p style=\"text-align: center;\">Bei Cerky Studio wird das Mastering mit hochwertigen <strong>analogen und digitalen Tools durchgef\u00fchrt<\/strong>, f\u00fcr ein Ergebnis, das der k\u00fcnstlerischen Absicht treu bleibt.<\/p>\n<p>[\/vc_column_text][\/vc_column][vc_column width=&#8220;1\/6&#8243;][\/vc_column][\/vc_row][vc_row][vc_column width=&#8220;1\/2&#8243;][vc_single_image image=&#8220;3499&#8243; img_size=&#8220;Large&#8220; onclick=&#8220;custom_link&#8220; css=&#8220;&#8220; link=&#8220;https:\/\/www.cerky-studio.com\/mastering\/definition\/&#8220;][vc_custom_heading text=&#8220;Was ist Mastering ?&#8220; font_container=&#8220;tag:h2|font_size:26|text_align:left&#8220; use_theme_fonts=&#8220;yes&#8220; css=&#8220;&#8220; link=&#8220;url:https%3A%2F%2Fwww.cerky-studio.com%2Fv2site%2Fmastering%2Fdefinition%2F|title:Qu%E2%80%99est-ce%20que%20le%20mastering%20%3F&#8220;][vc_column_text css=&#8220;&#8220;]Mastering ist der letzte Schritt der Musikproduktion, der den Klang eines Songs optimiert und harmonisiert, sodass er konsistent, ausgewogen und f\u00fcr alle Abh\u00f6rsysteme geeignet ist. Ziel ist es, den Mix zu veredeln, die Dynamik zu kontrollieren und die Datei f\u00fcr die professionelle Ver\u00f6ffentlichung vorzubereiten.[\/vc_column_text][vc_btn title=&#8220;Mehr erfahren&#8220; style=&#8220;flat&#8220; color=&#8220;danger&#8220; css=&#8220;&#8220; link=&#8220;url:https%3A%2F%2Fwww.cerky-studio.com%2Fde%2Fmastering%2Fdefinition%2F|title:Was%20ist%20Mastering%20%3F&#8220;][\/vc_column][vc_column width=&#8220;1\/2&#8243;][vc_single_image image=&#8220;3489&#8243; img_size=&#8220;Large&#8220; alignment=&#8220;center&#8220; onclick=&#8220;custom_link&#8220; css=&#8220;&#8220; link=&#8220;https:\/\/www.cerky-studio.com\/mastering\/definition\/&#8220;][\/vc_column][\/vc_row][vc_row][vc_column][vc_empty_space][vc_separator css=&#8220;&#8220;][vc_empty_space][\/vc_column][\/vc_row][vc_row][vc_column width=&#8220;1\/3&#8243;][vc_single_image image=&#8220;4887&#8243; img_size=&#8220;large&#8220; onclick=&#8220;custom_link&#8220; css=&#8220;&#8220; link=&#8220;https:\/\/www.cerky-studio.com\/mastering\/prestation\/&#8220;][vc_custom_heading text=&#8220;Mastering bei Cerky Studio&#8220; font_container=&#8220;tag:h2|font_size:26|text_align:left&#8220; use_theme_fonts=&#8220;yes&#8220; css=&#8220;&#8220; link=&#8220;url:https%3A%2F%2Fwww.cerky-studio.com%2Fv2site%2Fmastering%2Fprestation%2F|title:Prestation%20de%20mastering&#8220;][vc_column_text css=&#8220;&#8220;]Bei Cerky Studio zielt das Mastering darauf ab, Ihrem Song eine kraftvolle <strong>Wirkung, pr\u00e4zise Klangbalance und optimale<\/strong> Koh\u00e4renz zu verleihen, um <strong>eine professionelle Qualit\u00e4t<\/strong> auf allen Plattformen und Medien zu gew\u00e4hrleisten.[\/vc_column_text][vc_btn title=&#8220;Mehr erfahren&#8220; style=&#8220;flat&#8220; color=&#8220;danger&#8220; css=&#8220;&#8220; link=&#8220;url:https%3A%2F%2Fwww.cerky-studio.com%2Fde%2Fmastering%2Fdienstleistung%2F|title:Prestation%20de%20mixage&#8220;][vc_empty_space][vc_separator css=&#8220;&#8220;][vc_empty_space][\/vc_column][vc_column width=&#8220;1\/3&#8243;][vc_single_image image=&#8220;3505&#8243; img_size=&#8220;large&#8220; onclick=&#8220;custom_link&#8220; css=&#8220;&#8220; link=&#8220;https:\/\/www.cerky-studio.com\/mastering\/genres-musicaux\/&#8220;][vc_custom_heading text=&#8220;Mastering nach Musikgenres&#8220; font_container=&#8220;tag:h2|font_size:26|text_align:left&#8220; use_theme_fonts=&#8220;yes&#8220; css=&#8220;&#8220; link=&#8220;url:https%3A%2F%2Fwww.cerky-studio.com%2Fv2site%2Fmastering%2Fgenres-musicaux%2F&#8220;][vc_column_text css=&#8220;&#8220;]Unabh\u00e4ngig vom Stil verleiht das Mastering dem Werk den letzten Schliff, indem die Bearbeitungen an die Codes jedes Genres angepasst werden, um <strong>ein professionelles, konsistentes Ergebnis zu erzielen<\/strong>, das der k\u00fcnstlerischen Absicht treu bleibt.[\/vc_column_text][vc_btn title=&#8220;Mehr erfahren&#8220; style=&#8220;flat&#8220; color=&#8220;danger&#8220; css=&#8220;&#8220; link=&#8220;url:https%3A%2F%2Fwww.cerky-studio.com%2Fde%2Fmastering%2Fmusikgenres%2F|title:Mastering%20par%20genres%20musicaux&#8220;][vc_empty_space][vc_separator css=&#8220;&#8220;][vc_empty_space][\/vc_column][vc_column width=&#8220;1\/3&#8243;][vc_single_image image=&#8220;3507&#8243; img_size=&#8220;large&#8220; onclick=&#8220;custom_link&#8220; css=&#8220;&#8220; link=&#8220;https:\/\/www.cerky-studio.com\/mastering\/tarifs\/&#8220;][vc_custom_heading text=&#8220;Mastering Preise&#8220; font_container=&#8220;tag:h2|font_size:26|text_align:left&#8220; use_theme_fonts=&#8220;yes&#8220; css=&#8220;&#8220; link=&#8220;url:https%3A%2F%2Fwww.cerky-studio.com%2Fv2site%2Fmastering%2Ftarifs%2F&#8220;][vc_column_text css=&#8220;&#8220;]<strong>Mit 20 Jahren Erfahrung stellt<\/strong> Cerky Studio ein hochwertiges Umfeld und Referenz-Equipment bereit, um Ihrer Musik ein <strong>professionelles, konkurrenzf\u00e4higes<\/strong> Ergebnis zu bieten \u2013 zu klaren und transparenten Preisen.[\/vc_column_text][vc_btn title=&#8220;Mehr erfahren&#8220; style=&#8220;flat&#8220; color=&#8220;danger&#8220; css=&#8220;&#8220; link=&#8220;url:https%3A%2F%2Fwww.cerky-studio.com%2Fde%2Fmastering%2Fpreise%2F|title:Mastering%20Preise&#8220;][vc_empty_space][vc_separator css=&#8220;&#8220;][vc_empty_space][\/vc_column][\/vc_row][vc_row][vc_column width=&#8220;1\/3&#8243;][vc_single_image image=&#8220;3501&#8243; img_size=&#8220;large&#8220; onclick=&#8220;custom_link&#8220; css=&#8220;&#8220; link=&#8220;https:\/\/www.cerky-studio.com\/mastering\/faq\/&#8220;][vc_custom_heading text=&#8220;FAQ Mastering&#8220; font_container=&#8220;tag:h2|font_size:26|text_align:left&#8220; use_theme_fonts=&#8220;yes&#8220; css=&#8220;&#8220; link=&#8220;url:https%3A%2F%2Fwww.cerky-studio.com%2Fv2site%2Fmastering%2Ffaq%2F|title:Mastering%20%3A%20questions%20fr%C3%A9quentes&#8220;][vc_column_text css=&#8220;&#8220;]Mastering ist von <strong>Mythen, Geheimnissen und Vorurteilen umgeben<\/strong>.<br \/>\nDiese FAQ<strong> beantwortet<\/strong> technische Fragen einfach und verst\u00e4ndlich.[\/vc_column_text][vc_btn title=&#8220;Mehr erfahren&#8220; style=&#8220;flat&#8220; color=&#8220;danger&#8220; css=&#8220;&#8220; link=&#8220;url:https%3A%2F%2Fwww.cerky-studio.com%2Fde%2Fmastering%2Ffaq%2F|title:Mastering%20%3A%20H%C3%A4ufig%20Gestellte%20Fragen&#8220;][vc_empty_space][vc_separator][vc_empty_space][\/vc_column][vc_column width=&#8220;1\/3&#8243;][vc_single_image image=&#8220;3378&#8243; img_size=&#8220;large&#8220; alignment=&#8220;center&#8220; onclick=&#8220;custom_link&#8220; css=&#8220;&#8220; link=&#8220;https:\/\/www.cerky-studio.com\/mastering\/a-distance\/&#8220;][vc_custom_heading text=&#8220;Online Mastering&#8220; font_container=&#8220;tag:h2|font_size:26|text_align:left&#8220; use_theme_fonts=&#8220;yes&#8220; css=&#8220;&#8220; link=&#8220;url:https%3A%2F%2Fwww.cerky-studio.com%2Fv2site%2Fmastering%2Fa-distance%2F|title:Mastering%20%C3%A0%20distance&#8220;][vc_column_text css=&#8220;&#8220;]Cerky Studio bietet <strong>einen Fern-Mastering-Service<\/strong> f\u00fcr K\u00fcnstler und Labels aus ganz Frankreich und dar\u00fcber hinaus. Dank Echtzeit-Streaming k\u00f6nnen Sie die Session verfolgen, als w\u00e4ren Sie vor Ort, <strong>mit direktem Austausch und sofortigem Feedback<\/strong>.[\/vc_column_text][vc_btn title=&#8220;Mehr erfahren&#8220; style=&#8220;flat&#8220; color=&#8220;danger&#8220; css=&#8220;&#8220; link=&#8220;url:https%3A%2F%2Fwww.cerky-studio.com%2Fde%2Fmastering%2Fonline%2F|title:Mastering%20%C3%A0%20distance&#8220;][vc_empty_space][vc_separator][vc_empty_space][\/vc_column][vc_column width=&#8220;1\/3&#8243;][vc_single_image image=&#8220;4751&#8243; img_size=&#8220;large&#8220; alignment=&#8220;center&#8220; onclick=&#8220;custom_link&#8220; css=&#8220;&#8220; link=&#8220;https:\/\/www.cerky-studio.com\/de\/mastering\/vinyl-mastering\/&#8220;][vc_custom_heading text=&#8220;Mastering Vinyl&#8220; font_container=&#8220;tag:h2|font_size:26|text_align:left&#8220; use_theme_fonts=&#8220;yes&#8220; css=&#8220;&#8220; link=&#8220;url:https%3A%2F%2Fwww.cerky-studio.com%2Fmastering%2Fmastering-vinyle%2F|title:Mastering%20%C3%A0%20distance&#8220;][vc_column_text css=&#8220;&#8220;]Vinyl Mastering erfordert <strong>spezielles Fachwissen<\/strong>, um den Sound an dieses physische und analoge Medium anzupassen.<br data-start=\"427\" data-end=\"430\" \/>Cerky Studio bietet professionelles Mastering, <strong>das ein treues und pressfertiges Vinyl Ergebnis liefert<\/strong>.[\/vc_column_text][vc_btn title=&#8220;Mehr erfahren&#8220; style=&#8220;flat&#8220; color=&#8220;danger&#8220; css=&#8220;&#8220; link=&#8220;url:https%3A%2F%2Fwww.cerky-studio.com%2Fde%2Fmastering%2Fvinyl-mastering%2F|title:Mastering%20%C3%A0%20distance&#8220;][vc_empty_space][vc_separator][vc_empty_space][\/vc_column][\/vc_row][vc_row][vc_column][vc_column_text css=&#8220;&#8220;]<\/p>\n<p style=\"text-align: center;\"><strong>Kontaktieren Sie Cerky Studio f\u00fcr weitere Informationen zum Mastering oder f\u00fcr ein individuelles Angebot.<\/strong><\/p>\n<p>[\/vc_column_text][vc_btn title=&#8220;Cerky Studio kontaktieren&#8220; style=&#8220;flat&#8220; color=&#8220;danger&#8220; size=&#8220;lg&#8220; align=&#8220;center&#8220; css=&#8220;&#8220; link=&#8220;url:https%3A%2F%2Fwww.cerky-studio.com%2Fcontact%2F|||&#8220;][\/vc_column][\/vc_row]<\/p>\n<\/div>","protected":false},"excerpt":{"rendered":"<p>[vc_row][vc_column width=&#8220;1\/6&#8243;][\/vc_column][vc_column width=&#8220;2\/3&#8243;][vc_column_text css=&#8220;&#8220;] Mastering ist der letzte Schritt, der einen Song f\u00fcr eine professionelle Ver\u00f6ffentlichung vorbereitet, sei es im Streaming, auf CD, Vinyl oder anderen Medien. Dabei werden pr\u00e4zise Bearbeitungen vorgenommen, um Dynamik, Tonalbalance, Stereo, Phase und Endlautst\u00e4rke entsprechend den Genre-Standards und aktuellen Codes auszubalancieren. Diese \u201eFinish-Schicht\u201c erm\u00f6glicht es der Musik, mit den Referenzen [&hellip;]<\/p>\n","protected":false},"author":2,"featured_media":0,"parent":0,"menu_order":2,"comment_status":"closed","ping_status":"closed","template":"","meta":{"footnotes":""},"class_list":["post-3783","page","type-page","status-publish","hentry"],"yoast_head":"<!-- This site is optimized with the Yoast SEO plugin v26.1.1 - https:\/\/yoast.com\/wordpress\/plugins\/seo\/ -->\n<title>Online Mastering, Professionell Musik Mastering, Mastering Service<\/title>\n<meta name=\"description\" content=\"Cerky Studio bietet professionelles Mastering vor Ort oder aus der Ferne an und optimiert Ihre Tracks f\u00fcr einen ausgewogenen, kraftvollen Sound gem\u00e4\u00df den Industriestandards\" \/>\n<meta name=\"robots\" content=\"index, follow, max-snippet:-1, max-image-preview:large, max-video-preview:-1\" \/>\n<link rel=\"canonical\" href=\"https:\/\/www.cerky-studio.com\/de\/mastering\/\" \/>\n<meta property=\"og:locale\" content=\"de_DE\" \/>\n<meta property=\"og:type\" content=\"article\" \/>\n<meta property=\"og:title\" content=\"Online Mastering, Professionell Musik Mastering, Mastering Service\" \/>\n<meta property=\"og:description\" content=\"Cerky Studio bietet professionelles Mastering vor Ort oder aus der Ferne an und optimiert Ihre Tracks f\u00fcr einen ausgewogenen, kraftvollen Sound gem\u00e4\u00df den Industriestandards\" \/>\n<meta property=\"og:url\" content=\"https:\/\/www.cerky-studio.com\/de\/mastering\/\" \/>\n<meta property=\"og:site_name\" content=\"Cerky Studio\" \/>\n<meta property=\"article:publisher\" content=\"https:\/\/www.facebook.com\/DjCerk\" \/>\n<meta property=\"article:modified_time\" content=\"2026-05-07T07:20:43+00:00\" \/>\n<meta name=\"twitter:card\" content=\"summary_large_image\" \/>\n<meta name=\"twitter:site\" content=\"@DJ_CERK\" \/>\n<meta name=\"twitter:label1\" content=\"Gesch\u00e4tzte Lesezeit\" \/>\n\t<meta name=\"twitter:data1\" content=\"3\u00a0Minuten\" \/>\n<script type=\"application\/ld+json\" class=\"yoast-schema-graph\">{\"@context\":\"https:\/\/schema.org\",\"@graph\":[{\"@type\":\"WebPage\",\"@id\":\"https:\/\/www.cerky-studio.com\/de\/mastering\/\",\"url\":\"https:\/\/www.cerky-studio.com\/de\/mastering\/\",\"name\":\"Online Mastering, Professionell Musik Mastering, Mastering Service\",\"isPartOf\":{\"@id\":\"https:\/\/www.cerky-studio.com\/de\/#website\"},\"datePublished\":\"2025-08-11T18:16:31+00:00\",\"dateModified\":\"2026-05-07T07:20:43+00:00\",\"description\":\"Cerky Studio bietet professionelles Mastering vor Ort oder aus der Ferne an und optimiert Ihre Tracks f\u00fcr einen ausgewogenen, kraftvollen Sound gem\u00e4\u00df den Industriestandards\",\"breadcrumb\":{\"@id\":\"https:\/\/www.cerky-studio.com\/de\/mastering\/#breadcrumb\"},\"inLanguage\":\"de\",\"potentialAction\":[{\"@type\":\"ReadAction\",\"target\":[\"https:\/\/www.cerky-studio.com\/de\/mastering\/\"]}]},{\"@type\":\"BreadcrumbList\",\"@id\":\"https:\/\/www.cerky-studio.com\/de\/mastering\/#breadcrumb\",\"itemListElement\":[{\"@type\":\"ListItem\",\"position\":1,\"name\":\"Accueil\",\"item\":\"https:\/\/www.cerky-studio.com\/de\/\"},{\"@type\":\"ListItem\",\"position\":2,\"name\":\"Mastering\"}]},{\"@type\":\"WebSite\",\"@id\":\"https:\/\/www.cerky-studio.com\/de\/#website\",\"url\":\"https:\/\/www.cerky-studio.com\/de\/\",\"name\":\"Cerky Studio\",\"description\":\"Studio de mixage et mastering \u00e0 Mulhouse et en ligne\",\"publisher\":{\"@id\":\"https:\/\/www.cerky-studio.com\/de\/#organization\"},\"potentialAction\":[{\"@type\":\"SearchAction\",\"target\":{\"@type\":\"EntryPoint\",\"urlTemplate\":\"https:\/\/www.cerky-studio.com\/de\/?s={search_term_string}\"},\"query-input\":{\"@type\":\"PropertyValueSpecification\",\"valueRequired\":true,\"valueName\":\"search_term_string\"}}],\"inLanguage\":\"de\"},{\"@type\":\"Organization\",\"@id\":\"https:\/\/www.cerky-studio.com\/de\/#organization\",\"name\":\"Cerky Studio\",\"url\":\"https:\/\/www.cerky-studio.com\/de\/\",\"logo\":{\"@type\":\"ImageObject\",\"inLanguage\":\"de\",\"@id\":\"https:\/\/www.cerky-studio.com\/de\/#\/schema\/logo\/image\/\",\"url\":\"https:\/\/www.cerky-studio.com\/wp-cerky\/uploads\/2018\/11\/cerky-studio-logo-noir-big.png\",\"contentUrl\":\"https:\/\/www.cerky-studio.com\/wp-cerky\/uploads\/2018\/11\/cerky-studio-logo-noir-big.png\",\"width\":912,\"height\":787,\"caption\":\"Cerky Studio\"},\"image\":{\"@id\":\"https:\/\/www.cerky-studio.com\/de\/#\/schema\/logo\/image\/\"},\"sameAs\":[\"https:\/\/www.facebook.com\/DjCerk\",\"https:\/\/x.com\/DJ_CERK\",\"https:\/\/www.instagram.com\/dj.cerk\/\",\"https:\/\/www.youtube.com\/djcerk07\"]}]}<\/script>\n<!-- \/ Yoast SEO plugin. -->","yoast_head_json":{"title":"Online Mastering, Professionell Musik Mastering, Mastering Service","description":"Cerky Studio bietet professionelles Mastering vor Ort oder aus der Ferne an und optimiert Ihre Tracks f\u00fcr einen ausgewogenen, kraftvollen Sound gem\u00e4\u00df den Industriestandards","robots":{"index":"index","follow":"follow","max-snippet":"max-snippet:-1","max-image-preview":"max-image-preview:large","max-video-preview":"max-video-preview:-1"},"canonical":"https:\/\/www.cerky-studio.com\/de\/mastering\/","og_locale":"de_DE","og_type":"article","og_title":"Online Mastering, Professionell Musik Mastering, Mastering Service","og_description":"Cerky Studio bietet professionelles Mastering vor Ort oder aus der Ferne an und optimiert Ihre Tracks f\u00fcr einen ausgewogenen, kraftvollen Sound gem\u00e4\u00df den Industriestandards","og_url":"https:\/\/www.cerky-studio.com\/de\/mastering\/","og_site_name":"Cerky Studio","article_publisher":"https:\/\/www.facebook.com\/DjCerk","article_modified_time":"2026-05-07T07:20:43+00:00","twitter_card":"summary_large_image","twitter_site":"@DJ_CERK","twitter_misc":{"Gesch\u00e4tzte Lesezeit":"3\u00a0Minuten"},"schema":{"@context":"https:\/\/schema.org","@graph":[{"@type":"WebPage","@id":"https:\/\/www.cerky-studio.com\/de\/mastering\/","url":"https:\/\/www.cerky-studio.com\/de\/mastering\/","name":"Online Mastering, Professionell Musik Mastering, Mastering Service","isPartOf":{"@id":"https:\/\/www.cerky-studio.com\/de\/#website"},"datePublished":"2025-08-11T18:16:31+00:00","dateModified":"2026-05-07T07:20:43+00:00","description":"Cerky Studio bietet professionelles Mastering vor Ort oder aus der Ferne an und optimiert Ihre Tracks f\u00fcr einen ausgewogenen, kraftvollen Sound gem\u00e4\u00df den Industriestandards","breadcrumb":{"@id":"https:\/\/www.cerky-studio.com\/de\/mastering\/#breadcrumb"},"inLanguage":"de","potentialAction":[{"@type":"ReadAction","target":["https:\/\/www.cerky-studio.com\/de\/mastering\/"]}]},{"@type":"BreadcrumbList","@id":"https:\/\/www.cerky-studio.com\/de\/mastering\/#breadcrumb","itemListElement":[{"@type":"ListItem","position":1,"name":"Accueil","item":"https:\/\/www.cerky-studio.com\/de\/"},{"@type":"ListItem","position":2,"name":"Mastering"}]},{"@type":"WebSite","@id":"https:\/\/www.cerky-studio.com\/de\/#website","url":"https:\/\/www.cerky-studio.com\/de\/","name":"Cerky Studio","description":"Studio de mixage et mastering \u00e0 Mulhouse et en ligne","publisher":{"@id":"https:\/\/www.cerky-studio.com\/de\/#organization"},"potentialAction":[{"@type":"SearchAction","target":{"@type":"EntryPoint","urlTemplate":"https:\/\/www.cerky-studio.com\/de\/?s={search_term_string}"},"query-input":{"@type":"PropertyValueSpecification","valueRequired":true,"valueName":"search_term_string"}}],"inLanguage":"de"},{"@type":"Organization","@id":"https:\/\/www.cerky-studio.com\/de\/#organization","name":"Cerky Studio","url":"https:\/\/www.cerky-studio.com\/de\/","logo":{"@type":"ImageObject","inLanguage":"de","@id":"https:\/\/www.cerky-studio.com\/de\/#\/schema\/logo\/image\/","url":"https:\/\/www.cerky-studio.com\/wp-cerky\/uploads\/2018\/11\/cerky-studio-logo-noir-big.png","contentUrl":"https:\/\/www.cerky-studio.com\/wp-cerky\/uploads\/2018\/11\/cerky-studio-logo-noir-big.png","width":912,"height":787,"caption":"Cerky Studio"},"image":{"@id":"https:\/\/www.cerky-studio.com\/de\/#\/schema\/logo\/image\/"},"sameAs":["https:\/\/www.facebook.com\/DjCerk","https:\/\/x.com\/DJ_CERK","https:\/\/www.instagram.com\/dj.cerk\/","https:\/\/www.youtube.com\/djcerk07"]}]}},"_links":{"self":[{"href":"https:\/\/www.cerky-studio.com\/de\/wp-json\/wp\/v2\/pages\/3783","targetHints":{"allow":["GET"]}}],"collection":[{"href":"https:\/\/www.cerky-studio.com\/de\/wp-json\/wp\/v2\/pages"}],"about":[{"href":"https:\/\/www.cerky-studio.com\/de\/wp-json\/wp\/v2\/types\/page"}],"author":[{"embeddable":true,"href":"https:\/\/www.cerky-studio.com\/de\/wp-json\/wp\/v2\/users\/2"}],"replies":[{"embeddable":true,"href":"https:\/\/www.cerky-studio.com\/de\/wp-json\/wp\/v2\/comments?post=3783"}],"version-history":[{"count":9,"href":"https:\/\/www.cerky-studio.com\/de\/wp-json\/wp\/v2\/pages\/3783\/revisions"}],"predecessor-version":[{"id":4896,"href":"https:\/\/www.cerky-studio.com\/de\/wp-json\/wp\/v2\/pages\/3783\/revisions\/4896"}],"wp:attachment":[{"href":"https:\/\/www.cerky-studio.com\/de\/wp-json\/wp\/v2\/media?parent=3783"}],"curies":[{"name":"wp","href":"https:\/\/api.w.org\/{rel}","templated":true}]}}