{"id":3789,"date":"2025-08-09T11:30:18","date_gmt":"2025-08-09T09:30:18","guid":{"rendered":"https:\/\/www.cerky-studio.com\/mastering\/prestation\/"},"modified":"2026-05-07T10:20:00","modified_gmt":"2026-05-07T08:20:00","slug":"dienstleistung","status":"publish","type":"page","link":"https:\/\/www.cerky-studio.com\/de\/mastering\/dienstleistung\/","title":{"rendered":"Mastering Dienstleistung"},"content":{"rendered":"<div class=\"wpb-content-wrapper\"><p>[vc_row][vc_column width=&#8220;1\/6&#8243;][vc_column_text css=&#8220;&#8220;][\/vc_column_text][\/vc_column][vc_column width=&#8220;2\/3&#8243;][vc_column_text css=&#8220;&#8220;]<\/p>\n<h2 style=\"text-align: center;\">Cerky Studio perfektioniert Ihren Sound<\/h2>\n<p style=\"text-align: center;\">Das Studio ist nur 10 Minuten von Mulhouse (Elsass) entfernt, bietet Cerky Studio einen professionellen Mastering-Service in einem 100 m\u00b2 gro\u00dfen Wohnstudio. Der 22 m\u00b2 gro\u00dfe Kontrollraum, ausgelegt f\u00fcr ultra-pr\u00e4zises H\u00f6ren, ist mit hochwertigem Equipment ausgestattet, das eine optimale Audiobearbeitung erm\u00f6glicht und analoge sowie digitale Tools kombiniert. Cerky Studio bietet professionelle Mastering-Leistungen vor Ort oder <strong>aus der Ferne an.<\/strong><\/p>\n<p>[\/vc_column_text][\/vc_column][vc_column width=&#8220;1\/6&#8243;][\/vc_column][\/vc_row][vc_row][vc_column][vc_empty_space][\/vc_column][\/vc_row][vc_row][vc_column width=&#8220;1\/6&#8243;][\/vc_column][vc_column width=&#8220;2\/3&#8243;][vc_column_text css=&#8220;&#8220;]<\/p>\n<h3>Professionelles Mastering: der entscheidende Schritt zur Veredelung Ihrer Musik<\/h3>\n<p><strong>Verleihen Sie Ihrem Song die notwendige Lautst\u00e4rke, Wirkung, Frequenzbalance und Koh\u00e4renz f\u00fcr eine professionelle Qualit\u00e4t auf allen Plattformen und Medien.<\/strong>[\/vc_column_text][vc_btn title=&#8220;Mehr \u00fcber das Mastering erfahren&#8220; style=&#8220;flat&#8220; color=&#8220;danger&#8220; css=&#8220;&#8220; link=&#8220;url:https%3A%2F%2Fwww.cerky-studio.com%2Fmastering%2Fdefinition%2F|title:Qu%E2%80%99est-ce%20que%20le%20mastering%20%3F&#8220;][\/vc_column][vc_column width=&#8220;1\/6&#8243;][\/vc_column][\/vc_row][vc_row][vc_column][vc_empty_space][vc_single_image image=&#8220;3480&#8243; img_size=&#8220;Large&#8220; alignment=&#8220;center&#8220; onclick=&#8220;link_image&#8220; css=&#8220;&#8220;][\/vc_column][\/vc_row][vc_row][vc_column][vc_empty_space][vc_separator css=&#8220;&#8220;][vc_empty_space][\/vc_column][\/vc_row][vc_row][vc_column width=&#8220;1\/6&#8243;][\/vc_column][vc_column width=&#8220;2\/3&#8243;][vc_column_text css=&#8220;&#8220;]<\/p>\n<h3>Ein Mastering, das den professionellen Standards entspricht<\/h3>\n<p>Mastering ist die letzte Phase des Audioprozesses und <strong>bereitet Ihre Musik optimal f\u00fcr die Ver\u00f6ffentlichung auf allen Plattformen<\/strong> (Streaming, CD, Vinyl) vor. Diese Phase umfasst:<\/p>\n<ul>\n<li>Anpassung der Frequenzbalance f\u00fcr eine konsistente Wiedergabe auf allen Abh\u00f6rsystemen,<\/li>\n<li>Kontrolle von Dynamik und Stereo f\u00fcr ein kraftvolles, koh\u00e4rentes Ergebnis,<\/li>\n<li>Kalibrierung der Lautst\u00e4rke (LUFS) f\u00fcr einen durchsetzungsf\u00e4higen, wettbewerbsf\u00e4higen Sound,<\/li>\n<li>Sicherstellung der Einheitlichkeit zwischen den einzelnen Tracks eines Projekts (EP, Album).<\/li>\n<\/ul>\n<p>Bei <strong>Cerky Studio<\/strong> wird jedes Mastering mit hochwertigem analogen und digitalen Equipment durchgef\u00fchrt, <strong>das Pr\u00e4zision, Transparenz und die Treue zu Ihrem Mix garantiert<\/strong>, w\u00e4hrend es das professionelle Finish liefert, das f\u00fcr eine kommerzielle Ver\u00f6ffentlichung notwendig ist.[\/vc_column_text][\/vc_column][vc_column width=&#8220;1\/6&#8243;][\/vc_column][\/vc_row][vc_row][vc_column][vc_empty_space][vc_separator css=&#8220;&#8220;][vc_empty_space][\/vc_column][\/vc_row][vc_row][vc_column width=&#8220;1\/6&#8243;][\/vc_column][vc_column width=&#8220;2\/3&#8243;][vc_column_text css=&#8220;&#8220;]<strong>Sobald das Mastering abgeschlossen ist, erhalten Sie die finale Version Ihres Tracks, bereit zur Ver\u00f6ffentlichung \u2013 vom digitalen Format bis hin zum Vinyl.<\/strong>[\/vc_column_text][vc_single_image image=&#8220;3484&#8243; img_size=&#8220;Full&#8220; add_caption=&#8220;yes&#8220; alignment=&#8220;center&#8220; css=&#8220;&#8220;][vc_single_image image=&#8220;3482&#8243; img_size=&#8220;Full&#8220; add_caption=&#8220;yes&#8220; alignment=&#8220;center&#8220; css=&#8220;&#8220;][\/vc_column][vc_column width=&#8220;1\/6&#8243;][\/vc_column][\/vc_row][vc_row][vc_column][vc_empty_space][vc_separator css=&#8220;&#8220;][vc_empty_space][\/vc_column][\/vc_row][vc_row][vc_column][vc_column_text css=&#8220;&#8220;]<\/p>\n<h3 style=\"text-align: center;\">Einige bei Cerky Studio verwendete Ger\u00e4te<\/h3>\n<p>[\/vc_column_text][vc_empty_space][\/vc_column][\/vc_row][vc_row][vc_column width=&#8220;1\/2&#8243;][vc_single_image image=&#8220;4897&#8243; img_size=&#8220;large&#8220; alignment=&#8220;center&#8220; onclick=&#8220;link_image&#8220; css=&#8220;&#8220;][\/vc_column][vc_column width=&#8220;1\/2&#8243;][vc_single_image image=&#8220;3606&#8243; img_size=&#8220;Large&#8220; alignment=&#8220;center&#8220; onclick=&#8220;link_image&#8220; css=&#8220;&#8220;][\/vc_column][\/vc_row][vc_row][vc_column][vc_empty_space][vc_separator css=&#8220;&#8220;][vc_empty_space][\/vc_column][\/vc_row][vc_row][vc_column width=&#8220;1\/6&#8243;][\/vc_column][vc_column width=&#8220;2\/3&#8243;][vc_column_text css=&#8220;&#8220;]<\/p>\n<h3>Sie wohnen nicht in der N\u00e4he von Elsass?<\/h3>\n<p>Kein Problem:<strong> Das Mastering kann vollst\u00e4ndig aus der Ferne durchgef\u00fchrt werden<\/strong>. Dank interaktiver Sitzungen per Videokonferenz und <strong>Echtzeit-Streaming verfolgen<\/strong>, Sie alle Anpassungen und Bearbeitungen live und <strong>k\u00f6nnen jeden Schritt gem\u00e4\u00df<\/strong> Ihren Erwartungen freigeben. Ein reibungsloses Erlebnis, egal wo Sie sich befinden.[\/vc_column_text][\/vc_column][vc_column width=&#8220;1\/6&#8243;][\/vc_column][\/vc_row][vc_row][vc_column][vc_empty_space][\/vc_column][\/vc_row][vc_row][vc_column][vc_btn title=&#8220;Cerky Studio kontaktieren&#8220; style=&#8220;flat&#8220; color=&#8220;danger&#8220; size=&#8220;lg&#8220; align=&#8220;center&#8220; css=&#8220;&#8220; link=&#8220;url:https%3A%2F%2Fwww.cerky-studio.com%2Fcontact%2F|||&#8220;][vc_empty_space][vc_separator css=&#8220;&#8220;][\/vc_column][\/vc_row][vc_row][vc_column][vc_empty_space][vc_column_text css=&#8220;&#8220;]<\/p>\n<p style=\"text-align: center;\"><strong>Cerky Studio bietet Preise auf Angebot<\/strong><br \/>\n<strong>f\u00fcr das Mastering einer EP oder eines ganzen Albums.<\/strong><\/p>\n<p>[\/vc_column_text][\/vc_column][\/vc_row][vc_row][vc_column][vc_btn title=&#8220;Ich bitte um ein Angebot&#8220; style=&#8220;flat&#8220; color=&#8220;danger&#8220; size=&#8220;lg&#8220; align=&#8220;center&#8220; css=&#8220;&#8220; link=&#8220;url:https%3A%2F%2Fwww.cerky-studio.com%2Fcontact%2F|||&#8220;][\/vc_column][\/vc_row]<\/p>\n<\/div>","protected":false},"excerpt":{"rendered":"<p>[vc_row][vc_column width=&#8220;1\/6&#8243;][vc_column_text css=&#8220;&#8220;][\/vc_column_text][\/vc_column][vc_column width=&#8220;2\/3&#8243;][vc_column_text css=&#8220;&#8220;] Cerky Studio perfektioniert Ihren Sound Das Studio ist nur 10 Minuten von Mulhouse (Elsass) entfernt, bietet Cerky Studio einen professionellen Mastering-Service in einem 100 m\u00b2 gro\u00dfen Wohnstudio. Der 22 m\u00b2 gro\u00dfe Kontrollraum, ausgelegt f\u00fcr ultra-pr\u00e4zises H\u00f6ren, ist mit hochwertigem Equipment ausgestattet, das eine optimale Audiobearbeitung erm\u00f6glicht und analoge sowie digitale [&hellip;]<\/p>\n","protected":false},"author":2,"featured_media":0,"parent":3783,"menu_order":22,"comment_status":"closed","ping_status":"closed","template":"","meta":{"footnotes":""},"class_list":["post-3789","page","type-page","status-publish","hentry"],"yoast_head":"<!-- This site is optimized with the Yoast SEO plugin v26.1.1 - https:\/\/yoast.com\/wordpress\/plugins\/seo\/ -->\n<title>Professionelles Online Mastering Studio, Musik Mastering Online<\/title>\n<meta name=\"description\" content=\"Professionelles Mastering-Studio in Mulhouse oder aus der Ferne. Cerky Studio veredelt Ihre Tracks mit Pr\u00e4zision, Durchsetzungskraft und einem Klangbild, das den aktuellen Standards entspricht.\" \/>\n<meta name=\"robots\" content=\"index, follow, max-snippet:-1, max-image-preview:large, max-video-preview:-1\" \/>\n<link rel=\"canonical\" href=\"https:\/\/www.cerky-studio.com\/de\/mastering\/dienstleistung\/\" \/>\n<meta property=\"og:locale\" content=\"de_DE\" \/>\n<meta property=\"og:type\" content=\"article\" \/>\n<meta property=\"og:title\" content=\"Professionelles Online Mastering Studio, Musik Mastering Online\" \/>\n<meta property=\"og:description\" content=\"Professionelles Mastering-Studio in Mulhouse oder aus der Ferne. Cerky Studio veredelt Ihre Tracks mit Pr\u00e4zision, Durchsetzungskraft und einem Klangbild, das den aktuellen Standards entspricht.\" \/>\n<meta property=\"og:url\" content=\"https:\/\/www.cerky-studio.com\/de\/mastering\/dienstleistung\/\" \/>\n<meta property=\"og:site_name\" content=\"Cerky Studio\" \/>\n<meta property=\"article:publisher\" content=\"https:\/\/www.facebook.com\/DjCerk\" \/>\n<meta property=\"article:modified_time\" content=\"2026-05-07T08:20:00+00:00\" \/>\n<meta name=\"twitter:card\" content=\"summary_large_image\" \/>\n<meta name=\"twitter:site\" content=\"@DJ_CERK\" \/>\n<meta name=\"twitter:label1\" content=\"Gesch\u00e4tzte Lesezeit\" \/>\n\t<meta name=\"twitter:data1\" content=\"3\u00a0Minuten\" \/>\n<script type=\"application\/ld+json\" class=\"yoast-schema-graph\">{\"@context\":\"https:\/\/schema.org\",\"@graph\":[{\"@type\":\"WebPage\",\"@id\":\"https:\/\/www.cerky-studio.com\/de\/mastering\/dienstleistung\/\",\"url\":\"https:\/\/www.cerky-studio.com\/de\/mastering\/dienstleistung\/\",\"name\":\"Professionelles Online Mastering Studio, Musik Mastering Online\",\"isPartOf\":{\"@id\":\"https:\/\/www.cerky-studio.com\/de\/#website\"},\"datePublished\":\"2025-08-09T09:30:18+00:00\",\"dateModified\":\"2026-05-07T08:20:00+00:00\",\"description\":\"Professionelles Mastering-Studio in Mulhouse oder aus der Ferne. Cerky Studio veredelt Ihre Tracks mit Pr\u00e4zision, Durchsetzungskraft und einem Klangbild, das den aktuellen Standards entspricht.\",\"breadcrumb\":{\"@id\":\"https:\/\/www.cerky-studio.com\/de\/mastering\/dienstleistung\/#breadcrumb\"},\"inLanguage\":\"de\",\"potentialAction\":[{\"@type\":\"ReadAction\",\"target\":[\"https:\/\/www.cerky-studio.com\/de\/mastering\/dienstleistung\/\"]}]},{\"@type\":\"BreadcrumbList\",\"@id\":\"https:\/\/www.cerky-studio.com\/de\/mastering\/dienstleistung\/#breadcrumb\",\"itemListElement\":[{\"@type\":\"ListItem\",\"position\":1,\"name\":\"Accueil\",\"item\":\"https:\/\/www.cerky-studio.com\/de\/\"},{\"@type\":\"ListItem\",\"position\":2,\"name\":\"Mastering\",\"item\":\"https:\/\/www.cerky-studio.com\/de\/mastering\/\"},{\"@type\":\"ListItem\",\"position\":3,\"name\":\"Mastering Dienstleistung\"}]},{\"@type\":\"WebSite\",\"@id\":\"https:\/\/www.cerky-studio.com\/de\/#website\",\"url\":\"https:\/\/www.cerky-studio.com\/de\/\",\"name\":\"Cerky Studio\",\"description\":\"Studio de mixage et mastering \u00e0 Mulhouse et en ligne\",\"publisher\":{\"@id\":\"https:\/\/www.cerky-studio.com\/de\/#organization\"},\"potentialAction\":[{\"@type\":\"SearchAction\",\"target\":{\"@type\":\"EntryPoint\",\"urlTemplate\":\"https:\/\/www.cerky-studio.com\/de\/?s={search_term_string}\"},\"query-input\":{\"@type\":\"PropertyValueSpecification\",\"valueRequired\":true,\"valueName\":\"search_term_string\"}}],\"inLanguage\":\"de\"},{\"@type\":\"Organization\",\"@id\":\"https:\/\/www.cerky-studio.com\/de\/#organization\",\"name\":\"Cerky Studio\",\"url\":\"https:\/\/www.cerky-studio.com\/de\/\",\"logo\":{\"@type\":\"ImageObject\",\"inLanguage\":\"de\",\"@id\":\"https:\/\/www.cerky-studio.com\/de\/#\/schema\/logo\/image\/\",\"url\":\"https:\/\/www.cerky-studio.com\/wp-cerky\/uploads\/2018\/11\/cerky-studio-logo-noir-big.png\",\"contentUrl\":\"https:\/\/www.cerky-studio.com\/wp-cerky\/uploads\/2018\/11\/cerky-studio-logo-noir-big.png\",\"width\":912,\"height\":787,\"caption\":\"Cerky Studio\"},\"image\":{\"@id\":\"https:\/\/www.cerky-studio.com\/de\/#\/schema\/logo\/image\/\"},\"sameAs\":[\"https:\/\/www.facebook.com\/DjCerk\",\"https:\/\/x.com\/DJ_CERK\",\"https:\/\/www.instagram.com\/dj.cerk\/\",\"https:\/\/www.youtube.com\/djcerk07\"]}]}<\/script>\n<!-- \/ Yoast SEO plugin. -->","yoast_head_json":{"title":"Professionelles Online Mastering Studio, Musik Mastering Online","description":"Professionelles Mastering-Studio in Mulhouse oder aus der Ferne. Cerky Studio veredelt Ihre Tracks mit Pr\u00e4zision, Durchsetzungskraft und einem Klangbild, das den aktuellen Standards entspricht.","robots":{"index":"index","follow":"follow","max-snippet":"max-snippet:-1","max-image-preview":"max-image-preview:large","max-video-preview":"max-video-preview:-1"},"canonical":"https:\/\/www.cerky-studio.com\/de\/mastering\/dienstleistung\/","og_locale":"de_DE","og_type":"article","og_title":"Professionelles Online Mastering Studio, Musik Mastering Online","og_description":"Professionelles Mastering-Studio in Mulhouse oder aus der Ferne. Cerky Studio veredelt Ihre Tracks mit Pr\u00e4zision, Durchsetzungskraft und einem Klangbild, das den aktuellen Standards entspricht.","og_url":"https:\/\/www.cerky-studio.com\/de\/mastering\/dienstleistung\/","og_site_name":"Cerky Studio","article_publisher":"https:\/\/www.facebook.com\/DjCerk","article_modified_time":"2026-05-07T08:20:00+00:00","twitter_card":"summary_large_image","twitter_site":"@DJ_CERK","twitter_misc":{"Gesch\u00e4tzte Lesezeit":"3\u00a0Minuten"},"schema":{"@context":"https:\/\/schema.org","@graph":[{"@type":"WebPage","@id":"https:\/\/www.cerky-studio.com\/de\/mastering\/dienstleistung\/","url":"https:\/\/www.cerky-studio.com\/de\/mastering\/dienstleistung\/","name":"Professionelles Online Mastering Studio, Musik Mastering Online","isPartOf":{"@id":"https:\/\/www.cerky-studio.com\/de\/#website"},"datePublished":"2025-08-09T09:30:18+00:00","dateModified":"2026-05-07T08:20:00+00:00","description":"Professionelles Mastering-Studio in Mulhouse oder aus der Ferne. Cerky Studio veredelt Ihre Tracks mit Pr\u00e4zision, Durchsetzungskraft und einem Klangbild, das den aktuellen Standards entspricht.","breadcrumb":{"@id":"https:\/\/www.cerky-studio.com\/de\/mastering\/dienstleistung\/#breadcrumb"},"inLanguage":"de","potentialAction":[{"@type":"ReadAction","target":["https:\/\/www.cerky-studio.com\/de\/mastering\/dienstleistung\/"]}]},{"@type":"BreadcrumbList","@id":"https:\/\/www.cerky-studio.com\/de\/mastering\/dienstleistung\/#breadcrumb","itemListElement":[{"@type":"ListItem","position":1,"name":"Accueil","item":"https:\/\/www.cerky-studio.com\/de\/"},{"@type":"ListItem","position":2,"name":"Mastering","item":"https:\/\/www.cerky-studio.com\/de\/mastering\/"},{"@type":"ListItem","position":3,"name":"Mastering Dienstleistung"}]},{"@type":"WebSite","@id":"https:\/\/www.cerky-studio.com\/de\/#website","url":"https:\/\/www.cerky-studio.com\/de\/","name":"Cerky Studio","description":"Studio de mixage et mastering \u00e0 Mulhouse et en ligne","publisher":{"@id":"https:\/\/www.cerky-studio.com\/de\/#organization"},"potentialAction":[{"@type":"SearchAction","target":{"@type":"EntryPoint","urlTemplate":"https:\/\/www.cerky-studio.com\/de\/?s={search_term_string}"},"query-input":{"@type":"PropertyValueSpecification","valueRequired":true,"valueName":"search_term_string"}}],"inLanguage":"de"},{"@type":"Organization","@id":"https:\/\/www.cerky-studio.com\/de\/#organization","name":"Cerky Studio","url":"https:\/\/www.cerky-studio.com\/de\/","logo":{"@type":"ImageObject","inLanguage":"de","@id":"https:\/\/www.cerky-studio.com\/de\/#\/schema\/logo\/image\/","url":"https:\/\/www.cerky-studio.com\/wp-cerky\/uploads\/2018\/11\/cerky-studio-logo-noir-big.png","contentUrl":"https:\/\/www.cerky-studio.com\/wp-cerky\/uploads\/2018\/11\/cerky-studio-logo-noir-big.png","width":912,"height":787,"caption":"Cerky Studio"},"image":{"@id":"https:\/\/www.cerky-studio.com\/de\/#\/schema\/logo\/image\/"},"sameAs":["https:\/\/www.facebook.com\/DjCerk","https:\/\/x.com\/DJ_CERK","https:\/\/www.instagram.com\/dj.cerk\/","https:\/\/www.youtube.com\/djcerk07"]}]}},"_links":{"self":[{"href":"https:\/\/www.cerky-studio.com\/de\/wp-json\/wp\/v2\/pages\/3789","targetHints":{"allow":["GET"]}}],"collection":[{"href":"https:\/\/www.cerky-studio.com\/de\/wp-json\/wp\/v2\/pages"}],"about":[{"href":"https:\/\/www.cerky-studio.com\/de\/wp-json\/wp\/v2\/types\/page"}],"author":[{"embeddable":true,"href":"https:\/\/www.cerky-studio.com\/de\/wp-json\/wp\/v2\/users\/2"}],"replies":[{"embeddable":true,"href":"https:\/\/www.cerky-studio.com\/de\/wp-json\/wp\/v2\/comments?post=3789"}],"version-history":[{"count":7,"href":"https:\/\/www.cerky-studio.com\/de\/wp-json\/wp\/v2\/pages\/3789\/revisions"}],"predecessor-version":[{"id":4942,"href":"https:\/\/www.cerky-studio.com\/de\/wp-json\/wp\/v2\/pages\/3789\/revisions\/4942"}],"up":[{"embeddable":true,"href":"https:\/\/www.cerky-studio.com\/de\/wp-json\/wp\/v2\/pages\/3783"}],"wp:attachment":[{"href":"https:\/\/www.cerky-studio.com\/de\/wp-json\/wp\/v2\/media?parent=3789"}],"curies":[{"name":"wp","href":"https:\/\/api.w.org\/{rel}","templated":true}]}}