{"id":3794,"date":"2025-08-09T14:19:24","date_gmt":"2025-08-09T12:19:24","guid":{"rendered":"https:\/\/www.cerky-studio.com\/mastering\/definition\/"},"modified":"2026-05-07T10:17:08","modified_gmt":"2026-05-07T08:17:08","slug":"definition","status":"publish","type":"page","link":"https:\/\/www.cerky-studio.com\/de\/mastering\/definition\/","title":{"rendered":"Was ist Mastering ?"},"content":{"rendered":"<div class=\"wpb-content-wrapper\"><p>[vc_row][vc_column width=&#8220;1\/6&#8243;][\/vc_column][vc_column width=&#8220;2\/3&#8243;][vc_column_text css=&#8220;&#8220;]<\/p>\n<h2>Warum einen Song oder ein Projekt mastern?<\/h2>\n<p>Wenn der <a href=\"https:\/\/www.cerky-studio.com\/de\/mixing\/definition\/\"><strong>Mix<\/strong><\/a> abgeschlossen ist, ist der Song noch nicht f\u00fcr <strong>eine professionelle Ver\u00f6ffentlichung bereit<\/strong>. Er muss den Mastering-Schritt durchlaufen \u2013 eine unverzichtbare Phase, damit er auf Streaming-Plattformen <strong>ver\u00f6ffentlicht<\/strong>, auf physischen Medien (CD, Vinyl) gepresst und <strong>auf jedem Audiosystem komfortabel geh\u00f6rt werden kann<\/strong>, sei es in Kopfh\u00f6rern, im Auto oder auf einer Stereoanlage.<\/p>\n<p><strong>Mastering besteht darin, eine Reihe subtiler, aber entscheidender Bearbeitungen anzuwenden<\/strong>: Anpassung der Gesamtdynamik, Frequenzbalance (Tonbalancierung), Stereokoh\u00e4renz, Phasenkontrolle und Festlegung der Endlautst\u00e4rke (LUFS) nach aktuellen Codes und Genre-Standards. Dieser Schritt verleiht dem Song <strong>die letzte \u201eFinish-Schicht\u201c, um mit den Standards der Musikindustrie konkurrieren zu k\u00f6nnen<\/strong>.[\/vc_column_text][\/vc_column][vc_column width=&#8220;1\/6&#8243;][\/vc_column][\/vc_row][vc_row][vc_column width=&#8220;1\/6&#8243;][\/vc_column][vc_column width=&#8220;2\/3&#8243;][vc_single_image image=&#8220;3489&#8243; img_size=&#8220;Large&#8220; alignment=&#8220;center&#8220; onclick=&#8220;link_image&#8220; css=&#8220;&#8220;][\/vc_column][vc_column width=&#8220;1\/6&#8243;][\/vc_column][\/vc_row][vc_row][vc_column width=&#8220;1\/6&#8243;][\/vc_column][vc_column width=&#8220;2\/3&#8243;][vc_column_text css=&#8220;&#8220;]<strong>Bei einem Album oder EP<\/strong> sorgt das Mastering f\u00fcr Homogenit\u00e4t zwischen allen Tracks, gew\u00e4hrleistet eine lineare Lautst\u00e4rke und ein konsistentes Klangbild, sodass <strong>der H\u00f6rer ein fl\u00fcssiges und angenehmes Erlebnis hat<\/strong>, ohne st\u00e4ndig die Lautst\u00e4rke anpassen zu m\u00fcssen.<\/p>\n<p><a href=\"https:\/\/www.cerky-studio.com\/de\/mastering\/dienstleistung\/\"><strong>Mastering<\/strong><\/a> beschr\u00e4nkt sich nicht nur auf reine Technik: Es basiert auch auf psychoakustischen Prinzipien, die ber\u00fccksichtigen, wie unser Ohr Frequenzen, Dynamik und Lautst\u00e4rke wahrnimmt. <strong>Dieser Ansatz optimiert die emotionale Wirkung und Klarheit des Songs<\/strong>, unabh\u00e4ngig vom Abh\u00f6rkontext.<\/p>\n<p>Dar\u00fcber hinaus muss das Mastering <strong>die Kraft und Pr\u00e4senz des Songs sichern<\/strong>. In einer Branche, in der sich die erfolgreichsten Tracks durch ihre klangliche Wirkung auszeichnen, erm\u00f6glicht <strong>eine kontrollierte<\/strong>, <strong>aber hohe Lautst\u00e4rke<\/strong>, die Aufmerksamkeit des H\u00f6rers sofort zu gewinnen.[\/vc_column_text][\/vc_column][vc_column width=&#8220;1\/6&#8243;][\/vc_column][\/vc_row][vc_row][vc_column width=&#8220;1\/6&#8243;][\/vc_column][vc_column width=&#8220;2\/3&#8243;][vc_single_image image=&#8220;3377&#8243; img_size=&#8220;Large&#8220; alignment=&#8220;center&#8220; onclick=&#8220;link_image&#8220; css=&#8220;&#8220;][\/vc_column][vc_column width=&#8220;1\/6&#8243;][\/vc_column][\/vc_row][vc_row][vc_column width=&#8220;1\/6&#8243;][\/vc_column][vc_column width=&#8220;2\/3&#8243;][vc_column_text css=&#8220;&#8220;]Das Ziel ist nicht, die Dynamik unn\u00f6tig zu komprimieren, sondern das perfekte Gleichgewicht zwischen Kraft, Klarheit und Emotion zu finden. <strong>Ein starker, pr\u00e4ziser und durchsetzungsf\u00e4higer Master verleiht der Musik Tiefe und macht sie konkurrenzf\u00e4hig<\/strong> \u2013 egal ob im Streaming, Radio oder Club.<\/p>\n<p><strong>F\u00fcr physische Medien wie CD oder Vinyl<\/strong> werden zudem spezifische Bearbeitungen vorgenommen, um den Master an die Anforderungen dieser Formate anzupassen, w\u00e4hrend die klangliche Identit\u00e4t des Projekts erhalten bleibt.<\/p>\n<p>Bei Cerky Studio wird das Mastering in <b>Pro Tools<\/b> oder <b>Ableton<\/b> durchgef\u00fchrt, unter Verwendung hochwertiger analoger und digitaler Tools, um ein pr\u00e4zises, kraftvolles Ergebnis zu erzielen, das der k\u00fcnstlerischen Absicht des Projekts treu bleibt.[\/vc_column_text][vc_column_text css=&#8220;&#8220;]<strong>Lesen Sie auch<\/strong> : <a href=\"https:\/\/www.cerky-studio.com\/de\/mastering\/faq\/\">H\u00e4ufig gestellte Fragen zum Mastering<\/a>[\/vc_column_text][\/vc_column][vc_column width=&#8220;1\/6&#8243;][\/vc_column][\/vc_row][vc_row][vc_column][vc_empty_space][\/vc_column][\/vc_row][vc_row][vc_column width=&#8220;1\/6&#8243;][\/vc_column][vc_column width=&#8220;2\/3&#8243;][vc_column_text css=&#8220;&#8220;]<\/p>\n<h3>Was ist ein gutes Mastering?<\/h3>\n<p>Mastering ist <strong>der letzte Schritt<\/strong>, der einem Werk <strong>ein professionelles Finish verleiht<\/strong>, <strong>das mit den Standards der Industrie mithalten kann<\/strong> und auf allen Medien und Plattformen ver\u00f6ffentlicht werden kann. Wie beim <a href=\"https:\/\/www.cerky-studio.com\/de\/mixing\/\"><strong>Mix<\/strong><\/a> h\u00e4ngt die Qualit\u00e4t des Masterings <strong>stark von der Arbeit in den vorherigen Phasen<\/strong> \u2013 Kreation, Arrangement und Mix \u2013 ab. <strong>Ein Mastering verwandelt keinen<\/strong> schlecht produzierten Song in einen professionellen Hit; es veredelt und vollendet das, was sorgf\u00e4ltig aufgebaut wurde. Je weniger Korrekturen im Master n\u00f6tig sind, desto besser wurde die vorherige Arbeit ausgef\u00fchrt.[\/vc_column_text][\/vc_column][vc_column width=&#8220;1\/6&#8243;][\/vc_column][\/vc_row][vc_row][vc_column][vc_empty_space][\/vc_column][\/vc_row][vc_row][vc_column width=&#8220;1\/6&#8243;][\/vc_column][vc_column width=&#8220;2\/3&#8243;][vc_column_text css=&#8220;&#8220;]<\/p>\n<h3>Zielsetzung des Masterings<\/h3>\n<p>Die Aufgabe des Masterings besteht darin, <strong>die k\u00fcnstlerische Absicht eines Songs zu verst\u00e4rken<\/strong>, seine Pers\u00f6nlichkeit durch subtile und pr\u00e4zise Bearbeitungen <strong>zu verfeinern<\/strong> (Tonbalancierung, Dynamikanpassung, Phasenkontrolle, Lautheitsoptimierung), <strong>um ein kraftvolles, klares und standardgerechtes Endergebnis zu erzielen<\/strong>.<\/p>\n<p>Es gibt auch spezielle Techniken wie <strong>Mastering nach Stems<\/strong> (Instrumentengruppen), die es erm\u00f6glichen, gezielt <strong>auf verschiedene Abschnitte eines Mixes einzugreifen<\/strong>. Dieser Ansatz dient jedoch dazu, <strong>zu verfeinern und nicht zu reparieren<\/strong>.<\/p>\n<p>Zusammenfassend gilt: Je ausgereifter der Mix, desto besser kann das Mastering die gesamte <strong>Qualit\u00e4t und F\u00fclle des Songs hervorheben<\/strong>.[\/vc_column_text][vc_column_text css=&#8220;&#8220;]<strong>Lesen Sie auch<\/strong> : Mastering nach musikalischen Stilen<a href=\"https:\/\/www.cerky-studio.com\/de\/mastering\/musikgenres\/\">Mastering Nach Musikgenres<\/a>[\/vc_column_text][\/vc_column][vc_column width=&#8220;1\/6&#8243;][\/vc_column][\/vc_row][vc_row][vc_column width=&#8220;1\/6&#8243;][\/vc_column][vc_column width=&#8220;2\/3&#8243;][vc_column_text css=&#8220;&#8220;]<\/p>\n<blockquote><p><em><b>Ein gutes Mastering schafft keinen guten Song, aber es verwandelt einen guten Song in ein Werk, das den H\u00f6rer beeindruckt.<\/b><\/em><\/p><\/blockquote>\n<p>[\/vc_column_text][\/vc_column][vc_column width=&#8220;1\/6&#8243;][\/vc_column][\/vc_row][vc_row][vc_column][vc_empty_space][\/vc_column][\/vc_row][vc_row][vc_column][vc_separator css=&#8220;&#8220;][\/vc_column][\/vc_row][vc_row][vc_column][vc_empty_space][\/vc_column][\/vc_row][vc_row][vc_column][vc_column_text css=&#8220;&#8220;]<\/p>\n<h2 style=\"text-align: center;\">Wie bereite ich meinen Song f\u00fcr das Mastering vor?<\/h2>\n<p>[\/vc_column_text][\/vc_column][\/vc_row][vc_row][vc_column][vc_empty_space][\/vc_column][\/vc_row][vc_row][vc_column width=&#8220;1\/6&#8243;][\/vc_column][vc_column width=&#8220;2\/3&#8243;][vc_column_text css=&#8220;&#8220;]<\/p>\n<h3>Vision und Erwartungen f\u00fcr ein optimales Mastering kl\u00e4ren<\/h3>\n<p>Wie beim Mix kann ein Austausch mit dem Toningenieur hilfreich sein:<\/p>\n<ul>\n<li>Vorab <strong>eine Anh\u00f6rung des Songs<\/strong> planen und ggf. eine Videokonferenz vereinbaren, um Erwartungen und Feedback zu besprechen.<\/li>\n<li>Entscheiden, welche Vorgehensweise den bestm\u00f6glichen Effekt erzielt (Mastering auf Stereo-Summe, nach Stems, ggf. \u00c4nderungen am Mix).<\/li>\n<\/ul>\n<p>&nbsp;<\/p>\n<p><!--more-->[\/vc_column_text][\/vc_column][vc_column width=&#8220;1\/6&#8243;][\/vc_column][\/vc_row][vc_row][vc_column width=&#8220;1\/6&#8243;][\/vc_column][vc_column width=&#8220;2\/3&#8243;][vc_column_text css=&#8220;&#8220;]<\/p>\n<h3>Mix f\u00fcr den Export vorbereiten und organisieren<\/h3>\n<ol>\n<li><strong>\u00dcberm\u00e4\u00dfige Limitierung oder Kompression<\/strong> auf dem Masterbus <strong>vermeiden<\/strong> (au\u00dfer gew\u00fcnschte Effekte). Das Mastering ben\u00f6tigt ggf. Headroom f\u00fcr die Dynamik.<\/li>\n<li><strong>Gew\u00fcnschte kreative Effekte<\/strong> (leichte Saturation, globale Reverb\u2026) beibehalten, falls sie Teil der Klangabsicht sind.<\/li>\n<li>Export im <b>WAV<\/b>&#8211; oder <b>AIFF<\/b>-Format, unkomprimiert, in 24 Bit (<strong>oder 32 Bit Float, falls m\u00f6glich<\/strong>), Frequenz wie im Originalprojekt (44,1 kHz, 48 kHz oder h\u00f6her).<\/li>\n<li><strong>Den Mix (Rough Mix) beilegen<\/strong>, um die Gesamtvision zu vermitteln.<\/li>\n<li>Professionelle <strong>Referenztracks bereitstellen<\/strong>, die den gew\u00fcnschten Sound inspirieren.<\/li>\n<li>Bei Alben oder EPs <strong>alle Titel im gleichen Exportzustand bereitstellen<\/strong>, um Koh\u00e4renz zu gew\u00e4hrleisten.<\/li>\n<li>Den endg\u00fcltigen Projektnamen, <strong>die Tracknamen und den K\u00fcnstler angeben<\/strong>, um Fehler bei der Erstellung der finalen Dateien zu vermeiden.<\/li>\n<li><strong>Spezielle Versionen zum Mastern angeben<\/strong> (Radio Edit, Instrumental etc.).<\/li>\n<\/ol>\n<p>[\/vc_column_text][vc_column_text css=&#8220;&#8220;]<strong>Lesen Sie auch <\/strong>: <a href=\"https:\/\/www.cerky-studio.com\/de\/mastering\/dienstleistung\/\">Mastering bei Cerky Studio<\/a>[\/vc_column_text][\/vc_column][vc_column width=&#8220;1\/6&#8243;][\/vc_column][\/vc_row][vc_row][vc_column][vc_empty_space][\/vc_column][\/vc_row][vc_row][vc_column][vc_column_text css=&#8220;&#8220;]<\/p>\n<p style=\"text-align: center;\"><strong>Bei weiteren Fragen zum Mastering lesen Sie bitte die FAQ Mastering oder wenden Sie sich an Cerky Studio<\/strong><\/p>\n<p>[\/vc_column_text][\/vc_column][\/vc_row][vc_row title=&#8220;Je contacte Cerky Studio&#8220; style=&#8220;flat&#8220; gradient_color_1=&#8220;turquoise&#8220; gradient_color_2=&#8220;vista-blue&#8220; gradient_custom_color_1=&#8220;#dd3333&#8243; gradient_custom_color_2=&#8220;#eeee22&#8243; gradient_text_color=&#8220;#ffffff&#8220; custom_background=&#8220;#ededed&#8220; custom_text=&#8220;#666&#8243; outline_custom_color=&#8220;#666&#8243; outline_custom_hover_background=&#8220;#666&#8243; outline_custom_hover_text=&#8220;#fff&#8220; shape=&#8220;rounded&#8220; color=&#8220;danger&#8220; size=&#8220;lg&#8220; align=&#8220;center&#8220; button_block=&#8220;&#8220; add_icon=&#8220;&#8220; i_align=&#8220;left&#8220; i_type=&#8220;fontawesome&#8220; i_icon_fontawesome=&#8220;fas fa-adjust&#8220; i_icon_openiconic=&#8220;vc-oi vc-oi-dial&#8220; i_icon_typicons=&#8220;typcn typcn-adjust-brightness&#8220; i_icon_entypo=&#8220;entypo-icon entypo-icon-note&#8220; i_icon_linecons=&#8220;vc_li vc_li-heart&#8220; i_icon_monosocial=&#8220;vc-mono vc-mono-fivehundredpx&#8220; i_icon_material=&#8220;vc-material vc-material-cake&#8220; i_icon_pixelicons=&#8220;vc_pixel_icon vc_pixel_icon-alert&#8220; custom_onclick=&#8220;&#8220; link=&#8220;url:https%3A%2F%2Fwww.cerky-studio.com%2Fcontact%2F|||&#8220; custom_onclick_code=&#8220;&#8220;][vc_column][vc_btn title=&#8220;Cerky Studio kontaktieren&#8220; style=&#8220;flat&#8220; color=&#8220;danger&#8220; size=&#8220;lg&#8220; align=&#8220;center&#8220; css=&#8220;&#8220; link=&#8220;url:https%3A%2F%2Fwww.cerky-studio.com%2Fde%2Fkontakt%2F&#8220;][\/vc_column][\/vc_row]<\/p>\n<\/div>","protected":false},"excerpt":{"rendered":"<p>[vc_row][vc_column width=&#8220;1\/6&#8243;][\/vc_column][vc_column width=&#8220;2\/3&#8243;][vc_column_text css=&#8220;&#8220;] Warum einen Song oder ein Projekt mastern? Wenn der Mix abgeschlossen ist, ist der Song noch nicht f\u00fcr eine professionelle Ver\u00f6ffentlichung bereit. Er muss den Mastering-Schritt durchlaufen \u2013 eine unverzichtbare Phase, damit er auf Streaming-Plattformen ver\u00f6ffentlicht, auf physischen Medien (CD, Vinyl) gepresst und auf jedem Audiosystem komfortabel geh\u00f6rt werden kann, sei [&hellip;]<\/p>\n","protected":false},"author":2,"featured_media":0,"parent":3783,"menu_order":21,"comment_status":"closed","ping_status":"closed","template":"","meta":{"footnotes":""},"class_list":["post-3794","page","type-page","status-publish","hentry"],"yoast_head":"<!-- This site is optimized with the Yoast SEO plugin v26.1.1 - https:\/\/yoast.com\/wordpress\/plugins\/seo\/ -->\n<title>Was ist Mastering ? Wie kann ich meine Musik mastern ?<\/title>\n<meta name=\"description\" content=\"Entdecken Sie das Audio-Mastering: der letzte Schritt, der Ihre Mixes veredelt, Dynamik, Stereo und Loudness ausgleicht und ein professionelles Ergebnis liefert \u2013 bereit f\u00fcr die Ver\u00f6ffentlichung auf allen Plattformen und Medien.\" \/>\n<meta name=\"robots\" content=\"index, follow, max-snippet:-1, max-image-preview:large, max-video-preview:-1\" \/>\n<link rel=\"canonical\" href=\"https:\/\/www.cerky-studio.com\/de\/mastering\/definition\/\" \/>\n<meta property=\"og:locale\" content=\"de_DE\" \/>\n<meta property=\"og:type\" content=\"article\" \/>\n<meta property=\"og:title\" content=\"Was ist Mastering ? Wie kann ich meine Musik mastern ?\" \/>\n<meta property=\"og:description\" content=\"Entdecken Sie das Audio-Mastering: der letzte Schritt, der Ihre Mixes veredelt, Dynamik, Stereo und Loudness ausgleicht und ein professionelles Ergebnis liefert \u2013 bereit f\u00fcr die Ver\u00f6ffentlichung auf allen Plattformen und Medien.\" \/>\n<meta property=\"og:url\" content=\"https:\/\/www.cerky-studio.com\/de\/mastering\/definition\/\" \/>\n<meta property=\"og:site_name\" content=\"Cerky Studio\" \/>\n<meta property=\"article:publisher\" content=\"https:\/\/www.facebook.com\/DjCerk\" \/>\n<meta property=\"article:modified_time\" content=\"2026-05-07T08:17:08+00:00\" \/>\n<meta name=\"twitter:card\" content=\"summary_large_image\" \/>\n<meta name=\"twitter:site\" content=\"@DJ_CERK\" \/>\n<meta name=\"twitter:label1\" content=\"Gesch\u00e4tzte Lesezeit\" \/>\n\t<meta name=\"twitter:data1\" content=\"5\u00a0Minuten\" \/>\n<script type=\"application\/ld+json\" class=\"yoast-schema-graph\">{\"@context\":\"https:\/\/schema.org\",\"@graph\":[{\"@type\":\"WebPage\",\"@id\":\"https:\/\/www.cerky-studio.com\/de\/mastering\/definition\/\",\"url\":\"https:\/\/www.cerky-studio.com\/de\/mastering\/definition\/\",\"name\":\"Was ist Mastering ? Wie kann ich meine Musik mastern ?\",\"isPartOf\":{\"@id\":\"https:\/\/www.cerky-studio.com\/de\/#website\"},\"datePublished\":\"2025-08-09T12:19:24+00:00\",\"dateModified\":\"2026-05-07T08:17:08+00:00\",\"description\":\"Entdecken Sie das Audio-Mastering: der letzte Schritt, der Ihre Mixes veredelt, Dynamik, Stereo und Loudness ausgleicht und ein professionelles Ergebnis liefert \u2013 bereit f\u00fcr die Ver\u00f6ffentlichung auf allen Plattformen und Medien.\",\"breadcrumb\":{\"@id\":\"https:\/\/www.cerky-studio.com\/de\/mastering\/definition\/#breadcrumb\"},\"inLanguage\":\"de\",\"potentialAction\":[{\"@type\":\"ReadAction\",\"target\":[\"https:\/\/www.cerky-studio.com\/de\/mastering\/definition\/\"]}]},{\"@type\":\"BreadcrumbList\",\"@id\":\"https:\/\/www.cerky-studio.com\/de\/mastering\/definition\/#breadcrumb\",\"itemListElement\":[{\"@type\":\"ListItem\",\"position\":1,\"name\":\"Accueil\",\"item\":\"https:\/\/www.cerky-studio.com\/de\/\"},{\"@type\":\"ListItem\",\"position\":2,\"name\":\"Mastering\",\"item\":\"https:\/\/www.cerky-studio.com\/de\/mastering\/\"},{\"@type\":\"ListItem\",\"position\":3,\"name\":\"Was ist Mastering ?\"}]},{\"@type\":\"WebSite\",\"@id\":\"https:\/\/www.cerky-studio.com\/de\/#website\",\"url\":\"https:\/\/www.cerky-studio.com\/de\/\",\"name\":\"Cerky Studio\",\"description\":\"Studio de mixage et mastering \u00e0 Mulhouse et en ligne\",\"publisher\":{\"@id\":\"https:\/\/www.cerky-studio.com\/de\/#organization\"},\"potentialAction\":[{\"@type\":\"SearchAction\",\"target\":{\"@type\":\"EntryPoint\",\"urlTemplate\":\"https:\/\/www.cerky-studio.com\/de\/?s={search_term_string}\"},\"query-input\":{\"@type\":\"PropertyValueSpecification\",\"valueRequired\":true,\"valueName\":\"search_term_string\"}}],\"inLanguage\":\"de\"},{\"@type\":\"Organization\",\"@id\":\"https:\/\/www.cerky-studio.com\/de\/#organization\",\"name\":\"Cerky Studio\",\"url\":\"https:\/\/www.cerky-studio.com\/de\/\",\"logo\":{\"@type\":\"ImageObject\",\"inLanguage\":\"de\",\"@id\":\"https:\/\/www.cerky-studio.com\/de\/#\/schema\/logo\/image\/\",\"url\":\"https:\/\/www.cerky-studio.com\/wp-cerky\/uploads\/2018\/11\/cerky-studio-logo-noir-big.png\",\"contentUrl\":\"https:\/\/www.cerky-studio.com\/wp-cerky\/uploads\/2018\/11\/cerky-studio-logo-noir-big.png\",\"width\":912,\"height\":787,\"caption\":\"Cerky Studio\"},\"image\":{\"@id\":\"https:\/\/www.cerky-studio.com\/de\/#\/schema\/logo\/image\/\"},\"sameAs\":[\"https:\/\/www.facebook.com\/DjCerk\",\"https:\/\/x.com\/DJ_CERK\",\"https:\/\/www.instagram.com\/dj.cerk\/\",\"https:\/\/www.youtube.com\/djcerk07\"]}]}<\/script>\n<!-- \/ Yoast SEO plugin. -->","yoast_head_json":{"title":"Was ist Mastering ? Wie kann ich meine Musik mastern ?","description":"Entdecken Sie das Audio-Mastering: der letzte Schritt, der Ihre Mixes veredelt, Dynamik, Stereo und Loudness ausgleicht und ein professionelles Ergebnis liefert \u2013 bereit f\u00fcr die Ver\u00f6ffentlichung auf allen Plattformen und Medien.","robots":{"index":"index","follow":"follow","max-snippet":"max-snippet:-1","max-image-preview":"max-image-preview:large","max-video-preview":"max-video-preview:-1"},"canonical":"https:\/\/www.cerky-studio.com\/de\/mastering\/definition\/","og_locale":"de_DE","og_type":"article","og_title":"Was ist Mastering ? Wie kann ich meine Musik mastern ?","og_description":"Entdecken Sie das Audio-Mastering: der letzte Schritt, der Ihre Mixes veredelt, Dynamik, Stereo und Loudness ausgleicht und ein professionelles Ergebnis liefert \u2013 bereit f\u00fcr die Ver\u00f6ffentlichung auf allen Plattformen und Medien.","og_url":"https:\/\/www.cerky-studio.com\/de\/mastering\/definition\/","og_site_name":"Cerky Studio","article_publisher":"https:\/\/www.facebook.com\/DjCerk","article_modified_time":"2026-05-07T08:17:08+00:00","twitter_card":"summary_large_image","twitter_site":"@DJ_CERK","twitter_misc":{"Gesch\u00e4tzte Lesezeit":"5\u00a0Minuten"},"schema":{"@context":"https:\/\/schema.org","@graph":[{"@type":"WebPage","@id":"https:\/\/www.cerky-studio.com\/de\/mastering\/definition\/","url":"https:\/\/www.cerky-studio.com\/de\/mastering\/definition\/","name":"Was ist Mastering ? Wie kann ich meine Musik mastern ?","isPartOf":{"@id":"https:\/\/www.cerky-studio.com\/de\/#website"},"datePublished":"2025-08-09T12:19:24+00:00","dateModified":"2026-05-07T08:17:08+00:00","description":"Entdecken Sie das Audio-Mastering: der letzte Schritt, der Ihre Mixes veredelt, Dynamik, Stereo und Loudness ausgleicht und ein professionelles Ergebnis liefert \u2013 bereit f\u00fcr die Ver\u00f6ffentlichung auf allen Plattformen und Medien.","breadcrumb":{"@id":"https:\/\/www.cerky-studio.com\/de\/mastering\/definition\/#breadcrumb"},"inLanguage":"de","potentialAction":[{"@type":"ReadAction","target":["https:\/\/www.cerky-studio.com\/de\/mastering\/definition\/"]}]},{"@type":"BreadcrumbList","@id":"https:\/\/www.cerky-studio.com\/de\/mastering\/definition\/#breadcrumb","itemListElement":[{"@type":"ListItem","position":1,"name":"Accueil","item":"https:\/\/www.cerky-studio.com\/de\/"},{"@type":"ListItem","position":2,"name":"Mastering","item":"https:\/\/www.cerky-studio.com\/de\/mastering\/"},{"@type":"ListItem","position":3,"name":"Was ist Mastering ?"}]},{"@type":"WebSite","@id":"https:\/\/www.cerky-studio.com\/de\/#website","url":"https:\/\/www.cerky-studio.com\/de\/","name":"Cerky Studio","description":"Studio de mixage et mastering \u00e0 Mulhouse et en ligne","publisher":{"@id":"https:\/\/www.cerky-studio.com\/de\/#organization"},"potentialAction":[{"@type":"SearchAction","target":{"@type":"EntryPoint","urlTemplate":"https:\/\/www.cerky-studio.com\/de\/?s={search_term_string}"},"query-input":{"@type":"PropertyValueSpecification","valueRequired":true,"valueName":"search_term_string"}}],"inLanguage":"de"},{"@type":"Organization","@id":"https:\/\/www.cerky-studio.com\/de\/#organization","name":"Cerky Studio","url":"https:\/\/www.cerky-studio.com\/de\/","logo":{"@type":"ImageObject","inLanguage":"de","@id":"https:\/\/www.cerky-studio.com\/de\/#\/schema\/logo\/image\/","url":"https:\/\/www.cerky-studio.com\/wp-cerky\/uploads\/2018\/11\/cerky-studio-logo-noir-big.png","contentUrl":"https:\/\/www.cerky-studio.com\/wp-cerky\/uploads\/2018\/11\/cerky-studio-logo-noir-big.png","width":912,"height":787,"caption":"Cerky Studio"},"image":{"@id":"https:\/\/www.cerky-studio.com\/de\/#\/schema\/logo\/image\/"},"sameAs":["https:\/\/www.facebook.com\/DjCerk","https:\/\/x.com\/DJ_CERK","https:\/\/www.instagram.com\/dj.cerk\/","https:\/\/www.youtube.com\/djcerk07"]}]}},"_links":{"self":[{"href":"https:\/\/www.cerky-studio.com\/de\/wp-json\/wp\/v2\/pages\/3794","targetHints":{"allow":["GET"]}}],"collection":[{"href":"https:\/\/www.cerky-studio.com\/de\/wp-json\/wp\/v2\/pages"}],"about":[{"href":"https:\/\/www.cerky-studio.com\/de\/wp-json\/wp\/v2\/types\/page"}],"author":[{"embeddable":true,"href":"https:\/\/www.cerky-studio.com\/de\/wp-json\/wp\/v2\/users\/2"}],"replies":[{"embeddable":true,"href":"https:\/\/www.cerky-studio.com\/de\/wp-json\/wp\/v2\/comments?post=3794"}],"version-history":[{"count":7,"href":"https:\/\/www.cerky-studio.com\/de\/wp-json\/wp\/v2\/pages\/3794\/revisions"}],"predecessor-version":[{"id":4953,"href":"https:\/\/www.cerky-studio.com\/de\/wp-json\/wp\/v2\/pages\/3794\/revisions\/4953"}],"up":[{"embeddable":true,"href":"https:\/\/www.cerky-studio.com\/de\/wp-json\/wp\/v2\/pages\/3783"}],"wp:attachment":[{"href":"https:\/\/www.cerky-studio.com\/de\/wp-json\/wp\/v2\/media?parent=3794"}],"curies":[{"name":"wp","href":"https:\/\/api.w.org\/{rel}","templated":true}]}}