{"id":3805,"date":"2025-08-11T20:31:26","date_gmt":"2025-08-11T18:31:26","guid":{"rendered":"https:\/\/www.cerky-studio.com\/mastering\/genres-musicaux\/"},"modified":"2026-05-07T10:27:57","modified_gmt":"2026-05-07T08:27:57","slug":"musikgenres","status":"publish","type":"page","link":"https:\/\/www.cerky-studio.com\/de\/mastering\/musikgenres\/","title":{"rendered":"Mastering Nach Musikgenres"},"content":{"rendered":"<div class=\"wpb-content-wrapper\"><p>[vc_row][vc_column width=&#8220;1\/6&#8243;][\/vc_column][vc_column width=&#8220;2\/3&#8243;][vc_column_text css=&#8220;&#8220;]<\/p>\n<h2>Soll das Mastering je nach Musikgenre angepasst werden?<\/h2>\n<p>Seit den 2010er Jahren hat sich die sogenannte \u201e<strong>Loudness War<\/strong>\u201c \u2013 der Lautst\u00e4rkekrieg \u2013 <strong>etabliert und normalisiert, mit der Vorstellung, dass lauter gleich besser sei<\/strong>. Dieser Ansatz hat viele K\u00fcnstler und H\u00f6rer dazu gebracht, ein Mastering vor allem nach der wahrgenommenen Lautst\u00e4rke zu beurteilen, oft reduziert auf eine einfache Messung in dB LUFS, die den vom menschlichen Ohr empfundenen Pegel angibt.<\/p>\n<p>Dabei darf eine hohe <strong>Lautst\u00e4rke nicht zulasten der Qualit\u00e4t gehen<\/strong>: Zu aggressive oder schlecht dosierte Bearbeitungen k\u00f6nnen die Dynamik zerst\u00f6ren, die Wirkung mindern und die Klarheit des Tracks beeintr\u00e4chtigen. <strong>Kraft, Weite und \u201ein-your-face\u201c-Pr\u00e4senz entstehen bereits w\u00e4hrend der Produktion<\/strong>, werden im Mixing verst\u00e4rkt <strong>und im Mastering finalisiert<\/strong>.<\/p>\n<p>Dar\u00fcber hinaus <strong>beeinflussen<\/strong> die Codes, die Kultur und die Besonderheiten jedes Musikgenres <strong>subtil<\/strong> das Endergebnis nach diesem Schritt.[\/vc_column_text][vc_column_text css=&#8220;&#8220;]<b>Zu lesen auch:<\/b> Was ist gutes Mastering? | H\u00e4ufige Fragen zum Mastering[\/vc_column_text][vc_empty_space][\/vc_column][vc_column width=&#8220;1\/6&#8243;][\/vc_column][\/vc_row][vc_row][vc_column width=&#8220;1\/2&#8243;][vc_column_text css=&#8220;&#8220;]<\/p>\n<h3>Mastering Pop<\/h3>\n<p>Ein \u201e<strong>Radio-ready<\/strong>\u201c Pop-Titel muss strengen professionellen Standards und hohen industriellen Anforderungen entsprechen. <strong>Die Stimme nimmt im Mix in der Regel eine zentrale Rolle<\/strong> ein und wird durch eine kraftvolle, <strong>wettbewerbsf\u00e4hige Lautst\u00e4rke getragen<\/strong>.[\/vc_column_text][\/vc_column][vc_column width=&#8220;1\/2&#8243;][vc_single_image image=&#8220;3487&#8243; img_size=&#8220;Large&#8220; alignment=&#8220;center&#8220; onclick=&#8220;link_image&#8220; css=&#8220;&#8220;][\/vc_column][\/vc_row][vc_row][vc_column][vc_separator css=&#8220;&#8220;][\/vc_column][\/vc_row][vc_row][vc_column width=&#8220;1\/2&#8243; offset=&#8220;vc_hidden-xs&#8220;][vc_single_image image=&#8220;3377&#8243; img_size=&#8220;Large&#8220; alignment=&#8220;center&#8220; onclick=&#8220;link_image&#8220; css=&#8220;&#8220;][\/vc_column][vc_column width=&#8220;1\/2&#8243;][vc_column_text css=&#8220;&#8220;]<\/p>\n<h3>Mastering Electro<\/h3>\n<p>Ein Electro-Track (Bass Music, EDM\u2026) ist von Natur aus darauf ausgelegt, <strong>von Anfang an extrem laut zu klingen<\/strong>. Diese Intensit\u00e4t verst\u00e4rkt die Emotion und die tanzbare Energie des Tracks, mit dem Ziel, bei der Wiedergabe in Clubs oder auf Festivals seine volle Wirkung zu entfalten, eingebettet in ein Set weiterer Titel. <strong>Diese Power entsteht bereits in der Produktion<\/strong>, durch pr\u00e4zises Sounddesign, einen sorgf\u00e4ltig ausgew\u00e4hlten Kick und gezielte Mixing-Techniken, die die einzigartige Klangidentit\u00e4t dieses Musikstils definieren. <strong>Das Mastering perfektioniert diese Arbeit<\/strong>, indem es die Lautst\u00e4rke subtil verst\u00e4rkt und den Pegel maximal anhebt, <strong>ohne die Qualit\u00e4t zu beeintr\u00e4chtigen<\/strong>.[\/vc_column_text][\/vc_column][vc_column width=&#8220;1\/2&#8243; offset=&#8220;vc_hidden-lg vc_hidden-md vc_hidden-sm&#8220;][vc_single_image image=&#8220;3377&#8243; img_size=&#8220;Large&#8220; alignment=&#8220;center&#8220; onclick=&#8220;link_image&#8220; css=&#8220;&#8220;][\/vc_column][\/vc_row][vc_row][vc_column][vc_separator css=&#8220;&#8220;][\/vc_column][\/vc_row][vc_row][vc_column width=&#8220;1\/2&#8243;][vc_column_text css=&#8220;&#8220;]<\/p>\n<h3>Mastering Rock und Metal<\/h3>\n<p><strong>Rock und Metal sind von Natur aus kraftvolle Stile<\/strong>, getragen von massiven Elementen: verzerrte Gitarren, treibende Drums, oft kraftvolle oder geschrieene Vocals\u2026 Diese Kombination erzeugt <strong>von Beginn an einen dichten, reichen und naturgem\u00e4\u00df lauten Sound<\/strong>, <strong>der bereits vor dem Mastering<\/strong> einen kraftvollen und energiegeladenen Pegel bietet. Das Mastering formt und <strong>verfeinert diese rohe Power<\/strong>, bringt Klarheit, Balance und <strong>maximale Wirkung f\u00fcr die Ver\u00f6ffentlichung<\/strong>.[\/vc_column_text][\/vc_column][vc_column width=&#8220;1\/2&#8243;][vc_single_image image=&#8220;3491&#8243; img_size=&#8220;Large&#8220; alignment=&#8220;center&#8220; onclick=&#8220;link_image&#8220; css=&#8220;&#8220;][\/vc_column][\/vc_row][vc_row][vc_column][vc_separator css=&#8220;&#8220;][\/vc_column][\/vc_row][vc_row][vc_column width=&#8220;1\/2&#8243; offset=&#8220;vc_hidden-xs&#8220;][vc_single_image image=&#8220;3489&#8243; img_size=&#8220;Large&#8220; alignment=&#8220;center&#8220; onclick=&#8220;link_image&#8220; css=&#8220;&#8220;][\/vc_column][vc_column width=&#8220;1\/2&#8243;][vc_column_text css=&#8220;&#8220;]<\/p>\n<h3>Mastering Rap und Hip-Hop<\/h3>\n<p>Rap, eines der meistgeh\u00f6rten und am weitesten verbreiteten Genres, <strong>entwickelt sich st\u00e4ndig weiter und integriert Einfl\u00fcsse anderer Stile<\/strong>. Heute orientiert sich der <strong>Mainstream-Rap oft an Pop-Codes<\/strong>, mit einem Mastering, das <strong>laut und wettbewerbsf\u00e4hig klingen muss<\/strong>, ohne die Wirkung der rhythmischen Elemente, insbesondere der Drums, zu beeintr\u00e4chtigen. Dieses Stil, reich an Variationen, kann auch auf \u00e4ltere Sounds wie Boom Bap zur\u00fcckgreifen, was eine Mastering-Bearbeitung erfordert, <strong>die an die Identit\u00e4t und Absicht jedes Titels oder Projekts angepasst ist<\/strong>.[\/vc_column_text][\/vc_column][vc_column width=&#8220;1\/2&#8243; offset=&#8220;vc_hidden-lg vc_hidden-md vc_hidden-sm&#8220;][vc_single_image image=&#8220;3489&#8243; img_size=&#8220;Large&#8220; alignment=&#8220;center&#8220; onclick=&#8220;link_image&#8220; css=&#8220;&#8220;][\/vc_column][\/vc_row][vc_row][vc_column][vc_separator css=&#8220;&#8220;][\/vc_column][\/vc_row][vc_row][vc_column width=&#8220;1\/6&#8243;][\/vc_column][vc_column width=&#8220;2\/3&#8243;][vc_column_text css=&#8220;&#8220;]<\/p>\n<h3>Mastering verschiedener Musikstile \u2013 Zusammenfassung<\/h3>\n<p>Unabh\u00e4ngig vom Musikstil zielt <strong>das Mastering darauf ab, ein finales, aufmerksames H\u00f6rerlebnis zu schaffen<\/strong>, den letzten Schliff zu geben und K\u00fcnstlern oder Labels ein Projekt zu liefern, <strong>das professionell ver\u00f6ffentlicht werden kann<\/strong>. Obwohl die Bearbeitungen subtiler sind als beim Mixing, <strong>erm\u00f6glicht ein gutes Verst\u00e4ndnis der Codes und Besonderheiten jedes Genres die Anpassung technischer Entscheidungen<\/strong>, um ein optimales, koh\u00e4rentes und der k\u00fcnstlerischen Absicht entsprechendes Ergebnis zu erzielen.[\/vc_column_text][vc_column_text css=&#8220;&#8220;]Lesen Sie auch: Mixen nach musikalischen Genres[\/vc_column_text][\/vc_column][vc_column width=&#8220;1\/6&#8243;][\/vc_column][\/vc_row][vc_row][vc_column][vc_empty_space][\/vc_column][\/vc_row][vc_row title=&#8220;Je contacte Cerky Studio&#8220; style=&#8220;flat&#8220; gradient_color_1=&#8220;turquoise&#8220; gradient_color_2=&#8220;vista-blue&#8220; gradient_custom_color_1=&#8220;#dd3333&#8243; gradient_custom_color_2=&#8220;#eeee22&#8243; gradient_text_color=&#8220;#ffffff&#8220; custom_background=&#8220;#ededed&#8220; custom_text=&#8220;#666&#8243; outline_custom_color=&#8220;#666&#8243; outline_custom_hover_background=&#8220;#666&#8243; outline_custom_hover_text=&#8220;#fff&#8220; shape=&#8220;rounded&#8220; color=&#8220;danger&#8220; size=&#8220;lg&#8220; align=&#8220;center&#8220; button_block=&#8220;&#8220; add_icon=&#8220;&#8220; i_align=&#8220;left&#8220; i_type=&#8220;fontawesome&#8220; i_icon_fontawesome=&#8220;fas fa-adjust&#8220; i_icon_openiconic=&#8220;vc-oi vc-oi-dial&#8220; i_icon_typicons=&#8220;typcn typcn-adjust-brightness&#8220; i_icon_entypo=&#8220;entypo-icon entypo-icon-note&#8220; i_icon_linecons=&#8220;vc_li vc_li-heart&#8220; i_icon_monosocial=&#8220;vc-mono vc-mono-fivehundredpx&#8220; i_icon_material=&#8220;vc-material vc-material-cake&#8220; i_icon_pixelicons=&#8220;vc_pixel_icon vc_pixel_icon-alert&#8220; custom_onclick=&#8220;&#8220; link=&#8220;url:https%3A%2F%2Fwww.cerky-studio.com%2Fcontact%2F|||&#8220; custom_onclick_code=&#8220;&#8220;][vc_column][vc_btn title=&#8220;Cerky Studio kontaktieren&#8220; style=&#8220;flat&#8220; color=&#8220;danger&#8220; size=&#8220;lg&#8220; align=&#8220;center&#8220; css=&#8220;&#8220; link=&#8220;url:https%3A%2F%2Fwww.cerky-studio.com%2Fcontact%2F|||&#8220;][\/vc_column][\/vc_row]<\/p>\n<\/div>","protected":false},"excerpt":{"rendered":"<p>[vc_row][vc_column width=&#8220;1\/6&#8243;][\/vc_column][vc_column width=&#8220;2\/3&#8243;][vc_column_text css=&#8220;&#8220;] Soll das Mastering je nach Musikgenre angepasst werden? Seit den 2010er Jahren hat sich die sogenannte \u201eLoudness War\u201c \u2013 der Lautst\u00e4rkekrieg \u2013 etabliert und normalisiert, mit der Vorstellung, dass lauter gleich besser sei. Dieser Ansatz hat viele K\u00fcnstler und H\u00f6rer dazu gebracht, ein Mastering vor allem nach der wahrgenommenen Lautst\u00e4rke zu [&hellip;]<\/p>\n","protected":false},"author":2,"featured_media":0,"parent":3783,"menu_order":24,"comment_status":"closed","ping_status":"closed","template":"","meta":{"footnotes":""},"class_list":["post-3805","page","type-page","status-publish","hentry"],"yoast_head":"<!-- This site is optimized with the Yoast SEO plugin v26.1.1 - https:\/\/yoast.com\/wordpress\/plugins\/seo\/ -->\n<title>Mastering nach Musikgenres Pop, Rock, Metal, Rap, Electro<\/title>\n<meta name=\"description\" content=\"Entdecken Sie das genre-spezifische Mastering bei Cerky Studio: Pop, Rock, Metal, Rap, Electro\u2026 Verleihen Sie Ihren Tracks den letzten Schliff mit einem Sound, der der k\u00fcnstlerischen Intention treu bleibt und f\u00fcr alle Plattformen bereit ist.\" \/>\n<meta name=\"robots\" content=\"index, follow, max-snippet:-1, max-image-preview:large, max-video-preview:-1\" \/>\n<link rel=\"canonical\" href=\"https:\/\/www.cerky-studio.com\/de\/mastering\/musikgenres\/\" \/>\n<meta property=\"og:locale\" content=\"de_DE\" \/>\n<meta property=\"og:type\" content=\"article\" \/>\n<meta property=\"og:title\" content=\"Mastering nach Musikgenres Pop, Rock, Metal, Rap, Electro\" \/>\n<meta property=\"og:description\" content=\"Entdecken Sie das genre-spezifische Mastering bei Cerky Studio: Pop, Rock, Metal, Rap, Electro\u2026 Verleihen Sie Ihren Tracks den letzten Schliff mit einem Sound, der der k\u00fcnstlerischen Intention treu bleibt und f\u00fcr alle Plattformen bereit ist.\" \/>\n<meta property=\"og:url\" content=\"https:\/\/www.cerky-studio.com\/de\/mastering\/musikgenres\/\" \/>\n<meta property=\"og:site_name\" content=\"Cerky Studio\" \/>\n<meta property=\"article:publisher\" content=\"https:\/\/www.facebook.com\/DjCerk\" \/>\n<meta property=\"article:modified_time\" content=\"2026-05-07T08:27:57+00:00\" \/>\n<meta name=\"twitter:card\" content=\"summary_large_image\" \/>\n<meta name=\"twitter:site\" content=\"@DJ_CERK\" \/>\n<meta name=\"twitter:label1\" content=\"Gesch\u00e4tzte Lesezeit\" \/>\n\t<meta name=\"twitter:data1\" content=\"4\u00a0Minuten\" \/>\n<script type=\"application\/ld+json\" class=\"yoast-schema-graph\">{\"@context\":\"https:\/\/schema.org\",\"@graph\":[{\"@type\":\"WebPage\",\"@id\":\"https:\/\/www.cerky-studio.com\/de\/mastering\/musikgenres\/\",\"url\":\"https:\/\/www.cerky-studio.com\/de\/mastering\/musikgenres\/\",\"name\":\"Mastering nach Musikgenres Pop, Rock, Metal, Rap, Electro\",\"isPartOf\":{\"@id\":\"https:\/\/www.cerky-studio.com\/de\/#website\"},\"datePublished\":\"2025-08-11T18:31:26+00:00\",\"dateModified\":\"2026-05-07T08:27:57+00:00\",\"description\":\"Entdecken Sie das genre-spezifische Mastering bei Cerky Studio: Pop, Rock, Metal, Rap, Electro\u2026 Verleihen Sie Ihren Tracks den letzten Schliff mit einem Sound, der der k\u00fcnstlerischen Intention treu bleibt und f\u00fcr alle Plattformen bereit ist.\",\"breadcrumb\":{\"@id\":\"https:\/\/www.cerky-studio.com\/de\/mastering\/musikgenres\/#breadcrumb\"},\"inLanguage\":\"de\",\"potentialAction\":[{\"@type\":\"ReadAction\",\"target\":[\"https:\/\/www.cerky-studio.com\/de\/mastering\/musikgenres\/\"]}]},{\"@type\":\"BreadcrumbList\",\"@id\":\"https:\/\/www.cerky-studio.com\/de\/mastering\/musikgenres\/#breadcrumb\",\"itemListElement\":[{\"@type\":\"ListItem\",\"position\":1,\"name\":\"Accueil\",\"item\":\"https:\/\/www.cerky-studio.com\/de\/\"},{\"@type\":\"ListItem\",\"position\":2,\"name\":\"Mastering\",\"item\":\"https:\/\/www.cerky-studio.com\/de\/mastering\/\"},{\"@type\":\"ListItem\",\"position\":3,\"name\":\"Mastering Nach Musikgenres\"}]},{\"@type\":\"WebSite\",\"@id\":\"https:\/\/www.cerky-studio.com\/de\/#website\",\"url\":\"https:\/\/www.cerky-studio.com\/de\/\",\"name\":\"Cerky Studio\",\"description\":\"Studio de mixage et mastering \u00e0 Mulhouse et en ligne\",\"publisher\":{\"@id\":\"https:\/\/www.cerky-studio.com\/de\/#organization\"},\"potentialAction\":[{\"@type\":\"SearchAction\",\"target\":{\"@type\":\"EntryPoint\",\"urlTemplate\":\"https:\/\/www.cerky-studio.com\/de\/?s={search_term_string}\"},\"query-input\":{\"@type\":\"PropertyValueSpecification\",\"valueRequired\":true,\"valueName\":\"search_term_string\"}}],\"inLanguage\":\"de\"},{\"@type\":\"Organization\",\"@id\":\"https:\/\/www.cerky-studio.com\/de\/#organization\",\"name\":\"Cerky Studio\",\"url\":\"https:\/\/www.cerky-studio.com\/de\/\",\"logo\":{\"@type\":\"ImageObject\",\"inLanguage\":\"de\",\"@id\":\"https:\/\/www.cerky-studio.com\/de\/#\/schema\/logo\/image\/\",\"url\":\"https:\/\/www.cerky-studio.com\/wp-cerky\/uploads\/2018\/11\/cerky-studio-logo-noir-big.png\",\"contentUrl\":\"https:\/\/www.cerky-studio.com\/wp-cerky\/uploads\/2018\/11\/cerky-studio-logo-noir-big.png\",\"width\":912,\"height\":787,\"caption\":\"Cerky Studio\"},\"image\":{\"@id\":\"https:\/\/www.cerky-studio.com\/de\/#\/schema\/logo\/image\/\"},\"sameAs\":[\"https:\/\/www.facebook.com\/DjCerk\",\"https:\/\/x.com\/DJ_CERK\",\"https:\/\/www.instagram.com\/dj.cerk\/\",\"https:\/\/www.youtube.com\/djcerk07\"]}]}<\/script>\n<!-- \/ Yoast SEO plugin. -->","yoast_head_json":{"title":"Mastering nach Musikgenres Pop, Rock, Metal, Rap, Electro","description":"Entdecken Sie das genre-spezifische Mastering bei Cerky Studio: Pop, Rock, Metal, Rap, Electro\u2026 Verleihen Sie Ihren Tracks den letzten Schliff mit einem Sound, der der k\u00fcnstlerischen Intention treu bleibt und f\u00fcr alle Plattformen bereit ist.","robots":{"index":"index","follow":"follow","max-snippet":"max-snippet:-1","max-image-preview":"max-image-preview:large","max-video-preview":"max-video-preview:-1"},"canonical":"https:\/\/www.cerky-studio.com\/de\/mastering\/musikgenres\/","og_locale":"de_DE","og_type":"article","og_title":"Mastering nach Musikgenres Pop, Rock, Metal, Rap, Electro","og_description":"Entdecken Sie das genre-spezifische Mastering bei Cerky Studio: Pop, Rock, Metal, Rap, Electro\u2026 Verleihen Sie Ihren Tracks den letzten Schliff mit einem Sound, der der k\u00fcnstlerischen Intention treu bleibt und f\u00fcr alle Plattformen bereit ist.","og_url":"https:\/\/www.cerky-studio.com\/de\/mastering\/musikgenres\/","og_site_name":"Cerky Studio","article_publisher":"https:\/\/www.facebook.com\/DjCerk","article_modified_time":"2026-05-07T08:27:57+00:00","twitter_card":"summary_large_image","twitter_site":"@DJ_CERK","twitter_misc":{"Gesch\u00e4tzte Lesezeit":"4\u00a0Minuten"},"schema":{"@context":"https:\/\/schema.org","@graph":[{"@type":"WebPage","@id":"https:\/\/www.cerky-studio.com\/de\/mastering\/musikgenres\/","url":"https:\/\/www.cerky-studio.com\/de\/mastering\/musikgenres\/","name":"Mastering nach Musikgenres Pop, Rock, Metal, Rap, Electro","isPartOf":{"@id":"https:\/\/www.cerky-studio.com\/de\/#website"},"datePublished":"2025-08-11T18:31:26+00:00","dateModified":"2026-05-07T08:27:57+00:00","description":"Entdecken Sie das genre-spezifische Mastering bei Cerky Studio: Pop, Rock, Metal, Rap, Electro\u2026 Verleihen Sie Ihren Tracks den letzten Schliff mit einem Sound, der der k\u00fcnstlerischen Intention treu bleibt und f\u00fcr alle Plattformen bereit ist.","breadcrumb":{"@id":"https:\/\/www.cerky-studio.com\/de\/mastering\/musikgenres\/#breadcrumb"},"inLanguage":"de","potentialAction":[{"@type":"ReadAction","target":["https:\/\/www.cerky-studio.com\/de\/mastering\/musikgenres\/"]}]},{"@type":"BreadcrumbList","@id":"https:\/\/www.cerky-studio.com\/de\/mastering\/musikgenres\/#breadcrumb","itemListElement":[{"@type":"ListItem","position":1,"name":"Accueil","item":"https:\/\/www.cerky-studio.com\/de\/"},{"@type":"ListItem","position":2,"name":"Mastering","item":"https:\/\/www.cerky-studio.com\/de\/mastering\/"},{"@type":"ListItem","position":3,"name":"Mastering Nach Musikgenres"}]},{"@type":"WebSite","@id":"https:\/\/www.cerky-studio.com\/de\/#website","url":"https:\/\/www.cerky-studio.com\/de\/","name":"Cerky Studio","description":"Studio de mixage et mastering \u00e0 Mulhouse et en ligne","publisher":{"@id":"https:\/\/www.cerky-studio.com\/de\/#organization"},"potentialAction":[{"@type":"SearchAction","target":{"@type":"EntryPoint","urlTemplate":"https:\/\/www.cerky-studio.com\/de\/?s={search_term_string}"},"query-input":{"@type":"PropertyValueSpecification","valueRequired":true,"valueName":"search_term_string"}}],"inLanguage":"de"},{"@type":"Organization","@id":"https:\/\/www.cerky-studio.com\/de\/#organization","name":"Cerky Studio","url":"https:\/\/www.cerky-studio.com\/de\/","logo":{"@type":"ImageObject","inLanguage":"de","@id":"https:\/\/www.cerky-studio.com\/de\/#\/schema\/logo\/image\/","url":"https:\/\/www.cerky-studio.com\/wp-cerky\/uploads\/2018\/11\/cerky-studio-logo-noir-big.png","contentUrl":"https:\/\/www.cerky-studio.com\/wp-cerky\/uploads\/2018\/11\/cerky-studio-logo-noir-big.png","width":912,"height":787,"caption":"Cerky Studio"},"image":{"@id":"https:\/\/www.cerky-studio.com\/de\/#\/schema\/logo\/image\/"},"sameAs":["https:\/\/www.facebook.com\/DjCerk","https:\/\/x.com\/DJ_CERK","https:\/\/www.instagram.com\/dj.cerk\/","https:\/\/www.youtube.com\/djcerk07"]}]}},"_links":{"self":[{"href":"https:\/\/www.cerky-studio.com\/de\/wp-json\/wp\/v2\/pages\/3805","targetHints":{"allow":["GET"]}}],"collection":[{"href":"https:\/\/www.cerky-studio.com\/de\/wp-json\/wp\/v2\/pages"}],"about":[{"href":"https:\/\/www.cerky-studio.com\/de\/wp-json\/wp\/v2\/types\/page"}],"author":[{"embeddable":true,"href":"https:\/\/www.cerky-studio.com\/de\/wp-json\/wp\/v2\/users\/2"}],"replies":[{"embeddable":true,"href":"https:\/\/www.cerky-studio.com\/de\/wp-json\/wp\/v2\/comments?post=3805"}],"version-history":[{"count":3,"href":"https:\/\/www.cerky-studio.com\/de\/wp-json\/wp\/v2\/pages\/3805\/revisions"}],"predecessor-version":[{"id":3808,"href":"https:\/\/www.cerky-studio.com\/de\/wp-json\/wp\/v2\/pages\/3805\/revisions\/3808"}],"up":[{"embeddable":true,"href":"https:\/\/www.cerky-studio.com\/de\/wp-json\/wp\/v2\/pages\/3783"}],"wp:attachment":[{"href":"https:\/\/www.cerky-studio.com\/de\/wp-json\/wp\/v2\/media?parent=3805"}],"curies":[{"name":"wp","href":"https:\/\/api.w.org\/{rel}","templated":true}]}}