{"id":3810,"date":"2025-08-11T20:34:24","date_gmt":"2025-08-11T18:34:24","guid":{"rendered":"https:\/\/www.cerky-studio.com\/mastering\/faq\/"},"modified":"2026-05-07T10:29:43","modified_gmt":"2026-05-07T08:29:43","slug":"faq","status":"publish","type":"page","link":"https:\/\/www.cerky-studio.com\/de\/mastering\/faq\/","title":{"rendered":"Mastering : H\u00e4ufig Gestellte Fragen"},"content":{"rendered":"<div class=\"wpb-content-wrapper\"><p>[vc_row][vc_column width=&#8220;1\/6&#8243;][\/vc_column][vc_column width=&#8220;2\/3&#8243;][vc_column_text css=&#8220;&#8220;]<\/p>\n<h2>Muss ich meinen Track mastern lassen ?<\/h2>\n<p>Ja. <strong>Jeder professionelle Ansatz erfordert das Mastering eines Tracks vor der Ver\u00f6ffentlichung<\/strong>. Dies gew\u00e4hrleistet <a href=\"https:\/\/www.cerky-studio.com\/de\/mastering\/definition\/\"><strong>ein angenehmes H\u00f6rerlebnis<\/strong><\/a> und erm\u00f6glicht dem St\u00fcck, mit anderen Titeln in einer Playlist oder auf Streaming-Plattformen zu konkurrieren.[\/vc_column_text][\/vc_column][vc_column width=&#8220;1\/6&#8243;][\/vc_column][\/vc_row][vc_row][vc_column width=&#8220;1\/6&#8243;][\/vc_column][vc_column width=&#8220;2\/3&#8243;][vc_empty_space][\/vc_column][vc_column width=&#8220;1\/6&#8243;][\/vc_column][\/vc_row][vc_row][vc_column width=&#8220;1\/6&#8243;][\/vc_column][vc_column width=&#8220;2\/3&#8243;][vc_column_text css=&#8220;&#8220;]<\/p>\n<h2>Warum sollte ich meinen Track mastern lassen ?<\/h2>\n<p>Das Mastering verleiht einem Track <strong>den letzten Schliff und macht ihn professionell<\/strong>. Dabei wird der Track aufmerksam angeh\u00f6rt, die Balance angepasst, falls n\u00f6tig Charakter hinzugef\u00fcgt und der Lautst\u00e4rkepegel optimiert, <strong>um den Standards <a href=\"https:\/\/www.cerky-studio.com\/de\/mastering\/musikgenres\/\">des Musikgenres<\/a> und der Industrie zu entsprechen<\/strong>. Ziel ist es, den Track <strong>wettbewerbsf\u00e4hig gegen\u00fcber anderen Produktionen auf dem Markt zu machen<\/strong>.[\/vc_column_text][\/vc_column][vc_column width=&#8220;1\/6&#8243;][\/vc_column][\/vc_row][vc_row][vc_column width=&#8220;1\/6&#8243;][\/vc_column][vc_column width=&#8220;2\/3&#8243;][vc_empty_space][\/vc_column][vc_column width=&#8220;1\/6&#8243;][\/vc_column][\/vc_row][vc_row][vc_column width=&#8220;1\/6&#8243;][\/vc_column][vc_column width=&#8220;2\/3&#8243;][vc_column_text css=&#8220;&#8220;]<\/p>\n<h2>Warum sollte ich mein EP oder Album mastern lassen ?<\/h2>\n<p>Das Mastering eines gesamten Projekts verfolgt dasselbe Ziel wie bei einem einzelnen Track, sorgt jedoch zus\u00e4tzlich f\u00fcr <a href=\"https:\/\/www.cerky-studio.com\/de\/mastering\/dienstleistung\/\"><strong>Homogenit\u00e4t zwischen den Titeln<\/strong><\/a> \u2013 <strong>sowohl hinsichtlich Lautst\u00e4rke als auch bez\u00fcglich der Gesamtklangqualit\u00e4t<\/strong>. Au\u00dferdem ber\u00fccksichtigt das Mastering unterschiedliche Ver\u00f6ffentlichungsformate (CD, Vinyl, Streaming) <strong>und liefert bei Bedarf eine DDP-Datei f\u00fcr Presswerke<\/strong>.[\/vc_column_text][\/vc_column][vc_column width=&#8220;1\/6&#8243;][\/vc_column][\/vc_row][vc_row][vc_column width=&#8220;1\/6&#8243;][\/vc_column][vc_column width=&#8220;2\/3&#8243;][vc_empty_space][\/vc_column][vc_column width=&#8220;1\/6&#8243;][\/vc_column][\/vc_row][vc_row][vc_column width=&#8220;1\/6&#8243;][\/vc_column][vc_column width=&#8220;2\/3&#8243;][vc_column_text css=&#8220;&#8220;]<\/p>\n<h3>Was ist eine DDP-Datei ?<\/h3>\n<p>Das DDP-Master ist <strong>das Standardformat f\u00fcr die CD-Produktion<\/strong>, da es die vollst\u00e4ndige Integrit\u00e4t der Daten garantiert, die f\u00fcr <strong>die Erstellung des GlassMasters (Matrize)<\/strong> verwendet werden. Es enth\u00e4lt unter anderem eine <strong>Checksum-Datei<\/strong>, mit der das Presswerk den Inhalt \u00fcberpr\u00fcfen kann. Im Gegensatz zu einem Master auf CD-R ist das DDP-Master <strong>eine absolut originalgetreue Kopie des Masterings<\/strong>.[\/vc_column_text][\/vc_column][vc_column width=&#8220;1\/6&#8243;][\/vc_column][\/vc_row][vc_row][vc_column width=&#8220;1\/6&#8243;][\/vc_column][vc_column width=&#8220;2\/3&#8243;][vc_empty_space][\/vc_column][vc_column width=&#8220;1\/6&#8243;][\/vc_column][\/vc_row][vc_row][vc_column width=&#8220;1\/2&#8243;][vc_empty_space][vc_empty_space][vc_column_text css=&#8220;&#8220;]<\/p>\n<h2>Muss mein Track laut klingen ?<\/h2>\n<p>Ja, <strong>ein Track sollte laut (\u201eloud\u201c) sein<\/strong>, um <strong>aktuellen Standards zu entsprechen<\/strong> und nicht im Vergleich zu anderen Titeln schwach zu wirken, insbesondere bei nicht standardisierten Wiedergaben auf Plattformen. <strong>Die Lautst\u00e4rke darf jedoch niemals zulasten der Klangqualit\u00e4t gehen<\/strong>. Besser ist ein klarer, pr\u00e4ziser und etwas leiserer Sound als ein \u00fcberkomprimierter, unsauberer Track. Ein kraftvoller, ausgewogener Sound erfordert pr\u00e4zises Know-how.[\/vc_column_text][\/vc_column][vc_column width=&#8220;1\/2&#8243;][vc_single_image image=&#8220;3559&#8243; img_size=&#8220;large&#8220; alignment=&#8220;center&#8220; onclick=&#8220;link_image&#8220; css=&#8220;&#8220;][\/vc_column][\/vc_row][vc_row][vc_column width=&#8220;1\/6&#8243;][\/vc_column][vc_column width=&#8220;2\/3&#8243;][vc_empty_space][\/vc_column][vc_column width=&#8220;1\/6&#8243;][\/vc_column][\/vc_row][vc_row][vc_column width=&#8220;1\/6&#8243;][\/vc_column][vc_column width=&#8220;2\/3&#8243;][vc_column_text css=&#8220;&#8220;]<\/p>\n<h2>Wirkt Mastering wie Magie ?<\/h2>\n<p>Nein. <strong>Mastering korrigiert keine Fehler oder Unsauberkeiten im Mix<\/strong> (oder in der Produktion), sondern <strong>finalisiert und harmonisiert den Track<\/strong>. Bei hochklassigen Produktionen sind oft nur minimale Anpassungen notwendig. Wenn wenig Arbeit n\u00f6tig ist, ist das meist ein Hinweis darauf, dass der Mix bereits ausgezeichnet ist.[\/vc_column_text][\/vc_column][vc_column width=&#8220;1\/6&#8243;][\/vc_column][\/vc_row][vc_row][vc_column width=&#8220;1\/6&#8243;][\/vc_column][vc_column width=&#8220;2\/3&#8243;][vc_empty_space][\/vc_column][vc_column width=&#8220;1\/6&#8243;][\/vc_column][\/vc_row][vc_row][vc_column width=&#8220;1\/6&#8243;][\/vc_column][vc_column width=&#8220;2\/3&#8243;][vc_column_text css=&#8220;&#8220;]<\/p>\n<h2>Wie bekomme ich ein gutes Mastering ?<\/h2>\n<p>Ein gutes Mastering basiert in erster Linie auf einem <a href=\"https:\/\/www.cerky-studio.com\/de\/mixing\/dienstleistung\/\"><strong>guten Mix<\/strong><\/a>, und ein guter Mix entsteht durch eine solide, <strong>durchdachte Produktion mit klaren Arrangements<\/strong>. Die endg\u00fcltige Qualit\u00e4t wird bereits durch die ersten k\u00fcnstlerischen und technischen Entscheidungen bestimmt.[\/vc_column_text][\/vc_column][vc_column width=&#8220;1\/6&#8243;][\/vc_column][\/vc_row][vc_row][vc_column width=&#8220;1\/6&#8243;][\/vc_column][vc_column width=&#8220;2\/3&#8243;][vc_empty_space][\/vc_column][vc_column width=&#8220;1\/6&#8243;][\/vc_column][\/vc_row][vc_row][vc_column width=&#8220;1\/6&#8243;][\/vc_column][vc_column width=&#8220;2\/3&#8243;][vc_column_text css=&#8220;&#8220;]<\/p>\n<h2>Gibt es verschiedene Methoden, einen Track zu mastern ?<\/h2>\n<p>Ja. Mastering kann <strong>auf der Stereo-Spur des Mixes<\/strong> erfolgen, ideal, wenn der Mix bereits gut ausgearbeitet ist. Es kann <strong>auch \u00fcber Stems<\/strong> (Gruppen von Spuren: Vocals, Gitarre, Drums usw.) erfolgen, um gezielt einzelne Elemente zu bearbeiten. Schlie\u00dflich ist auch ein <strong>Mastering direkt aus der Mix-Session<\/strong> m\u00f6glich, was die volle Kontrolle \u00fcber jedes Element bietet.[\/vc_column_text][\/vc_column][vc_column width=&#8220;1\/6&#8243;][\/vc_column][\/vc_row][vc_row][vc_column width=&#8220;1\/6&#8243;][\/vc_column][vc_column width=&#8220;2\/3&#8243;][vc_empty_space][\/vc_column][vc_column width=&#8220;1\/6&#8243;][\/vc_column][\/vc_row][vc_row][vc_column width=&#8220;1\/2&#8243;][vc_column_text css=&#8220;&#8220;]<\/p>\n<h2>In welchem Format sollte ich meinen Track f\u00fcr das Mastering exportieren ?<\/h2>\n<p><strong>Die Sampling-Rate der Mix-Session sollte beibehalten werden<\/strong>, und der Export sollte mindestens in 24 Bit erfolgen,<strong> idealerweise in 32 Bit Float<\/strong>, um unerw\u00fcnschte \u00dcbersteuerungen zu vermeiden, falls der Master-Pegel in der DAW \u00fcber 0 dBFS liegt.[\/vc_column_text][\/vc_column][vc_column width=&#8220;1\/2&#8243;][vc_single_image image=&#8220;3553&#8243; img_size=&#8220;medium&#8220; alignment=&#8220;center&#8220; onclick=&#8220;link_image&#8220; css=&#8220;&#8220;][\/vc_column][\/vc_row][vc_row][vc_column width=&#8220;1\/6&#8243;][\/vc_column][vc_column width=&#8220;2\/3&#8243;][vc_empty_space][\/vc_column][vc_column width=&#8220;1\/6&#8243;][\/vc_column][\/vc_row][vc_row][vc_column width=&#8220;1\/2&#8243;][vc_empty_space][vc_empty_space][vc_empty_space][vc_column_text css=&#8220;&#8220;]<\/p>\n<h2>Auf welchem Lautst\u00e4rkepegel sollte ich meinen Track f\u00fcr das Mastering exportieren ?<\/h2>\n<p>Solange der Pegel <strong>0 dBFS nicht \u00fcberschreitet<\/strong>, ist das in Ordnung. Wichtig ist, die Qualit\u00e4t des Mixes zu bewahren und <strong><a href=\"https:\/\/www.cerky-studio.com\/de\/cerky\/\">mit dem Mastering-Ingenieur<\/a> abzusprechen<\/strong>, ob ein Headroom n\u00f6tig ist.[\/vc_column_text][\/vc_column][vc_column width=&#8220;1\/4&#8243;][vc_empty_space][vc_single_image image=&#8220;3557&#8243; img_size=&#8220;medium&#8220; alignment=&#8220;center&#8220; onclick=&#8220;link_image&#8220; css=&#8220;&#8220;][\/vc_column][vc_column width=&#8220;1\/4&#8243;][vc_empty_space][vc_single_image image=&#8220;3555&#8243; img_size=&#8220;medium&#8220; alignment=&#8220;center&#8220; onclick=&#8220;link_image&#8220; css=&#8220;&#8220;][\/vc_column][\/vc_row][vc_row][vc_column width=&#8220;1\/6&#8243;][\/vc_column][vc_column width=&#8220;2\/3&#8243;][vc_empty_space][\/vc_column][vc_column width=&#8220;1\/6&#8243;][\/vc_column][\/vc_row][vc_row][vc_column width=&#8220;1\/6&#8243;][\/vc_column][vc_column width=&#8220;2\/3&#8243;][vc_column_text css=&#8220;&#8220;]<\/p>\n<h2>Sollte ich Effekte auf dem Master belassen ?<\/h2>\n<p>Das h\u00e4ngt ab.<strong> Sind die Effekte gut kontrolliert und Teil des k\u00fcnstlerischen Ausdrucks<\/strong>, k\u00f6nnen Limiter und Clipper beibehalten werden. Ein professioneller Mix kann bereits laut klingen und einige Bearbeitungen auf dem Master enthalten. In jedem Fall <strong>ist der Austausch <a href=\"https:\/\/www.cerky-studio.com\/de\/cerky\/\">mit dem Mix-Ingenieur<\/a> der beste Ansatz<\/strong>, da es sich um eine kollaborative Arbeit handelt, die aufeinanderfolgende Schritte beinhaltet.[\/vc_column_text][\/vc_column][vc_column width=&#8220;1\/6&#8243;][\/vc_column][\/vc_row][vc_row][vc_column width=&#8220;1\/6&#8243;][\/vc_column][vc_column width=&#8220;2\/3&#8243;][vc_empty_space][\/vc_column][vc_column width=&#8220;1\/6&#8243;][\/vc_column][\/vc_row][vc_row][vc_column width=&#8220;1\/6&#8243;][\/vc_column][vc_column width=&#8220;2\/3&#8243;][vc_column_text css=&#8220;&#8220;]<\/p>\n<h2>Wie gehe ich mit der fertig gemasterten Version eines Tracks oder Projekts um ?<\/h2>\n<p>Das Anh\u00f6ren der gemasterten Version <strong>ist eine besondere Erfahrung<\/strong>, besonders wenn man <a href=\"https:\/\/www.cerky-studio.com\/de\/mastering\/online\/\"><strong>nicht an Studio-Mastering-Sessions teilnimmt<\/strong><\/a>. Unterschiede zwischen Mix- und Master-Version sind h\u00e4ufig bemerkbar, <strong>vor allem die Lautst\u00e4rke<\/strong>. Wenn man an einen eher leisen Mix gew\u00f6hnt ist, kann der finale Master-Pegel \u00fcberraschend hoch erscheinen, besonders beim Vergleich der beiden Versionen auf demselben System (mobile Speaker, Hi-Fi-Anlage, Auto, Smartphone). Es empfiehlt sich, eine erste H\u00f6rsession bei geringer Lautst\u00e4rke durchzuf\u00fchren, bevor man den Pegel erh\u00f6ht.<\/p>\n<p><strong>Mastering wirkt auch wie eine Lupe<\/strong>: viele Details treten deutlicher hervor, manchmal auch kleine Unsauberkeiten aus Mix oder Produktion. Diese neue Version kann bei den ersten H\u00f6rsessions irritierend wirken.<\/p>\n<p><b>Fazit:<\/b> Nehmen Sie sich Zeit, die finale Version bei moderater Lautst\u00e4rke auf verschiedenen Systemen mehrfach zu h\u00f6ren, im Abstand von Stunden oder Tagen. So k\u00f6nnen Sie die Qualit\u00e4t und das endg\u00fcltige Ergebnis voll genie\u00dfen.[\/vc_column_text][\/vc_column][vc_column width=&#8220;1\/6&#8243;][\/vc_column][\/vc_row][vc_row][vc_column width=&#8220;1\/6&#8243;][\/vc_column][vc_column width=&#8220;2\/3&#8243;][vc_empty_space][\/vc_column][vc_column width=&#8220;1\/6&#8243;][\/vc_column][\/vc_row][vc_row][vc_column width=&#8220;1\/6&#8243;][\/vc_column][vc_column width=&#8220;2\/3&#8243;][vc_column_text css=&#8220;&#8220;]<strong>Lesen Sie auch <\/strong>: <a href=\"https:\/\/www.cerky-studio.com\/de\/mixing\/faq\/\">H\u00e4ufig gestellte Fragen zum Mischen<\/a>[\/vc_column_text][\/vc_column][vc_column width=&#8220;1\/6&#8243;][\/vc_column][\/vc_row][vc_row][vc_column width=&#8220;1\/6&#8243;][\/vc_column][vc_column width=&#8220;2\/3&#8243;][vc_empty_space][\/vc_column][vc_column width=&#8220;1\/6&#8243;][\/vc_column][\/vc_row][vc_row][vc_column][vc_separator css=&#8220;&#8220;][vc_column_text css=&#8220;&#8220;]<\/p>\n<p style=\"text-align: center;\"><strong>F\u00fcr weitere Informationen zum Mastering oder f\u00fcr ein Angebot wenden Sie sich bitte an Cerky Studio.<\/strong><\/p>\n<p>[\/vc_column_text][vc_btn title=&#8220;Cerky Studio kontaktieren&#8220; style=&#8220;flat&#8220; color=&#8220;danger&#8220; size=&#8220;lg&#8220; align=&#8220;center&#8220; css=&#8220;&#8220; link=&#8220;url:https%3A%2F%2Fwww.cerky-studio.com%2Fcontact%2F|||&#8220;][\/vc_column][\/vc_row]<\/p>\n<\/div>","protected":false},"excerpt":{"rendered":"<p>[vc_row][vc_column width=&#8220;1\/6&#8243;][\/vc_column][vc_column width=&#8220;2\/3&#8243;][vc_column_text css=&#8220;&#8220;] Muss ich meinen Track mastern lassen ? Ja. Jeder professionelle Ansatz erfordert das Mastering eines Tracks vor der Ver\u00f6ffentlichung. Dies gew\u00e4hrleistet ein angenehmes H\u00f6rerlebnis und erm\u00f6glicht dem St\u00fcck, mit anderen Titeln in einer Playlist oder auf Streaming-Plattformen zu konkurrieren.[\/vc_column_text][\/vc_column][vc_column width=&#8220;1\/6&#8243;][\/vc_column][\/vc_row][vc_row][vc_column width=&#8220;1\/6&#8243;][\/vc_column][vc_column width=&#8220;2\/3&#8243;][vc_empty_space][\/vc_column][vc_column width=&#8220;1\/6&#8243;][\/vc_column][\/vc_row][vc_row][vc_column width=&#8220;1\/6&#8243;][\/vc_column][vc_column width=&#8220;2\/3&#8243;][vc_column_text css=&#8220;&#8220;] Warum sollte ich meinen Track [&hellip;]<\/p>\n","protected":false},"author":2,"featured_media":0,"parent":3783,"menu_order":25,"comment_status":"closed","ping_status":"closed","template":"","meta":{"footnotes":""},"class_list":["post-3810","page","type-page","status-publish","hentry"],"yoast_head":"<!-- This site is optimized with the Yoast SEO plugin v26.1.1 - https:\/\/yoast.com\/wordpress\/plugins\/seo\/ -->\n<title>Mastering Tipps und Tricks, Mastering Anf\u00e4nger, Mastering Online<\/title>\n<meta name=\"description\" content=\"Antworten auf alle Ihre Fragen zum Mastering: Warum ein St\u00fcck oder Album gemastert werden sollte, Exportformate, Lautst\u00e4rke, Effekte und Best Practices f\u00fcr ein professionelles Ergebnis bei Cerky Studio.\" \/>\n<meta name=\"robots\" content=\"index, follow, max-snippet:-1, max-image-preview:large, max-video-preview:-1\" \/>\n<link rel=\"canonical\" href=\"https:\/\/www.cerky-studio.com\/de\/mastering\/faq\/\" \/>\n<meta property=\"og:locale\" content=\"de_DE\" \/>\n<meta property=\"og:type\" content=\"article\" \/>\n<meta property=\"og:title\" content=\"Mastering Tipps und Tricks, Mastering Anf\u00e4nger, Mastering Online\" \/>\n<meta property=\"og:description\" content=\"Antworten auf alle Ihre Fragen zum Mastering: Warum ein St\u00fcck oder Album gemastert werden sollte, Exportformate, Lautst\u00e4rke, Effekte und Best Practices f\u00fcr ein professionelles Ergebnis bei Cerky Studio.\" \/>\n<meta property=\"og:url\" content=\"https:\/\/www.cerky-studio.com\/de\/mastering\/faq\/\" \/>\n<meta property=\"og:site_name\" content=\"Cerky Studio\" \/>\n<meta property=\"article:publisher\" content=\"https:\/\/www.facebook.com\/DjCerk\" \/>\n<meta property=\"article:modified_time\" content=\"2026-05-07T08:29:43+00:00\" \/>\n<meta name=\"twitter:card\" content=\"summary_large_image\" \/>\n<meta name=\"twitter:site\" content=\"@DJ_CERK\" \/>\n<meta name=\"twitter:label1\" content=\"Gesch\u00e4tzte Lesezeit\" \/>\n\t<meta name=\"twitter:data1\" content=\"5\u00a0Minuten\" \/>\n<script type=\"application\/ld+json\" class=\"yoast-schema-graph\">{\"@context\":\"https:\/\/schema.org\",\"@graph\":[{\"@type\":\"WebPage\",\"@id\":\"https:\/\/www.cerky-studio.com\/de\/mastering\/faq\/\",\"url\":\"https:\/\/www.cerky-studio.com\/de\/mastering\/faq\/\",\"name\":\"Mastering Tipps und Tricks, Mastering Anf\u00e4nger, Mastering Online\",\"isPartOf\":{\"@id\":\"https:\/\/www.cerky-studio.com\/de\/#website\"},\"datePublished\":\"2025-08-11T18:34:24+00:00\",\"dateModified\":\"2026-05-07T08:29:43+00:00\",\"description\":\"Antworten auf alle Ihre Fragen zum Mastering: Warum ein St\u00fcck oder Album gemastert werden sollte, Exportformate, Lautst\u00e4rke, Effekte und Best Practices f\u00fcr ein professionelles Ergebnis bei Cerky Studio.\",\"breadcrumb\":{\"@id\":\"https:\/\/www.cerky-studio.com\/de\/mastering\/faq\/#breadcrumb\"},\"inLanguage\":\"de\",\"potentialAction\":[{\"@type\":\"ReadAction\",\"target\":[\"https:\/\/www.cerky-studio.com\/de\/mastering\/faq\/\"]}]},{\"@type\":\"BreadcrumbList\",\"@id\":\"https:\/\/www.cerky-studio.com\/de\/mastering\/faq\/#breadcrumb\",\"itemListElement\":[{\"@type\":\"ListItem\",\"position\":1,\"name\":\"Accueil\",\"item\":\"https:\/\/www.cerky-studio.com\/de\/\"},{\"@type\":\"ListItem\",\"position\":2,\"name\":\"Mastering\",\"item\":\"https:\/\/www.cerky-studio.com\/de\/mastering\/\"},{\"@type\":\"ListItem\",\"position\":3,\"name\":\"Mastering : H\u00e4ufig Gestellte Fragen\"}]},{\"@type\":\"WebSite\",\"@id\":\"https:\/\/www.cerky-studio.com\/de\/#website\",\"url\":\"https:\/\/www.cerky-studio.com\/de\/\",\"name\":\"Cerky Studio\",\"description\":\"Studio de mixage et mastering \u00e0 Mulhouse et en ligne\",\"publisher\":{\"@id\":\"https:\/\/www.cerky-studio.com\/de\/#organization\"},\"potentialAction\":[{\"@type\":\"SearchAction\",\"target\":{\"@type\":\"EntryPoint\",\"urlTemplate\":\"https:\/\/www.cerky-studio.com\/de\/?s={search_term_string}\"},\"query-input\":{\"@type\":\"PropertyValueSpecification\",\"valueRequired\":true,\"valueName\":\"search_term_string\"}}],\"inLanguage\":\"de\"},{\"@type\":\"Organization\",\"@id\":\"https:\/\/www.cerky-studio.com\/de\/#organization\",\"name\":\"Cerky Studio\",\"url\":\"https:\/\/www.cerky-studio.com\/de\/\",\"logo\":{\"@type\":\"ImageObject\",\"inLanguage\":\"de\",\"@id\":\"https:\/\/www.cerky-studio.com\/de\/#\/schema\/logo\/image\/\",\"url\":\"https:\/\/www.cerky-studio.com\/wp-cerky\/uploads\/2018\/11\/cerky-studio-logo-noir-big.png\",\"contentUrl\":\"https:\/\/www.cerky-studio.com\/wp-cerky\/uploads\/2018\/11\/cerky-studio-logo-noir-big.png\",\"width\":912,\"height\":787,\"caption\":\"Cerky Studio\"},\"image\":{\"@id\":\"https:\/\/www.cerky-studio.com\/de\/#\/schema\/logo\/image\/\"},\"sameAs\":[\"https:\/\/www.facebook.com\/DjCerk\",\"https:\/\/x.com\/DJ_CERK\",\"https:\/\/www.instagram.com\/dj.cerk\/\",\"https:\/\/www.youtube.com\/djcerk07\"]}]}<\/script>\n<!-- \/ Yoast SEO plugin. -->","yoast_head_json":{"title":"Mastering Tipps und Tricks, Mastering Anf\u00e4nger, Mastering Online","description":"Antworten auf alle Ihre Fragen zum Mastering: Warum ein St\u00fcck oder Album gemastert werden sollte, Exportformate, Lautst\u00e4rke, Effekte und Best Practices f\u00fcr ein professionelles Ergebnis bei Cerky Studio.","robots":{"index":"index","follow":"follow","max-snippet":"max-snippet:-1","max-image-preview":"max-image-preview:large","max-video-preview":"max-video-preview:-1"},"canonical":"https:\/\/www.cerky-studio.com\/de\/mastering\/faq\/","og_locale":"de_DE","og_type":"article","og_title":"Mastering Tipps und Tricks, Mastering Anf\u00e4nger, Mastering Online","og_description":"Antworten auf alle Ihre Fragen zum Mastering: Warum ein St\u00fcck oder Album gemastert werden sollte, Exportformate, Lautst\u00e4rke, Effekte und Best Practices f\u00fcr ein professionelles Ergebnis bei Cerky Studio.","og_url":"https:\/\/www.cerky-studio.com\/de\/mastering\/faq\/","og_site_name":"Cerky Studio","article_publisher":"https:\/\/www.facebook.com\/DjCerk","article_modified_time":"2026-05-07T08:29:43+00:00","twitter_card":"summary_large_image","twitter_site":"@DJ_CERK","twitter_misc":{"Gesch\u00e4tzte Lesezeit":"5\u00a0Minuten"},"schema":{"@context":"https:\/\/schema.org","@graph":[{"@type":"WebPage","@id":"https:\/\/www.cerky-studio.com\/de\/mastering\/faq\/","url":"https:\/\/www.cerky-studio.com\/de\/mastering\/faq\/","name":"Mastering Tipps und Tricks, Mastering Anf\u00e4nger, Mastering Online","isPartOf":{"@id":"https:\/\/www.cerky-studio.com\/de\/#website"},"datePublished":"2025-08-11T18:34:24+00:00","dateModified":"2026-05-07T08:29:43+00:00","description":"Antworten auf alle Ihre Fragen zum Mastering: Warum ein St\u00fcck oder Album gemastert werden sollte, Exportformate, Lautst\u00e4rke, Effekte und Best Practices f\u00fcr ein professionelles Ergebnis bei Cerky Studio.","breadcrumb":{"@id":"https:\/\/www.cerky-studio.com\/de\/mastering\/faq\/#breadcrumb"},"inLanguage":"de","potentialAction":[{"@type":"ReadAction","target":["https:\/\/www.cerky-studio.com\/de\/mastering\/faq\/"]}]},{"@type":"BreadcrumbList","@id":"https:\/\/www.cerky-studio.com\/de\/mastering\/faq\/#breadcrumb","itemListElement":[{"@type":"ListItem","position":1,"name":"Accueil","item":"https:\/\/www.cerky-studio.com\/de\/"},{"@type":"ListItem","position":2,"name":"Mastering","item":"https:\/\/www.cerky-studio.com\/de\/mastering\/"},{"@type":"ListItem","position":3,"name":"Mastering : H\u00e4ufig Gestellte Fragen"}]},{"@type":"WebSite","@id":"https:\/\/www.cerky-studio.com\/de\/#website","url":"https:\/\/www.cerky-studio.com\/de\/","name":"Cerky Studio","description":"Studio de mixage et mastering \u00e0 Mulhouse et en ligne","publisher":{"@id":"https:\/\/www.cerky-studio.com\/de\/#organization"},"potentialAction":[{"@type":"SearchAction","target":{"@type":"EntryPoint","urlTemplate":"https:\/\/www.cerky-studio.com\/de\/?s={search_term_string}"},"query-input":{"@type":"PropertyValueSpecification","valueRequired":true,"valueName":"search_term_string"}}],"inLanguage":"de"},{"@type":"Organization","@id":"https:\/\/www.cerky-studio.com\/de\/#organization","name":"Cerky Studio","url":"https:\/\/www.cerky-studio.com\/de\/","logo":{"@type":"ImageObject","inLanguage":"de","@id":"https:\/\/www.cerky-studio.com\/de\/#\/schema\/logo\/image\/","url":"https:\/\/www.cerky-studio.com\/wp-cerky\/uploads\/2018\/11\/cerky-studio-logo-noir-big.png","contentUrl":"https:\/\/www.cerky-studio.com\/wp-cerky\/uploads\/2018\/11\/cerky-studio-logo-noir-big.png","width":912,"height":787,"caption":"Cerky Studio"},"image":{"@id":"https:\/\/www.cerky-studio.com\/de\/#\/schema\/logo\/image\/"},"sameAs":["https:\/\/www.facebook.com\/DjCerk","https:\/\/x.com\/DJ_CERK","https:\/\/www.instagram.com\/dj.cerk\/","https:\/\/www.youtube.com\/djcerk07"]}]}},"_links":{"self":[{"href":"https:\/\/www.cerky-studio.com\/de\/wp-json\/wp\/v2\/pages\/3810","targetHints":{"allow":["GET"]}}],"collection":[{"href":"https:\/\/www.cerky-studio.com\/de\/wp-json\/wp\/v2\/pages"}],"about":[{"href":"https:\/\/www.cerky-studio.com\/de\/wp-json\/wp\/v2\/types\/page"}],"author":[{"embeddable":true,"href":"https:\/\/www.cerky-studio.com\/de\/wp-json\/wp\/v2\/users\/2"}],"replies":[{"embeddable":true,"href":"https:\/\/www.cerky-studio.com\/de\/wp-json\/wp\/v2\/comments?post=3810"}],"version-history":[{"count":5,"href":"https:\/\/www.cerky-studio.com\/de\/wp-json\/wp\/v2\/pages\/3810\/revisions"}],"predecessor-version":[{"id":3850,"href":"https:\/\/www.cerky-studio.com\/de\/wp-json\/wp\/v2\/pages\/3810\/revisions\/3850"}],"up":[{"embeddable":true,"href":"https:\/\/www.cerky-studio.com\/de\/wp-json\/wp\/v2\/pages\/3783"}],"wp:attachment":[{"href":"https:\/\/www.cerky-studio.com\/de\/wp-json\/wp\/v2\/media?parent=3810"}],"curies":[{"name":"wp","href":"https:\/\/api.w.org\/{rel}","templated":true}]}}