{"id":3816,"date":"2025-08-17T11:03:27","date_gmt":"2025-08-17T09:03:27","guid":{"rendered":"https:\/\/www.cerky-studio.com\/mastering\/a-distance\/"},"modified":"2026-05-07T10:33:19","modified_gmt":"2026-05-07T08:33:19","slug":"online","status":"publish","type":"page","link":"https:\/\/www.cerky-studio.com\/de\/mastering\/online\/","title":{"rendered":"Online Mastering"},"content":{"rendered":"<div class=\"wpb-content-wrapper\"><p>[vc_row][vc_column width=&#8220;1\/6&#8243;][\/vc_column][vc_column width=&#8220;2\/3&#8243;][vc_column_text css=&#8220;&#8220;]<\/p>\n<h2>Ein Mastering-Service aus der Ferne<\/h2>\n<p>Cerky Studio mit Sitz in Zillisheim, in der N\u00e4he von Mulhouse, bietet auch <strong>Mastering-Dienstleistungen aus der Ferne an<\/strong>, sodass K\u00fcnstler und Labels in ganz Frankreich (und dar\u00fcber hinaus) <a href=\"https:\/\/www.cerky-studio.com\/de\/mastering\/dienstleistung\/\"><strong>von seiner Expertise und seinem K\u00f6nnen profitieren k\u00f6nnen<\/strong><\/a>.<\/p>\n<p>Sie m\u00fcssen lediglich Ihren fertig gemischten Track per E-Mail senden: Sie erhalten eine individuelle Betreuung und ein optimales Ergebnis, bereit f\u00fcr die Ver\u00f6ffentlichung.<\/p>\n<p>Dank eines privaten Links kann die Mastering-Session in Echtzeit per Streaming verfolgt werden. So erleben Sie den Arbeitsprozess, als w\u00e4ren Sie im Studio: direkte R\u00fcckmeldungen, sofortiges Feedback und Optimierung ohne Zeitverlust.[\/vc_column_text][vc_empty_space][\/vc_column][vc_column width=&#8220;1\/6&#8243;][\/vc_column][\/vc_row][vc_row title=&#8220;Je contacte Cerky Studio&#8220; style=&#8220;flat&#8220; gradient_color_1=&#8220;turquoise&#8220; gradient_color_2=&#8220;vista-blue&#8220; gradient_custom_color_1=&#8220;#dd3333&#8243; gradient_custom_color_2=&#8220;#eeee22&#8243; gradient_text_color=&#8220;#ffffff&#8220; custom_background=&#8220;#ededed&#8220; custom_text=&#8220;#666&#8243; outline_custom_color=&#8220;#666&#8243; outline_custom_hover_background=&#8220;#666&#8243; outline_custom_hover_text=&#8220;#fff&#8220; shape=&#8220;rounded&#8220; color=&#8220;danger&#8220; size=&#8220;lg&#8220; align=&#8220;center&#8220; button_block=&#8220;&#8220; add_icon=&#8220;&#8220; i_align=&#8220;left&#8220; i_type=&#8220;fontawesome&#8220; i_icon_fontawesome=&#8220;fas fa-adjust&#8220; i_icon_openiconic=&#8220;vc-oi vc-oi-dial&#8220; i_icon_typicons=&#8220;typcn typcn-adjust-brightness&#8220; i_icon_entypo=&#8220;entypo-icon entypo-icon-note&#8220; i_icon_linecons=&#8220;vc_li vc_li-heart&#8220; i_icon_monosocial=&#8220;vc-mono vc-mono-fivehundredpx&#8220; i_icon_material=&#8220;vc-material vc-material-cake&#8220; i_icon_pixelicons=&#8220;vc_pixel_icon vc_pixel_icon-alert&#8220; custom_onclick=&#8220;&#8220; link=&#8220;url:https%3A%2F%2Fwww.cerky-studio.com%2Fcontact%2F|||&#8220; custom_onclick_code=&#8220;&#8220;][vc_column width=&#8220;1\/6&#8243;][\/vc_column][vc_column width=&#8220;2\/3&#8243;][vc_single_image image=&#8220;3565&#8243; img_size=&#8220;large&#8220; alignment=&#8220;center&#8220; onclick=&#8220;link_image&#8220; css=&#8220;&#8220;][vc_empty_space][\/vc_column][vc_column width=&#8220;1\/6&#8243;][\/vc_column][\/vc_row][vc_row title=&#8220;Je contacte Cerky Studio&#8220; style=&#8220;flat&#8220; gradient_color_1=&#8220;turquoise&#8220; gradient_color_2=&#8220;vista-blue&#8220; gradient_custom_color_1=&#8220;#dd3333&#8243; gradient_custom_color_2=&#8220;#eeee22&#8243; gradient_text_color=&#8220;#ffffff&#8220; custom_background=&#8220;#ededed&#8220; custom_text=&#8220;#666&#8243; outline_custom_color=&#8220;#666&#8243; outline_custom_hover_background=&#8220;#666&#8243; outline_custom_hover_text=&#8220;#fff&#8220; shape=&#8220;rounded&#8220; color=&#8220;danger&#8220; size=&#8220;lg&#8220; align=&#8220;center&#8220; button_block=&#8220;&#8220; add_icon=&#8220;&#8220; i_align=&#8220;left&#8220; i_type=&#8220;fontawesome&#8220; i_icon_fontawesome=&#8220;fas fa-adjust&#8220; i_icon_openiconic=&#8220;vc-oi vc-oi-dial&#8220; i_icon_typicons=&#8220;typcn typcn-adjust-brightness&#8220; i_icon_entypo=&#8220;entypo-icon entypo-icon-note&#8220; i_icon_linecons=&#8220;vc_li vc_li-heart&#8220; i_icon_monosocial=&#8220;vc-mono vc-mono-fivehundredpx&#8220; i_icon_material=&#8220;vc-material vc-material-cake&#8220; i_icon_pixelicons=&#8220;vc_pixel_icon vc_pixel_icon-alert&#8220; custom_onclick=&#8220;&#8220; link=&#8220;url:https%3A%2F%2Fwww.cerky-studio.com%2Fcontact%2F|||&#8220; custom_onclick_code=&#8220;&#8220;][vc_column width=&#8220;1\/6&#8243;][\/vc_column][vc_column width=&#8220;2\/3&#8243;][vc_column_text css=&#8220;&#8220;]<\/p>\n<p style=\"text-align: center;\"><strong>Egal, wo Sie sich befinden \u2013 die Zusammenarbeit beim Mastering bleibt genauso reibungslos und interaktiv, als w\u00e4ren Sie vor Ort \u2013 oder als k\u00e4me Cerky Studio direkt zu Ihnen.<\/strong><\/p>\n<p>[\/vc_column_text][vc_empty_space][\/vc_column][vc_column width=&#8220;1\/6&#8243;][\/vc_column][\/vc_row][vc_row title=&#8220;Je contacte Cerky Studio&#8220; style=&#8220;flat&#8220; gradient_color_1=&#8220;turquoise&#8220; gradient_color_2=&#8220;vista-blue&#8220; gradient_custom_color_1=&#8220;#dd3333&#8243; gradient_custom_color_2=&#8220;#eeee22&#8243; gradient_text_color=&#8220;#ffffff&#8220; custom_background=&#8220;#ededed&#8220; custom_text=&#8220;#666&#8243; outline_custom_color=&#8220;#666&#8243; outline_custom_hover_background=&#8220;#666&#8243; outline_custom_hover_text=&#8220;#fff&#8220; shape=&#8220;rounded&#8220; color=&#8220;danger&#8220; size=&#8220;lg&#8220; align=&#8220;center&#8220; button_block=&#8220;&#8220; add_icon=&#8220;&#8220; i_align=&#8220;left&#8220; i_type=&#8220;fontawesome&#8220; i_icon_fontawesome=&#8220;fas fa-adjust&#8220; i_icon_openiconic=&#8220;vc-oi vc-oi-dial&#8220; i_icon_typicons=&#8220;typcn typcn-adjust-brightness&#8220; i_icon_entypo=&#8220;entypo-icon entypo-icon-note&#8220; i_icon_linecons=&#8220;vc_li vc_li-heart&#8220; i_icon_monosocial=&#8220;vc-mono vc-mono-fivehundredpx&#8220; i_icon_material=&#8220;vc-material vc-material-cake&#8220; i_icon_pixelicons=&#8220;vc_pixel_icon vc_pixel_icon-alert&#8220; custom_onclick=&#8220;&#8220; link=&#8220;url:https%3A%2F%2Fwww.cerky-studio.com%2Fcontact%2F|||&#8220; custom_onclick_code=&#8220;&#8220;][vc_column width=&#8220;1\/6&#8243;][\/vc_column][vc_column width=&#8220;2\/3&#8243;][vc_column_text css=&#8220;&#8220;]<\/p>\n<p style=\"text-align: center;\"><strong>Siehe auch<\/strong> : <a href=\"https:\/\/www.cerky-studio.com\/de\/mixing\/online\/\">Online Mixing<\/a><\/p>\n<p>[\/vc_column_text][\/vc_column][vc_column width=&#8220;1\/6&#8243;][\/vc_column][\/vc_row][vc_row title=&#8220;Je contacte Cerky Studio&#8220; style=&#8220;flat&#8220; gradient_color_1=&#8220;turquoise&#8220; gradient_color_2=&#8220;vista-blue&#8220; gradient_custom_color_1=&#8220;#dd3333&#8243; gradient_custom_color_2=&#8220;#eeee22&#8243; gradient_text_color=&#8220;#ffffff&#8220; custom_background=&#8220;#ededed&#8220; custom_text=&#8220;#666&#8243; outline_custom_color=&#8220;#666&#8243; outline_custom_hover_background=&#8220;#666&#8243; outline_custom_hover_text=&#8220;#fff&#8220; shape=&#8220;rounded&#8220; color=&#8220;danger&#8220; size=&#8220;lg&#8220; align=&#8220;center&#8220; button_block=&#8220;&#8220; add_icon=&#8220;&#8220; i_align=&#8220;left&#8220; i_type=&#8220;fontawesome&#8220; i_icon_fontawesome=&#8220;fas fa-adjust&#8220; i_icon_openiconic=&#8220;vc-oi vc-oi-dial&#8220; i_icon_typicons=&#8220;typcn typcn-adjust-brightness&#8220; i_icon_entypo=&#8220;entypo-icon entypo-icon-note&#8220; i_icon_linecons=&#8220;vc_li vc_li-heart&#8220; i_icon_monosocial=&#8220;vc-mono vc-mono-fivehundredpx&#8220; i_icon_material=&#8220;vc-material vc-material-cake&#8220; i_icon_pixelicons=&#8220;vc_pixel_icon vc_pixel_icon-alert&#8220; custom_onclick=&#8220;&#8220; link=&#8220;url:https%3A%2F%2Fwww.cerky-studio.com%2Fcontact%2F|||&#8220; custom_onclick_code=&#8220;&#8220;][vc_column][vc_empty_space][\/vc_column][\/vc_row][vc_row title=&#8220;Je contacte Cerky Studio&#8220; style=&#8220;flat&#8220; gradient_color_1=&#8220;turquoise&#8220; gradient_color_2=&#8220;vista-blue&#8220; gradient_custom_color_1=&#8220;#dd3333&#8243; gradient_custom_color_2=&#8220;#eeee22&#8243; gradient_text_color=&#8220;#ffffff&#8220; custom_background=&#8220;#ededed&#8220; custom_text=&#8220;#666&#8243; outline_custom_color=&#8220;#666&#8243; outline_custom_hover_background=&#8220;#666&#8243; outline_custom_hover_text=&#8220;#fff&#8220; shape=&#8220;rounded&#8220; color=&#8220;danger&#8220; size=&#8220;lg&#8220; align=&#8220;center&#8220; button_block=&#8220;&#8220; add_icon=&#8220;&#8220; i_align=&#8220;left&#8220; i_type=&#8220;fontawesome&#8220; i_icon_fontawesome=&#8220;fas fa-adjust&#8220; i_icon_openiconic=&#8220;vc-oi vc-oi-dial&#8220; i_icon_typicons=&#8220;typcn typcn-adjust-brightness&#8220; i_icon_entypo=&#8220;entypo-icon entypo-icon-note&#8220; i_icon_linecons=&#8220;vc_li vc_li-heart&#8220; i_icon_monosocial=&#8220;vc-mono vc-mono-fivehundredpx&#8220; i_icon_material=&#8220;vc-material vc-material-cake&#8220; i_icon_pixelicons=&#8220;vc_pixel_icon vc_pixel_icon-alert&#8220; custom_onclick=&#8220;&#8220; link=&#8220;url:https%3A%2F%2Fwww.cerky-studio.com%2Fcontact%2F|||&#8220; custom_onclick_code=&#8220;&#8220;][vc_column][vc_btn title=&#8220;Cerky Studio kontaktieren&#8220; style=&#8220;flat&#8220; color=&#8220;danger&#8220; size=&#8220;lg&#8220; align=&#8220;center&#8220; css=&#8220;&#8220; link=&#8220;url:https%3A%2F%2Fwww.cerky-studio.com%2Fcontact%2F|||&#8220;][\/vc_column][\/vc_row]<\/p>\n<\/div>","protected":false},"excerpt":{"rendered":"<p>[vc_row][vc_column width=&#8220;1\/6&#8243;][\/vc_column][vc_column width=&#8220;2\/3&#8243;][vc_column_text css=&#8220;&#8220;] Ein Mastering-Service aus der Ferne Cerky Studio mit Sitz in Zillisheim, in der N\u00e4he von Mulhouse, bietet auch Mastering-Dienstleistungen aus der Ferne an, sodass K\u00fcnstler und Labels in ganz Frankreich (und dar\u00fcber hinaus) von seiner Expertise und seinem K\u00f6nnen profitieren k\u00f6nnen. Sie m\u00fcssen lediglich Ihren fertig gemischten Track per E-Mail senden: [&hellip;]<\/p>\n","protected":false},"author":2,"featured_media":0,"parent":3783,"menu_order":26,"comment_status":"closed","ping_status":"closed","template":"","meta":{"footnotes":""},"class_list":["post-3816","page","type-page","status-publish","hentry"],"yoast_head":"<!-- This site is optimized with the Yoast SEO plugin v26.1.1 - https:\/\/yoast.com\/wordpress\/plugins\/seo\/ -->\n<title>Online mastering, Mastering Service aus der Ferne,<\/title>\n<meta name=\"description\" content=\"Online Mastering bei Cerky Studio: Senden Sie Ihren Mix und verfolgen Sie die Session in Echtzeit-Streaming, mit individueller Betreuung und professionellem, ver\u00f6ffentlichungsfertigem Ergebnis\" \/>\n<meta name=\"robots\" content=\"index, follow, max-snippet:-1, max-image-preview:large, max-video-preview:-1\" \/>\n<link rel=\"canonical\" href=\"https:\/\/www.cerky-studio.com\/de\/mastering\/online\/\" \/>\n<meta property=\"og:locale\" content=\"de_DE\" \/>\n<meta property=\"og:type\" content=\"article\" \/>\n<meta property=\"og:title\" content=\"Online mastering, Mastering Service aus der Ferne,\" \/>\n<meta property=\"og:description\" content=\"Online Mastering bei Cerky Studio: Senden Sie Ihren Mix und verfolgen Sie die Session in Echtzeit-Streaming, mit individueller Betreuung und professionellem, ver\u00f6ffentlichungsfertigem Ergebnis\" \/>\n<meta property=\"og:url\" content=\"https:\/\/www.cerky-studio.com\/de\/mastering\/online\/\" \/>\n<meta property=\"og:site_name\" content=\"Cerky Studio\" \/>\n<meta property=\"article:publisher\" content=\"https:\/\/www.facebook.com\/DjCerk\" \/>\n<meta property=\"article:modified_time\" content=\"2026-05-07T08:33:19+00:00\" \/>\n<meta name=\"twitter:card\" content=\"summary_large_image\" \/>\n<meta name=\"twitter:site\" content=\"@DJ_CERK\" \/>\n<meta name=\"twitter:label1\" content=\"Gesch\u00e4tzte Lesezeit\" \/>\n\t<meta name=\"twitter:data1\" content=\"3\u00a0Minuten\" \/>\n<script type=\"application\/ld+json\" class=\"yoast-schema-graph\">{\"@context\":\"https:\/\/schema.org\",\"@graph\":[{\"@type\":\"WebPage\",\"@id\":\"https:\/\/www.cerky-studio.com\/de\/mastering\/online\/\",\"url\":\"https:\/\/www.cerky-studio.com\/de\/mastering\/online\/\",\"name\":\"Online mastering, Mastering Service aus der Ferne,\",\"isPartOf\":{\"@id\":\"https:\/\/www.cerky-studio.com\/de\/#website\"},\"datePublished\":\"2025-08-17T09:03:27+00:00\",\"dateModified\":\"2026-05-07T08:33:19+00:00\",\"description\":\"Online Mastering bei Cerky Studio: Senden Sie Ihren Mix und verfolgen Sie die Session in Echtzeit-Streaming, mit individueller Betreuung und professionellem, ver\u00f6ffentlichungsfertigem Ergebnis\",\"breadcrumb\":{\"@id\":\"https:\/\/www.cerky-studio.com\/de\/mastering\/online\/#breadcrumb\"},\"inLanguage\":\"de\",\"potentialAction\":[{\"@type\":\"ReadAction\",\"target\":[\"https:\/\/www.cerky-studio.com\/de\/mastering\/online\/\"]}]},{\"@type\":\"BreadcrumbList\",\"@id\":\"https:\/\/www.cerky-studio.com\/de\/mastering\/online\/#breadcrumb\",\"itemListElement\":[{\"@type\":\"ListItem\",\"position\":1,\"name\":\"Accueil\",\"item\":\"https:\/\/www.cerky-studio.com\/de\/\"},{\"@type\":\"ListItem\",\"position\":2,\"name\":\"Mastering\",\"item\":\"https:\/\/www.cerky-studio.com\/de\/mastering\/\"},{\"@type\":\"ListItem\",\"position\":3,\"name\":\"Online Mastering\"}]},{\"@type\":\"WebSite\",\"@id\":\"https:\/\/www.cerky-studio.com\/de\/#website\",\"url\":\"https:\/\/www.cerky-studio.com\/de\/\",\"name\":\"Cerky Studio\",\"description\":\"Studio de mixage et mastering \u00e0 Mulhouse et en ligne\",\"publisher\":{\"@id\":\"https:\/\/www.cerky-studio.com\/de\/#organization\"},\"potentialAction\":[{\"@type\":\"SearchAction\",\"target\":{\"@type\":\"EntryPoint\",\"urlTemplate\":\"https:\/\/www.cerky-studio.com\/de\/?s={search_term_string}\"},\"query-input\":{\"@type\":\"PropertyValueSpecification\",\"valueRequired\":true,\"valueName\":\"search_term_string\"}}],\"inLanguage\":\"de\"},{\"@type\":\"Organization\",\"@id\":\"https:\/\/www.cerky-studio.com\/de\/#organization\",\"name\":\"Cerky Studio\",\"url\":\"https:\/\/www.cerky-studio.com\/de\/\",\"logo\":{\"@type\":\"ImageObject\",\"inLanguage\":\"de\",\"@id\":\"https:\/\/www.cerky-studio.com\/de\/#\/schema\/logo\/image\/\",\"url\":\"https:\/\/www.cerky-studio.com\/wp-cerky\/uploads\/2018\/11\/cerky-studio-logo-noir-big.png\",\"contentUrl\":\"https:\/\/www.cerky-studio.com\/wp-cerky\/uploads\/2018\/11\/cerky-studio-logo-noir-big.png\",\"width\":912,\"height\":787,\"caption\":\"Cerky Studio\"},\"image\":{\"@id\":\"https:\/\/www.cerky-studio.com\/de\/#\/schema\/logo\/image\/\"},\"sameAs\":[\"https:\/\/www.facebook.com\/DjCerk\",\"https:\/\/x.com\/DJ_CERK\",\"https:\/\/www.instagram.com\/dj.cerk\/\",\"https:\/\/www.youtube.com\/djcerk07\"]}]}<\/script>\n<!-- \/ Yoast SEO plugin. -->","yoast_head_json":{"title":"Online mastering, Mastering Service aus der Ferne,","description":"Online Mastering bei Cerky Studio: Senden Sie Ihren Mix und verfolgen Sie die Session in Echtzeit-Streaming, mit individueller Betreuung und professionellem, ver\u00f6ffentlichungsfertigem Ergebnis","robots":{"index":"index","follow":"follow","max-snippet":"max-snippet:-1","max-image-preview":"max-image-preview:large","max-video-preview":"max-video-preview:-1"},"canonical":"https:\/\/www.cerky-studio.com\/de\/mastering\/online\/","og_locale":"de_DE","og_type":"article","og_title":"Online mastering, Mastering Service aus der Ferne,","og_description":"Online Mastering bei Cerky Studio: Senden Sie Ihren Mix und verfolgen Sie die Session in Echtzeit-Streaming, mit individueller Betreuung und professionellem, ver\u00f6ffentlichungsfertigem Ergebnis","og_url":"https:\/\/www.cerky-studio.com\/de\/mastering\/online\/","og_site_name":"Cerky Studio","article_publisher":"https:\/\/www.facebook.com\/DjCerk","article_modified_time":"2026-05-07T08:33:19+00:00","twitter_card":"summary_large_image","twitter_site":"@DJ_CERK","twitter_misc":{"Gesch\u00e4tzte Lesezeit":"3\u00a0Minuten"},"schema":{"@context":"https:\/\/schema.org","@graph":[{"@type":"WebPage","@id":"https:\/\/www.cerky-studio.com\/de\/mastering\/online\/","url":"https:\/\/www.cerky-studio.com\/de\/mastering\/online\/","name":"Online mastering, Mastering Service aus der Ferne,","isPartOf":{"@id":"https:\/\/www.cerky-studio.com\/de\/#website"},"datePublished":"2025-08-17T09:03:27+00:00","dateModified":"2026-05-07T08:33:19+00:00","description":"Online Mastering bei Cerky Studio: Senden Sie Ihren Mix und verfolgen Sie die Session in Echtzeit-Streaming, mit individueller Betreuung und professionellem, ver\u00f6ffentlichungsfertigem Ergebnis","breadcrumb":{"@id":"https:\/\/www.cerky-studio.com\/de\/mastering\/online\/#breadcrumb"},"inLanguage":"de","potentialAction":[{"@type":"ReadAction","target":["https:\/\/www.cerky-studio.com\/de\/mastering\/online\/"]}]},{"@type":"BreadcrumbList","@id":"https:\/\/www.cerky-studio.com\/de\/mastering\/online\/#breadcrumb","itemListElement":[{"@type":"ListItem","position":1,"name":"Accueil","item":"https:\/\/www.cerky-studio.com\/de\/"},{"@type":"ListItem","position":2,"name":"Mastering","item":"https:\/\/www.cerky-studio.com\/de\/mastering\/"},{"@type":"ListItem","position":3,"name":"Online Mastering"}]},{"@type":"WebSite","@id":"https:\/\/www.cerky-studio.com\/de\/#website","url":"https:\/\/www.cerky-studio.com\/de\/","name":"Cerky Studio","description":"Studio de mixage et mastering \u00e0 Mulhouse et en ligne","publisher":{"@id":"https:\/\/www.cerky-studio.com\/de\/#organization"},"potentialAction":[{"@type":"SearchAction","target":{"@type":"EntryPoint","urlTemplate":"https:\/\/www.cerky-studio.com\/de\/?s={search_term_string}"},"query-input":{"@type":"PropertyValueSpecification","valueRequired":true,"valueName":"search_term_string"}}],"inLanguage":"de"},{"@type":"Organization","@id":"https:\/\/www.cerky-studio.com\/de\/#organization","name":"Cerky Studio","url":"https:\/\/www.cerky-studio.com\/de\/","logo":{"@type":"ImageObject","inLanguage":"de","@id":"https:\/\/www.cerky-studio.com\/de\/#\/schema\/logo\/image\/","url":"https:\/\/www.cerky-studio.com\/wp-cerky\/uploads\/2018\/11\/cerky-studio-logo-noir-big.png","contentUrl":"https:\/\/www.cerky-studio.com\/wp-cerky\/uploads\/2018\/11\/cerky-studio-logo-noir-big.png","width":912,"height":787,"caption":"Cerky Studio"},"image":{"@id":"https:\/\/www.cerky-studio.com\/de\/#\/schema\/logo\/image\/"},"sameAs":["https:\/\/www.facebook.com\/DjCerk","https:\/\/x.com\/DJ_CERK","https:\/\/www.instagram.com\/dj.cerk\/","https:\/\/www.youtube.com\/djcerk07"]}]}},"_links":{"self":[{"href":"https:\/\/www.cerky-studio.com\/de\/wp-json\/wp\/v2\/pages\/3816","targetHints":{"allow":["GET"]}}],"collection":[{"href":"https:\/\/www.cerky-studio.com\/de\/wp-json\/wp\/v2\/pages"}],"about":[{"href":"https:\/\/www.cerky-studio.com\/de\/wp-json\/wp\/v2\/types\/page"}],"author":[{"embeddable":true,"href":"https:\/\/www.cerky-studio.com\/de\/wp-json\/wp\/v2\/users\/2"}],"replies":[{"embeddable":true,"href":"https:\/\/www.cerky-studio.com\/de\/wp-json\/wp\/v2\/comments?post=3816"}],"version-history":[{"count":4,"href":"https:\/\/www.cerky-studio.com\/de\/wp-json\/wp\/v2\/pages\/3816\/revisions"}],"predecessor-version":[{"id":3851,"href":"https:\/\/www.cerky-studio.com\/de\/wp-json\/wp\/v2\/pages\/3816\/revisions\/3851"}],"up":[{"embeddable":true,"href":"https:\/\/www.cerky-studio.com\/de\/wp-json\/wp\/v2\/pages\/3783"}],"wp:attachment":[{"href":"https:\/\/www.cerky-studio.com\/de\/wp-json\/wp\/v2\/media?parent=3816"}],"curies":[{"name":"wp","href":"https:\/\/api.w.org\/{rel}","templated":true}]}}