{"id":3821,"date":"2018-10-19T10:44:38","date_gmt":"2018-10-19T08:44:38","guid":{"rendered":"https:\/\/www.cerky-studio.com\/references\/"},"modified":"2026-05-07T11:09:59","modified_gmt":"2026-05-07T09:09:59","slug":"referenzen","status":"publish","type":"page","link":"https:\/\/www.cerky-studio.com\/de\/referenzen\/","title":{"rendered":"Referenzen"},"content":{"rendered":"<div class=\"wpb-content-wrapper\"><p>[vc_row][vc_column width=&#8220;1\/6&#8243;][vc_empty_space][\/vc_column][vc_column width=&#8220;2\/3&#8243;][vc_column_text css=&#8220;&#8220;]<\/p>\n<h2 style=\"text-align: center;\">Entdecken Sie die K\u00fcnstler, die mit Cerky Studio zusammengearbeitet haben<\/h2>\n<p style=\"text-align: center;\">In 20 Jahren Leidenschaft und 9 Jahren aktiver Studiot\u00e4tigkeit hatte Cerky Studio das Gl\u00fcck, mit zahlreichen K\u00fcnstlern und Medien zusammenzuarbeiten, darunter:<\/p>\n<p style=\"text-align: center; font-size: 20px; font-weight: bold;\">Vald, Claudio Cap\u00e9o, Eloiz, Redbull, Nepal, K-rip, DF, SMR, Ugo Ayss, Roxane Gelis, Netflix, Gulli, France TV, DJ Scribe, Reks, Smif-n-Wessun, Edo G, Napoleon Da Legend, Guilty Simpson, Nejma Nefertiti, RIM, Jamal Gazol, Ruste Juxx, Skyzoo, Keith Murray, Aizen, Artcore State Of Mind, Narf8, AD, Sph\u00e8re Primaire, Antonio Kary, D-BangerZ, Broad Rush, Teddy Fam\u2019as, Beto, Mehdi Aza, Lady Eclectic, Nove, Salad\u2019Tomat\u2019Onion, Jules &amp; L\u00e9on, Bye Bye Bye&#8230;<\/p>\n<p>[\/vc_column_text][vc_empty_space][\/vc_column][vc_column width=&#8220;1\/6&#8243;][\/vc_column][\/vc_row][vc_row][vc_column width=&#8220;1\/3&#8243;][vc_single_image image=&#8220;3549&#8243; img_size=&#8220;Medium&#8220; alignment=&#8220;center&#8220; onclick=&#8220;link_image&#8220; css=&#8220;&#8220;][\/vc_column][vc_column width=&#8220;1\/3&#8243;][vc_gallery type=&#8220;flexslider_slide&#8220; interval=&#8220;3&#8243; images=&#8220;3537,3517,3529,3509,3511,3527,3533,3535,3598,3539,3541,3543,3531,3521,3523,3519,3515,3513&#8243; img_size=&#8220;spectra-portfolio-thumb&#8220; onclick=&#8220;&#8220; css=&#8220;&#8220;][\/vc_column][vc_column width=&#8220;1\/3&#8243;][vc_single_image image=&#8220;3547&#8243; img_size=&#8220;medium&#8220; alignment=&#8220;center&#8220; onclick=&#8220;link_image&#8220; css=&#8220;&#8220;][\/vc_column][\/vc_row][vc_row][vc_column][vc_empty_space][vc_btn title=&#8220;Cerky Studio kontaktieren&#8220; style=&#8220;flat&#8220; color=&#8220;danger&#8220; size=&#8220;lg&#8220; align=&#8220;center&#8220; css=&#8220;&#8220; link=&#8220;url:https%3A%2F%2Fwww.cerky-studio.com%2Fcontact%2F|||&#8220;][vc_empty_space][\/vc_column][\/vc_row][vc_row][vc_column width=&#8220;1\/2&#8243;][vc_video link=&#8220;https:\/\/www.youtube.com\/watch?v=d1bUGGhLyRo&amp;rel=0&#8243; align=&#8220;center&#8220; css=&#8220;&#8220;][vc_empty_space][vc_video link=&#8220;https:\/\/youtu.be\/kH4PmH62lQU?si=xZV4t7yBv6psfunl&amp;rel=0&#8243; align=&#8220;center&#8220; css=&#8220;&#8220;][vc_empty_space][vc_video link=&#8220;https:\/\/youtu.be\/z_VL605ByJ4?si=7RmPm64DfZTQQ_rM&#8220; css=&#8220;&#8220;][vc_empty_space][vc_video link=&#8220;https:\/\/www.youtube.com\/watch?v=YTzVdXjCrT8&#8243; css=&#8220;&#8220;][\/vc_column][vc_column width=&#8220;1\/2&#8243;][vc_column_text css=&#8220;&#8220;]https:\/\/open.spotify.com\/intl-fr\/album\/1HWGK2XqEki7xuTn8trrI5?si=AheAogi_S0ycKvSrISX-mw[\/vc_column_text][vc_empty_space][vc_column_text css=&#8220;&#8220;]https:\/\/open.spotify.com\/track\/2K4HEVz2zgYgUJIWpSMkC6?si=xmqtQhKlQuuCH6Vrl77xYg[\/vc_column_text][vc_empty_space][vc_column_text css=&#8220;&#8220;]https:\/\/open.spotify.com\/intl-fr\/album\/1CSboYcyIkFalHMhN44Yqa[\/vc_column_text][vc_empty_space][vc_column_text css=&#8220;&#8220;]https:\/\/open.spotify.com\/intl-fr\/album\/6wJX08PnaSPQCwuKyzwuSV[\/vc_column_text][\/vc_column][\/vc_row][vc_row][vc_column width=&#8220;1\/3&#8243;][\/vc_column][vc_column width=&#8220;1\/3&#8243;][vc_single_image image=&#8220;3387&#8243; img_size=&#8220;medium&#8220; alignment=&#8220;center&#8220; css=&#8220;&#8220;][\/vc_column][vc_column width=&#8220;1\/3&#8243;][\/vc_column][\/vc_row][vc_row title=&#8220;Je contacte Cerky Studio&#8220; style=&#8220;flat&#8220; gradient_color_1=&#8220;turquoise&#8220; gradient_color_2=&#8220;vista-blue&#8220; gradient_custom_color_1=&#8220;#dd3333&#8243; gradient_custom_color_2=&#8220;#eeee22&#8243; gradient_text_color=&#8220;#ffffff&#8220; custom_background=&#8220;#ededed&#8220; custom_text=&#8220;#666&#8243; outline_custom_color=&#8220;#666&#8243; outline_custom_hover_background=&#8220;#666&#8243; outline_custom_hover_text=&#8220;#fff&#8220; shape=&#8220;rounded&#8220; color=&#8220;danger&#8220; size=&#8220;lg&#8220; align=&#8220;center&#8220; button_block=&#8220;&#8220; add_icon=&#8220;&#8220; i_align=&#8220;left&#8220; i_type=&#8220;fontawesome&#8220; i_icon_fontawesome=&#8220;fas fa-adjust&#8220; i_icon_openiconic=&#8220;vc-oi vc-oi-dial&#8220; i_icon_typicons=&#8220;typcn typcn-adjust-brightness&#8220; i_icon_entypo=&#8220;entypo-icon entypo-icon-note&#8220; i_icon_linecons=&#8220;vc_li vc_li-heart&#8220; i_icon_monosocial=&#8220;vc-mono vc-mono-fivehundredpx&#8220; i_icon_material=&#8220;vc-material vc-material-cake&#8220; i_icon_pixelicons=&#8220;vc_pixel_icon vc_pixel_icon-alert&#8220; custom_onclick=&#8220;&#8220; link=&#8220;url:https%3A%2F%2Fwww.cerky-studio.com%2Fcontact%2F|||&#8220; custom_onclick_code=&#8220;&#8220;][vc_column][vc_empty_space][vc_btn title=&#8220;Cerky Studio kontaktieren&#8220; style=&#8220;flat&#8220; color=&#8220;danger&#8220; size=&#8220;lg&#8220; align=&#8220;center&#8220; css=&#8220;&#8220; link=&#8220;url:https%3A%2F%2Fwww.cerky-studio.com%2Fcontact%2F|||&#8220;][\/vc_column][\/vc_row]<\/p>\n<\/div>","protected":false},"excerpt":{"rendered":"<p>[vc_row][vc_column width=&#8220;1\/6&#8243;][vc_empty_space][\/vc_column][vc_column width=&#8220;2\/3&#8243;][vc_column_text css=&#8220;&#8220;] Entdecken Sie die K\u00fcnstler, die mit Cerky Studio zusammengearbeitet haben In 20 Jahren Leidenschaft und 9 Jahren aktiver Studiot\u00e4tigkeit hatte Cerky Studio das Gl\u00fcck, mit zahlreichen K\u00fcnstlern und Medien zusammenzuarbeiten, darunter: Vald, Claudio Cap\u00e9o, Eloiz, Redbull, Nepal, K-rip, DF, SMR, Ugo Ayss, Roxane Gelis, Netflix, Gulli, France TV, DJ Scribe, Reks, [&hellip;]<\/p>\n","protected":false},"author":2,"featured_media":0,"parent":0,"menu_order":3,"comment_status":"closed","ping_status":"closed","template":"","meta":{"footnotes":""},"class_list":["post-3821","page","type-page","status-publish","hentry"],"yoast_head":"<!-- This site is optimized with the Yoast SEO plugin v26.1.1 - https:\/\/yoast.com\/wordpress\/plugins\/seo\/ -->\n<title>Cerky Studio mixing und mastering Referenze: K\u00fcnstler, Medien<\/title>\n<meta name=\"description\" content=\"Entdecken Sie die K\u00fcnstler und Projekte, die mit Cerky Studio zusammengearbeitet haben: Vald, Claudio Cap\u00e9o, Nepal, Smif-n-Wessun, Netflix, Gulli und viele mehr \u2013 f\u00fcr professionelle Produktionen, Mixing und Mastering\" \/>\n<meta name=\"robots\" content=\"index, follow, max-snippet:-1, max-image-preview:large, max-video-preview:-1\" \/>\n<link rel=\"canonical\" href=\"https:\/\/www.cerky-studio.com\/de\/referenzen\/\" \/>\n<meta property=\"og:locale\" content=\"de_DE\" \/>\n<meta property=\"og:type\" content=\"article\" \/>\n<meta property=\"og:title\" content=\"Cerky Studio mixing und mastering Referenze: K\u00fcnstler, Medien\" \/>\n<meta property=\"og:description\" content=\"Entdecken Sie die K\u00fcnstler und Projekte, die mit Cerky Studio zusammengearbeitet haben: Vald, Claudio Cap\u00e9o, Nepal, Smif-n-Wessun, Netflix, Gulli und viele mehr \u2013 f\u00fcr professionelle Produktionen, Mixing und Mastering\" \/>\n<meta property=\"og:url\" content=\"https:\/\/www.cerky-studio.com\/de\/referenzen\/\" \/>\n<meta property=\"og:site_name\" content=\"Cerky Studio\" \/>\n<meta property=\"article:publisher\" content=\"https:\/\/www.facebook.com\/DjCerk\" \/>\n<meta property=\"article:modified_time\" content=\"2026-05-07T09:09:59+00:00\" \/>\n<meta name=\"twitter:card\" content=\"summary_large_image\" \/>\n<meta name=\"twitter:site\" content=\"@DJ_CERK\" \/>\n<meta name=\"twitter:label1\" content=\"Gesch\u00e4tzte Lesezeit\" \/>\n\t<meta name=\"twitter:data1\" content=\"2\u00a0Minuten\" \/>\n<script type=\"application\/ld+json\" class=\"yoast-schema-graph\">{\"@context\":\"https:\/\/schema.org\",\"@graph\":[{\"@type\":\"WebPage\",\"@id\":\"https:\/\/www.cerky-studio.com\/de\/referenzen\/\",\"url\":\"https:\/\/www.cerky-studio.com\/de\/referenzen\/\",\"name\":\"Cerky Studio mixing und mastering Referenze: K\u00fcnstler, Medien\",\"isPartOf\":{\"@id\":\"https:\/\/www.cerky-studio.com\/de\/#website\"},\"datePublished\":\"2018-10-19T08:44:38+00:00\",\"dateModified\":\"2026-05-07T09:09:59+00:00\",\"description\":\"Entdecken Sie die K\u00fcnstler und Projekte, die mit Cerky Studio zusammengearbeitet haben: Vald, Claudio Cap\u00e9o, Nepal, Smif-n-Wessun, Netflix, Gulli und viele mehr \u2013 f\u00fcr professionelle Produktionen, Mixing und Mastering\",\"breadcrumb\":{\"@id\":\"https:\/\/www.cerky-studio.com\/de\/referenzen\/#breadcrumb\"},\"inLanguage\":\"de\",\"potentialAction\":[{\"@type\":\"ReadAction\",\"target\":[\"https:\/\/www.cerky-studio.com\/de\/referenzen\/\"]}]},{\"@type\":\"BreadcrumbList\",\"@id\":\"https:\/\/www.cerky-studio.com\/de\/referenzen\/#breadcrumb\",\"itemListElement\":[{\"@type\":\"ListItem\",\"position\":1,\"name\":\"Accueil\",\"item\":\"https:\/\/www.cerky-studio.com\/de\/\"},{\"@type\":\"ListItem\",\"position\":2,\"name\":\"Referenzen\"}]},{\"@type\":\"WebSite\",\"@id\":\"https:\/\/www.cerky-studio.com\/de\/#website\",\"url\":\"https:\/\/www.cerky-studio.com\/de\/\",\"name\":\"Cerky Studio\",\"description\":\"Studio de mixage et mastering \u00e0 Mulhouse et en ligne\",\"publisher\":{\"@id\":\"https:\/\/www.cerky-studio.com\/de\/#organization\"},\"potentialAction\":[{\"@type\":\"SearchAction\",\"target\":{\"@type\":\"EntryPoint\",\"urlTemplate\":\"https:\/\/www.cerky-studio.com\/de\/?s={search_term_string}\"},\"query-input\":{\"@type\":\"PropertyValueSpecification\",\"valueRequired\":true,\"valueName\":\"search_term_string\"}}],\"inLanguage\":\"de\"},{\"@type\":\"Organization\",\"@id\":\"https:\/\/www.cerky-studio.com\/de\/#organization\",\"name\":\"Cerky Studio\",\"url\":\"https:\/\/www.cerky-studio.com\/de\/\",\"logo\":{\"@type\":\"ImageObject\",\"inLanguage\":\"de\",\"@id\":\"https:\/\/www.cerky-studio.com\/de\/#\/schema\/logo\/image\/\",\"url\":\"https:\/\/www.cerky-studio.com\/wp-cerky\/uploads\/2018\/11\/cerky-studio-logo-noir-big.png\",\"contentUrl\":\"https:\/\/www.cerky-studio.com\/wp-cerky\/uploads\/2018\/11\/cerky-studio-logo-noir-big.png\",\"width\":912,\"height\":787,\"caption\":\"Cerky Studio\"},\"image\":{\"@id\":\"https:\/\/www.cerky-studio.com\/de\/#\/schema\/logo\/image\/\"},\"sameAs\":[\"https:\/\/www.facebook.com\/DjCerk\",\"https:\/\/x.com\/DJ_CERK\",\"https:\/\/www.instagram.com\/dj.cerk\/\",\"https:\/\/www.youtube.com\/djcerk07\"]}]}<\/script>\n<!-- \/ Yoast SEO plugin. -->","yoast_head_json":{"title":"Cerky Studio mixing und mastering Referenze: K\u00fcnstler, Medien","description":"Entdecken Sie die K\u00fcnstler und Projekte, die mit Cerky Studio zusammengearbeitet haben: Vald, Claudio Cap\u00e9o, Nepal, Smif-n-Wessun, Netflix, Gulli und viele mehr \u2013 f\u00fcr professionelle Produktionen, Mixing und Mastering","robots":{"index":"index","follow":"follow","max-snippet":"max-snippet:-1","max-image-preview":"max-image-preview:large","max-video-preview":"max-video-preview:-1"},"canonical":"https:\/\/www.cerky-studio.com\/de\/referenzen\/","og_locale":"de_DE","og_type":"article","og_title":"Cerky Studio mixing und mastering Referenze: K\u00fcnstler, Medien","og_description":"Entdecken Sie die K\u00fcnstler und Projekte, die mit Cerky Studio zusammengearbeitet haben: Vald, Claudio Cap\u00e9o, Nepal, Smif-n-Wessun, Netflix, Gulli und viele mehr \u2013 f\u00fcr professionelle Produktionen, Mixing und Mastering","og_url":"https:\/\/www.cerky-studio.com\/de\/referenzen\/","og_site_name":"Cerky Studio","article_publisher":"https:\/\/www.facebook.com\/DjCerk","article_modified_time":"2026-05-07T09:09:59+00:00","twitter_card":"summary_large_image","twitter_site":"@DJ_CERK","twitter_misc":{"Gesch\u00e4tzte Lesezeit":"2\u00a0Minuten"},"schema":{"@context":"https:\/\/schema.org","@graph":[{"@type":"WebPage","@id":"https:\/\/www.cerky-studio.com\/de\/referenzen\/","url":"https:\/\/www.cerky-studio.com\/de\/referenzen\/","name":"Cerky Studio mixing und mastering Referenze: K\u00fcnstler, Medien","isPartOf":{"@id":"https:\/\/www.cerky-studio.com\/de\/#website"},"datePublished":"2018-10-19T08:44:38+00:00","dateModified":"2026-05-07T09:09:59+00:00","description":"Entdecken Sie die K\u00fcnstler und Projekte, die mit Cerky Studio zusammengearbeitet haben: Vald, Claudio Cap\u00e9o, Nepal, Smif-n-Wessun, Netflix, Gulli und viele mehr \u2013 f\u00fcr professionelle Produktionen, Mixing und Mastering","breadcrumb":{"@id":"https:\/\/www.cerky-studio.com\/de\/referenzen\/#breadcrumb"},"inLanguage":"de","potentialAction":[{"@type":"ReadAction","target":["https:\/\/www.cerky-studio.com\/de\/referenzen\/"]}]},{"@type":"BreadcrumbList","@id":"https:\/\/www.cerky-studio.com\/de\/referenzen\/#breadcrumb","itemListElement":[{"@type":"ListItem","position":1,"name":"Accueil","item":"https:\/\/www.cerky-studio.com\/de\/"},{"@type":"ListItem","position":2,"name":"Referenzen"}]},{"@type":"WebSite","@id":"https:\/\/www.cerky-studio.com\/de\/#website","url":"https:\/\/www.cerky-studio.com\/de\/","name":"Cerky Studio","description":"Studio de mixage et mastering \u00e0 Mulhouse et en ligne","publisher":{"@id":"https:\/\/www.cerky-studio.com\/de\/#organization"},"potentialAction":[{"@type":"SearchAction","target":{"@type":"EntryPoint","urlTemplate":"https:\/\/www.cerky-studio.com\/de\/?s={search_term_string}"},"query-input":{"@type":"PropertyValueSpecification","valueRequired":true,"valueName":"search_term_string"}}],"inLanguage":"de"},{"@type":"Organization","@id":"https:\/\/www.cerky-studio.com\/de\/#organization","name":"Cerky Studio","url":"https:\/\/www.cerky-studio.com\/de\/","logo":{"@type":"ImageObject","inLanguage":"de","@id":"https:\/\/www.cerky-studio.com\/de\/#\/schema\/logo\/image\/","url":"https:\/\/www.cerky-studio.com\/wp-cerky\/uploads\/2018\/11\/cerky-studio-logo-noir-big.png","contentUrl":"https:\/\/www.cerky-studio.com\/wp-cerky\/uploads\/2018\/11\/cerky-studio-logo-noir-big.png","width":912,"height":787,"caption":"Cerky Studio"},"image":{"@id":"https:\/\/www.cerky-studio.com\/de\/#\/schema\/logo\/image\/"},"sameAs":["https:\/\/www.facebook.com\/DjCerk","https:\/\/x.com\/DJ_CERK","https:\/\/www.instagram.com\/dj.cerk\/","https:\/\/www.youtube.com\/djcerk07"]}]}},"_links":{"self":[{"href":"https:\/\/www.cerky-studio.com\/de\/wp-json\/wp\/v2\/pages\/3821","targetHints":{"allow":["GET"]}}],"collection":[{"href":"https:\/\/www.cerky-studio.com\/de\/wp-json\/wp\/v2\/pages"}],"about":[{"href":"https:\/\/www.cerky-studio.com\/de\/wp-json\/wp\/v2\/types\/page"}],"author":[{"embeddable":true,"href":"https:\/\/www.cerky-studio.com\/de\/wp-json\/wp\/v2\/users\/2"}],"replies":[{"embeddable":true,"href":"https:\/\/www.cerky-studio.com\/de\/wp-json\/wp\/v2\/comments?post=3821"}],"version-history":[{"count":4,"href":"https:\/\/www.cerky-studio.com\/de\/wp-json\/wp\/v2\/pages\/3821\/revisions"}],"predecessor-version":[{"id":4964,"href":"https:\/\/www.cerky-studio.com\/de\/wp-json\/wp\/v2\/pages\/3821\/revisions\/4964"}],"wp:attachment":[{"href":"https:\/\/www.cerky-studio.com\/de\/wp-json\/wp\/v2\/media?parent=3821"}],"curies":[{"name":"wp","href":"https:\/\/api.w.org\/{rel}","templated":true}]}}