{"id":3826,"date":"2018-10-19T10:45:27","date_gmt":"2018-10-19T08:45:27","guid":{"rendered":"https:\/\/www.cerky-studio.com\/cerky\/"},"modified":"2026-05-07T11:24:31","modified_gmt":"2026-05-07T09:24:31","slug":"cerky","status":"publish","type":"page","link":"https:\/\/www.cerky-studio.com\/de\/cerky\/","title":{"rendered":"Cerky"},"content":{"rendered":"<div class=\"wpb-content-wrapper\"><p>[vc_row][vc_column width=&#8220;1\/2&#8243;][vc_column_text css=&#8220;&#8220;]<\/p>\n<h2>Wer ist Cerky ?<\/h2>\n<p>Pierre Lorrain, alias Cerky, <strong>ist Gr\u00fcnder und Toningenieur von Cerky Studio<\/strong>.<br \/>\nAufgewachsen in einem musikalischen Familienumfeld entdeckte er schon fr\u00fch seine Leidenschaft f\u00fcr Klang und <strong>machte seine ersten Schritte in der Musik im Alter von 15 Jahren<\/strong>, <strong>im Jahr 2005<\/strong>, als DJ unter dem Namen <strong>DJ CERK<\/strong>. Schnell entwickelte er sich weiter in Richtung Hip-Hop- und Electro-Produktion, arbeitete mit lokalen K\u00fcnstlern zusammen und gr\u00fcndete sp\u00e4ter die Gruppe A.S.O.M. sowie das Duo DF&amp;CERK, mit denen er durch Frankreich tourte und an Wettbewerben teilnahm (darunter die \u201eInou\u00efs\u201c des Printemps de Bourges).<\/p>\n<p>Durch die Auseinandersetzung mit den technischen Anforderungen der Musikproduktion entdeckte er seine Leidenschaft f\u00fcr <strong>die Arbeit im Studio<\/strong>. Er absolvierte eine Ausbildung in Elektronik (BTS) und studierte anschlie\u00dfend am Institut International de l\u2019Image et du Son (3IS), w\u00e4hrend er sein Heimstudio weiterentwickelte, das schlie\u00dflich zu Cerky Studio wurde.[\/vc_column_text][\/vc_column][vc_column width=&#8220;1\/2&#8243;][vc_empty_space][vc_single_image image=&#8220;4844&#8243; img_size=&#8220;Large&#8220; alignment=&#8220;center&#8220; onclick=&#8220;link_image&#8220; css=&#8220;&#8220;][\/vc_column][\/vc_row][vc_row][vc_column][vc_empty_space][\/vc_column][\/vc_row][vc_row][vc_column width=&#8220;1\/2&#8243;][vc_column_text css=&#8220;&#8220;]Im Laufe seiner Karriere traf er <a href=\"https:\/\/www.cerky-studio.com\/de\/referenzen\/\">zahlreiche pr\u00e4gende K\u00fcnstler<\/a> (A.S.O.M., DF, SMR, 75e Session, N\u00e9pal, Vald, Ormaz, Claudio Cap\u00e9o \u2026), die dazu beitrugen, seine Erfahrung und seine k\u00fcnstlerische Vision zu erweitern.<\/p>\n<p>2017 gr\u00fcndete er <strong>Cerky Studio bei Mulhouse<\/strong>, einen professionellen Raum f\u00fcr K\u00fcnstler aus der Region und dar\u00fcber hinaus. Heute in Zillisheim, im Ballungsraum von Mulhouse, hat das Studio eine noch ausgereiftere Dimension erreicht \u2013 sowohl in technischer Ausstattung als auch in der Qualit\u00e4t der angebotenen Leistungen \u2013 <strong>mit Spezialisierung auf <a href=\"https:\/\/www.cerky-studio.com\/de\/mixing\/dienstleistung\/\">Mix<\/a> und <a href=\"https:\/\/www.cerky-studio.com\/de\/mastering\/dienstleistung\/\">Mastering<\/a><\/strong>.<\/p>\n<p>2022 arbeitete er mit <strong>Claudio Cap\u00e9o<\/strong> und dessen musikalischem Leiter Gil\u2019us zusammen, um das Album \u201eRose des Vents\u201c zu co-produzieren, aufzunehmen und zu mixen \u2013 heute <strong>mit Platin-Auszeichnung und einer Diamant-zertifizierten Single<\/strong>. Au\u00dferdem begleitet er die Band live auf der B\u00fchne als Musiker (Keyboard und Turntables) bei \u00fcber 70 Konzerten in ganz Frankreich.[\/vc_column_text][\/vc_column][vc_column width=&#8220;1\/2&#8243;][vc_single_image image=&#8220;4849&#8243; img_size=&#8220;Large&#8220; alignment=&#8220;center&#8220; onclick=&#8220;link_image&#8220; css=&#8220;&#8220;][\/vc_column][\/vc_row][vc_row][vc_column][vc_empty_space][\/vc_column][\/vc_row][vc_row][vc_column width=&#8220;1\/6&#8243;][\/vc_column][vc_column width=&#8220;2\/3&#8243;][vc_single_image image=&#8220;4924&#8243; img_size=&#8220;Large&#8220; alignment=&#8220;center&#8220; onclick=&#8220;link_image&#8220; css=&#8220;&#8220;][\/vc_column][vc_column width=&#8220;1\/6&#8243;][\/vc_column][\/vc_row][vc_row][vc_column][vc_empty_space][\/vc_column][\/vc_row][vc_row][vc_column][vc_btn title=&#8220;Cerky Studio kontaktieren&#8220; style=&#8220;flat&#8220; color=&#8220;danger&#8220; size=&#8220;lg&#8220; align=&#8220;center&#8220; css=&#8220;&#8220; link=&#8220;url:https%3A%2F%2Fwww.cerky-studio.com%2Fcontact%2F|||&#8220;][\/vc_column][\/vc_row][vc_row][vc_column][vc_empty_space][\/vc_column][\/vc_row][vc_row][vc_column width=&#8220;1\/3&#8243;][\/vc_column][vc_column width=&#8220;1\/3&#8243;][vc_single_image image=&#8220;3545&#8243; img_size=&#8220;medium&#8220; alignment=&#8220;center&#8220; onclick=&#8220;link_image&#8220; css=&#8220;&#8220;][\/vc_column][vc_column width=&#8220;1\/3&#8243;][\/vc_column][\/vc_row][vc_row][vc_column width=&#8220;1\/6&#8243;][\/vc_column][vc_column width=&#8220;2\/3&#8243;][vc_column_text css=&#8220;&#8220;]<\/p>\n<p style=\"text-align: center;\"><strong>Cerky auf allen Plattformen :<\/strong><\/p>\n<div class=\"streaming-links\"><a href=\"https:\/\/open.spotify.com\/artist\/2pCYNnHahOmKzXBSATnhG1?si=17IyZ5CDRDW6Ll_A86p4Sw\" target=\"_blank\" rel=\"noopener\"><img decoding=\"async\" src=\"https:\/\/www.cerky-studio.com\/wp-cerky\/uploads\/2019\/02\/spotify.png\" alt=\"Spotify DJ Cerk\" \/><\/a><a href=\"https:\/\/youtube.com\/DJCERK07\" target=\"_blank\" rel=\"noopener\"><img decoding=\"async\" src=\"https:\/\/www.cerky-studio.com\/wp-cerky\/uploads\/2019\/02\/youtube.png\" alt=\"YouTube DJ Cerk\" \/><\/a><a href=\"https:\/\/soundcloud.com\/djcerk\" target=\"_blank\" rel=\"noopener\"><img decoding=\"async\" src=\"https:\/\/www.cerky-studio.com\/wp-cerky\/uploads\/2019\/02\/soundcloud.png\" alt=\"SoundCloud DJ Cerk\" \/><\/a><a href=\"https:\/\/www.deezer.com\/fr\/artist\/5316121\" target=\"_blank\" rel=\"noopener\"><img decoding=\"async\" src=\"https:\/\/www.cerky-studio.com\/wp-cerky\/uploads\/2019\/02\/deezer.png\" alt=\"Deezer DJ Cerk\" \/><\/a><a href=\"https:\/\/djcerk.bandcamp.com\/\" target=\"_blank\" rel=\"noopener\"><img decoding=\"async\" src=\"https:\/\/www.cerky-studio.com\/wp-cerky\/uploads\/2019\/02\/bandcamp.png\" alt=\"Bandcamp DJ Cerk\" \/><\/a><\/div>\n<p>[\/vc_column_text][\/vc_column][vc_column width=&#8220;1\/6&#8243;][\/vc_column][\/vc_row][vc_row][vc_column][vc_empty_space][\/vc_column][\/vc_row][vc_row][vc_column][vc_column_text css=&#8220;&#8220;]<\/p>\n<p style=\"text-align: center;\">Greifen Sie auf das <a href=\"https:\/\/www.cerky-studio.com\/de\/kit-mixing-mastering-cerky-studio\/\">Mixing und Mastering-Kit<\/a> zu, um alle meine Dienstleistungen f\u00fcr K\u00fcnstler und Labels zu entdecken<\/p>\n<p>[\/vc_column_text][\/vc_column][\/vc_row][vc_row][vc_column][vc_btn title=&#8220;Cerky Studio kontaktieren&#8220; style=&#8220;flat&#8220; color=&#8220;danger&#8220; size=&#8220;lg&#8220; align=&#8220;center&#8220; css=&#8220;&#8220; link=&#8220;url:https%3A%2F%2Fwww.cerky-studio.com%2Fcontact%2F|||&#8220;][\/vc_column][\/vc_row]<\/p>\n<\/div>","protected":false},"excerpt":{"rendered":"<p>[vc_row][vc_column width=&#8220;1\/2&#8243;][vc_column_text css=&#8220;&#8220;] Wer ist Cerky ? Pierre Lorrain, alias Cerky, ist Gr\u00fcnder und Toningenieur von Cerky Studio. Aufgewachsen in einem musikalischen Familienumfeld entdeckte er schon fr\u00fch seine Leidenschaft f\u00fcr Klang und machte seine ersten Schritte in der Musik im Alter von 15 Jahren, im Jahr 2005, als DJ unter dem Namen DJ CERK. Schnell [&hellip;]<\/p>\n","protected":false},"author":2,"featured_media":0,"parent":0,"menu_order":4,"comment_status":"closed","ping_status":"closed","template":"","meta":{"footnotes":""},"class_list":["post-3826","page","type-page","status-publish","hentry"],"yoast_head":"<!-- This site is optimized with the Yoast SEO plugin v26.1.1 - https:\/\/yoast.com\/wordpress\/plugins\/seo\/ -->\n<title>Wer ist Cerky ? Biografie Pierre Lorrain (DJ Cerk) - Cerky Studio<\/title>\n<meta name=\"description\" content=\"Entdecken Sie den Werdegang von Pierre Lorrain alias Cerky, Gr\u00fcnder von Cerky Studio: Toningenieur, Produzent und Musiker, spezialisiert auf Mixing und Mastering, der bereits mit Vald, N\u00e9pal, Claudio Cap\u00e9o und zahlreichen weiteren K\u00fcnstlern zusammengearbeitet hat\" \/>\n<meta name=\"robots\" content=\"index, follow, max-snippet:-1, max-image-preview:large, max-video-preview:-1\" \/>\n<link rel=\"canonical\" href=\"https:\/\/www.cerky-studio.com\/de\/cerky\/\" \/>\n<meta property=\"og:locale\" content=\"de_DE\" \/>\n<meta property=\"og:type\" content=\"article\" \/>\n<meta property=\"og:title\" content=\"Wer ist Cerky ? Biografie Pierre Lorrain (DJ Cerk) - Cerky Studio\" \/>\n<meta property=\"og:description\" content=\"Entdecken Sie den Werdegang von Pierre Lorrain alias Cerky, Gr\u00fcnder von Cerky Studio: Toningenieur, Produzent und Musiker, spezialisiert auf Mixing und Mastering, der bereits mit Vald, N\u00e9pal, Claudio Cap\u00e9o und zahlreichen weiteren K\u00fcnstlern zusammengearbeitet hat\" \/>\n<meta property=\"og:url\" content=\"https:\/\/www.cerky-studio.com\/de\/cerky\/\" \/>\n<meta property=\"og:site_name\" content=\"Cerky Studio\" \/>\n<meta property=\"article:publisher\" content=\"https:\/\/www.facebook.com\/DjCerk\" \/>\n<meta property=\"article:modified_time\" content=\"2026-05-07T09:24:31+00:00\" \/>\n<meta property=\"og:image\" content=\"https:\/\/www.cerky-studio.com\/wp-cerky\/uploads\/2019\/02\/spotify.png\" \/>\n<meta name=\"twitter:card\" content=\"summary_large_image\" \/>\n<meta name=\"twitter:site\" content=\"@DJ_CERK\" \/>\n<meta name=\"twitter:label1\" content=\"Gesch\u00e4tzte Lesezeit\" \/>\n\t<meta name=\"twitter:data1\" content=\"4\u00a0Minuten\" \/>\n<script type=\"application\/ld+json\" class=\"yoast-schema-graph\">{\"@context\":\"https:\/\/schema.org\",\"@graph\":[{\"@type\":\"WebPage\",\"@id\":\"https:\/\/www.cerky-studio.com\/de\/cerky\/\",\"url\":\"https:\/\/www.cerky-studio.com\/de\/cerky\/\",\"name\":\"Wer ist Cerky ? Biografie Pierre Lorrain (DJ Cerk) - Cerky Studio\",\"isPartOf\":{\"@id\":\"https:\/\/www.cerky-studio.com\/de\/#website\"},\"primaryImageOfPage\":{\"@id\":\"https:\/\/www.cerky-studio.com\/de\/cerky\/#primaryimage\"},\"image\":{\"@id\":\"https:\/\/www.cerky-studio.com\/de\/cerky\/#primaryimage\"},\"thumbnailUrl\":\"https:\/\/www.cerky-studio.com\/wp-cerky\/uploads\/2019\/02\/spotify.png\",\"datePublished\":\"2018-10-19T08:45:27+00:00\",\"dateModified\":\"2026-05-07T09:24:31+00:00\",\"description\":\"Entdecken Sie den Werdegang von Pierre Lorrain alias Cerky, Gr\u00fcnder von Cerky Studio: Toningenieur, Produzent und Musiker, spezialisiert auf Mixing und Mastering, der bereits mit Vald, N\u00e9pal, Claudio Cap\u00e9o und zahlreichen weiteren K\u00fcnstlern zusammengearbeitet hat\",\"breadcrumb\":{\"@id\":\"https:\/\/www.cerky-studio.com\/de\/cerky\/#breadcrumb\"},\"inLanguage\":\"de\",\"potentialAction\":[{\"@type\":\"ReadAction\",\"target\":[\"https:\/\/www.cerky-studio.com\/de\/cerky\/\"]}]},{\"@type\":\"ImageObject\",\"inLanguage\":\"de\",\"@id\":\"https:\/\/www.cerky-studio.com\/de\/cerky\/#primaryimage\",\"url\":\"https:\/\/www.cerky-studio.com\/wp-cerky\/uploads\/2019\/02\/spotify.png\",\"contentUrl\":\"https:\/\/www.cerky-studio.com\/wp-cerky\/uploads\/2019\/02\/spotify.png\"},{\"@type\":\"BreadcrumbList\",\"@id\":\"https:\/\/www.cerky-studio.com\/de\/cerky\/#breadcrumb\",\"itemListElement\":[{\"@type\":\"ListItem\",\"position\":1,\"name\":\"Accueil\",\"item\":\"https:\/\/www.cerky-studio.com\/de\/\"},{\"@type\":\"ListItem\",\"position\":2,\"name\":\"Cerky\"}]},{\"@type\":\"WebSite\",\"@id\":\"https:\/\/www.cerky-studio.com\/de\/#website\",\"url\":\"https:\/\/www.cerky-studio.com\/de\/\",\"name\":\"Cerky Studio\",\"description\":\"Studio de mixage et mastering \u00e0 Mulhouse et en ligne\",\"publisher\":{\"@id\":\"https:\/\/www.cerky-studio.com\/de\/#organization\"},\"potentialAction\":[{\"@type\":\"SearchAction\",\"target\":{\"@type\":\"EntryPoint\",\"urlTemplate\":\"https:\/\/www.cerky-studio.com\/de\/?s={search_term_string}\"},\"query-input\":{\"@type\":\"PropertyValueSpecification\",\"valueRequired\":true,\"valueName\":\"search_term_string\"}}],\"inLanguage\":\"de\"},{\"@type\":\"Organization\",\"@id\":\"https:\/\/www.cerky-studio.com\/de\/#organization\",\"name\":\"Cerky Studio\",\"url\":\"https:\/\/www.cerky-studio.com\/de\/\",\"logo\":{\"@type\":\"ImageObject\",\"inLanguage\":\"de\",\"@id\":\"https:\/\/www.cerky-studio.com\/de\/#\/schema\/logo\/image\/\",\"url\":\"https:\/\/www.cerky-studio.com\/wp-cerky\/uploads\/2018\/11\/cerky-studio-logo-noir-big.png\",\"contentUrl\":\"https:\/\/www.cerky-studio.com\/wp-cerky\/uploads\/2018\/11\/cerky-studio-logo-noir-big.png\",\"width\":912,\"height\":787,\"caption\":\"Cerky Studio\"},\"image\":{\"@id\":\"https:\/\/www.cerky-studio.com\/de\/#\/schema\/logo\/image\/\"},\"sameAs\":[\"https:\/\/www.facebook.com\/DjCerk\",\"https:\/\/x.com\/DJ_CERK\",\"https:\/\/www.instagram.com\/dj.cerk\/\",\"https:\/\/www.youtube.com\/djcerk07\"]}]}<\/script>\n<!-- \/ Yoast SEO plugin. -->","yoast_head_json":{"title":"Wer ist Cerky ? Biografie Pierre Lorrain (DJ Cerk) - Cerky Studio","description":"Entdecken Sie den Werdegang von Pierre Lorrain alias Cerky, Gr\u00fcnder von Cerky Studio: Toningenieur, Produzent und Musiker, spezialisiert auf Mixing und Mastering, der bereits mit Vald, N\u00e9pal, Claudio Cap\u00e9o und zahlreichen weiteren K\u00fcnstlern zusammengearbeitet hat","robots":{"index":"index","follow":"follow","max-snippet":"max-snippet:-1","max-image-preview":"max-image-preview:large","max-video-preview":"max-video-preview:-1"},"canonical":"https:\/\/www.cerky-studio.com\/de\/cerky\/","og_locale":"de_DE","og_type":"article","og_title":"Wer ist Cerky ? Biografie Pierre Lorrain (DJ Cerk) - Cerky Studio","og_description":"Entdecken Sie den Werdegang von Pierre Lorrain alias Cerky, Gr\u00fcnder von Cerky Studio: Toningenieur, Produzent und Musiker, spezialisiert auf Mixing und Mastering, der bereits mit Vald, N\u00e9pal, Claudio Cap\u00e9o und zahlreichen weiteren K\u00fcnstlern zusammengearbeitet hat","og_url":"https:\/\/www.cerky-studio.com\/de\/cerky\/","og_site_name":"Cerky Studio","article_publisher":"https:\/\/www.facebook.com\/DjCerk","article_modified_time":"2026-05-07T09:24:31+00:00","og_image":[{"url":"https:\/\/www.cerky-studio.com\/wp-cerky\/uploads\/2019\/02\/spotify.png","type":"","width":"","height":""}],"twitter_card":"summary_large_image","twitter_site":"@DJ_CERK","twitter_misc":{"Gesch\u00e4tzte Lesezeit":"4\u00a0Minuten"},"schema":{"@context":"https:\/\/schema.org","@graph":[{"@type":"WebPage","@id":"https:\/\/www.cerky-studio.com\/de\/cerky\/","url":"https:\/\/www.cerky-studio.com\/de\/cerky\/","name":"Wer ist Cerky ? Biografie Pierre Lorrain (DJ Cerk) - Cerky Studio","isPartOf":{"@id":"https:\/\/www.cerky-studio.com\/de\/#website"},"primaryImageOfPage":{"@id":"https:\/\/www.cerky-studio.com\/de\/cerky\/#primaryimage"},"image":{"@id":"https:\/\/www.cerky-studio.com\/de\/cerky\/#primaryimage"},"thumbnailUrl":"https:\/\/www.cerky-studio.com\/wp-cerky\/uploads\/2019\/02\/spotify.png","datePublished":"2018-10-19T08:45:27+00:00","dateModified":"2026-05-07T09:24:31+00:00","description":"Entdecken Sie den Werdegang von Pierre Lorrain alias Cerky, Gr\u00fcnder von Cerky Studio: Toningenieur, Produzent und Musiker, spezialisiert auf Mixing und Mastering, der bereits mit Vald, N\u00e9pal, Claudio Cap\u00e9o und zahlreichen weiteren K\u00fcnstlern zusammengearbeitet hat","breadcrumb":{"@id":"https:\/\/www.cerky-studio.com\/de\/cerky\/#breadcrumb"},"inLanguage":"de","potentialAction":[{"@type":"ReadAction","target":["https:\/\/www.cerky-studio.com\/de\/cerky\/"]}]},{"@type":"ImageObject","inLanguage":"de","@id":"https:\/\/www.cerky-studio.com\/de\/cerky\/#primaryimage","url":"https:\/\/www.cerky-studio.com\/wp-cerky\/uploads\/2019\/02\/spotify.png","contentUrl":"https:\/\/www.cerky-studio.com\/wp-cerky\/uploads\/2019\/02\/spotify.png"},{"@type":"BreadcrumbList","@id":"https:\/\/www.cerky-studio.com\/de\/cerky\/#breadcrumb","itemListElement":[{"@type":"ListItem","position":1,"name":"Accueil","item":"https:\/\/www.cerky-studio.com\/de\/"},{"@type":"ListItem","position":2,"name":"Cerky"}]},{"@type":"WebSite","@id":"https:\/\/www.cerky-studio.com\/de\/#website","url":"https:\/\/www.cerky-studio.com\/de\/","name":"Cerky Studio","description":"Studio de mixage et mastering \u00e0 Mulhouse et en ligne","publisher":{"@id":"https:\/\/www.cerky-studio.com\/de\/#organization"},"potentialAction":[{"@type":"SearchAction","target":{"@type":"EntryPoint","urlTemplate":"https:\/\/www.cerky-studio.com\/de\/?s={search_term_string}"},"query-input":{"@type":"PropertyValueSpecification","valueRequired":true,"valueName":"search_term_string"}}],"inLanguage":"de"},{"@type":"Organization","@id":"https:\/\/www.cerky-studio.com\/de\/#organization","name":"Cerky Studio","url":"https:\/\/www.cerky-studio.com\/de\/","logo":{"@type":"ImageObject","inLanguage":"de","@id":"https:\/\/www.cerky-studio.com\/de\/#\/schema\/logo\/image\/","url":"https:\/\/www.cerky-studio.com\/wp-cerky\/uploads\/2018\/11\/cerky-studio-logo-noir-big.png","contentUrl":"https:\/\/www.cerky-studio.com\/wp-cerky\/uploads\/2018\/11\/cerky-studio-logo-noir-big.png","width":912,"height":787,"caption":"Cerky Studio"},"image":{"@id":"https:\/\/www.cerky-studio.com\/de\/#\/schema\/logo\/image\/"},"sameAs":["https:\/\/www.facebook.com\/DjCerk","https:\/\/x.com\/DJ_CERK","https:\/\/www.instagram.com\/dj.cerk\/","https:\/\/www.youtube.com\/djcerk07"]}]}},"_links":{"self":[{"href":"https:\/\/www.cerky-studio.com\/de\/wp-json\/wp\/v2\/pages\/3826","targetHints":{"allow":["GET"]}}],"collection":[{"href":"https:\/\/www.cerky-studio.com\/de\/wp-json\/wp\/v2\/pages"}],"about":[{"href":"https:\/\/www.cerky-studio.com\/de\/wp-json\/wp\/v2\/types\/page"}],"author":[{"embeddable":true,"href":"https:\/\/www.cerky-studio.com\/de\/wp-json\/wp\/v2\/users\/2"}],"replies":[{"embeddable":true,"href":"https:\/\/www.cerky-studio.com\/de\/wp-json\/wp\/v2\/comments?post=3826"}],"version-history":[{"count":8,"href":"https:\/\/www.cerky-studio.com\/de\/wp-json\/wp\/v2\/pages\/3826\/revisions"}],"predecessor-version":[{"id":4972,"href":"https:\/\/www.cerky-studio.com\/de\/wp-json\/wp\/v2\/pages\/3826\/revisions\/4972"}],"wp:attachment":[{"href":"https:\/\/www.cerky-studio.com\/de\/wp-json\/wp\/v2\/media?parent=3826"}],"curies":[{"name":"wp","href":"https:\/\/api.w.org\/{rel}","templated":true}]}}