{"id":3852,"date":"2025-09-11T08:25:52","date_gmt":"2025-09-11T06:25:52","guid":{"rendered":"https:\/\/www.cerky-studio.com\/?page_id=3852"},"modified":"2025-12-12T15:33:13","modified_gmt":"2025-12-12T14:33:13","slug":"mixing-mastering-berlin","status":"publish","type":"page","link":"https:\/\/www.cerky-studio.com\/de\/mixing-mastering-berlin\/","title":{"rendered":"Mixing und Mastering in Berlin"},"content":{"rendered":"<div class=\"wpb-content-wrapper\"><p>[vc_row][vc_column][vc_column_text css=&#8220;&#8220;]<\/p>\n<h2 style=\"text-align: center;\">Mixing und Mastering aus der Ferne f\u00fcr K\u00fcnstler aus Berlin und seinem Umland<\/h2>\n<p>[\/vc_column_text][\/vc_column][\/vc_row][vc_row][vc_column width=&#8220;1\/6&#8243;][\/vc_column][vc_column width=&#8220;2\/3&#8243;][vc_column_text css=&#8220;&#8220;]<\/p>\n<p style=\"text-align: center;\">Cerky Studio bietet seine Online-Mixing- und Mastering-Dienstleistungen f\u00fcr K\u00fcnstler aus Berlin, seiner Metropolregion und dem angrenzenden Umland an. Ob Musiker, Band oder Label mit Sitz in Berlin oder in der Umgebung \u2013 Cerky Studio stellt Ihnen sein Fachwissen f\u00fcr professionelles Mixing und Mastering aus der Ferne zur Verf\u00fcgung, das den aktuellen Standards der Musikindustrie entspricht.<\/p>\n<p>[\/vc_column_text][vc_empty_space][\/vc_column][vc_column width=&#8220;1\/6&#8243;][\/vc_column][\/vc_row][vc_row][vc_column width=&#8220;1\/2&#8243;][vc_column_text css=&#8220;&#8220;]<\/p>\n<h3>Ein professioneller Sound f\u00fcr Berliner K\u00fcnstler<\/h3>\n<p>Damit Ihr Track mit den <strong>Produktionen konkurrieren kann<\/strong>, die auf Plattformen und im Radio ver\u00f6ffentlicht werden,<strong> ist ein professionelles Mixing und Mastering unerl\u00e4sslich<\/strong>. Cerky Studio begleitet K\u00fcnstler, Musiker und Bands aus Berlin und seiner Metropolregion (Charlottenburg, Friedrichshain, Kreuzberg, Prenzlauer Berg, Spandau, Neuk\u00f6lln \u2026) und bietet <strong>Mixing- und Mastering-Dienste aus der Ferne an<\/strong>, die darauf ausgelegt sind, Ihre k\u00fcnstlerische Vision zu respektieren und I<strong>hre klangliche Identit\u00e4t zu veredeln<\/strong>.[\/vc_column_text][\/vc_column][vc_column width=&#8220;1\/2&#8243;][vc_single_image image=&#8220;3604&#8243; img_size=&#8220;Large&#8220; alignment=&#8220;center&#8220; onclick=&#8220;link_image&#8220; css=&#8220;&#8220;][\/vc_column][\/vc_row][vc_row][vc_column][vc_empty_space][vc_separator css=&#8220;&#8220;][vc_empty_space][\/vc_column][\/vc_row][vc_row][vc_column width=&#8220;1\/2&#8243;][vc_column_text css=&#8220;&#8220;]<\/p>\n<h3>Ein interaktiver Ansatz dank Live-Streaming<\/h3>\n<p>\u00dcber einen privaten Link, den Sie per E-Mail erhalten, <strong>k\u00f6nnen Sie den Mixing- und Mastering-Prozess in Echtzeit verfolgen<\/strong>, direkt mit Cerky kommunizieren und jede Anpassung best\u00e4tigen. Diese Remote-Interaktion <strong>garantiert eine reibungslose Kommunikation<\/strong> und ein Ergebnis, das Ihren Erwartungen perfekt entspricht \u2013 mit der Effizienz einer Studiosession, <strong>w\u00e4hrend Sie bequem in Berlin oder in der Region bleiben<\/strong>.<\/p>\n<p>Mehr erfahren <a href=\"https:\/\/www.cerky-studio.com\/de\/mixing\/online\/\">\u00fcber Mixing aus der Ferne<\/a><br \/>\nMehr erfahren <a href=\"https:\/\/www.cerky-studio.com\/de\/mastering\/online\/\">\u00fcber Mastering aus der Ferne<\/a><\/p>\n<p>[\/vc_column_text][\/vc_column][vc_column width=&#8220;1\/2&#8243;][vc_single_image image=&#8220;3568&#8243; img_size=&#8220;Large&#8220; alignment=&#8220;center&#8220; onclick=&#8220;link_image&#8220; css=&#8220;&#8220;][\/vc_column][\/vc_row][vc_row][vc_column][vc_empty_space][vc_separator css=&#8220;&#8220;][vc_empty_space][\/vc_column][\/vc_row][vc_row][vc_column width=&#8220;1\/2&#8243;][vc_column_text css=&#8220;&#8220;]<\/p>\n<h3>Mixing und Mastering: der Anspruch an einen konkurrenzf\u00e4higen Sound<\/h3>\n<p><strong>Mixing verwandelt Ihre aufgenommenen Spuren in eine klare<\/strong>, ausgewogene und harmonische Produktion, die Ihrer musikalischen Identit\u00e4t treu bleibt. <strong>Jedes Detail<\/strong> \u2013 Lautst\u00e4rke, Frequenzen, R\u00e4umlichkeit \u2013 <strong>wird optimiert<\/strong>, um einen koh\u00e4renten, dichten und <strong>immersiven Sound zu schaffen<\/strong>.<\/p>\n<p><strong>Das Mastering veredelt den Track anschlie\u00dfend<\/strong>, indem es die Dynamik verst\u00e4rkt, den Pegel anpasst und <strong>ein Ergebnis garantiert, das Ihrer Kreativit\u00e4t gerecht wird<\/strong> \u2013 in einem Format, das bereit ist f\u00fcr Streaming-Plattformen, Radiosender und physische Ver\u00f6ffentlichungen.<br \/>\nDie Kombination aus professionellem Mixing und Mastering sorgt f\u00fcr einen kraftvollen, <strong>professionellen Sound und macht aus Ihrer Musik ein beeindruckendes Werk<\/strong>.[\/vc_column_text][\/vc_column][vc_column width=&#8220;1\/2&#8243;][vc_single_image image=&#8220;3489&#8243; img_size=&#8220;Large&#8220; alignment=&#8220;center&#8220; onclick=&#8220;link_image&#8220; css=&#8220;&#8220;][\/vc_column][\/vc_row][vc_row][vc_column width=&#8220;1\/2&#8243;][vc_empty_space][vc_separator css=&#8220;&#8220;][vc_empty_space][vc_column_text css=&#8220;&#8220;]<\/p>\n<h3 style=\"text-align: center;\">H\u00e4ufig gestellte Fragen zum Thema Mixing und Mastering<\/h3>\n<p>[\/vc_column_text][vc_column_text css=&#8220;&#8220;]Finden Sie Antworten in meiner <a href=\"https:\/\/www.cerky-studio.com\/de\/mixing\/faq\/\"><b>F.A.Q. zum Mixing<\/b><\/a> und in meiner <a href=\"https:\/\/www.cerky-studio.com\/de\/mastering\/faq\/\"><b>F.A.Q. zum Mastering<\/b><\/a>[\/vc_column_text][\/vc_column][vc_column width=&#8220;1\/2&#8243;][vc_empty_space][vc_separator css=&#8220;&#8220;][vc_empty_space][vc_column_text css=&#8220;&#8220;]<\/p>\n<h3 style=\"text-align: center;\"><b>Erfahren Sie mehr \u00fcber die Schritte von Mixing und Mastering<\/b><\/h3>\n<p>[\/vc_column_text][vc_column_text css=&#8220;&#8220;]<\/p>\n<p style=\"text-align: center;\">Entdecken Sie im Detail, warum <a href=\"https:\/\/www.cerky-studio.com\/de\/mixing\/definition\/\">Mixing<\/a> und <a href=\"https:\/\/www.cerky-studio.com\/de\/mastering\/definition\/\">Mastering<\/a> f\u00fcr Ihre Musik so wichtig sind<\/p>\n<p>[\/vc_column_text][\/vc_column][\/vc_row][vc_row][vc_column][vc_empty_space][vc_separator css=&#8220;&#8220;][vc_empty_space][\/vc_column][\/vc_row][vc_row][vc_column width=&#8220;1\/2&#8243;][vc_column_text css=&#8220;&#8220;]<\/p>\n<h2 style=\"text-align: left;\">Cerky Studio: Expertise f\u00fcr K\u00fcnstler<\/h2>\n<p>Bei Cerky Studio profitiert<strong> jedes Projekt von einer pers\u00f6nlichen Betreuung<\/strong> \u2013 vom Mixing bis hin zum Mastering \u2013, um die volle <strong>Tiefe und Emotion Ihrer Musik zum Ausdruck zu bringen<\/strong>. Jeder Titel wird <strong>mit Pr\u00e4zision und h\u00f6chstem Anspruch bearbeitet<\/strong>, um <strong>ein professionelles Ergebnis zu erzielen<\/strong>, das bereit ist f\u00fcr Streaming, Online-Ver\u00f6ffentlichung oder physische Formate.<\/p>\n<p>Pierre Lorrain, Toningenieur, Produzent und Musikproduzent, <strong>schenkt jeder Nuance Geh\u00f6r und behandelt alle Stilrichtungen mit derselben Leidenschaft<\/strong>. Sein Know-how und seine Erfahrung erwecken <strong>Ihre Ideen zu einem authentischen Sound<\/strong>, der Ihrer k\u00fcnstlerischen Identit\u00e4t treu bleibt. Mehr als ein Dienstleister \u2013 <strong>er ber\u00e4t und begleitet Sie<\/strong>, um Ihre Tracks zu veredeln und eine Klangqualit\u00e4t zu erreichen, die mit <strong>den aktuellen Standards mithalten kann<\/strong>.[\/vc_column_text][\/vc_column][vc_column width=&#8220;1\/2&#8243;][vc_single_image image=&#8220;2795&#8243; img_size=&#8220;Large&#8220; alignment=&#8220;center&#8220; onclick=&#8220;link_image&#8220; css=&#8220;&#8220;][vc_column_text css=&#8220;&#8220;]<\/p>\n<p style=\"text-align: center;\">Erfahren Sie mehr \u00fcber <a href=\"https:\/\/www.cerky-studio.com\/de\/cerky\/\">Pierre Lorrain alias Cerky<\/a>, den Toningenieur an Ihrer Seite<\/p>\n<p>[\/vc_column_text][\/vc_column][\/vc_row][vc_row][vc_column][vc_empty_space][vc_separator css=&#8220;&#8220;][vc_empty_space][\/vc_column][\/vc_row][vc_row][vc_column][vc_column_text css=&#8220;&#8220;]<\/p>\n<h3 style=\"text-align: center;\">Entdecken Sie einige St\u00fccke von Cerky Studio<\/h3>\n<p>[\/vc_column_text][vc_empty_space][\/vc_column][\/vc_row][vc_row][vc_column width=&#8220;1\/2&#8243;][vc_column_text css=&#8220;&#8220;]https:\/\/open.spotify.com\/intl-fr\/track\/7B6z0HrxAByztLfgzkoxBw[\/vc_column_text][\/vc_column][vc_column width=&#8220;1\/2&#8243;][vc_column_text css=&#8220;&#8220;]https:\/\/open.spotify.com\/intl-fr\/track\/3llW2J8Gl8LggqQcQSjyqM[\/vc_column_text][\/vc_column][\/vc_row][vc_row][vc_column][vc_empty_space][vc_separator css=&#8220;&#8220;][vc_empty_space][\/vc_column][\/vc_row][vc_row][vc_column width=&#8220;1\/3&#8243;][vc_column_text css=&#8220;&#8220;]<\/p>\n<h3 style=\"text-align: center;\">Die Leistungen<\/h3>\n<p>[\/vc_column_text][vc_column_text css=&#8220;&#8220;]<\/p>\n<p style=\"text-align: center;\">Entdecken Sie die <a href=\"https:\/\/www.cerky-studio.com\/de\/mixing\/online\/\">Mixing-Leistungen<\/a> und die <a href=\"https:\/\/www.cerky-studio.com\/de\/mastering\/online\/\">Mastering-Leistungen<\/a> aus der Ferne<\/p>\n<p>[\/vc_column_text][vc_empty_space][vc_separator css=&#8220;&#8220;][vc_empty_space][\/vc_column][vc_column width=&#8220;1\/3&#8243;][vc_column_text css=&#8220;&#8220;]<\/p>\n<h3 style=\"text-align: center;\">Preise<\/h3>\n<p>[\/vc_column_text][vc_column_text css=&#8220;&#8220;]<\/p>\n<p style=\"text-align: center;\">Sehen Sie sich jetzt den <a href=\"https:\/\/www.cerky-studio.com\/de\/mixing\/preise\/\">Preis f\u00fcr ein Mixing<\/a> und den <a href=\"https:\/\/www.cerky-studio.com\/de\/mastering\/preise\/\">Preis f\u00fcr ein Mastering<\/a> bei Cerky Studio an<\/p>\n<p>[\/vc_column_text][vc_empty_space][vc_separator css=&#8220;&#8220;][vc_empty_space][\/vc_column][vc_column width=&#8220;1\/3&#8243;][vc_column_text css=&#8220;&#8220;]<\/p>\n<h3 style=\"text-align: center;\">Referenzen<\/h3>\n<p>[\/vc_column_text][vc_column_text css=&#8220;&#8220;]<\/p>\n<p style=\"text-align: center;\">Entdecken Sie <a href=\"https:\/\/www.cerky-studio.com\/de\/referenzen\/\">die Kooperationen<\/a>, die die Identit\u00e4t von Cerky Studio gepr\u00e4gt haben<\/p>\n<p>[\/vc_column_text][vc_empty_space][vc_separator css=&#8220;&#8220;][vc_empty_space][\/vc_column][\/vc_row][vc_row][vc_column][vc_column_text css=&#8220;&#8220;]<\/p>\n<p style=\"text-align: center;\">Greifen Sie auf das <a href=\"https:\/\/www.cerky-studio.com\/de\/kit-mixing-mastering-cerky-studio\/\">Mixing und Mastering-Kit<\/a> zu, um alle meine Dienstleistungen f\u00fcr K\u00fcnstler und Labels zu entdecken<\/p>\n<p>[\/vc_column_text][\/vc_column][\/vc_row][vc_row][vc_column width=&#8220;1\/6&#8243;][\/vc_column][vc_column width=&#8220;2\/3&#8243;][vc_column_text css=&#8220;&#8220;]<\/p>\n<p style=\"text-align: center;\"><b>Brauchen Sie Informationen oder sind Sie bereit f\u00fcr den n\u00e4chsten Schritt beim Mixing und Mastering ?<br \/>\nCerky Studio steht Ihnen zur Verf\u00fcgung.<\/b><\/p>\n<p>[\/vc_column_text][vc_btn title=&#8220;Cerky Studio kontaktieren&#8220; style=&#8220;flat&#8220; color=&#8220;danger&#8220; size=&#8220;lg&#8220; align=&#8220;center&#8220; css=&#8220;&#8220; link=&#8220;url:https%3A%2F%2Fwww.cerky-studio.com%2Fde%2Fkontakt%2F|title:Cerky&#8220;][\/vc_column][vc_column width=&#8220;1\/6&#8243;][\/vc_column][\/vc_row]<\/p>\n<\/div>","protected":false},"excerpt":{"rendered":"<p>[vc_row][vc_column][vc_column_text css=&#8220;&#8220;] Mixing und Mastering aus der Ferne f\u00fcr K\u00fcnstler aus Berlin und seinem Umland [\/vc_column_text][\/vc_column][\/vc_row][vc_row][vc_column width=&#8220;1\/6&#8243;][\/vc_column][vc_column width=&#8220;2\/3&#8243;][vc_column_text css=&#8220;&#8220;] Cerky Studio bietet seine Online-Mixing- und Mastering-Dienstleistungen f\u00fcr K\u00fcnstler aus Berlin, seiner Metropolregion und dem angrenzenden Umland an. Ob Musiker, Band oder Label mit Sitz in Berlin oder in der Umgebung \u2013 Cerky Studio stellt Ihnen [&hellip;]<\/p>\n","protected":false},"author":2,"featured_media":0,"parent":0,"menu_order":400,"comment_status":"closed","ping_status":"closed","template":"","meta":{"footnotes":""},"class_list":["post-3852","page","type-page","status-publish","hentry"],"yoast_head":"<!-- This site is optimized with the Yoast SEO plugin v26.1.1 - https:\/\/yoast.com\/wordpress\/plugins\/seo\/ -->\n<title>Mixing Mastering in Berlin, Online Mixing Service, Studio Berlin<\/title>\n<meta name=\"description\" content=\"Professionelles Online-Mixing und Mastering f\u00fcr K\u00fcnstler aus Berlin und Umgebung. Cerky Studio bietet modernen Sound nach h\u00f6chsten Branchenstandards\" \/>\n<meta name=\"robots\" content=\"index, follow, max-snippet:-1, max-image-preview:large, max-video-preview:-1\" \/>\n<link rel=\"canonical\" href=\"https:\/\/www.cerky-studio.com\/de\/mixing-mastering-berlin\/\" \/>\n<meta property=\"og:locale\" content=\"de_DE\" \/>\n<meta property=\"og:type\" content=\"article\" \/>\n<meta property=\"og:title\" content=\"Mixing Mastering in Berlin, Online Mixing Service, Studio Berlin\" \/>\n<meta property=\"og:description\" content=\"Professionelles Online-Mixing und Mastering f\u00fcr K\u00fcnstler aus Berlin und Umgebung. Cerky Studio bietet modernen Sound nach h\u00f6chsten Branchenstandards\" \/>\n<meta property=\"og:url\" content=\"https:\/\/www.cerky-studio.com\/de\/mixing-mastering-berlin\/\" \/>\n<meta property=\"og:site_name\" content=\"Cerky Studio\" \/>\n<meta property=\"article:publisher\" content=\"https:\/\/www.facebook.com\/DjCerk\" \/>\n<meta property=\"article:modified_time\" content=\"2025-12-12T14:33:13+00:00\" \/>\n<meta name=\"twitter:card\" content=\"summary_large_image\" \/>\n<meta name=\"twitter:site\" content=\"@DJ_CERK\" \/>\n<meta name=\"twitter:label1\" content=\"Gesch\u00e4tzte Lesezeit\" \/>\n\t<meta name=\"twitter:data1\" content=\"5\u00a0Minuten\" \/>\n<script type=\"application\/ld+json\" class=\"yoast-schema-graph\">{\"@context\":\"https:\/\/schema.org\",\"@graph\":[{\"@type\":\"WebPage\",\"@id\":\"https:\/\/www.cerky-studio.com\/de\/mixing-mastering-berlin\/\",\"url\":\"https:\/\/www.cerky-studio.com\/de\/mixing-mastering-berlin\/\",\"name\":\"Mixing Mastering in Berlin, Online Mixing Service, Studio Berlin\",\"isPartOf\":{\"@id\":\"https:\/\/www.cerky-studio.com\/de\/#website\"},\"datePublished\":\"2025-09-11T06:25:52+00:00\",\"dateModified\":\"2025-12-12T14:33:13+00:00\",\"description\":\"Professionelles Online-Mixing und Mastering f\u00fcr K\u00fcnstler aus Berlin und Umgebung. Cerky Studio bietet modernen Sound nach h\u00f6chsten Branchenstandards\",\"breadcrumb\":{\"@id\":\"https:\/\/www.cerky-studio.com\/de\/mixing-mastering-berlin\/#breadcrumb\"},\"inLanguage\":\"de\",\"potentialAction\":[{\"@type\":\"ReadAction\",\"target\":[\"https:\/\/www.cerky-studio.com\/de\/mixing-mastering-berlin\/\"]}]},{\"@type\":\"BreadcrumbList\",\"@id\":\"https:\/\/www.cerky-studio.com\/de\/mixing-mastering-berlin\/#breadcrumb\",\"itemListElement\":[{\"@type\":\"ListItem\",\"position\":1,\"name\":\"Accueil\",\"item\":\"https:\/\/www.cerky-studio.com\/de\/\"},{\"@type\":\"ListItem\",\"position\":2,\"name\":\"Mixing und Mastering in Berlin\"}]},{\"@type\":\"WebSite\",\"@id\":\"https:\/\/www.cerky-studio.com\/de\/#website\",\"url\":\"https:\/\/www.cerky-studio.com\/de\/\",\"name\":\"Cerky Studio\",\"description\":\"Studio de mixage et mastering \u00e0 Mulhouse et en ligne\",\"publisher\":{\"@id\":\"https:\/\/www.cerky-studio.com\/de\/#organization\"},\"potentialAction\":[{\"@type\":\"SearchAction\",\"target\":{\"@type\":\"EntryPoint\",\"urlTemplate\":\"https:\/\/www.cerky-studio.com\/de\/?s={search_term_string}\"},\"query-input\":{\"@type\":\"PropertyValueSpecification\",\"valueRequired\":true,\"valueName\":\"search_term_string\"}}],\"inLanguage\":\"de\"},{\"@type\":\"Organization\",\"@id\":\"https:\/\/www.cerky-studio.com\/de\/#organization\",\"name\":\"Cerky Studio\",\"url\":\"https:\/\/www.cerky-studio.com\/de\/\",\"logo\":{\"@type\":\"ImageObject\",\"inLanguage\":\"de\",\"@id\":\"https:\/\/www.cerky-studio.com\/de\/#\/schema\/logo\/image\/\",\"url\":\"https:\/\/www.cerky-studio.com\/wp-cerky\/uploads\/2018\/11\/cerky-studio-logo-noir-big.png\",\"contentUrl\":\"https:\/\/www.cerky-studio.com\/wp-cerky\/uploads\/2018\/11\/cerky-studio-logo-noir-big.png\",\"width\":912,\"height\":787,\"caption\":\"Cerky Studio\"},\"image\":{\"@id\":\"https:\/\/www.cerky-studio.com\/de\/#\/schema\/logo\/image\/\"},\"sameAs\":[\"https:\/\/www.facebook.com\/DjCerk\",\"https:\/\/x.com\/DJ_CERK\",\"https:\/\/www.instagram.com\/dj.cerk\/\",\"https:\/\/www.youtube.com\/djcerk07\"]}]}<\/script>\n<!-- \/ Yoast SEO plugin. -->","yoast_head_json":{"title":"Mixing Mastering in Berlin, Online Mixing Service, Studio Berlin","description":"Professionelles Online-Mixing und Mastering f\u00fcr K\u00fcnstler aus Berlin und Umgebung. Cerky Studio bietet modernen Sound nach h\u00f6chsten Branchenstandards","robots":{"index":"index","follow":"follow","max-snippet":"max-snippet:-1","max-image-preview":"max-image-preview:large","max-video-preview":"max-video-preview:-1"},"canonical":"https:\/\/www.cerky-studio.com\/de\/mixing-mastering-berlin\/","og_locale":"de_DE","og_type":"article","og_title":"Mixing Mastering in Berlin, Online Mixing Service, Studio Berlin","og_description":"Professionelles Online-Mixing und Mastering f\u00fcr K\u00fcnstler aus Berlin und Umgebung. Cerky Studio bietet modernen Sound nach h\u00f6chsten Branchenstandards","og_url":"https:\/\/www.cerky-studio.com\/de\/mixing-mastering-berlin\/","og_site_name":"Cerky Studio","article_publisher":"https:\/\/www.facebook.com\/DjCerk","article_modified_time":"2025-12-12T14:33:13+00:00","twitter_card":"summary_large_image","twitter_site":"@DJ_CERK","twitter_misc":{"Gesch\u00e4tzte Lesezeit":"5\u00a0Minuten"},"schema":{"@context":"https:\/\/schema.org","@graph":[{"@type":"WebPage","@id":"https:\/\/www.cerky-studio.com\/de\/mixing-mastering-berlin\/","url":"https:\/\/www.cerky-studio.com\/de\/mixing-mastering-berlin\/","name":"Mixing Mastering in Berlin, Online Mixing Service, Studio Berlin","isPartOf":{"@id":"https:\/\/www.cerky-studio.com\/de\/#website"},"datePublished":"2025-09-11T06:25:52+00:00","dateModified":"2025-12-12T14:33:13+00:00","description":"Professionelles Online-Mixing und Mastering f\u00fcr K\u00fcnstler aus Berlin und Umgebung. Cerky Studio bietet modernen Sound nach h\u00f6chsten Branchenstandards","breadcrumb":{"@id":"https:\/\/www.cerky-studio.com\/de\/mixing-mastering-berlin\/#breadcrumb"},"inLanguage":"de","potentialAction":[{"@type":"ReadAction","target":["https:\/\/www.cerky-studio.com\/de\/mixing-mastering-berlin\/"]}]},{"@type":"BreadcrumbList","@id":"https:\/\/www.cerky-studio.com\/de\/mixing-mastering-berlin\/#breadcrumb","itemListElement":[{"@type":"ListItem","position":1,"name":"Accueil","item":"https:\/\/www.cerky-studio.com\/de\/"},{"@type":"ListItem","position":2,"name":"Mixing und Mastering in Berlin"}]},{"@type":"WebSite","@id":"https:\/\/www.cerky-studio.com\/de\/#website","url":"https:\/\/www.cerky-studio.com\/de\/","name":"Cerky Studio","description":"Studio de mixage et mastering \u00e0 Mulhouse et en ligne","publisher":{"@id":"https:\/\/www.cerky-studio.com\/de\/#organization"},"potentialAction":[{"@type":"SearchAction","target":{"@type":"EntryPoint","urlTemplate":"https:\/\/www.cerky-studio.com\/de\/?s={search_term_string}"},"query-input":{"@type":"PropertyValueSpecification","valueRequired":true,"valueName":"search_term_string"}}],"inLanguage":"de"},{"@type":"Organization","@id":"https:\/\/www.cerky-studio.com\/de\/#organization","name":"Cerky Studio","url":"https:\/\/www.cerky-studio.com\/de\/","logo":{"@type":"ImageObject","inLanguage":"de","@id":"https:\/\/www.cerky-studio.com\/de\/#\/schema\/logo\/image\/","url":"https:\/\/www.cerky-studio.com\/wp-cerky\/uploads\/2018\/11\/cerky-studio-logo-noir-big.png","contentUrl":"https:\/\/www.cerky-studio.com\/wp-cerky\/uploads\/2018\/11\/cerky-studio-logo-noir-big.png","width":912,"height":787,"caption":"Cerky Studio"},"image":{"@id":"https:\/\/www.cerky-studio.com\/de\/#\/schema\/logo\/image\/"},"sameAs":["https:\/\/www.facebook.com\/DjCerk","https:\/\/x.com\/DJ_CERK","https:\/\/www.instagram.com\/dj.cerk\/","https:\/\/www.youtube.com\/djcerk07"]}]}},"_links":{"self":[{"href":"https:\/\/www.cerky-studio.com\/de\/wp-json\/wp\/v2\/pages\/3852","targetHints":{"allow":["GET"]}}],"collection":[{"href":"https:\/\/www.cerky-studio.com\/de\/wp-json\/wp\/v2\/pages"}],"about":[{"href":"https:\/\/www.cerky-studio.com\/de\/wp-json\/wp\/v2\/types\/page"}],"author":[{"embeddable":true,"href":"https:\/\/www.cerky-studio.com\/de\/wp-json\/wp\/v2\/users\/2"}],"replies":[{"embeddable":true,"href":"https:\/\/www.cerky-studio.com\/de\/wp-json\/wp\/v2\/comments?post=3852"}],"version-history":[{"count":6,"href":"https:\/\/www.cerky-studio.com\/de\/wp-json\/wp\/v2\/pages\/3852\/revisions"}],"predecessor-version":[{"id":4556,"href":"https:\/\/www.cerky-studio.com\/de\/wp-json\/wp\/v2\/pages\/3852\/revisions\/4556"}],"wp:attachment":[{"href":"https:\/\/www.cerky-studio.com\/de\/wp-json\/wp\/v2\/media?parent=3852"}],"curies":[{"name":"wp","href":"https:\/\/api.w.org\/{rel}","templated":true}]}}