{"id":3859,"date":"2025-09-11T09:17:39","date_gmt":"2025-09-11T07:17:39","guid":{"rendered":"https:\/\/www.cerky-studio.com\/mixing-mastering-hambourg\/"},"modified":"2025-12-12T15:35:56","modified_gmt":"2025-12-12T14:35:56","slug":"mixing-mastering-hamburg","status":"publish","type":"page","link":"https:\/\/www.cerky-studio.com\/de\/mixing-mastering-hamburg\/","title":{"rendered":"Mixing und Mastering in Hamburg"},"content":{"rendered":"<div class=\"wpb-content-wrapper\"><p>[vc_row][vc_column][vc_column_text css=&#8220;&#8220;]<\/p>\n<h2 style=\"text-align: center;\">Mixing und Mastering von Cerky Studio f\u00fcr K\u00fcnstler aus der Metropolregion Hamburg<\/h2>\n<p>[\/vc_column_text][\/vc_column][\/vc_row][vc_row][vc_column width=&#8220;1\/6&#8243;][\/vc_column][vc_column width=&#8220;2\/3&#8243;][vc_column_text css=&#8220;&#8220;]<\/p>\n<p style=\"text-align: center;\"><strong>Cerky Studio begleitet K\u00fcnstler und Labels aus Hamburg und seiner Region mit professionellen Mixing- und Mastering-Dienstleistungen aus der Ferne. Jedes Projekt profitiert von einer individuellen Betreuung f\u00fcr ein Ergebnis, das Ihrer musikalischen Vision treu bleibt \u2013 bereit f\u00fcr die Ver\u00f6ffentlichung im Streaming oder auf physischen Tontr\u00e4gern.<\/strong><\/p>\n<p>[\/vc_column_text][vc_empty_space][\/vc_column][vc_column width=&#8220;1\/6&#8243;][\/vc_column][\/vc_row][vc_row][vc_column width=&#8220;1\/2&#8243;][vc_empty_space height=&#8220;40px&#8220;][vc_column_text css=&#8220;&#8220;]<\/p>\n<h3>Cerky Studio \u2013 Mixing und Mastering Studio f\u00fcr K\u00fcnstler in Hamburg<\/h3>\n<p>Sind Sie ein unabh\u00e4ngiger K\u00fcnstler, eine Band oder ein Label und suchen Sie nach professionellem Mixing und\/oder Mastering, um Ihre Musik in einer Qualit\u00e4t zu ver\u00f6ffentlichen, die den Standards der Musikindustrie entspricht ? Cerky Studio bietet Musikern und Bands aus Hamburg \u2013 sowie aus dem gesamten Bundesland Hamburg und der Metropolregion (Norderstedt, L\u00fcbeck, L\u00fcneburg, Buxtehude, Geesthacht, Ahrensburg) \u2013 hochwertige Mixing- und Mastering-Dienstleistungen aus der Ferne an.<\/p>\n<p>Lesen Sie auch : <a href=\"https:\/\/www.cerky-studio.com\/de\/referenzen\/\">K\u00fcnstler, die mit Cerky Studio zusammengearbeitet haben<\/a>[\/vc_column_text][\/vc_column][vc_column width=&#8220;1\/2&#8243;][vc_column_text css=&#8220;&#8220;]https:\/\/open.spotify.com\/intl-fr\/track\/7B6z0HrxAByztLfgzkoxBw[\/vc_column_text][vc_column_text css=&#8220;&#8220;]https:\/\/open.spotify.com\/intl-fr\/track\/3llW2J8Gl8LggqQcQSjyqM[\/vc_column_text][\/vc_column][\/vc_row][vc_row][vc_column][vc_empty_space][vc_separator][vc_empty_space][\/vc_column][\/vc_row][vc_row][vc_column width=&#8220;1\/2&#8243;][vc_column_text css=&#8220;&#8220;]<\/p>\n<h3>Ein unverzichtbares professionelles Format<\/h3>\n<p><strong>Mixing ist der erste Schritt<\/strong>, um Ihre Rohspuren in einen strukturierten und harmonischen Song zu verwandeln. <strong>Es gleicht die Elemente <\/strong>Ihrer Komposition aus, <strong>hebt die Nuancen<\/strong> hervor und sorgt f\u00fcr eine klangliche Koh\u00e4renz, die Ihrem Stil treu bleibt.<br \/>\n<strong>Das Mastering \u2013 der letzte Schritt<\/strong> \u2013 perfektioniert das Ergebnis, indem es Homogenit\u00e4t, <strong>Kraft und H\u00f6rkomfort bringt<\/strong>. Es sorgt f\u00fcr ein durchsetzungsf\u00e4higes Ergebnis, egal ob im Streaming oder auf physischen Tontr\u00e4gern.<br \/>\nDank dieser Kombination erreicht <strong>Ihre Musik ein professionelles Niveau<\/strong>, das mit den Standards der Branche konkurrieren kann, und ist bereit, unter <strong>den besten Bedingungen ver\u00f6ffentlicht zu werden<\/strong>.[\/vc_column_text][\/vc_column][vc_column width=&#8220;1\/2&#8243;][vc_single_image image=&#8220;3480&#8243; img_size=&#8220;Large&#8220; alignment=&#8220;center&#8220; onclick=&#8220;link_image&#8220; css=&#8220;&#8220;][\/vc_column][\/vc_row][vc_row][vc_column][vc_empty_space][vc_separator][vc_empty_space][\/vc_column][\/vc_row][vc_row][vc_column width=&#8220;1\/2&#8243;][vc_column_text css=&#8220;&#8220;]<\/p>\n<h2>Was Cerky Studio auszeichnet<\/h2>\n<p>Bei Cerky Studio wird jeder Schritt von Mixing und Mastering mit pr\u00e4ziser Betreuung und pers\u00f6nlichen Empfehlungen begleitet, um ein optimales Ergebnis zu erzielen. Alle Projekte werden mit demselben Anspruch behandelt, um ein vollendetes Resultat zu liefern, das den Standards der Musikindustrie entspricht und bereit ist, physisch oder online ver\u00f6ffentlicht zu werden.<\/p>\n<p>Pierre Lorrain, Toningenieur, Produzent und Realisateur, geht jedes Projekt ohne stilistische Einschr\u00e4nkungen und mit voller Offenheit f\u00fcr musikalische Einfl\u00fcsse an. Seine Erfahrung und k\u00fcnstlerische Sensibilit\u00e4t garantieren ein Ergebnis, das Ihrer Vision treu bleibt. Dar\u00fcber hinaus stellt er sein Fachwissen zur Verf\u00fcgung, teilt Empfehlungen und Tipps, um Ihre Tracks zu veredeln und ein makelloses professionelles Niveau zu erreichen.[\/vc_column_text][vc_column_text css=&#8220;&#8220;]Lesen Sie auch : <a href=\"https:\/\/www.cerky-studio.com\/de\/mixing\/definition\/\">Was ist Mixing ?<\/a>[\/vc_column_text][\/vc_column][vc_column width=&#8220;1\/2&#8243;][vc_empty_space height=&#8220;12px&#8220;][vc_single_image image=&#8220;3604&#8243; img_size=&#8220;Large&#8220; alignment=&#8220;center&#8220; onclick=&#8220;link_image&#8220; css=&#8220;&#8220;][vc_column_text css=&#8220;&#8220;]Lesen Sie auch : <a href=\"https:\/\/www.cerky-studio.com\/de\/mastering\/definition\/\">Was ist Mastering ?<\/a>[\/vc_column_text][\/vc_column][\/vc_row][vc_row][vc_column][vc_empty_space][vc_separator][vc_empty_space][\/vc_column][\/vc_row][vc_row][vc_column width=&#8220;1\/2&#8243;][vc_column_text css=&#8220;&#8220;]<\/p>\n<h3>Online Mixing- und Mastering-Dienste<\/h3>\n<p>Dank Live-Streaming der Session in Echtzeit \u00fcber einen privaten Link k\u00f6nnen Sie den gesamten Prozess mitverfolgen, direkt mit Cerky interagieren und jeden Arbeitsschritt best\u00e4tigen.<br \/>\nDiese reibungslose Remote-Zusammenarbeit bietet die gleiche Effizienz und Pr\u00e4zision wie eine Studiosession \u2013 w\u00e4hrend Sie in Hamburg oder in der Metropolregion bleiben.<\/p>\n<p>Mehr erfahren <a href=\"https:\/\/www.cerky-studio.com\/de\/mixing\/online\/\">\u00fcber Mixing aus der Ferne<\/a><br \/>\nMehr erfahren <a href=\"https:\/\/www.cerky-studio.com\/de\/mastering\/online\/\">\u00fcber Mastering aus der Ferne<\/a><\/p>\n<p>[\/vc_column_text][\/vc_column][vc_column width=&#8220;1\/2&#8243;][vc_empty_space height=&#8220;10px&#8220;][vc_single_image image=&#8220;3378&#8243; img_size=&#8220;large&#8220; alignment=&#8220;center&#8220; onclick=&#8220;link_image&#8220; css=&#8220;&#8220;][\/vc_column][\/vc_row][vc_row][vc_column][vc_empty_space][vc_separator][vc_empty_space][\/vc_column][\/vc_row][vc_row][vc_column width=&#8220;1\/3&#8243;][vc_column_text css=&#8220;&#8220;]<\/p>\n<h3 style=\"text-align: center;\">F.A.Q.<\/h3>\n<p>[\/vc_column_text][vc_column_text css=&#8220;&#8220;]<\/p>\n<p style=\"text-align: center;\">Lesen Sie meine <a href=\"https:\/\/www.cerky-studio.com\/de\/mixing\/faq\/\">F.A.Q. zum Mixing<\/a> und meine <a href=\"https:\/\/www.cerky-studio.com\/de\/mastering\/faq\/\">F.A.Q. zum Mastering <\/a>um Ihre Fragen zu beantworten<\/p>\n<p>[\/vc_column_text][\/vc_column][vc_column width=&#8220;1\/3&#8243;][vc_column_text css=&#8220;&#8220;]<\/p>\n<h3 style=\"text-align: center;\">Preise<\/h3>\n<p>[\/vc_column_text][vc_column_text css=&#8220;&#8220;]<\/p>\n<p style=\"text-align: center;\">Informieren Sie sich \u00fcber <a href=\"https:\/\/www.cerky-studio.com\/de\/mixing\/preise\/\">den Preis f\u00fcr ein Mixing<\/a> und <a href=\"https:\/\/www.cerky-studio.com\/de\/mastering\/preise\/\">den Preis f\u00fcr ein Mastering<\/a> bei Cerky Studio<\/p>\n<p>[\/vc_column_text][\/vc_column][vc_column width=&#8220;1\/3&#8243;][vc_column_text css=&#8220;&#8220;]<\/p>\n<h3 style=\"text-align: center;\">Die Leistungen<\/h3>\n<p>[\/vc_column_text][vc_column_text css=&#8220;&#8220;]<\/p>\n<p style=\"text-align: center;\">Entdecken Sie <a href=\"https:\/\/www.cerky-studio.com\/de\/mixing\/dienstleistung\/\">die Mixing-Dienstleistungen<\/a> und <a href=\"https:\/\/www.cerky-studio.com\/de\/mastering\/dienstleistung\/\">die Mastering-Dienstleistungen<\/a> von Cerky Studio<\/p>\n<p>[\/vc_column_text][\/vc_column][\/vc_row][vc_row][vc_column][vc_empty_space][vc_separator][vc_empty_space][\/vc_column][\/vc_row][vc_row][vc_column][vc_column_text css=&#8220;&#8220;]<\/p>\n<p style=\"text-align: center;\"><strong>Cerky Studio steht Ihnen jederzeit zur Verf\u00fcgung, um Ihre Fragen zu beantworten und Sie bei Ihren Mixing- und Mastering-Projekten zu begleiten.<\/strong><\/p>\n<p>[\/vc_column_text][\/vc_column][\/vc_row][vc_row][vc_column][vc_column_text css=&#8220;&#8220;]<\/p>\n<p style=\"text-align: center;\">Greifen Sie auf das <a href=\"https:\/\/www.cerky-studio.com\/de\/kit-mixing-mastering-cerky-studio\/\">Mixing und Mastering-Kit<\/a> zu, um alle meine Dienstleistungen f\u00fcr K\u00fcnstler und Labels zu entdecken<\/p>\n<p>[\/vc_column_text][\/vc_column][\/vc_row][vc_row title=&#8220;Je contacte Cerky Studio&#8220; style=&#8220;flat&#8220; gradient_color_1=&#8220;turquoise&#8220; gradient_color_2=&#8220;vista-blue&#8220; gradient_custom_color_1=&#8220;#dd3333&#8243; gradient_custom_color_2=&#8220;#eeee22&#8243; gradient_text_color=&#8220;#ffffff&#8220; custom_background=&#8220;#ededed&#8220; custom_text=&#8220;#666&#8243; outline_custom_color=&#8220;#666&#8243; outline_custom_hover_background=&#8220;#666&#8243; outline_custom_hover_text=&#8220;#fff&#8220; shape=&#8220;rounded&#8220; color=&#8220;danger&#8220; size=&#8220;lg&#8220; align=&#8220;center&#8220; button_block=&#8220;&#8220; add_icon=&#8220;&#8220; i_align=&#8220;left&#8220; i_type=&#8220;fontawesome&#8220; i_icon_fontawesome=&#8220;fas fa-adjust&#8220; i_icon_openiconic=&#8220;vc-oi vc-oi-dial&#8220; i_icon_typicons=&#8220;typcn typcn-adjust-brightness&#8220; i_icon_entypo=&#8220;entypo-icon entypo-icon-note&#8220; i_icon_linecons=&#8220;vc_li vc_li-heart&#8220; i_icon_monosocial=&#8220;vc-mono vc-mono-fivehundredpx&#8220; i_icon_material=&#8220;vc-material vc-material-cake&#8220; i_icon_pixelicons=&#8220;vc_pixel_icon vc_pixel_icon-alert&#8220; custom_onclick=&#8220;&#8220; link=&#8220;url:https%3A%2F%2Fwww.cerky-studio.com%2Fcontact%2F|||&#8220; custom_onclick_code=&#8220;&#8220;][vc_column][vc_btn title=&#8220;Cerky Studio kontaktieren&#8220; style=&#8220;flat&#8220; color=&#8220;danger&#8220; size=&#8220;lg&#8220; align=&#8220;center&#8220; css=&#8220;&#8220; link=&#8220;url:https%3A%2F%2Fwww.cerky-studio.com%2Fde%2Fkontakt%2F|title:Kontakt&#8220;][\/vc_column][\/vc_row]<\/p>\n<\/div>","protected":false},"excerpt":{"rendered":"<p>[vc_row][vc_column][vc_column_text css=&#8220;&#8220;] Mixing und Mastering von Cerky Studio f\u00fcr K\u00fcnstler aus der Metropolregion Hamburg [\/vc_column_text][\/vc_column][\/vc_row][vc_row][vc_column width=&#8220;1\/6&#8243;][\/vc_column][vc_column width=&#8220;2\/3&#8243;][vc_column_text css=&#8220;&#8220;] Cerky Studio begleitet K\u00fcnstler und Labels aus Hamburg und seiner Region mit professionellen Mixing- und Mastering-Dienstleistungen aus der Ferne. Jedes Projekt profitiert von einer individuellen Betreuung f\u00fcr ein Ergebnis, das Ihrer musikalischen Vision treu bleibt \u2013 bereit [&hellip;]<\/p>\n","protected":false},"author":2,"featured_media":0,"parent":0,"menu_order":410,"comment_status":"closed","ping_status":"closed","template":"","meta":{"footnotes":""},"class_list":["post-3859","page","type-page","status-publish","hentry"],"yoast_head":"<!-- This site is optimized with the Yoast SEO plugin v26.1.1 - https:\/\/yoast.com\/wordpress\/plugins\/seo\/ -->\n<title>Mixing Mastering Hamburg Metropolregion, Online Mastering<\/title>\n<meta name=\"description\" content=\"Professionelles Online Mixing &amp; Mastering f\u00fcr K\u00fcnstler, Bands und Labels aus Hamburg und der Metropolregion. Cerky Studio \u2013 Sound auf Branchenstandard.\" \/>\n<meta name=\"robots\" content=\"index, follow, max-snippet:-1, max-image-preview:large, max-video-preview:-1\" \/>\n<link rel=\"canonical\" href=\"https:\/\/www.cerky-studio.com\/de\/mixing-mastering-hamburg\/\" \/>\n<meta property=\"og:locale\" content=\"de_DE\" \/>\n<meta property=\"og:type\" content=\"article\" \/>\n<meta property=\"og:title\" content=\"Mixing Mastering Hamburg Metropolregion, Online Mastering\" \/>\n<meta property=\"og:description\" content=\"Professionelles Online Mixing &amp; Mastering f\u00fcr K\u00fcnstler, Bands und Labels aus Hamburg und der Metropolregion. Cerky Studio \u2013 Sound auf Branchenstandard.\" \/>\n<meta property=\"og:url\" content=\"https:\/\/www.cerky-studio.com\/de\/mixing-mastering-hamburg\/\" \/>\n<meta property=\"og:site_name\" content=\"Cerky Studio\" \/>\n<meta property=\"article:publisher\" content=\"https:\/\/www.facebook.com\/DjCerk\" \/>\n<meta property=\"article:modified_time\" content=\"2025-12-12T14:35:56+00:00\" \/>\n<meta name=\"twitter:card\" content=\"summary_large_image\" \/>\n<meta name=\"twitter:site\" content=\"@DJ_CERK\" \/>\n<meta name=\"twitter:label1\" content=\"Gesch\u00e4tzte Lesezeit\" \/>\n\t<meta name=\"twitter:data1\" content=\"4\u00a0Minuten\" \/>\n<script type=\"application\/ld+json\" class=\"yoast-schema-graph\">{\"@context\":\"https:\/\/schema.org\",\"@graph\":[{\"@type\":\"WebPage\",\"@id\":\"https:\/\/www.cerky-studio.com\/de\/mixing-mastering-hamburg\/\",\"url\":\"https:\/\/www.cerky-studio.com\/de\/mixing-mastering-hamburg\/\",\"name\":\"Mixing Mastering Hamburg Metropolregion, Online Mastering\",\"isPartOf\":{\"@id\":\"https:\/\/www.cerky-studio.com\/de\/#website\"},\"datePublished\":\"2025-09-11T07:17:39+00:00\",\"dateModified\":\"2025-12-12T14:35:56+00:00\",\"description\":\"Professionelles Online Mixing & Mastering f\u00fcr K\u00fcnstler, Bands und Labels aus Hamburg und der Metropolregion. Cerky Studio \u2013 Sound auf Branchenstandard.\",\"breadcrumb\":{\"@id\":\"https:\/\/www.cerky-studio.com\/de\/mixing-mastering-hamburg\/#breadcrumb\"},\"inLanguage\":\"de\",\"potentialAction\":[{\"@type\":\"ReadAction\",\"target\":[\"https:\/\/www.cerky-studio.com\/de\/mixing-mastering-hamburg\/\"]}]},{\"@type\":\"BreadcrumbList\",\"@id\":\"https:\/\/www.cerky-studio.com\/de\/mixing-mastering-hamburg\/#breadcrumb\",\"itemListElement\":[{\"@type\":\"ListItem\",\"position\":1,\"name\":\"Accueil\",\"item\":\"https:\/\/www.cerky-studio.com\/de\/\"},{\"@type\":\"ListItem\",\"position\":2,\"name\":\"Mixing und Mastering in Hamburg\"}]},{\"@type\":\"WebSite\",\"@id\":\"https:\/\/www.cerky-studio.com\/de\/#website\",\"url\":\"https:\/\/www.cerky-studio.com\/de\/\",\"name\":\"Cerky Studio\",\"description\":\"Studio de mixage et mastering \u00e0 Mulhouse et en ligne\",\"publisher\":{\"@id\":\"https:\/\/www.cerky-studio.com\/de\/#organization\"},\"potentialAction\":[{\"@type\":\"SearchAction\",\"target\":{\"@type\":\"EntryPoint\",\"urlTemplate\":\"https:\/\/www.cerky-studio.com\/de\/?s={search_term_string}\"},\"query-input\":{\"@type\":\"PropertyValueSpecification\",\"valueRequired\":true,\"valueName\":\"search_term_string\"}}],\"inLanguage\":\"de\"},{\"@type\":\"Organization\",\"@id\":\"https:\/\/www.cerky-studio.com\/de\/#organization\",\"name\":\"Cerky Studio\",\"url\":\"https:\/\/www.cerky-studio.com\/de\/\",\"logo\":{\"@type\":\"ImageObject\",\"inLanguage\":\"de\",\"@id\":\"https:\/\/www.cerky-studio.com\/de\/#\/schema\/logo\/image\/\",\"url\":\"https:\/\/www.cerky-studio.com\/wp-cerky\/uploads\/2018\/11\/cerky-studio-logo-noir-big.png\",\"contentUrl\":\"https:\/\/www.cerky-studio.com\/wp-cerky\/uploads\/2018\/11\/cerky-studio-logo-noir-big.png\",\"width\":912,\"height\":787,\"caption\":\"Cerky Studio\"},\"image\":{\"@id\":\"https:\/\/www.cerky-studio.com\/de\/#\/schema\/logo\/image\/\"},\"sameAs\":[\"https:\/\/www.facebook.com\/DjCerk\",\"https:\/\/x.com\/DJ_CERK\",\"https:\/\/www.instagram.com\/dj.cerk\/\",\"https:\/\/www.youtube.com\/djcerk07\"]}]}<\/script>\n<!-- \/ Yoast SEO plugin. -->","yoast_head_json":{"title":"Mixing Mastering Hamburg Metropolregion, Online Mastering","description":"Professionelles Online Mixing & Mastering f\u00fcr K\u00fcnstler, Bands und Labels aus Hamburg und der Metropolregion. Cerky Studio \u2013 Sound auf Branchenstandard.","robots":{"index":"index","follow":"follow","max-snippet":"max-snippet:-1","max-image-preview":"max-image-preview:large","max-video-preview":"max-video-preview:-1"},"canonical":"https:\/\/www.cerky-studio.com\/de\/mixing-mastering-hamburg\/","og_locale":"de_DE","og_type":"article","og_title":"Mixing Mastering Hamburg Metropolregion, Online Mastering","og_description":"Professionelles Online Mixing & Mastering f\u00fcr K\u00fcnstler, Bands und Labels aus Hamburg und der Metropolregion. Cerky Studio \u2013 Sound auf Branchenstandard.","og_url":"https:\/\/www.cerky-studio.com\/de\/mixing-mastering-hamburg\/","og_site_name":"Cerky Studio","article_publisher":"https:\/\/www.facebook.com\/DjCerk","article_modified_time":"2025-12-12T14:35:56+00:00","twitter_card":"summary_large_image","twitter_site":"@DJ_CERK","twitter_misc":{"Gesch\u00e4tzte Lesezeit":"4\u00a0Minuten"},"schema":{"@context":"https:\/\/schema.org","@graph":[{"@type":"WebPage","@id":"https:\/\/www.cerky-studio.com\/de\/mixing-mastering-hamburg\/","url":"https:\/\/www.cerky-studio.com\/de\/mixing-mastering-hamburg\/","name":"Mixing Mastering Hamburg Metropolregion, Online Mastering","isPartOf":{"@id":"https:\/\/www.cerky-studio.com\/de\/#website"},"datePublished":"2025-09-11T07:17:39+00:00","dateModified":"2025-12-12T14:35:56+00:00","description":"Professionelles Online Mixing & Mastering f\u00fcr K\u00fcnstler, Bands und Labels aus Hamburg und der Metropolregion. Cerky Studio \u2013 Sound auf Branchenstandard.","breadcrumb":{"@id":"https:\/\/www.cerky-studio.com\/de\/mixing-mastering-hamburg\/#breadcrumb"},"inLanguage":"de","potentialAction":[{"@type":"ReadAction","target":["https:\/\/www.cerky-studio.com\/de\/mixing-mastering-hamburg\/"]}]},{"@type":"BreadcrumbList","@id":"https:\/\/www.cerky-studio.com\/de\/mixing-mastering-hamburg\/#breadcrumb","itemListElement":[{"@type":"ListItem","position":1,"name":"Accueil","item":"https:\/\/www.cerky-studio.com\/de\/"},{"@type":"ListItem","position":2,"name":"Mixing und Mastering in Hamburg"}]},{"@type":"WebSite","@id":"https:\/\/www.cerky-studio.com\/de\/#website","url":"https:\/\/www.cerky-studio.com\/de\/","name":"Cerky Studio","description":"Studio de mixage et mastering \u00e0 Mulhouse et en ligne","publisher":{"@id":"https:\/\/www.cerky-studio.com\/de\/#organization"},"potentialAction":[{"@type":"SearchAction","target":{"@type":"EntryPoint","urlTemplate":"https:\/\/www.cerky-studio.com\/de\/?s={search_term_string}"},"query-input":{"@type":"PropertyValueSpecification","valueRequired":true,"valueName":"search_term_string"}}],"inLanguage":"de"},{"@type":"Organization","@id":"https:\/\/www.cerky-studio.com\/de\/#organization","name":"Cerky Studio","url":"https:\/\/www.cerky-studio.com\/de\/","logo":{"@type":"ImageObject","inLanguage":"de","@id":"https:\/\/www.cerky-studio.com\/de\/#\/schema\/logo\/image\/","url":"https:\/\/www.cerky-studio.com\/wp-cerky\/uploads\/2018\/11\/cerky-studio-logo-noir-big.png","contentUrl":"https:\/\/www.cerky-studio.com\/wp-cerky\/uploads\/2018\/11\/cerky-studio-logo-noir-big.png","width":912,"height":787,"caption":"Cerky Studio"},"image":{"@id":"https:\/\/www.cerky-studio.com\/de\/#\/schema\/logo\/image\/"},"sameAs":["https:\/\/www.facebook.com\/DjCerk","https:\/\/x.com\/DJ_CERK","https:\/\/www.instagram.com\/dj.cerk\/","https:\/\/www.youtube.com\/djcerk07"]}]}},"_links":{"self":[{"href":"https:\/\/www.cerky-studio.com\/de\/wp-json\/wp\/v2\/pages\/3859","targetHints":{"allow":["GET"]}}],"collection":[{"href":"https:\/\/www.cerky-studio.com\/de\/wp-json\/wp\/v2\/pages"}],"about":[{"href":"https:\/\/www.cerky-studio.com\/de\/wp-json\/wp\/v2\/types\/page"}],"author":[{"embeddable":true,"href":"https:\/\/www.cerky-studio.com\/de\/wp-json\/wp\/v2\/users\/2"}],"replies":[{"embeddable":true,"href":"https:\/\/www.cerky-studio.com\/de\/wp-json\/wp\/v2\/comments?post=3859"}],"version-history":[{"count":6,"href":"https:\/\/www.cerky-studio.com\/de\/wp-json\/wp\/v2\/pages\/3859\/revisions"}],"predecessor-version":[{"id":4559,"href":"https:\/\/www.cerky-studio.com\/de\/wp-json\/wp\/v2\/pages\/3859\/revisions\/4559"}],"wp:attachment":[{"href":"https:\/\/www.cerky-studio.com\/de\/wp-json\/wp\/v2\/media?parent=3859"}],"curies":[{"name":"wp","href":"https:\/\/api.w.org\/{rel}","templated":true}]}}