{"id":3865,"date":"2025-09-11T09:49:29","date_gmt":"2025-09-11T07:49:29","guid":{"rendered":"https:\/\/www.cerky-studio.com\/mixing-mastering-munchen\/"},"modified":"2025-12-12T15:37:06","modified_gmt":"2025-12-12T14:37:06","slug":"mixing-mastering-muenchen","status":"publish","type":"page","link":"https:\/\/www.cerky-studio.com\/de\/mixing-mastering-muenchen\/","title":{"rendered":"Mixing und Mastering in M\u00fcnchen"},"content":{"rendered":"<div class=\"wpb-content-wrapper\"><p>[vc_row][vc_column][vc_column_text css=&#8220;&#8220;]<\/p>\n<h2 style=\"text-align: center;\">Profitieren Sie vom Know-how von Cerky Studio im Online-Mixing und Mastering in M\u00fcnchen<\/h2>\n<p>[\/vc_column_text][\/vc_column][\/vc_row][vc_row][vc_column width=&#8220;1\/6&#8243;][\/vc_column][vc_column width=&#8220;2\/3&#8243;][vc_column_text css=&#8220;&#8220;]<\/p>\n<p style=\"text-align: center;\"><strong>Sind Sie Musiker oder K\u00fcnstler in M\u00fcnchen oder im M\u00fcnchner Umland ? Cerky Studio bietet Ihnen einen Online-Mixing- und Mastering-Service, um Ihrer Musik eine professionelle Klangqualit\u00e4t zu verleihen, die den aktuellen Standards der Musikindustrie entspricht und f\u00fcr alle physischen Formate sowie Streaming-Plattformen geeignet ist.<\/strong><\/p>\n<p>[\/vc_column_text][vc_empty_space][\/vc_column][vc_column width=&#8220;1\/6&#8243;][\/vc_column][\/vc_row][vc_row][vc_column width=&#8220;1\/2&#8243;][vc_column_text css=&#8220;&#8220;]<\/p>\n<h3>Cerky Studio \u2013 Mixing und Mastering f\u00fcr M\u00fcnchner K\u00fcnstler<\/h3>\n<p>Egal, ob Sie ein unabh\u00e4ngiger K\u00fcnstler, eine Band oder ein Label sind: <strong>Mixing und Mastering sind entscheidend<\/strong>, um Ihre Musik mit einem kraftvollen und sorgf\u00e4ltig ausgearbeiteten Sound zu ver\u00f6ffentlichen. <strong>Cerky Studio<\/strong> <strong>begleitet Musiker und Bands aus M\u00fcnchen<\/strong> und der Metropolregion M\u00fcnchen (u.a. Freising, Dachau, Starnberg, Erding, Unterschlei\u00dfheim, Garching, Unterhaching \u2026) <strong>mit einem professionellen Online-Mixing- und Mastering-Service<\/strong>, der Ihre Musik veredelt und gleichzeitig die Anforderungen und Standards der Musikindustrie erf\u00fcllt.<\/p>\n<p>Entdecken <a href=\"https:\/\/www.cerky-studio.com\/de\/referenzen\/\">Sie K\u00fcnstler, die mit Cerky Studio zusammengearbeitet haben<\/a><\/p>\n<p>[\/vc_column_text][\/vc_column][vc_column width=&#8220;1\/2&#8243;][vc_single_image image=&#8220;3375&#8243; img_size=&#8220;Large&#8220; alignment=&#8220;center&#8220; onclick=&#8220;link_image&#8220; css=&#8220;&#8220;][\/vc_column][\/vc_row][vc_row][vc_column][vc_empty_space][vc_separator css=&#8220;&#8220;][vc_empty_space][\/vc_column][\/vc_row][vc_row][vc_column width=&#8220;1\/2&#8243;][vc_column_text css=&#8220;&#8220;]<\/p>\n<h3>Mixing und Mastering online f\u00fcr M\u00fcnchen und Umgebung<\/h3>\n<p>Dank eines Echtzeit-Streaming-Systems <strong>\u00fcber einen privaten Link<\/strong>, den Sie per E-Mail erhalten, k\u00f6nnen Sie Ihre Session aus der Ferne verfolgen, <strong>direkt mit Cerky interagieren und jeden Arbeitsschritt live best\u00e4tigen<\/strong>. Diese interaktive Methode <strong>garantiert ein Ergebnis, das Ihrer k\u00fcnstlerischen Vision entspricht<\/strong> \u2013 mit der Pr\u00e4zision einer Studiosession, w\u00e4hrend<strong> Sie bequem zu Hause<\/strong> im M\u00fcnchner Umland bleiben.<\/p>\n<p>Mehr erfahren <a href=\"https:\/\/www.cerky-studio.com\/de\/mixing\/online\/\">\u00fcber Mixing aus der Ferne<\/a><br \/>\nMehr erfahren <a href=\"https:\/\/www.cerky-studio.com\/de\/mastering\/online\/\">\u00fcber Mastering aus der Ferne<\/a><\/p>\n<p>[\/vc_column_text][\/vc_column][vc_column width=&#8220;1\/2&#8243;][vc_single_image image=&#8220;3568&#8243; img_size=&#8220;Large&#8220; onclick=&#8220;link_image&#8220; css=&#8220;&#8220;][\/vc_column][\/vc_row][vc_row][vc_column][vc_empty_space][vc_separator css=&#8220;&#8220;][vc_empty_space][\/vc_column][\/vc_row][vc_row][vc_column width=&#8220;1\/2&#8243;][vc_column_text css=&#8220;&#8220;]<\/p>\n<h3>Professionelles Mixing und Mastering f\u00fcr einen sendefertigen Sound<\/h3>\n<p>Nach der Aufnahme verwandelt <strong>das Mixing Ihre unbearbeiteten Spuren in einen ausgewogenen<\/strong>, klaren Song, der Ihrer klanglichen Identit\u00e4t treu bleibt. <strong>Jedes Element wird sorgf\u00e4ltig hinsichtlich Lautst\u00e4rke<\/strong>, Frequenzbalance und R\u00e4umlichkeit angepasst, um einen dichten <strong>und harmonischen Mix zu erzeugen<\/strong>.<br \/>\nDas Mastering <strong>perfektioniert anschlie\u00dfend den finalen Sound<\/strong>, optimiert die Dynamik, sorgt f\u00fcr <strong>eine wettbewerbsf\u00e4hige Lautst\u00e4rke und passt Ihre Tracks an die Standards<\/strong> der Streaming-Plattformen sowie physischen Formate an.[\/vc_column_text][\/vc_column][vc_column width=&#8220;1\/2&#8243;][vc_single_image image=&#8220;3499&#8243; img_size=&#8220;Large&#8220; alignment=&#8220;center&#8220; onclick=&#8220;link_image&#8220; css=&#8220;&#8220;][\/vc_column][\/vc_row][vc_row][vc_column][vc_empty_space][\/vc_column][\/vc_row][vc_row][vc_column width=&#8220;1\/2&#8243;][vc_column_text css=&#8220;&#8220;]<\/p>\n<h3 style=\"text-align: center;\">Mehr \u00fcber die Schritte von Mixing und Mastering erfahren<\/h3>\n<p>[\/vc_column_text][vc_column_text css=&#8220;&#8220;]<\/p>\n<p style=\"text-align: center;\">Erfahren Sie mehr \u00fcber <a href=\"https:\/\/www.cerky-studio.com\/de\/mixing\/definition\/\">die Bedeutung von Mixing<\/a> und <a href=\"https:\/\/www.cerky-studio.com\/de\/mastering\/definition\/\">Mastering f\u00fcr Ihre Musik<\/a><\/p>\n<p>[\/vc_column_text][\/vc_column][vc_column width=&#8220;1\/2&#8243;][vc_column_text css=&#8220;&#8220;]<\/p>\n<h3 style=\"text-align: center;\">Entdecken Sie die Bedeutung von Mixing und Mastering f\u00fcr Ihre Musik<\/h3>\n<p>[\/vc_column_text][vc_column_text css=&#8220;&#8220;]<\/p>\n<p style=\"text-align: center;\">Finden Sie Antworten auf meine <a href=\"https:\/\/www.cerky-studio.com\/de\/mixing\/faq\/\">F.A.Q. zum Mixen<\/a> und meine <a href=\"https:\/\/www.cerky-studio.com\/de\/mastering\/faq\/\">F.A.Q. zum Mastering<\/a><\/p>\n<p>[\/vc_column_text][\/vc_column][\/vc_row][vc_row][vc_column][vc_empty_space][vc_separator css=&#8220;&#8220;][vc_empty_space][\/vc_column][\/vc_row][vc_row][vc_column width=&#8220;1\/2&#8243;][vc_column_text css=&#8220;&#8220;]<\/p>\n<h2>Cerky Studio \u2013 Expertise f\u00fcr Ihre Musik<\/h2>\n<p>Pierre Lorrain, Toningenieur, Produzent und Musikproduzent, bringt seine Erfahrung und musikalische Sensibilit\u00e4t in jedes Projekt ein \u2013 <strong>ohne Einschr\u00e4nkung des Musikstils<\/strong>. Seine Leidenschaft und technische Meisterschaft <strong>verwandeln Ihre Ideen in einen authentischen Sound<\/strong>, der Ihrem k\u00fcnstlerischen Universum treu bleibt. Mehr als ein Dienstleister, <strong>ber\u00e4t und begleitet er Sie mit individuellen Tipps<\/strong>, um Ihre Tracks zu veredeln und ein <strong>professionelles Niveau zu erreichen<\/strong>.<\/p>\n<p><strong>Jedes Projekt erh\u00e4lt eine ma\u00dfgeschneiderte Betreuung<\/strong> \u2013 vom Mixing bis zum Mastering \u2013, um die volle Intensit\u00e4t und <strong>Emotion Ihrer Musik zu entfalten<\/strong>. Jeder Song wird mit Pr\u00e4zision und h\u00f6chstem Anspruch bearbeitet, sodass ein Ergebnis entsteht, das bereit ist, im Streaming ver\u00f6ffentlicht, online vertrieben oder auf physischen Tontr\u00e4gern gepresst zu werden.[\/vc_column_text][\/vc_column][vc_column width=&#8220;1\/2&#8243;][vc_single_image image=&#8220;3586&#8243; img_size=&#8220;Large&#8220; alignment=&#8220;center&#8220; onclick=&#8220;link_image&#8220; css=&#8220;&#8220;][vc_column_text css=&#8220;&#8220;]<\/p>\n<p style=\"text-align: center;\">Mehr \u00fcber <a href=\"https:\/\/www.cerky-studio.com\/de\/cerky\/\">Cerky Der Tontechniker<\/a> f\u00fcr Ihre Musik<\/p>\n<p>[\/vc_column_text][\/vc_column][\/vc_row][vc_row][vc_column][vc_empty_space][vc_separator css=&#8220;&#8220;][vc_empty_space][\/vc_column][\/vc_row][vc_row][vc_column][vc_column_text css=&#8220;&#8220;]<\/p>\n<p style=\"text-align: center;\"><b>Brauchen Sie Informationen oder sind Sie bereit f\u00fcr den n\u00e4chsten Schritt beim Mixing und Mastering? Cerky Studio steht Ihnen jederzeit zur Verf\u00fcgung.<\/b><\/p>\n<p>[\/vc_column_text][\/vc_column][\/vc_row][vc_row][vc_column][vc_column_text css=&#8220;&#8220;]<\/p>\n<p style=\"text-align: center;\">Greifen Sie auf das <a href=\"https:\/\/www.cerky-studio.com\/de\/kit-mixing-mastering-cerky-studio\/\">Mixing und Mastering-Kit<\/a> zu, um alle meine Dienstleistungen f\u00fcr K\u00fcnstler und Labels zu entdecken<\/p>\n<p>[\/vc_column_text][\/vc_column][\/vc_row][vc_row title=&#8220;Je contacte Cerky Studio&#8220; style=&#8220;flat&#8220; gradient_color_1=&#8220;turquoise&#8220; gradient_color_2=&#8220;vista-blue&#8220; gradient_custom_color_1=&#8220;#dd3333&#8243; gradient_custom_color_2=&#8220;#eeee22&#8243; gradient_text_color=&#8220;#ffffff&#8220; custom_background=&#8220;#ededed&#8220; custom_text=&#8220;#666&#8243; outline_custom_color=&#8220;#666&#8243; outline_custom_hover_background=&#8220;#666&#8243; outline_custom_hover_text=&#8220;#fff&#8220; shape=&#8220;rounded&#8220; color=&#8220;danger&#8220; size=&#8220;lg&#8220; align=&#8220;center&#8220; button_block=&#8220;&#8220; add_icon=&#8220;&#8220; i_align=&#8220;left&#8220; i_type=&#8220;fontawesome&#8220; i_icon_fontawesome=&#8220;fas fa-adjust&#8220; i_icon_openiconic=&#8220;vc-oi vc-oi-dial&#8220; i_icon_typicons=&#8220;typcn typcn-adjust-brightness&#8220; i_icon_entypo=&#8220;entypo-icon entypo-icon-note&#8220; i_icon_linecons=&#8220;vc_li vc_li-heart&#8220; i_icon_monosocial=&#8220;vc-mono vc-mono-fivehundredpx&#8220; i_icon_material=&#8220;vc-material vc-material-cake&#8220; i_icon_pixelicons=&#8220;vc_pixel_icon vc_pixel_icon-alert&#8220; custom_onclick=&#8220;&#8220; link=&#8220;url:https%3A%2F%2Fwww.cerky-studio.com%2Fcontact%2F|||&#8220; custom_onclick_code=&#8220;&#8220;][vc_column][vc_btn title=&#8220;Cerky Studio kontaktieren&#8220; style=&#8220;flat&#8220; color=&#8220;danger&#8220; size=&#8220;lg&#8220; align=&#8220;center&#8220; css=&#8220;&#8220; link=&#8220;url:https%3A%2F%2Fwww.cerky-studio.com%2Fde%2Fkontakt%2F|title:Kontakt&#8220;][\/vc_column][\/vc_row]<\/p>\n<\/div>","protected":false},"excerpt":{"rendered":"<p>[vc_row][vc_column][vc_column_text css=&#8220;&#8220;] Profitieren Sie vom Know-how von Cerky Studio im Online-Mixing und Mastering in M\u00fcnchen [\/vc_column_text][\/vc_column][\/vc_row][vc_row][vc_column width=&#8220;1\/6&#8243;][\/vc_column][vc_column width=&#8220;2\/3&#8243;][vc_column_text css=&#8220;&#8220;] Sind Sie Musiker oder K\u00fcnstler in M\u00fcnchen oder im M\u00fcnchner Umland ? Cerky Studio bietet Ihnen einen Online-Mixing- und Mastering-Service, um Ihrer Musik eine professionelle Klangqualit\u00e4t zu verleihen, die den aktuellen Standards der Musikindustrie entspricht und [&hellip;]<\/p>\n","protected":false},"author":2,"featured_media":0,"parent":0,"menu_order":420,"comment_status":"closed","ping_status":"closed","template":"","meta":{"footnotes":""},"class_list":["post-3865","page","type-page","status-publish","hentry"],"yoast_head":"<!-- This site is optimized with the Yoast SEO plugin v26.1.1 - https:\/\/yoast.com\/wordpress\/plugins\/seo\/ -->\n<title>Online Mixing und Mastering Studio M\u00fcnchen Metropolregion<\/title>\n<meta name=\"description\" content=\"Professionelles Online-Mixing &amp; Mastering f\u00fcr Musiker, Bands und Labels aus M\u00fcnchen und der Metropolregion. Cerky Studio \u2013 Sound auf Branchenstandard\" \/>\n<meta name=\"robots\" content=\"index, follow, max-snippet:-1, max-image-preview:large, max-video-preview:-1\" \/>\n<link rel=\"canonical\" href=\"https:\/\/www.cerky-studio.com\/de\/mixing-mastering-muenchen\/\" \/>\n<meta property=\"og:locale\" content=\"de_DE\" \/>\n<meta property=\"og:type\" content=\"article\" \/>\n<meta property=\"og:title\" content=\"Online Mixing und Mastering Studio M\u00fcnchen Metropolregion\" \/>\n<meta property=\"og:description\" content=\"Professionelles Online-Mixing &amp; Mastering f\u00fcr Musiker, Bands und Labels aus M\u00fcnchen und der Metropolregion. Cerky Studio \u2013 Sound auf Branchenstandard\" \/>\n<meta property=\"og:url\" content=\"https:\/\/www.cerky-studio.com\/de\/mixing-mastering-muenchen\/\" \/>\n<meta property=\"og:site_name\" content=\"Cerky Studio\" \/>\n<meta property=\"article:publisher\" content=\"https:\/\/www.facebook.com\/DjCerk\" \/>\n<meta property=\"article:modified_time\" content=\"2025-12-12T14:37:06+00:00\" \/>\n<meta name=\"twitter:card\" content=\"summary_large_image\" \/>\n<meta name=\"twitter:site\" content=\"@DJ_CERK\" \/>\n<meta name=\"twitter:label1\" content=\"Gesch\u00e4tzte Lesezeit\" \/>\n\t<meta name=\"twitter:data1\" content=\"4\u00a0Minuten\" \/>\n<script type=\"application\/ld+json\" class=\"yoast-schema-graph\">{\"@context\":\"https:\/\/schema.org\",\"@graph\":[{\"@type\":\"WebPage\",\"@id\":\"https:\/\/www.cerky-studio.com\/de\/mixing-mastering-muenchen\/\",\"url\":\"https:\/\/www.cerky-studio.com\/de\/mixing-mastering-muenchen\/\",\"name\":\"Online Mixing und Mastering Studio M\u00fcnchen Metropolregion\",\"isPartOf\":{\"@id\":\"https:\/\/www.cerky-studio.com\/de\/#website\"},\"datePublished\":\"2025-09-11T07:49:29+00:00\",\"dateModified\":\"2025-12-12T14:37:06+00:00\",\"description\":\"Professionelles Online-Mixing & Mastering f\u00fcr Musiker, Bands und Labels aus M\u00fcnchen und der Metropolregion. Cerky Studio \u2013 Sound auf Branchenstandard\",\"breadcrumb\":{\"@id\":\"https:\/\/www.cerky-studio.com\/de\/mixing-mastering-muenchen\/#breadcrumb\"},\"inLanguage\":\"de\",\"potentialAction\":[{\"@type\":\"ReadAction\",\"target\":[\"https:\/\/www.cerky-studio.com\/de\/mixing-mastering-muenchen\/\"]}]},{\"@type\":\"BreadcrumbList\",\"@id\":\"https:\/\/www.cerky-studio.com\/de\/mixing-mastering-muenchen\/#breadcrumb\",\"itemListElement\":[{\"@type\":\"ListItem\",\"position\":1,\"name\":\"Accueil\",\"item\":\"https:\/\/www.cerky-studio.com\/de\/\"},{\"@type\":\"ListItem\",\"position\":2,\"name\":\"Mixing und Mastering in M\u00fcnchen\"}]},{\"@type\":\"WebSite\",\"@id\":\"https:\/\/www.cerky-studio.com\/de\/#website\",\"url\":\"https:\/\/www.cerky-studio.com\/de\/\",\"name\":\"Cerky Studio\",\"description\":\"Studio de mixage et mastering \u00e0 Mulhouse et en ligne\",\"publisher\":{\"@id\":\"https:\/\/www.cerky-studio.com\/de\/#organization\"},\"potentialAction\":[{\"@type\":\"SearchAction\",\"target\":{\"@type\":\"EntryPoint\",\"urlTemplate\":\"https:\/\/www.cerky-studio.com\/de\/?s={search_term_string}\"},\"query-input\":{\"@type\":\"PropertyValueSpecification\",\"valueRequired\":true,\"valueName\":\"search_term_string\"}}],\"inLanguage\":\"de\"},{\"@type\":\"Organization\",\"@id\":\"https:\/\/www.cerky-studio.com\/de\/#organization\",\"name\":\"Cerky Studio\",\"url\":\"https:\/\/www.cerky-studio.com\/de\/\",\"logo\":{\"@type\":\"ImageObject\",\"inLanguage\":\"de\",\"@id\":\"https:\/\/www.cerky-studio.com\/de\/#\/schema\/logo\/image\/\",\"url\":\"https:\/\/www.cerky-studio.com\/wp-cerky\/uploads\/2018\/11\/cerky-studio-logo-noir-big.png\",\"contentUrl\":\"https:\/\/www.cerky-studio.com\/wp-cerky\/uploads\/2018\/11\/cerky-studio-logo-noir-big.png\",\"width\":912,\"height\":787,\"caption\":\"Cerky Studio\"},\"image\":{\"@id\":\"https:\/\/www.cerky-studio.com\/de\/#\/schema\/logo\/image\/\"},\"sameAs\":[\"https:\/\/www.facebook.com\/DjCerk\",\"https:\/\/x.com\/DJ_CERK\",\"https:\/\/www.instagram.com\/dj.cerk\/\",\"https:\/\/www.youtube.com\/djcerk07\"]}]}<\/script>\n<!-- \/ Yoast SEO plugin. -->","yoast_head_json":{"title":"Online Mixing und Mastering Studio M\u00fcnchen Metropolregion","description":"Professionelles Online-Mixing & Mastering f\u00fcr Musiker, Bands und Labels aus M\u00fcnchen und der Metropolregion. Cerky Studio \u2013 Sound auf Branchenstandard","robots":{"index":"index","follow":"follow","max-snippet":"max-snippet:-1","max-image-preview":"max-image-preview:large","max-video-preview":"max-video-preview:-1"},"canonical":"https:\/\/www.cerky-studio.com\/de\/mixing-mastering-muenchen\/","og_locale":"de_DE","og_type":"article","og_title":"Online Mixing und Mastering Studio M\u00fcnchen Metropolregion","og_description":"Professionelles Online-Mixing & Mastering f\u00fcr Musiker, Bands und Labels aus M\u00fcnchen und der Metropolregion. Cerky Studio \u2013 Sound auf Branchenstandard","og_url":"https:\/\/www.cerky-studio.com\/de\/mixing-mastering-muenchen\/","og_site_name":"Cerky Studio","article_publisher":"https:\/\/www.facebook.com\/DjCerk","article_modified_time":"2025-12-12T14:37:06+00:00","twitter_card":"summary_large_image","twitter_site":"@DJ_CERK","twitter_misc":{"Gesch\u00e4tzte Lesezeit":"4\u00a0Minuten"},"schema":{"@context":"https:\/\/schema.org","@graph":[{"@type":"WebPage","@id":"https:\/\/www.cerky-studio.com\/de\/mixing-mastering-muenchen\/","url":"https:\/\/www.cerky-studio.com\/de\/mixing-mastering-muenchen\/","name":"Online Mixing und Mastering Studio M\u00fcnchen Metropolregion","isPartOf":{"@id":"https:\/\/www.cerky-studio.com\/de\/#website"},"datePublished":"2025-09-11T07:49:29+00:00","dateModified":"2025-12-12T14:37:06+00:00","description":"Professionelles Online-Mixing & Mastering f\u00fcr Musiker, Bands und Labels aus M\u00fcnchen und der Metropolregion. Cerky Studio \u2013 Sound auf Branchenstandard","breadcrumb":{"@id":"https:\/\/www.cerky-studio.com\/de\/mixing-mastering-muenchen\/#breadcrumb"},"inLanguage":"de","potentialAction":[{"@type":"ReadAction","target":["https:\/\/www.cerky-studio.com\/de\/mixing-mastering-muenchen\/"]}]},{"@type":"BreadcrumbList","@id":"https:\/\/www.cerky-studio.com\/de\/mixing-mastering-muenchen\/#breadcrumb","itemListElement":[{"@type":"ListItem","position":1,"name":"Accueil","item":"https:\/\/www.cerky-studio.com\/de\/"},{"@type":"ListItem","position":2,"name":"Mixing und Mastering in M\u00fcnchen"}]},{"@type":"WebSite","@id":"https:\/\/www.cerky-studio.com\/de\/#website","url":"https:\/\/www.cerky-studio.com\/de\/","name":"Cerky Studio","description":"Studio de mixage et mastering \u00e0 Mulhouse et en ligne","publisher":{"@id":"https:\/\/www.cerky-studio.com\/de\/#organization"},"potentialAction":[{"@type":"SearchAction","target":{"@type":"EntryPoint","urlTemplate":"https:\/\/www.cerky-studio.com\/de\/?s={search_term_string}"},"query-input":{"@type":"PropertyValueSpecification","valueRequired":true,"valueName":"search_term_string"}}],"inLanguage":"de"},{"@type":"Organization","@id":"https:\/\/www.cerky-studio.com\/de\/#organization","name":"Cerky Studio","url":"https:\/\/www.cerky-studio.com\/de\/","logo":{"@type":"ImageObject","inLanguage":"de","@id":"https:\/\/www.cerky-studio.com\/de\/#\/schema\/logo\/image\/","url":"https:\/\/www.cerky-studio.com\/wp-cerky\/uploads\/2018\/11\/cerky-studio-logo-noir-big.png","contentUrl":"https:\/\/www.cerky-studio.com\/wp-cerky\/uploads\/2018\/11\/cerky-studio-logo-noir-big.png","width":912,"height":787,"caption":"Cerky Studio"},"image":{"@id":"https:\/\/www.cerky-studio.com\/de\/#\/schema\/logo\/image\/"},"sameAs":["https:\/\/www.facebook.com\/DjCerk","https:\/\/x.com\/DJ_CERK","https:\/\/www.instagram.com\/dj.cerk\/","https:\/\/www.youtube.com\/djcerk07"]}]}},"_links":{"self":[{"href":"https:\/\/www.cerky-studio.com\/de\/wp-json\/wp\/v2\/pages\/3865","targetHints":{"allow":["GET"]}}],"collection":[{"href":"https:\/\/www.cerky-studio.com\/de\/wp-json\/wp\/v2\/pages"}],"about":[{"href":"https:\/\/www.cerky-studio.com\/de\/wp-json\/wp\/v2\/types\/page"}],"author":[{"embeddable":true,"href":"https:\/\/www.cerky-studio.com\/de\/wp-json\/wp\/v2\/users\/2"}],"replies":[{"embeddable":true,"href":"https:\/\/www.cerky-studio.com\/de\/wp-json\/wp\/v2\/comments?post=3865"}],"version-history":[{"count":5,"href":"https:\/\/www.cerky-studio.com\/de\/wp-json\/wp\/v2\/pages\/3865\/revisions"}],"predecessor-version":[{"id":4560,"href":"https:\/\/www.cerky-studio.com\/de\/wp-json\/wp\/v2\/pages\/3865\/revisions\/4560"}],"wp:attachment":[{"href":"https:\/\/www.cerky-studio.com\/de\/wp-json\/wp\/v2\/media?parent=3865"}],"curies":[{"name":"wp","href":"https:\/\/api.w.org\/{rel}","templated":true}]}}