{"id":3874,"date":"2025-09-11T11:08:57","date_gmt":"2025-09-11T09:08:57","guid":{"rendered":"https:\/\/www.cerky-studio.com\/?page_id=3874"},"modified":"2025-12-12T15:40:31","modified_gmt":"2025-12-12T14:40:31","slug":"mixing-mastering-frankfurt-am-main","status":"publish","type":"page","link":"https:\/\/www.cerky-studio.com\/de\/mixing-mastering-frankfurt-am-main\/","title":{"rendered":"Mixing und Mastering in Frankfurt am Main"},"content":{"rendered":"<div class=\"wpb-content-wrapper\"><p>[vc_row][vc_column][vc_column_text css=&#8220;&#8220;]<\/p>\n<h2 style=\"text-align: center;\">Mixing und Mastering von Cerky Studio f\u00fcr K\u00fcnstler und Labels aus Frankfurt am Main und der Metropolregion<\/h2>\n<p>[\/vc_column_text][\/vc_column][\/vc_row][vc_row][vc_column width=&#8220;1\/6&#8243;][\/vc_column][vc_column width=&#8220;2\/3&#8243;][vc_column_text css=&#8220;&#8220;]<\/p>\n<p style=\"text-align: center;\"><strong>Cerky Studio arbeitet mit K\u00fcnstlern, Bands und Labels aus Frankfurt am Main und der Metropolregion zusammen, um ihrer Musik einen professionellen und kraftvollen Sound zu verleihen. Das Studio bietet Online-Mixing- und Mastering-Dienstleistungen an, inklusive individueller Betreuung und Empfehlungen, um ein optimales Ergebnis zu erzielen, das Ihre Kreativit\u00e4t hervorhebt, den Standards der Musikindustrie entspricht und bereit f\u00fcr die Distribution ist.<\/strong><\/p>\n<p>[\/vc_column_text][vc_empty_space][\/vc_column][vc_column width=&#8220;1\/6&#8243;][\/vc_column][\/vc_row][vc_row][vc_column width=&#8220;1\/2&#8243;][vc_column_text css=&#8220;&#8220;]<\/p>\n<h3>Cerky Studio \u2013 Professionelles Mixing und Mastering f\u00fcr K\u00fcnstler aus Frankfurt am Main und der Metropolregion<\/h3>\n<p>Cerky Studio begleitet Musiker, S\u00e4nger und Labels aus Frankfurt am Main und dem gesamten Bundesland Hessen, insbesondere aus der Metropolregion Frankfurt (u.a. Offenbach am Main, Bad Homburg, Eschborn, Neu-Isenburg, Maintal, Hofheim, Dreieich, R\u00fcsselsheim\u2026), <strong>mit professionellen Online-Mixing- und Mastering-Services<\/strong>. Ziel ist ein perfekt ausgewogener, kraftvoller Sound, <strong>der den aktuellen Standards entspricht<\/strong> und f\u00fcr Streaming-Plattformen sowie physische Formate bereit ist.[\/vc_column_text][\/vc_column][vc_column width=&#8220;1\/2&#8243;][vc_single_image image=&#8220;3604&#8243; img_size=&#8220;Large&#8220; alignment=&#8220;center&#8220; onclick=&#8220;link_image&#8220; css=&#8220;&#8220;][\/vc_column][\/vc_row][vc_row][vc_column][vc_empty_space][vc_separator css=&#8220;&#8220;][vc_empty_space][\/vc_column][\/vc_row][vc_row][vc_column width=&#8220;1\/2&#8243;][vc_column_text css=&#8220;&#8220;]<\/p>\n<h3>Services speziell f\u00fcr Frankfurter K\u00fcnstler<\/h3>\n<p>Sie sind K\u00fcnstler oder Label in Frankfurt und m\u00f6chten Ihre Musik mit professionellem Sound finalisieren ? Cerky Studio bietet <b>Online-Mixing- und Mastering-Dienstleistungen<\/b>, damit Ihre Tracks herausstechen und ein optimales Niveau f\u00fcr die Ver\u00f6ffentlichung erreichen.[\/vc_column_text][vc_single_image image=&#8220;3376&#8243; img_size=&#8220;Large&#8220; alignment=&#8220;center&#8220; onclick=&#8220;link_image&#8220; css=&#8220;&#8220;][vc_column_text css=&#8220;&#8220;]<a href=\"https:\/\/www.cerky-studio.com\/de\/mixing\/online\/\">Mehr erfahren \u00fcber Online-Mixing<\/a>[\/vc_column_text][\/vc_column][vc_column width=&#8220;1\/2&#8243;][vc_column_text css=&#8220;&#8220;]<\/p>\n<h3>Interaktive Zusammenarbeit aus der Ferne<\/h3>\n<p>Dank <strong>Echtzeit-Streaming k\u00f6nnen Sie die Session \u00fcber einen privaten Link live verfolgen<\/strong>, direkt mit dem Toningenieur interagieren und jeden Arbeitsschritt best\u00e4tigen. Dieser Prozess <strong>garantiert ein Ergebnis, <\/strong>das Ihrer k\u00fcnstlerischen Vision entspricht \u2013 ohne dass Sie vor Ort sein m\u00fcssen.[\/vc_column_text][vc_single_image image=&#8220;3568&#8243; img_size=&#8220;Large&#8220; alignment=&#8220;center&#8220; onclick=&#8220;link_image&#8220; css=&#8220;&#8220;][vc_column_text css=&#8220;&#8220;]<a href=\"https:\/\/www.cerky-studio.com\/de\/mastering\/online\/\">Mehr erfahren \u00fcber Online-Mastering<\/a>[\/vc_column_text][\/vc_column][\/vc_row][vc_row][vc_column][vc_empty_space][vc_separator css=&#8220;&#8220;][vc_empty_space][\/vc_column][\/vc_row][vc_row][vc_column width=&#8220;1\/2&#8243;][vc_column_text css=&#8220;&#8220;]<\/p>\n<h3>Warum professionelles Mixing und Mastering?<\/h3>\n<ul>\n<li><b><\/b><b>Mixing<\/b> sorgt f\u00fcr <strong>Koh\u00e4renz und Balance<\/strong>, hebt die wichtigsten Elemente hervor und passt den Sound an <strong>Ihr musikalisches Universum und Ihren Stil an<\/strong>.<\/li>\n<li><b><\/b><b>Mastering<\/b> perfektioniert den finalen Mix, <strong>optimiert<\/strong> Dynamik, Lautst\u00e4rke und sorgt f\u00fcr einen dichten, kraftvollen Sound, der auf allen Plattformen und physischen Formaten <strong>konkurrenzf\u00e4hig ist<\/strong>.<\/li>\n<\/ul>\n<p>Dank dieser Kombination gewinnen <strong>Ihre Tracks an Klarheit, Wirkung und Ausdruckskraft<\/strong>.[\/vc_column_text][\/vc_column][vc_column width=&#8220;1\/2&#8243;][vc_single_image image=&#8220;3021&#8243; img_size=&#8220;Large&#8220; alignment=&#8220;center&#8220; onclick=&#8220;link_image&#8220; css=&#8220;&#8220;][\/vc_column][\/vc_row][vc_row][vc_column][vc_empty_space][vc_separator css=&#8220;&#8220;][vc_empty_space][\/vc_column][\/vc_row][vc_row][vc_column width=&#8220;1\/2&#8243;][vc_column_text css=&#8220;&#8220;]<\/p>\n<h3 style=\"text-align: center;\">En savoir plus sur les \u00e9tapes mixage et de mastering<\/h3>\n<p>[\/vc_column_text][vc_column_text css=&#8220;&#8220;]<\/p>\n<p style=\"text-align: center;\">Erfahren Sie mehr \u00fcber <a href=\"https:\/\/www.cerky-studio.com\/de\/mixing\/definition\/\">die Bedeutung von Mixing<\/a> und <a href=\"https:\/\/www.cerky-studio.com\/de\/mastering\/definition\/\">Mastering f\u00fcr Ihre Musik<\/a><\/p>\n<p>[\/vc_column_text][\/vc_column][vc_column width=&#8220;1\/2&#8243;][vc_column_text css=&#8220;&#8220;]<\/p>\n<h3 style=\"text-align: center;\">H\u00e4ufig gestellte Fragen zum Mixen und Mastering<\/h3>\n<p>[\/vc_column_text][vc_column_text css=&#8220;&#8220;]<\/p>\n<p style=\"text-align: center;\">Finden Sie Antworten auf <a href=\"https:\/\/www.cerky-studio.com\/de\/mixing\/faq\/\">meine F.A.Q. zum Mixen<\/a> und <a href=\"https:\/\/www.cerky-studio.com\/de\/mastering\/faq\/\">meine F.A.Q. zum Mastering<\/a><\/p>\n<p>[\/vc_column_text][\/vc_column][\/vc_row][vc_row][vc_column][vc_empty_space][vc_separator css=&#8220;&#8220;][vc_empty_space][\/vc_column][\/vc_row][vc_row][vc_column width=&#8220;1\/2&#8243;][vc_column_text css=&#8220;&#8220;]<\/p>\n<h2>Die Cerky Studio-Philosophie<\/h2>\n<p>Jedes Projekt wird bei Cerky Studio <b>individuell betreut<\/b>, um einen Sound zu liefern, der Ihren Erwartungen entspricht. Vom Mixing bis zum Mastering liegt das Ziel klar: Ihrer Musik Tiefe, Kraft und einen perfekten klanglichen Ausdruck zu verleihen, <strong>bei voller Beibehaltung Ihrer k\u00fcnstlerischen Identit\u00e4t<\/strong>.<\/p>\n<p>Pierre Lorrain, Toningenieur, Produzent und Musikregisseur, <strong>bringt seine Erfahrung und musikalische Sensibilit\u00e4t<\/strong> in jedes Projekt ein \u2013 <strong>unabh\u00e4ngig vom Musikstil<\/strong>. Seine Expertise verwandelt <strong>Ihre Ideen in einen kraftvollen<\/strong>, markanten Sound, der bereit ist f\u00fcr professionelle Distribution \u00fcber Streaming, Vinyl oder CD. Mehr als nur ein Techniker, ber\u00e4t er Sie pers\u00f6nlich, damit <strong>Ihre Musik Ihre k\u00fcnstlerischen Absichten voll widerspiegelt<\/strong>.[\/vc_column_text][\/vc_column][vc_column width=&#8220;1\/2&#8243;][vc_single_image image=&#8220;2795&#8243; img_size=&#8220;Large&#8220; alignment=&#8220;center&#8220; onclick=&#8220;link_image&#8220; css=&#8220;&#8220;][\/vc_column][\/vc_row][vc_row][vc_column][vc_empty_space][vc_separator css=&#8220;&#8220;][vc_empty_space][\/vc_column][\/vc_row][vc_row][vc_column width=&#8220;1\/3&#8243;][vc_column_text css=&#8220;&#8220;]<\/p>\n<h3 style=\"text-align: center;\">Referenzen<\/h3>\n<p>[\/vc_column_text][vc_column_text css=&#8220;&#8220;]<\/p>\n<p style=\"text-align: center;\">Entdecken Sie <a href=\"https:\/\/www.cerky-studio.com\/de\/referenzen\/\">die K\u00fcnstler, die mit Cerky Studio <\/a>zusammengearbeitet haben.<\/p>\n<p>[\/vc_column_text][\/vc_column][vc_column width=&#8220;1\/3&#8243;][vc_column_text css=&#8220;&#8220;]<\/p>\n<h3 style=\"text-align: center;\">Wer ist Cerky ?<\/h3>\n<p>[\/vc_column_text][vc_column_text css=&#8220;&#8220;]<\/p>\n<p style=\"text-align: center;\">Erfahren Sie mehr <a href=\"https:\/\/www.cerky-studio.com\/de\/cerky\/\">\u00fcber Pierre Lorrain aka Cerky<\/a>, den Toningenieur.<\/p>\n<p>[\/vc_column_text][\/vc_column][vc_column width=&#8220;1\/3&#8243;][vc_column_text css=&#8220;&#8220;]<\/p>\n<h3 style=\"text-align: center;\">Preise<\/h3>\n<p>[\/vc_column_text][vc_column_text css=&#8220;&#8220;]<\/p>\n<p style=\"text-align: center;\">Informieren Sie sich \u00fcber <a href=\"https:\/\/www.cerky-studio.com\/de\/mixing\/preise\/\">die Preise f\u00fcr Mixing<\/a> und <a href=\"https:\/\/www.cerky-studio.com\/de\/mastering\/preise\/\">Mastering bei Cerky Studio<\/a>.<\/p>\n<p>[\/vc_column_text][\/vc_column][\/vc_row][vc_row][vc_column][vc_empty_space][vc_separator css=&#8220;&#8220;][vc_empty_space][\/vc_column][\/vc_row][vc_row][vc_column width=&#8220;1\/6&#8243;][\/vc_column][vc_column width=&#8220;2\/3&#8243;][vc_column_text css=&#8220;&#8220;]<\/p>\n<p style=\"text-align: center;\"><strong>Kontaktieren Sie Cerky Studio f\u00fcr weitere Informationen oder um Ihr Mixing- und Mastering-Projekt in Auftrag zu geben.<\/strong><\/p>\n<p>[\/vc_column_text][\/vc_column][vc_column width=&#8220;1\/6&#8243;][\/vc_column][\/vc_row][vc_row][vc_column][vc_column_text css=&#8220;&#8220;]<\/p>\n<p style=\"text-align: center;\">Greifen Sie auf das <a href=\"https:\/\/www.cerky-studio.com\/de\/kit-mixing-mastering-cerky-studio\/\">Mixing und Mastering-Kit<\/a> zu, um alle meine Dienstleistungen f\u00fcr K\u00fcnstler und Labels zu entdecken<\/p>\n<p>[\/vc_column_text][\/vc_column][\/vc_row][vc_row title=&#8220;Je contacte Cerky Studio&#8220; style=&#8220;flat&#8220; gradient_color_1=&#8220;turquoise&#8220; gradient_color_2=&#8220;vista-blue&#8220; gradient_custom_color_1=&#8220;#dd3333&#8243; gradient_custom_color_2=&#8220;#eeee22&#8243; gradient_text_color=&#8220;#ffffff&#8220; custom_background=&#8220;#ededed&#8220; custom_text=&#8220;#666&#8243; outline_custom_color=&#8220;#666&#8243; outline_custom_hover_background=&#8220;#666&#8243; outline_custom_hover_text=&#8220;#fff&#8220; shape=&#8220;rounded&#8220; color=&#8220;danger&#8220; size=&#8220;lg&#8220; align=&#8220;center&#8220; button_block=&#8220;&#8220; add_icon=&#8220;&#8220; i_align=&#8220;left&#8220; i_type=&#8220;fontawesome&#8220; i_icon_fontawesome=&#8220;fas fa-adjust&#8220; i_icon_openiconic=&#8220;vc-oi vc-oi-dial&#8220; i_icon_typicons=&#8220;typcn typcn-adjust-brightness&#8220; i_icon_entypo=&#8220;entypo-icon entypo-icon-note&#8220; i_icon_linecons=&#8220;vc_li vc_li-heart&#8220; i_icon_monosocial=&#8220;vc-mono vc-mono-fivehundredpx&#8220; i_icon_material=&#8220;vc-material vc-material-cake&#8220; i_icon_pixelicons=&#8220;vc_pixel_icon vc_pixel_icon-alert&#8220; custom_onclick=&#8220;&#8220; link=&#8220;url:https%3A%2F%2Fwww.cerky-studio.com%2Fcontact%2F|||&#8220; custom_onclick_code=&#8220;&#8220;][vc_column][vc_btn title=&#8220;Cerky Studio kontaktieren&#8220; style=&#8220;flat&#8220; color=&#8220;danger&#8220; size=&#8220;lg&#8220; align=&#8220;center&#8220; css=&#8220;&#8220; link=&#8220;url:https%3A%2F%2Fwww.cerky-studio.com%2Fde%2Fkontakt%2F|title:Kontakt&#8220;][\/vc_column][\/vc_row]<\/p>\n<\/div>","protected":false},"excerpt":{"rendered":"<p>[vc_row][vc_column][vc_column_text css=&#8220;&#8220;] Mixing und Mastering von Cerky Studio f\u00fcr K\u00fcnstler und Labels aus Frankfurt am Main und der Metropolregion [\/vc_column_text][\/vc_column][\/vc_row][vc_row][vc_column width=&#8220;1\/6&#8243;][\/vc_column][vc_column width=&#8220;2\/3&#8243;][vc_column_text css=&#8220;&#8220;] Cerky Studio arbeitet mit K\u00fcnstlern, Bands und Labels aus Frankfurt am Main und der Metropolregion zusammen, um ihrer Musik einen professionellen und kraftvollen Sound zu verleihen. Das Studio bietet Online-Mixing- und Mastering-Dienstleistungen [&hellip;]<\/p>\n","protected":false},"author":2,"featured_media":0,"parent":0,"menu_order":440,"comment_status":"closed","ping_status":"closed","template":"","meta":{"footnotes":""},"class_list":["post-3874","page","type-page","status-publish","hentry"],"yoast_head":"<!-- This site is optimized with the Yoast SEO plugin v26.1.1 - https:\/\/yoast.com\/wordpress\/plugins\/seo\/ -->\n<title>Online Mixing und Mastering Metropolregion Frankfurt service<\/title>\n<meta name=\"description\" content=\"Professionelles Online-Mixing und Mastering von Cerky Studio f\u00fcr K\u00fcnstler und Labels aus Frankfurt am Main und der Metropolregion. Individuelle Betreuung, kraftvoller Sound und fertige Tracks f\u00fcr Streaming und physische Formate.\" \/>\n<meta name=\"robots\" content=\"index, follow, max-snippet:-1, max-image-preview:large, max-video-preview:-1\" \/>\n<link rel=\"canonical\" href=\"https:\/\/www.cerky-studio.com\/de\/mixing-mastering-frankfurt-am-main\/\" \/>\n<meta property=\"og:locale\" content=\"de_DE\" \/>\n<meta property=\"og:type\" content=\"article\" \/>\n<meta property=\"og:title\" content=\"Online Mixing und Mastering Metropolregion Frankfurt service\" \/>\n<meta property=\"og:description\" content=\"Professionelles Online-Mixing und Mastering von Cerky Studio f\u00fcr K\u00fcnstler und Labels aus Frankfurt am Main und der Metropolregion. Individuelle Betreuung, kraftvoller Sound und fertige Tracks f\u00fcr Streaming und physische Formate.\" \/>\n<meta property=\"og:url\" content=\"https:\/\/www.cerky-studio.com\/de\/mixing-mastering-frankfurt-am-main\/\" \/>\n<meta property=\"og:site_name\" content=\"Cerky Studio\" \/>\n<meta property=\"article:publisher\" content=\"https:\/\/www.facebook.com\/DjCerk\" \/>\n<meta property=\"article:modified_time\" content=\"2025-12-12T14:40:31+00:00\" \/>\n<meta name=\"twitter:card\" content=\"summary_large_image\" \/>\n<meta name=\"twitter:site\" content=\"@DJ_CERK\" \/>\n<meta name=\"twitter:label1\" content=\"Gesch\u00e4tzte Lesezeit\" \/>\n\t<meta name=\"twitter:data1\" content=\"5\u00a0Minuten\" \/>\n<script type=\"application\/ld+json\" class=\"yoast-schema-graph\">{\"@context\":\"https:\/\/schema.org\",\"@graph\":[{\"@type\":\"WebPage\",\"@id\":\"https:\/\/www.cerky-studio.com\/de\/mixing-mastering-frankfurt-am-main\/\",\"url\":\"https:\/\/www.cerky-studio.com\/de\/mixing-mastering-frankfurt-am-main\/\",\"name\":\"Online Mixing und Mastering Metropolregion Frankfurt service\",\"isPartOf\":{\"@id\":\"https:\/\/www.cerky-studio.com\/de\/#website\"},\"datePublished\":\"2025-09-11T09:08:57+00:00\",\"dateModified\":\"2025-12-12T14:40:31+00:00\",\"description\":\"Professionelles Online-Mixing und Mastering von Cerky Studio f\u00fcr K\u00fcnstler und Labels aus Frankfurt am Main und der Metropolregion. Individuelle Betreuung, kraftvoller Sound und fertige Tracks f\u00fcr Streaming und physische Formate.\",\"breadcrumb\":{\"@id\":\"https:\/\/www.cerky-studio.com\/de\/mixing-mastering-frankfurt-am-main\/#breadcrumb\"},\"inLanguage\":\"de\",\"potentialAction\":[{\"@type\":\"ReadAction\",\"target\":[\"https:\/\/www.cerky-studio.com\/de\/mixing-mastering-frankfurt-am-main\/\"]}]},{\"@type\":\"BreadcrumbList\",\"@id\":\"https:\/\/www.cerky-studio.com\/de\/mixing-mastering-frankfurt-am-main\/#breadcrumb\",\"itemListElement\":[{\"@type\":\"ListItem\",\"position\":1,\"name\":\"Accueil\",\"item\":\"https:\/\/www.cerky-studio.com\/de\/\"},{\"@type\":\"ListItem\",\"position\":2,\"name\":\"Mixing und Mastering in Frankfurt am Main\"}]},{\"@type\":\"WebSite\",\"@id\":\"https:\/\/www.cerky-studio.com\/de\/#website\",\"url\":\"https:\/\/www.cerky-studio.com\/de\/\",\"name\":\"Cerky Studio\",\"description\":\"Studio de mixage et mastering \u00e0 Mulhouse et en ligne\",\"publisher\":{\"@id\":\"https:\/\/www.cerky-studio.com\/de\/#organization\"},\"potentialAction\":[{\"@type\":\"SearchAction\",\"target\":{\"@type\":\"EntryPoint\",\"urlTemplate\":\"https:\/\/www.cerky-studio.com\/de\/?s={search_term_string}\"},\"query-input\":{\"@type\":\"PropertyValueSpecification\",\"valueRequired\":true,\"valueName\":\"search_term_string\"}}],\"inLanguage\":\"de\"},{\"@type\":\"Organization\",\"@id\":\"https:\/\/www.cerky-studio.com\/de\/#organization\",\"name\":\"Cerky Studio\",\"url\":\"https:\/\/www.cerky-studio.com\/de\/\",\"logo\":{\"@type\":\"ImageObject\",\"inLanguage\":\"de\",\"@id\":\"https:\/\/www.cerky-studio.com\/de\/#\/schema\/logo\/image\/\",\"url\":\"https:\/\/www.cerky-studio.com\/wp-cerky\/uploads\/2018\/11\/cerky-studio-logo-noir-big.png\",\"contentUrl\":\"https:\/\/www.cerky-studio.com\/wp-cerky\/uploads\/2018\/11\/cerky-studio-logo-noir-big.png\",\"width\":912,\"height\":787,\"caption\":\"Cerky Studio\"},\"image\":{\"@id\":\"https:\/\/www.cerky-studio.com\/de\/#\/schema\/logo\/image\/\"},\"sameAs\":[\"https:\/\/www.facebook.com\/DjCerk\",\"https:\/\/x.com\/DJ_CERK\",\"https:\/\/www.instagram.com\/dj.cerk\/\",\"https:\/\/www.youtube.com\/djcerk07\"]}]}<\/script>\n<!-- \/ Yoast SEO plugin. -->","yoast_head_json":{"title":"Online Mixing und Mastering Metropolregion Frankfurt service","description":"Professionelles Online-Mixing und Mastering von Cerky Studio f\u00fcr K\u00fcnstler und Labels aus Frankfurt am Main und der Metropolregion. Individuelle Betreuung, kraftvoller Sound und fertige Tracks f\u00fcr Streaming und physische Formate.","robots":{"index":"index","follow":"follow","max-snippet":"max-snippet:-1","max-image-preview":"max-image-preview:large","max-video-preview":"max-video-preview:-1"},"canonical":"https:\/\/www.cerky-studio.com\/de\/mixing-mastering-frankfurt-am-main\/","og_locale":"de_DE","og_type":"article","og_title":"Online Mixing und Mastering Metropolregion Frankfurt service","og_description":"Professionelles Online-Mixing und Mastering von Cerky Studio f\u00fcr K\u00fcnstler und Labels aus Frankfurt am Main und der Metropolregion. Individuelle Betreuung, kraftvoller Sound und fertige Tracks f\u00fcr Streaming und physische Formate.","og_url":"https:\/\/www.cerky-studio.com\/de\/mixing-mastering-frankfurt-am-main\/","og_site_name":"Cerky Studio","article_publisher":"https:\/\/www.facebook.com\/DjCerk","article_modified_time":"2025-12-12T14:40:31+00:00","twitter_card":"summary_large_image","twitter_site":"@DJ_CERK","twitter_misc":{"Gesch\u00e4tzte Lesezeit":"5\u00a0Minuten"},"schema":{"@context":"https:\/\/schema.org","@graph":[{"@type":"WebPage","@id":"https:\/\/www.cerky-studio.com\/de\/mixing-mastering-frankfurt-am-main\/","url":"https:\/\/www.cerky-studio.com\/de\/mixing-mastering-frankfurt-am-main\/","name":"Online Mixing und Mastering Metropolregion Frankfurt service","isPartOf":{"@id":"https:\/\/www.cerky-studio.com\/de\/#website"},"datePublished":"2025-09-11T09:08:57+00:00","dateModified":"2025-12-12T14:40:31+00:00","description":"Professionelles Online-Mixing und Mastering von Cerky Studio f\u00fcr K\u00fcnstler und Labels aus Frankfurt am Main und der Metropolregion. Individuelle Betreuung, kraftvoller Sound und fertige Tracks f\u00fcr Streaming und physische Formate.","breadcrumb":{"@id":"https:\/\/www.cerky-studio.com\/de\/mixing-mastering-frankfurt-am-main\/#breadcrumb"},"inLanguage":"de","potentialAction":[{"@type":"ReadAction","target":["https:\/\/www.cerky-studio.com\/de\/mixing-mastering-frankfurt-am-main\/"]}]},{"@type":"BreadcrumbList","@id":"https:\/\/www.cerky-studio.com\/de\/mixing-mastering-frankfurt-am-main\/#breadcrumb","itemListElement":[{"@type":"ListItem","position":1,"name":"Accueil","item":"https:\/\/www.cerky-studio.com\/de\/"},{"@type":"ListItem","position":2,"name":"Mixing und Mastering in Frankfurt am Main"}]},{"@type":"WebSite","@id":"https:\/\/www.cerky-studio.com\/de\/#website","url":"https:\/\/www.cerky-studio.com\/de\/","name":"Cerky Studio","description":"Studio de mixage et mastering \u00e0 Mulhouse et en ligne","publisher":{"@id":"https:\/\/www.cerky-studio.com\/de\/#organization"},"potentialAction":[{"@type":"SearchAction","target":{"@type":"EntryPoint","urlTemplate":"https:\/\/www.cerky-studio.com\/de\/?s={search_term_string}"},"query-input":{"@type":"PropertyValueSpecification","valueRequired":true,"valueName":"search_term_string"}}],"inLanguage":"de"},{"@type":"Organization","@id":"https:\/\/www.cerky-studio.com\/de\/#organization","name":"Cerky Studio","url":"https:\/\/www.cerky-studio.com\/de\/","logo":{"@type":"ImageObject","inLanguage":"de","@id":"https:\/\/www.cerky-studio.com\/de\/#\/schema\/logo\/image\/","url":"https:\/\/www.cerky-studio.com\/wp-cerky\/uploads\/2018\/11\/cerky-studio-logo-noir-big.png","contentUrl":"https:\/\/www.cerky-studio.com\/wp-cerky\/uploads\/2018\/11\/cerky-studio-logo-noir-big.png","width":912,"height":787,"caption":"Cerky Studio"},"image":{"@id":"https:\/\/www.cerky-studio.com\/de\/#\/schema\/logo\/image\/"},"sameAs":["https:\/\/www.facebook.com\/DjCerk","https:\/\/x.com\/DJ_CERK","https:\/\/www.instagram.com\/dj.cerk\/","https:\/\/www.youtube.com\/djcerk07"]}]}},"_links":{"self":[{"href":"https:\/\/www.cerky-studio.com\/de\/wp-json\/wp\/v2\/pages\/3874","targetHints":{"allow":["GET"]}}],"collection":[{"href":"https:\/\/www.cerky-studio.com\/de\/wp-json\/wp\/v2\/pages"}],"about":[{"href":"https:\/\/www.cerky-studio.com\/de\/wp-json\/wp\/v2\/types\/page"}],"author":[{"embeddable":true,"href":"https:\/\/www.cerky-studio.com\/de\/wp-json\/wp\/v2\/users\/2"}],"replies":[{"embeddable":true,"href":"https:\/\/www.cerky-studio.com\/de\/wp-json\/wp\/v2\/comments?post=3874"}],"version-history":[{"count":7,"href":"https:\/\/www.cerky-studio.com\/de\/wp-json\/wp\/v2\/pages\/3874\/revisions"}],"predecessor-version":[{"id":4562,"href":"https:\/\/www.cerky-studio.com\/de\/wp-json\/wp\/v2\/pages\/3874\/revisions\/4562"}],"wp:attachment":[{"href":"https:\/\/www.cerky-studio.com\/de\/wp-json\/wp\/v2\/media?parent=3874"}],"curies":[{"name":"wp","href":"https:\/\/api.w.org\/{rel}","templated":true}]}}