{"id":3881,"date":"2025-09-11T14:11:29","date_gmt":"2025-09-11T12:11:29","guid":{"rendered":"https:\/\/www.cerky-studio.com\/?page_id=3881"},"modified":"2025-12-12T15:41:16","modified_gmt":"2025-12-12T14:41:16","slug":"mixing-mastering-stuttgart","status":"publish","type":"page","link":"https:\/\/www.cerky-studio.com\/de\/mixing-mastering-stuttgart\/","title":{"rendered":"Mixing und Mastering in Stuttgart"},"content":{"rendered":"<div class=\"wpb-content-wrapper\"><p>[vc_row][vc_column][vc_column_text css=&#8220;&#8220;]<\/p>\n<h2 style=\"text-align: center;\">Mixing und Mastering f\u00fcr K\u00fcnstler, Bands und Labels aus Stuttgart<\/h2>\n<p>[\/vc_column_text][\/vc_column][\/vc_row][vc_row][vc_column width=&#8220;1\/6&#8243;][\/vc_column][vc_column width=&#8220;2\/3&#8243;][vc_column_text css=&#8220;&#8220;]<\/p>\n<p style=\"text-align: center;\"><strong>Cerky Studio bietet professionelle Online-Mixing- und Mastering-Dienstleistungen f\u00fcr Musiker, S\u00e4nger und Labels aus Stuttgart, der umliegenden Region und dem gesamten Bundesland Baden-W\u00fcrttemberg. Jedes Projekt wird individuell betreut, um ein Ergebnis zu garantieren, das Ihrer musikalischen Identit\u00e4t treu bleibt und bereit ist f\u00fcr Streaming oder physische Formate.<\/strong><\/p>\n<p>[\/vc_column_text][vc_empty_space][\/vc_column][vc_column width=&#8220;1\/6&#8243;][\/vc_column][\/vc_row][vc_row][vc_column width=&#8220;1\/2&#8243;][vc_column_text css=&#8220;&#8220;]<\/p>\n<h3>Cerky Studio \u2013 Mixing und Mastering f\u00fcr Ihre Musik in Stuttgart und Baden-W\u00fcrttemberg<\/h3>\n<p>Egal ob unabh\u00e4ngiger K\u00fcnstler, Band oder Label \u2013 <strong>ein sorgf\u00e4ltiges Mixing und Mastering ist unverzichtbar<\/strong>, um einen Sound zu erzielen, der den heutigen Standards der Musikindustrie entspricht. <strong>Cerky Studio unterst\u00fctzt Musiker aus Stuttgart und der Metropolregion<\/strong> (u. a. Ludwigsburg, Esslingen am Neckar, Waiblingen, Fellbach, B\u00f6blingen, Sindelfingen, Leinfelden-Echterdingen, Filderstadt, G\u00f6ppingen, Reutlingen, T\u00fcbingen\u2026) <strong>mit professionellen Remote-Dienstleistungen<\/strong>. So erhalten Sie Qualit\u00e4t auf h\u00f6chstem Niveau, <strong>ohne pers\u00f6nlich ins Studio kommen zu m\u00fcssen<\/strong>.[\/vc_column_text][\/vc_column][vc_column width=&#8220;1\/2&#8243;][vc_single_image image=&#8220;3604&#8243; img_size=&#8220;Large&#8220; alignment=&#8220;center&#8220; onclick=&#8220;link_image&#8220; css=&#8220;&#8220;][\/vc_column][\/vc_row][vc_row][vc_column][vc_empty_space][vc_separator css=&#8220;&#8220;][vc_empty_space][\/vc_column][\/vc_row][vc_row][vc_column][vc_column_text css=&#8220;&#8220;]<\/p>\n<h3 style=\"text-align: center;\">Entdecken Sie einige St\u00fccke von Cerky Studio<\/h3>\n<p>[\/vc_column_text][vc_empty_space][\/vc_column][\/vc_row][vc_row][vc_column width=&#8220;1\/2&#8243;][vc_column_text css=&#8220;&#8220;]https:\/\/open.spotify.com\/intl-fr\/track\/7B6z0HrxAByztLfgzkoxBw[\/vc_column_text][\/vc_column][vc_column width=&#8220;1\/2&#8243;][vc_column_text css=&#8220;&#8220;]https:\/\/open.spotify.com\/intl-fr\/track\/3llW2J8Gl8LggqQcQSjyqM[\/vc_column_text][\/vc_column][\/vc_row][vc_row][vc_column][vc_empty_space][vc_separator css=&#8220;&#8220;][vc_empty_space][\/vc_column][\/vc_row][vc_row][vc_column width=&#8220;1\/2&#8243;][vc_column_text css=&#8220;&#8220;]<\/p>\n<h3>Pr\u00e4ziser, kraftvoller und sendefertiger Sound<\/h3>\n<p><strong>Mixing verwandelt Ihre unbearbeiteten Aufnahmen in einen harmonischen<\/strong>, ausgewogenen Song, der Ihre k\u00fcnstlerische Vision respektiert. <strong>Mastering perfektioniert das Ergebnis<\/strong>, indem es Ihrem Sound die n\u00f6tige <strong>Lautheit, Klarheit und Konsistenz verleiht<\/strong> \u2013 sei es f\u00fcr Streaming, Radio oder physische Tontr\u00e4ger. Zusammen geben diese beiden Schritte <strong>Ihrer Musik die emotionale St\u00e4rke und Ausdruckskraft<\/strong>, die sie verdient.[\/vc_column_text][\/vc_column][vc_column width=&#8220;1\/2&#8243;][vc_single_image image=&#8220;3499&#8243; img_size=&#8220;Large&#8220; alignment=&#8220;center&#8220; onclick=&#8220;link_image&#8220; css=&#8220;&#8220;][\/vc_column][\/vc_row][vc_row][vc_column][vc_empty_space][vc_separator css=&#8220;&#8220;][vc_empty_space][\/vc_column][\/vc_row][vc_row][vc_column width=&#8220;1\/2&#8243;][vc_column_text css=&#8220;&#8220;]<\/p>\n<h3>Interaktive Zusammenarbeit \u2013 Live und aus der Ferne<\/h3>\n<p>\u00dcber <strong>einen privaten Link<\/strong> k\u00f6nnen Sie Ihre Mixing- oder Mastering-Session <strong>in Echtzeit mitverfolgen<\/strong>, direkt mit dem Toningenieur interagieren und <strong>jeden Arbeitsschritt best\u00e4tigen<\/strong>. Diese kollaborative Methode bietet Ihnen <strong>die gleiche Pr\u00e4zision wie eine Session im Studio<\/strong> \u2013 ganz bequem von zu Hause aus, egal ob in Stuttgart, Ludwigsburg, Esslingen oder einer anderen Stadt der Region.<\/p>\n<p>Mehr erfahren <a href=\"https:\/\/www.cerky-studio.com\/de\/mixing\/online\/\">\u00fcber Online-Mixing<\/a><br \/>\nMehr erfahren <a href=\"https:\/\/www.cerky-studio.com\/de\/mastering\/online\/\">\u00fcber Online-Mastering<\/a><\/p>\n<p>[\/vc_column_text][\/vc_column][vc_column width=&#8220;1\/2&#8243;][vc_single_image image=&#8220;3568&#8243; img_size=&#8220;Large&#8220; alignment=&#8220;center&#8220; onclick=&#8220;link_image&#8220; css=&#8220;&#8220;][\/vc_column][\/vc_row][vc_row][vc_column width=&#8220;1\/2&#8243;][vc_empty_space][vc_separator css=&#8220;&#8220;][vc_empty_space][vc_column_text css=&#8220;&#8220;]<\/p>\n<h3 style=\"text-align: center;\">Erfahren Sie mehr \u00fcber Mixing und Mastering-Schritte<\/h3>\n<p>[\/vc_column_text][vc_column_text css=&#8220;&#8220;]<\/p>\n<p style=\"text-align: center;\">Erfahren Sie mehr \u00fcber <a href=\"https:\/\/www.cerky-studio.com\/de\/mixing\/definition\/\">die Bedeutung von Mixing<\/a> und <a href=\"https:\/\/www.cerky-studio.com\/de\/mastering\/definition\/\">Mastering f\u00fcr Ihre Musik<\/a><\/p>\n<p>[\/vc_column_text][\/vc_column][vc_column width=&#8220;1\/2&#8243;][vc_empty_space][vc_separator css=&#8220;&#8220;][vc_empty_space][vc_column_text css=&#8220;&#8220;]<\/p>\n<h3 style=\"text-align: center;\">H\u00e4ufig gestellte Fragen zum Mixen und Mastering<\/h3>\n<p>[\/vc_column_text][vc_column_text css=&#8220;&#8220;]<\/p>\n<p style=\"text-align: center;\">Alle deine Fragen werden<a href=\"https:\/\/www.cerky-studio.com\/de\/mixing\/faq\/\"> im F.A.Q. Mixing<\/a> und <a href=\"https:\/\/www.cerky-studio.com\/de\/mastering\/faq\/\">F.A.Q. Mastering<\/a> beantwortet<\/p>\n<p>[\/vc_column_text][\/vc_column][\/vc_row][vc_row][vc_column][vc_empty_space][vc_separator css=&#8220;&#8220;][vc_empty_space][\/vc_column][\/vc_row][vc_row][vc_column width=&#8220;1\/2&#8243;][vc_column_text css=&#8220;&#8220;]<\/p>\n<h2>Warum Cerky Studio w\u00e4hlen?<\/h2>\n<p><strong>Cerky Studio widmet sich mit h\u00f6chster Sorgfalt jeder einzelnen Etappe<\/strong> des Mixing und Mastering, um Ihrer Musik Tiefe,<strong> Klarheit und Ausdruck zu verleihen<\/strong>. Jedes Projekt wird mit individuellen Tipps und Anpassungen begleitet, <strong>sodass Ihr Sound Ihre k\u00fcnstlerische Identit\u00e4t perfekt widerspiegelt<\/strong>.<\/p>\n<p>Pierre Lorrain, Toningenieur, Beatmaker und Musikproduzent, arbeitet mit Leidenschaft, Offenheit und Erfahrung \u2013 <strong>unabh\u00e4ngig vom Musikstil<\/strong>. Sein geschultes Geh\u00f6r erm\u00f6glicht es, <strong>die Essenz Ihrer Musik zu bewahren und subtile Verbesserungen vorzunehmen<\/strong>, die deren Wirkung verst\u00e4rken.[\/vc_column_text][\/vc_column][vc_column width=&#8220;1\/2&#8243;][vc_single_image image=&#8220;3588&#8243; img_size=&#8220;Large&#8220; alignment=&#8220;center&#8220; onclick=&#8220;link_image&#8220; css=&#8220;&#8220;][\/vc_column][\/vc_row][vc_row][vc_column][vc_empty_space][vc_separator css=&#8220;&#8220;][vc_empty_space][\/vc_column][\/vc_row][vc_row][vc_column width=&#8220;1\/3&#8243;][vc_column_text css=&#8220;&#8220;]<\/p>\n<h3 style=\"text-align: center;\">Referenzen<\/h3>\n<p>[\/vc_column_text][vc_column_text css=&#8220;&#8220;]<\/p>\n<p style=\"text-align: center;\">Entdecken Sie viele <a href=\"https:\/\/www.cerky-studio.com\/de\/referenzen\/\">die K\u00fcnstler<\/a>, die Cerky Studio bereits ihr Vertrauen geschenkt haben.<\/p>\n<p>[\/vc_column_text][vc_empty_space][vc_separator css=&#8220;&#8220;][vc_empty_space][\/vc_column][vc_column width=&#8220;1\/3&#8243;][vc_column_text css=&#8220;&#8220;]<\/p>\n<h3 style=\"text-align: center;\">Tarification<\/h3>\n<p>[\/vc_column_text][vc_column_text css=&#8220;&#8220;]<\/p>\n<p style=\"text-align: center;\">Informieren Sie sich jetzt \u00fcber <a href=\"https:\/\/www.cerky-studio.com\/de\/mixing\/preise\/\">die Preise f\u00fcr Mixing<\/a> und <a href=\"https:\/\/www.cerky-studio.com\/de\/mastering\/preise\/\">Mastering bei Cerky Studio<\/a>.<\/p>\n<p>[\/vc_column_text][vc_empty_space][vc_separator css=&#8220;&#8220;][vc_empty_space][\/vc_column][vc_column width=&#8220;1\/3&#8243;][vc_column_text css=&#8220;&#8220;]<\/p>\n<h3 style=\"text-align: center;\">Wer ist Cerky?<\/h3>\n<p>[\/vc_column_text][vc_column_text css=&#8220;&#8220;]<\/p>\n<p style=\"text-align: center;\">Lernen Sie <a href=\"https:\/\/www.cerky-studio.com\/de\/cerky\/\">Pierre Lorrain aka Cerky<\/a> kennen \u2013 sein Klanguniversum und seinen Weg bis zu Ihnen.<\/p>\n<p>[\/vc_column_text][vc_empty_space][vc_separator css=&#8220;&#8220;][vc_empty_space][\/vc_column][\/vc_row][vc_row][vc_column][vc_column_text css=&#8220;&#8220;]<\/p>\n<p style=\"text-align: center;\"><strong>Cerky Studio steht Ihnen jederzeit zur Verf\u00fcgung, um Ihre Fragen zu beantworten oder Ihr Mixing- und Mastering-Projekt umzusetzen<\/strong><\/p>\n<p>[\/vc_column_text][\/vc_column][\/vc_row][vc_row][vc_column][vc_column_text css=&#8220;&#8220;]<\/p>\n<p style=\"text-align: center;\">Greifen Sie auf das <a href=\"https:\/\/www.cerky-studio.com\/de\/kit-mixing-mastering-cerky-studio\/\">Mixing und Mastering-Kit<\/a> zu, um alle meine Dienstleistungen f\u00fcr K\u00fcnstler und Labels zu entdecken<\/p>\n<p>[\/vc_column_text][\/vc_column][\/vc_row][vc_row title=&#8220;Je contacte Cerky Studio&#8220; style=&#8220;flat&#8220; gradient_color_1=&#8220;turquoise&#8220; gradient_color_2=&#8220;vista-blue&#8220; gradient_custom_color_1=&#8220;#dd3333&#8243; gradient_custom_color_2=&#8220;#eeee22&#8243; gradient_text_color=&#8220;#ffffff&#8220; custom_background=&#8220;#ededed&#8220; custom_text=&#8220;#666&#8243; outline_custom_color=&#8220;#666&#8243; outline_custom_hover_background=&#8220;#666&#8243; outline_custom_hover_text=&#8220;#fff&#8220; shape=&#8220;rounded&#8220; color=&#8220;danger&#8220; size=&#8220;lg&#8220; align=&#8220;center&#8220; button_block=&#8220;&#8220; add_icon=&#8220;&#8220; i_align=&#8220;left&#8220; i_type=&#8220;fontawesome&#8220; i_icon_fontawesome=&#8220;fas fa-adjust&#8220; i_icon_openiconic=&#8220;vc-oi vc-oi-dial&#8220; i_icon_typicons=&#8220;typcn typcn-adjust-brightness&#8220; i_icon_entypo=&#8220;entypo-icon entypo-icon-note&#8220; i_icon_linecons=&#8220;vc_li vc_li-heart&#8220; i_icon_monosocial=&#8220;vc-mono vc-mono-fivehundredpx&#8220; i_icon_material=&#8220;vc-material vc-material-cake&#8220; i_icon_pixelicons=&#8220;vc_pixel_icon vc_pixel_icon-alert&#8220; custom_onclick=&#8220;&#8220; link=&#8220;url:https%3A%2F%2Fwww.cerky-studio.com%2Fcontact%2F|||&#8220; custom_onclick_code=&#8220;&#8220;][vc_column][vc_btn title=&#8220;Cerky Studio kontaktieren&#8220; style=&#8220;flat&#8220; color=&#8220;danger&#8220; size=&#8220;lg&#8220; align=&#8220;center&#8220; css=&#8220;&#8220; link=&#8220;url:https%3A%2F%2Fwww.cerky-studio.com%2Fde%2Fkontakt%2F|title:Kontakt&#8220;][\/vc_column][\/vc_row]<\/p>\n<\/div>","protected":false},"excerpt":{"rendered":"<p>[vc_row][vc_column][vc_column_text css=&#8220;&#8220;] Mixing und Mastering f\u00fcr K\u00fcnstler, Bands und Labels aus Stuttgart [\/vc_column_text][\/vc_column][\/vc_row][vc_row][vc_column width=&#8220;1\/6&#8243;][\/vc_column][vc_column width=&#8220;2\/3&#8243;][vc_column_text css=&#8220;&#8220;] Cerky Studio bietet professionelle Online-Mixing- und Mastering-Dienstleistungen f\u00fcr Musiker, S\u00e4nger und Labels aus Stuttgart, der umliegenden Region und dem gesamten Bundesland Baden-W\u00fcrttemberg. Jedes Projekt wird individuell betreut, um ein Ergebnis zu garantieren, das Ihrer musikalischen Identit\u00e4t treu bleibt und [&hellip;]<\/p>\n","protected":false},"author":2,"featured_media":0,"parent":0,"menu_order":450,"comment_status":"closed","ping_status":"closed","template":"","meta":{"footnotes":""},"class_list":["post-3881","page","type-page","status-publish","hentry"],"yoast_head":"<!-- This site is optimized with the Yoast SEO plugin v26.1.1 - https:\/\/yoast.com\/wordpress\/plugins\/seo\/ -->\n<title>Online Mixing &amp; Mastering Studio in Stuttgart, Baden-W\u00fcrttemberg<\/title>\n<meta name=\"description\" content=\"Professionelles Online-Mixing &amp; Mastering in Stuttgart und Baden-W\u00fcrttemberg \u2013 sendefertiger Sound f\u00fcr K\u00fcnstler, Bands &amp; Labels.\" \/>\n<meta name=\"robots\" content=\"index, follow, max-snippet:-1, max-image-preview:large, max-video-preview:-1\" \/>\n<link rel=\"canonical\" href=\"https:\/\/www.cerky-studio.com\/de\/mixing-mastering-stuttgart\/\" \/>\n<meta property=\"og:locale\" content=\"de_DE\" \/>\n<meta property=\"og:type\" content=\"article\" \/>\n<meta property=\"og:title\" content=\"Online Mixing &amp; Mastering Studio in Stuttgart, Baden-W\u00fcrttemberg\" \/>\n<meta property=\"og:description\" content=\"Professionelles Online-Mixing &amp; Mastering in Stuttgart und Baden-W\u00fcrttemberg \u2013 sendefertiger Sound f\u00fcr K\u00fcnstler, Bands &amp; Labels.\" \/>\n<meta property=\"og:url\" content=\"https:\/\/www.cerky-studio.com\/de\/mixing-mastering-stuttgart\/\" \/>\n<meta property=\"og:site_name\" content=\"Cerky Studio\" \/>\n<meta property=\"article:publisher\" content=\"https:\/\/www.facebook.com\/DjCerk\" \/>\n<meta property=\"article:modified_time\" content=\"2025-12-12T14:41:16+00:00\" \/>\n<meta name=\"twitter:card\" content=\"summary_large_image\" \/>\n<meta name=\"twitter:site\" content=\"@DJ_CERK\" \/>\n<meta name=\"twitter:label1\" content=\"Gesch\u00e4tzte Lesezeit\" \/>\n\t<meta name=\"twitter:data1\" content=\"3\u00a0Minuten\" \/>\n<script type=\"application\/ld+json\" class=\"yoast-schema-graph\">{\"@context\":\"https:\/\/schema.org\",\"@graph\":[{\"@type\":\"WebPage\",\"@id\":\"https:\/\/www.cerky-studio.com\/de\/mixing-mastering-stuttgart\/\",\"url\":\"https:\/\/www.cerky-studio.com\/de\/mixing-mastering-stuttgart\/\",\"name\":\"Online Mixing & Mastering Studio in Stuttgart, Baden-W\u00fcrttemberg\",\"isPartOf\":{\"@id\":\"https:\/\/www.cerky-studio.com\/de\/#website\"},\"datePublished\":\"2025-09-11T12:11:29+00:00\",\"dateModified\":\"2025-12-12T14:41:16+00:00\",\"description\":\"Professionelles Online-Mixing & Mastering in Stuttgart und Baden-W\u00fcrttemberg \u2013 sendefertiger Sound f\u00fcr K\u00fcnstler, Bands & Labels.\",\"breadcrumb\":{\"@id\":\"https:\/\/www.cerky-studio.com\/de\/mixing-mastering-stuttgart\/#breadcrumb\"},\"inLanguage\":\"de\",\"potentialAction\":[{\"@type\":\"ReadAction\",\"target\":[\"https:\/\/www.cerky-studio.com\/de\/mixing-mastering-stuttgart\/\"]}]},{\"@type\":\"BreadcrumbList\",\"@id\":\"https:\/\/www.cerky-studio.com\/de\/mixing-mastering-stuttgart\/#breadcrumb\",\"itemListElement\":[{\"@type\":\"ListItem\",\"position\":1,\"name\":\"Accueil\",\"item\":\"https:\/\/www.cerky-studio.com\/de\/\"},{\"@type\":\"ListItem\",\"position\":2,\"name\":\"Mixing und Mastering in Stuttgart\"}]},{\"@type\":\"WebSite\",\"@id\":\"https:\/\/www.cerky-studio.com\/de\/#website\",\"url\":\"https:\/\/www.cerky-studio.com\/de\/\",\"name\":\"Cerky Studio\",\"description\":\"Studio de mixage et mastering \u00e0 Mulhouse et en ligne\",\"publisher\":{\"@id\":\"https:\/\/www.cerky-studio.com\/de\/#organization\"},\"potentialAction\":[{\"@type\":\"SearchAction\",\"target\":{\"@type\":\"EntryPoint\",\"urlTemplate\":\"https:\/\/www.cerky-studio.com\/de\/?s={search_term_string}\"},\"query-input\":{\"@type\":\"PropertyValueSpecification\",\"valueRequired\":true,\"valueName\":\"search_term_string\"}}],\"inLanguage\":\"de\"},{\"@type\":\"Organization\",\"@id\":\"https:\/\/www.cerky-studio.com\/de\/#organization\",\"name\":\"Cerky Studio\",\"url\":\"https:\/\/www.cerky-studio.com\/de\/\",\"logo\":{\"@type\":\"ImageObject\",\"inLanguage\":\"de\",\"@id\":\"https:\/\/www.cerky-studio.com\/de\/#\/schema\/logo\/image\/\",\"url\":\"https:\/\/www.cerky-studio.com\/wp-cerky\/uploads\/2018\/11\/cerky-studio-logo-noir-big.png\",\"contentUrl\":\"https:\/\/www.cerky-studio.com\/wp-cerky\/uploads\/2018\/11\/cerky-studio-logo-noir-big.png\",\"width\":912,\"height\":787,\"caption\":\"Cerky Studio\"},\"image\":{\"@id\":\"https:\/\/www.cerky-studio.com\/de\/#\/schema\/logo\/image\/\"},\"sameAs\":[\"https:\/\/www.facebook.com\/DjCerk\",\"https:\/\/x.com\/DJ_CERK\",\"https:\/\/www.instagram.com\/dj.cerk\/\",\"https:\/\/www.youtube.com\/djcerk07\"]}]}<\/script>\n<!-- \/ Yoast SEO plugin. -->","yoast_head_json":{"title":"Online Mixing & Mastering Studio in Stuttgart, Baden-W\u00fcrttemberg","description":"Professionelles Online-Mixing & Mastering in Stuttgart und Baden-W\u00fcrttemberg \u2013 sendefertiger Sound f\u00fcr K\u00fcnstler, Bands & Labels.","robots":{"index":"index","follow":"follow","max-snippet":"max-snippet:-1","max-image-preview":"max-image-preview:large","max-video-preview":"max-video-preview:-1"},"canonical":"https:\/\/www.cerky-studio.com\/de\/mixing-mastering-stuttgart\/","og_locale":"de_DE","og_type":"article","og_title":"Online Mixing & Mastering Studio in Stuttgart, Baden-W\u00fcrttemberg","og_description":"Professionelles Online-Mixing & Mastering in Stuttgart und Baden-W\u00fcrttemberg \u2013 sendefertiger Sound f\u00fcr K\u00fcnstler, Bands & Labels.","og_url":"https:\/\/www.cerky-studio.com\/de\/mixing-mastering-stuttgart\/","og_site_name":"Cerky Studio","article_publisher":"https:\/\/www.facebook.com\/DjCerk","article_modified_time":"2025-12-12T14:41:16+00:00","twitter_card":"summary_large_image","twitter_site":"@DJ_CERK","twitter_misc":{"Gesch\u00e4tzte Lesezeit":"3\u00a0Minuten"},"schema":{"@context":"https:\/\/schema.org","@graph":[{"@type":"WebPage","@id":"https:\/\/www.cerky-studio.com\/de\/mixing-mastering-stuttgart\/","url":"https:\/\/www.cerky-studio.com\/de\/mixing-mastering-stuttgart\/","name":"Online Mixing & Mastering Studio in Stuttgart, Baden-W\u00fcrttemberg","isPartOf":{"@id":"https:\/\/www.cerky-studio.com\/de\/#website"},"datePublished":"2025-09-11T12:11:29+00:00","dateModified":"2025-12-12T14:41:16+00:00","description":"Professionelles Online-Mixing & Mastering in Stuttgart und Baden-W\u00fcrttemberg \u2013 sendefertiger Sound f\u00fcr K\u00fcnstler, Bands & Labels.","breadcrumb":{"@id":"https:\/\/www.cerky-studio.com\/de\/mixing-mastering-stuttgart\/#breadcrumb"},"inLanguage":"de","potentialAction":[{"@type":"ReadAction","target":["https:\/\/www.cerky-studio.com\/de\/mixing-mastering-stuttgart\/"]}]},{"@type":"BreadcrumbList","@id":"https:\/\/www.cerky-studio.com\/de\/mixing-mastering-stuttgart\/#breadcrumb","itemListElement":[{"@type":"ListItem","position":1,"name":"Accueil","item":"https:\/\/www.cerky-studio.com\/de\/"},{"@type":"ListItem","position":2,"name":"Mixing und Mastering in Stuttgart"}]},{"@type":"WebSite","@id":"https:\/\/www.cerky-studio.com\/de\/#website","url":"https:\/\/www.cerky-studio.com\/de\/","name":"Cerky Studio","description":"Studio de mixage et mastering \u00e0 Mulhouse et en ligne","publisher":{"@id":"https:\/\/www.cerky-studio.com\/de\/#organization"},"potentialAction":[{"@type":"SearchAction","target":{"@type":"EntryPoint","urlTemplate":"https:\/\/www.cerky-studio.com\/de\/?s={search_term_string}"},"query-input":{"@type":"PropertyValueSpecification","valueRequired":true,"valueName":"search_term_string"}}],"inLanguage":"de"},{"@type":"Organization","@id":"https:\/\/www.cerky-studio.com\/de\/#organization","name":"Cerky Studio","url":"https:\/\/www.cerky-studio.com\/de\/","logo":{"@type":"ImageObject","inLanguage":"de","@id":"https:\/\/www.cerky-studio.com\/de\/#\/schema\/logo\/image\/","url":"https:\/\/www.cerky-studio.com\/wp-cerky\/uploads\/2018\/11\/cerky-studio-logo-noir-big.png","contentUrl":"https:\/\/www.cerky-studio.com\/wp-cerky\/uploads\/2018\/11\/cerky-studio-logo-noir-big.png","width":912,"height":787,"caption":"Cerky Studio"},"image":{"@id":"https:\/\/www.cerky-studio.com\/de\/#\/schema\/logo\/image\/"},"sameAs":["https:\/\/www.facebook.com\/DjCerk","https:\/\/x.com\/DJ_CERK","https:\/\/www.instagram.com\/dj.cerk\/","https:\/\/www.youtube.com\/djcerk07"]}]}},"_links":{"self":[{"href":"https:\/\/www.cerky-studio.com\/de\/wp-json\/wp\/v2\/pages\/3881","targetHints":{"allow":["GET"]}}],"collection":[{"href":"https:\/\/www.cerky-studio.com\/de\/wp-json\/wp\/v2\/pages"}],"about":[{"href":"https:\/\/www.cerky-studio.com\/de\/wp-json\/wp\/v2\/types\/page"}],"author":[{"embeddable":true,"href":"https:\/\/www.cerky-studio.com\/de\/wp-json\/wp\/v2\/users\/2"}],"replies":[{"embeddable":true,"href":"https:\/\/www.cerky-studio.com\/de\/wp-json\/wp\/v2\/comments?post=3881"}],"version-history":[{"count":5,"href":"https:\/\/www.cerky-studio.com\/de\/wp-json\/wp\/v2\/pages\/3881\/revisions"}],"predecessor-version":[{"id":4563,"href":"https:\/\/www.cerky-studio.com\/de\/wp-json\/wp\/v2\/pages\/3881\/revisions\/4563"}],"wp:attachment":[{"href":"https:\/\/www.cerky-studio.com\/de\/wp-json\/wp\/v2\/media?parent=3881"}],"curies":[{"name":"wp","href":"https:\/\/api.w.org\/{rel}","templated":true}]}}