{"id":3883,"date":"2025-09-11T15:04:15","date_gmt":"2025-09-11T13:04:15","guid":{"rendered":"https:\/\/www.cerky-studio.com\/?page_id=3883"},"modified":"2025-12-12T15:43:53","modified_gmt":"2025-12-12T14:43:53","slug":"mixing-mastering-duesseldorf","status":"publish","type":"page","link":"https:\/\/www.cerky-studio.com\/de\/mixing-mastering-duesseldorf\/","title":{"rendered":"Mixing und Mastering in D\u00fcsseldorf"},"content":{"rendered":"<div class=\"wpb-content-wrapper\"><p>[vc_row][vc_column][vc_column_text css=&#8220;&#8220;]<\/p>\n<h2 style=\"text-align: center;\">Mixing und Mastering online f\u00fcr K\u00fcnstler aus D\u00fcsseldorf und der Metropolregion Rhein-Ruhr<\/h2>\n<p>[\/vc_column_text][\/vc_column][\/vc_row][vc_row][vc_column width=&#8220;1\/6&#8243;][\/vc_column][vc_column width=&#8220;2\/3&#8243;][vc_column_text css=&#8220;&#8220;]<\/p>\n<p style=\"text-align: center;\"><strong>Cerky Studio stellt seine Expertise Musikern, S\u00e4ngern, Bands und Labels aus D\u00fcsseldorf, dem Umland und ganz Nordrhein-Westfalen zur Verf\u00fcgung. Unsere Remote-Dienstleistungen im Bereich Mixing und Mastering erm\u00f6glichen Ihnen einen pr\u00e4zisen, ausgewogenen und sendefertigen Sound \u2013 ganz ohne Anreise ins Studio.<\/strong><\/p>\n<p>[\/vc_column_text][vc_empty_space][\/vc_column][vc_column width=&#8220;1\/6&#8243;][\/vc_column][\/vc_row][vc_row][vc_column width=&#8220;1\/2&#8243;][vc_column_text css=&#8220;&#8220;]<\/p>\n<h3>Ein Mixing und Mastering f\u00fcr die Musikszene D\u00fcsseldorfs<\/h3>\n<p>Damit Ihre Songs auf Streaming-Plattformen und im Radio konkurrenzf\u00e4hig klingen, sind <strong>ein pr\u00e4zises Mixing und ein hochwertiges Mastering unverzichtbar<\/strong>. Cerky Studio unterst\u00fctzt K\u00fcnstler aus D\u00fcsseldorf sowie aus den umliegenden St\u00e4dten der Metropolregion Rhein-Ruhr (u. a. Essen, Duisburg, Dortmund, Bochum, Wuppertal, M\u00f6nchengladbach, Krefeld, Oberhausen, Leverkusen, Solingen, Bonn\u2026) <strong>mit professionellen Remote-Services<\/strong>, die Ihre musikalische Identit\u00e4t respektieren und <strong>Ihr Klanguniversum veredeln<\/strong>.[\/vc_column_text][\/vc_column][vc_column width=&#8220;1\/2&#8243;][vc_single_image image=&#8220;3048&#8243; img_size=&#8220;Large&#8220; alignment=&#8220;center&#8220; onclick=&#8220;link_image&#8220; css=&#8220;&#8220;][\/vc_column][\/vc_row][vc_row][vc_column][vc_empty_space][vc_separator css=&#8220;&#8220;][vc_empty_space][\/vc_column][\/vc_row][vc_row][vc_column width=&#8220;1\/2&#8243;][vc_column_text css=&#8220;&#8220;]<\/p>\n<h3>Interaktive Zusammenarbeit \u2013 auch aus der Ferne<\/h3>\n<p>Dank <strong>eines privaten Streaming-Systems<\/strong> k\u00f6nnen Sie Ihre Mixing- oder Mastering-Session in Echtzeit verfolgen, <strong>direkt mit dem Toningenieur interagieren<\/strong> und jeden Arbeitsschritt validieren. Diese kollaborative Arbeitsweise <strong>garantiert ein Ergebnis<\/strong>, das Ihren Erwartungen entspricht \u2013 mit der Pr\u00e4zision einer Studiosession, <strong>aber w\u00e4hrend Sie zu Hause bleiben<\/strong>, egal ob in D\u00fcsseldorf, Essen oder einer anderen Stadt der Region.<\/p>\n<p>Mehr erfahren \u00fcber <a href=\"https:\/\/www.cerky-studio.com\/de\/mixing\/online\/\">Online-Mixing<\/a><br \/>\nMehr erfahren \u00fcber <a href=\"https:\/\/www.cerky-studio.com\/de\/mastering\/online\/\">Online-Mastering<\/a><\/p>\n<p>[\/vc_column_text][\/vc_column][vc_column width=&#8220;1\/2&#8243;][vc_single_image image=&#8220;3568&#8243; img_size=&#8220;Large&#8220; alignment=&#8220;center&#8220; onclick=&#8220;link_image&#8220; css=&#8220;&#8220;][\/vc_column][\/vc_row][vc_row][vc_column][vc_empty_space][vc_separator css=&#8220;&#8220;][vc_empty_space][\/vc_column][\/vc_row][vc_row][vc_column width=&#8220;1\/6&#8243;][\/vc_column][vc_column width=&#8220;2\/3&#8243;][vc_column_text css=&#8220;&#8220;]<\/p>\n<h3 style=\"text-align: center;\">Entdecken Sie jetzt einige Titel von Cerky Studio<\/h3>\n<p>[\/vc_column_text][vc_empty_space][\/vc_column][vc_column width=&#8220;1\/6&#8243;][\/vc_column][\/vc_row][vc_row][vc_column width=&#8220;1\/2&#8243;][vc_column_text css=&#8220;&#8220;]https:\/\/open.spotify.com\/intl-fr\/track\/3llW2J8Gl8LggqQcQSjyqM[\/vc_column_text][\/vc_column][vc_column width=&#8220;1\/2&#8243;][vc_column_text css=&#8220;&#8220;]https:\/\/open.spotify.com\/intl-fr\/track\/7B6z0HrxAByztLfgzkoxBw[\/vc_column_text][\/vc_column][\/vc_row][vc_row][vc_column][vc_empty_space][vc_separator css=&#8220;&#8220;][vc_empty_space][\/vc_column][\/vc_row][vc_row][vc_column width=&#8220;1\/2&#8243;][vc_column_text css=&#8220;&#8220;]<\/p>\n<h3>Warum Mixing und Mastering entscheidend sind<\/h3>\n<p>Mixing <strong>verwandelt Ihre Rohaufnahmen in einen klaren<\/strong>, ausgewogenen und dynamischen Song. Jede Spur wird so ausbalanciert, <strong>dass ein harmonisches Gesamtbild entsteht<\/strong>.<br \/>\nDas Mastering<strong> perfektioniert anschlie\u00dfend das Ergebnis<\/strong>: Es verst\u00e4rkt die Lautheit, sorgt f\u00fcr Konsistenz und <strong>bereitet Ihre Musik f\u00fcr eine optimale Wiedergabe<\/strong> vor \u2013 sei es auf Spotify, im Radio oder auf physischen Tontr\u00e4gern.<\/p>\n<p>Zusammen verleihen diese beiden Schritte Ihrer Musik Wettbewerbsf\u00e4higkeit und die emotionale Kraft, die sie verdient.[\/vc_column_text][\/vc_column][vc_column width=&#8220;1\/2&#8243;][vc_single_image image=&#8220;2453&#8243; img_size=&#8220;Large&#8220; alignment=&#8220;center&#8220; onclick=&#8220;link_image&#8220; css=&#8220;&#8220;][\/vc_column][\/vc_row][vc_row][vc_column][vc_empty_space][vc_separator css=&#8220;&#8220;][vc_empty_space][\/vc_column][\/vc_row][vc_row][vc_column width=&#8220;1\/2&#8243;][vc_column_text css=&#8220;&#8220;]<\/p>\n<h3 style=\"text-align: center;\">Erfahren Sie mehr zur Technik<\/h3>\n<p>[\/vc_column_text][vc_column_text css=&#8220;&#8220;]<\/p>\n<p style=\"text-align: center;\">Erfahren Sie mehr dar\u00fcber,<br \/>\nwas <a href=\"https:\/\/www.cerky-studio.com\/de\/mixing\/definition\/\">ein professionelles Mixen<\/a> und <a href=\"https:\/\/www.cerky-studio.com\/de\/mastering\/definition\/\">Mastering zu bieten hat<\/a><\/p>\n<p>[\/vc_column_text][\/vc_column][vc_column width=&#8220;1\/2&#8243;][vc_column_text css=&#8220;&#8220;]<\/p>\n<h3 style=\"text-align: center;\">Beantworten Sie Ihre Fragen<\/h3>\n<p>[\/vc_column_text][vc_column_text css=&#8220;&#8220;]<\/p>\n<p style=\"text-align: center;\">Finden Sie Antworten auf Ihre Fragen in meinem <a href=\"https:\/\/www.cerky-studio.com\/de\/mixing\/faq\/\">F.A.Q. zum Mixen<\/a> und meinem <a href=\"https:\/\/www.cerky-studio.com\/de\/mastering\/faq\/\">F.A.Q. zum Mastering<\/a><\/p>\n<p>[\/vc_column_text][\/vc_column][\/vc_row][vc_row][vc_column][vc_empty_space][vc_separator css=&#8220;&#8220;][vc_empty_space][\/vc_column][\/vc_row][vc_row][vc_column width=&#8220;1\/2&#8243;][vc_column_text css=&#8220;&#8220;]<\/p>\n<h2>Cerky Studio: Begleitung f\u00fcr Ihr Musikprojekt<\/h2>\n<p>Bei Cerky Studio erh\u00e4lt jedes Projekt \u2013 vom Mix bis zum Mastering \u2013 <strong>eine individuelle Betreuung<\/strong>. Ziel ist es, Ihre k\u00fcnstlerische Identit\u00e4t zu bewahren und zu verst\u00e4rken, w\u00e4hrend die Klangqualit\u00e4t f\u00fcr alle Formate optimiert wird.<\/p>\n<p>Pierre Lorrain, Toningenieur und Musikproduzent, <strong>arbeitet mit Leidenschaft und Offenheit<\/strong>, <strong>unabh\u00e4ngig vom Musikstil<\/strong>. Dank seines geschulten Ohrs hebt er die Essenz Ihrer Musik hervor und bringt die Feinheiten zur Geltung, die den Unterschied machen. Mehr als ein Service \u2013 ein echter kreativer Austausch, damit <strong>Ihre Musik ihre volle Intensit\u00e4t entfaltet<\/strong>.[\/vc_column_text][\/vc_column][vc_column width=&#8220;1\/2&#8243;][vc_single_image image=&#8220;2795&#8243; img_size=&#8220;Large&#8220; css=&#8220;&#8220;][\/vc_column][\/vc_row][vc_row][vc_column][vc_empty_space][vc_separator css=&#8220;&#8220;][vc_empty_space][\/vc_column][\/vc_row][vc_row][vc_column width=&#8220;2\/3&#8243;][vc_column_text css=&#8220;&#8220;]<\/p>\n<h3>Auf die jeweiligen Musikgenres abgestimmte Leistungen :<\/h3>\n<p>[\/vc_column_text][vc_empty_space][\/vc_column][vc_column width=&#8220;1\/3&#8243;][\/vc_column][\/vc_row][vc_row][vc_column width=&#8220;1\/2&#8243;][vc_column_text css=&#8220;&#8220;]<\/p>\n<h4>Mix nach Musikgenre<\/h4>\n<p>[\/vc_column_text][vc_column_text css=&#8220;&#8220;]Erfahren Sie mehr \u00fcber die Intentionen und die verschiedenen Ans\u00e4tze f\u00fcr <a href=\"https:\/\/www.cerky-studio.com\/de\/mixing\/musikgenres\/\">Mixe je nach Musikgenre<\/a>[\/vc_column_text][vc_single_image image=&#8220;2479&#8243; img_size=&#8220;Large&#8220; alignment=&#8220;center&#8220; onclick=&#8220;link_image&#8220; css=&#8220;&#8220;][vc_empty_space][vc_separator css=&#8220;&#8220;][vc_empty_space][\/vc_column][vc_column width=&#8220;1\/2&#8243;][vc_column_text css=&#8220;&#8220;]<\/p>\n<h4>Mastering nach Musikgenre<\/h4>\n<p>[\/vc_column_text][vc_column_text css=&#8220;&#8220;]Erfahren Sie mehr \u00fcber die Ziele und die verschiedenen Ans\u00e4tze f\u00fcr <a href=\"https:\/\/www.cerky-studio.com\/de\/mastering\/musikgenres\/\">das Mastering je nach musikalischem Genre<\/a>[\/vc_column_text][vc_single_image image=&#8220;2389&#8243; img_size=&#8220;Large&#8220; alignment=&#8220;center&#8220; onclick=&#8220;link_image&#8220; css=&#8220;&#8220;][vc_empty_space][vc_separator css=&#8220;&#8220;][vc_empty_space][\/vc_column][\/vc_row][vc_row][vc_column width=&#8220;1\/3&#8243;][vc_column_text css=&#8220;&#8220;]<\/p>\n<h3 style=\"text-align: center;\">Referenzen<\/h3>\n<p>[\/vc_column_text][vc_column_text css=&#8220;&#8220;]<\/p>\n<p style=\"text-align: center;\">Entdecken Sie <a href=\"https:\/\/www.cerky-studio.com\/de\/referenzen\/\">die K\u00fcnstler<\/a>, die mit Cerky Studio zusammengearbeitet haben<\/p>\n<p>[\/vc_column_text][vc_empty_space][vc_separator css=&#8220;&#8220;][vc_empty_space][\/vc_column][vc_column width=&#8220;1\/3&#8243;][vc_column_text css=&#8220;&#8220;]<\/p>\n<h3 style=\"text-align: center;\">Preise<\/h3>\n<p>[\/vc_column_text][vc_column_text css=&#8220;&#8220;]<\/p>\n<p style=\"text-align: center;\">Informieren Sie sich jetzt \u00fcber <a href=\"https:\/\/www.cerky-studio.com\/de\/mixing\/preise\/\">die Mix Preise<\/a> und <a href=\"https:\/\/www.cerky-studio.com\/de\/mastering\/preise\/\">Mastering Preise<\/a><\/p>\n<p>[\/vc_column_text][vc_empty_space][vc_separator css=&#8220;&#8220;][vc_empty_space][\/vc_column][vc_column width=&#8220;1\/3&#8243;][vc_column_text css=&#8220;&#8220;]<\/p>\n<h3 style=\"text-align: center;\">Wer ist Cerky ?<\/h3>\n<p>[\/vc_column_text][vc_column_text css=&#8220;&#8220;]<\/p>\n<p style=\"text-align: center;\">Erfahren Sie mehr \u00fcber <a href=\"https:\/\/www.cerky-studio.com\/de\/cerky\/\">Pierre Lorrain allias Cerky<\/a> und seinen Werdegang<\/p>\n<p>[\/vc_column_text][vc_empty_space][vc_separator css=&#8220;&#8220;][vc_empty_space][\/vc_column][\/vc_row][vc_row][vc_column][vc_column_text css=&#8220;&#8220;]<\/p>\n<p style=\"text-align: center;\"><strong>Ben\u00f6tigen Sie weitere Informationen oder sind Sie bereit, Ihr Mixing- und Mastering-Projekt zu starten?<\/strong><\/p>\n<p>[\/vc_column_text][\/vc_column][\/vc_row][vc_row][vc_column][vc_column_text css=&#8220;&#8220;]<\/p>\n<p style=\"text-align: center;\">Greifen Sie auf das <a href=\"https:\/\/www.cerky-studio.com\/de\/kit-mixing-mastering-cerky-studio\/\">Mixing und Mastering-Kit<\/a> zu, um alle meine Dienstleistungen f\u00fcr K\u00fcnstler und Labels zu entdecken<\/p>\n<p>[\/vc_column_text][\/vc_column][\/vc_row][vc_row title=&#8220;Je contacte Cerky Studio&#8220; style=&#8220;flat&#8220; gradient_color_1=&#8220;turquoise&#8220; gradient_color_2=&#8220;vista-blue&#8220; gradient_custom_color_1=&#8220;#dd3333&#8243; gradient_custom_color_2=&#8220;#eeee22&#8243; gradient_text_color=&#8220;#ffffff&#8220; custom_background=&#8220;#ededed&#8220; custom_text=&#8220;#666&#8243; outline_custom_color=&#8220;#666&#8243; outline_custom_hover_background=&#8220;#666&#8243; outline_custom_hover_text=&#8220;#fff&#8220; shape=&#8220;rounded&#8220; color=&#8220;danger&#8220; size=&#8220;lg&#8220; align=&#8220;center&#8220; button_block=&#8220;&#8220; add_icon=&#8220;&#8220; i_align=&#8220;left&#8220; i_type=&#8220;fontawesome&#8220; i_icon_fontawesome=&#8220;fas fa-adjust&#8220; i_icon_openiconic=&#8220;vc-oi vc-oi-dial&#8220; i_icon_typicons=&#8220;typcn typcn-adjust-brightness&#8220; i_icon_entypo=&#8220;entypo-icon entypo-icon-note&#8220; i_icon_linecons=&#8220;vc_li vc_li-heart&#8220; i_icon_monosocial=&#8220;vc-mono vc-mono-fivehundredpx&#8220; i_icon_material=&#8220;vc-material vc-material-cake&#8220; i_icon_pixelicons=&#8220;vc_pixel_icon vc_pixel_icon-alert&#8220; custom_onclick=&#8220;&#8220; link=&#8220;url:https%3A%2F%2Fwww.cerky-studio.com%2Fcontact%2F|||&#8220; custom_onclick_code=&#8220;&#8220;][vc_column][vc_btn title=&#8220;Cerky Studio kontaktieren&#8220; style=&#8220;flat&#8220; color=&#8220;danger&#8220; size=&#8220;lg&#8220; align=&#8220;center&#8220; css=&#8220;&#8220; link=&#8220;url:https%3A%2F%2Fwww.cerky-studio.com%2Fde%2Fkontakt%2F|title:Kontakt&#8220;][\/vc_column][\/vc_row]<\/p>\n<\/div>","protected":false},"excerpt":{"rendered":"<p>[vc_row][vc_column][vc_column_text css=&#8220;&#8220;] Mixing und Mastering online f\u00fcr K\u00fcnstler aus D\u00fcsseldorf und der Metropolregion Rhein-Ruhr [\/vc_column_text][\/vc_column][\/vc_row][vc_row][vc_column width=&#8220;1\/6&#8243;][\/vc_column][vc_column width=&#8220;2\/3&#8243;][vc_column_text css=&#8220;&#8220;] Cerky Studio stellt seine Expertise Musikern, S\u00e4ngern, Bands und Labels aus D\u00fcsseldorf, dem Umland und ganz Nordrhein-Westfalen zur Verf\u00fcgung. Unsere Remote-Dienstleistungen im Bereich Mixing und Mastering erm\u00f6glichen Ihnen einen pr\u00e4zisen, ausgewogenen und sendefertigen Sound \u2013 ganz ohne [&hellip;]<\/p>\n","protected":false},"author":2,"featured_media":0,"parent":0,"menu_order":460,"comment_status":"closed","ping_status":"closed","template":"","meta":{"footnotes":""},"class_list":["post-3883","page","type-page","status-publish","hentry"],"yoast_head":"<!-- This site is optimized with the Yoast SEO plugin v26.1.1 - https:\/\/yoast.com\/wordpress\/plugins\/seo\/ -->\n<title>Online Mixing &amp; Mastering D\u00fcsseldorf Studio Rhein-Ruhr-Region<\/title>\n<meta name=\"description\" content=\"Professionelles Online-Mixing &amp; Mastering f\u00fcr K\u00fcnstler aus D\u00fcsseldorf und der Metropolregion Rhein-Ruhr \u2013 sendefertiger Sound ohne Studioanreise.\" \/>\n<meta name=\"robots\" content=\"index, follow, max-snippet:-1, max-image-preview:large, max-video-preview:-1\" \/>\n<link rel=\"canonical\" href=\"https:\/\/www.cerky-studio.com\/de\/mixing-mastering-duesseldorf\/\" \/>\n<meta property=\"og:locale\" content=\"de_DE\" \/>\n<meta property=\"og:type\" content=\"article\" \/>\n<meta property=\"og:title\" content=\"Online Mixing &amp; Mastering D\u00fcsseldorf Studio Rhein-Ruhr-Region\" \/>\n<meta property=\"og:description\" content=\"Professionelles Online-Mixing &amp; Mastering f\u00fcr K\u00fcnstler aus D\u00fcsseldorf und der Metropolregion Rhein-Ruhr \u2013 sendefertiger Sound ohne Studioanreise.\" \/>\n<meta property=\"og:url\" content=\"https:\/\/www.cerky-studio.com\/de\/mixing-mastering-duesseldorf\/\" \/>\n<meta property=\"og:site_name\" content=\"Cerky Studio\" \/>\n<meta property=\"article:publisher\" content=\"https:\/\/www.facebook.com\/DjCerk\" \/>\n<meta property=\"article:modified_time\" content=\"2025-12-12T14:43:53+00:00\" \/>\n<meta name=\"twitter:card\" content=\"summary_large_image\" \/>\n<meta name=\"twitter:site\" content=\"@DJ_CERK\" \/>\n<meta name=\"twitter:label1\" content=\"Gesch\u00e4tzte Lesezeit\" \/>\n\t<meta name=\"twitter:data1\" content=\"4\u00a0Minuten\" \/>\n<script type=\"application\/ld+json\" class=\"yoast-schema-graph\">{\"@context\":\"https:\/\/schema.org\",\"@graph\":[{\"@type\":\"WebPage\",\"@id\":\"https:\/\/www.cerky-studio.com\/de\/mixing-mastering-duesseldorf\/\",\"url\":\"https:\/\/www.cerky-studio.com\/de\/mixing-mastering-duesseldorf\/\",\"name\":\"Online Mixing & Mastering D\u00fcsseldorf Studio Rhein-Ruhr-Region\",\"isPartOf\":{\"@id\":\"https:\/\/www.cerky-studio.com\/de\/#website\"},\"datePublished\":\"2025-09-11T13:04:15+00:00\",\"dateModified\":\"2025-12-12T14:43:53+00:00\",\"description\":\"Professionelles Online-Mixing & Mastering f\u00fcr K\u00fcnstler aus D\u00fcsseldorf und der Metropolregion Rhein-Ruhr \u2013 sendefertiger Sound ohne Studioanreise.\",\"breadcrumb\":{\"@id\":\"https:\/\/www.cerky-studio.com\/de\/mixing-mastering-duesseldorf\/#breadcrumb\"},\"inLanguage\":\"de\",\"potentialAction\":[{\"@type\":\"ReadAction\",\"target\":[\"https:\/\/www.cerky-studio.com\/de\/mixing-mastering-duesseldorf\/\"]}]},{\"@type\":\"BreadcrumbList\",\"@id\":\"https:\/\/www.cerky-studio.com\/de\/mixing-mastering-duesseldorf\/#breadcrumb\",\"itemListElement\":[{\"@type\":\"ListItem\",\"position\":1,\"name\":\"Accueil\",\"item\":\"https:\/\/www.cerky-studio.com\/de\/\"},{\"@type\":\"ListItem\",\"position\":2,\"name\":\"Mixing und Mastering in D\u00fcsseldorf\"}]},{\"@type\":\"WebSite\",\"@id\":\"https:\/\/www.cerky-studio.com\/de\/#website\",\"url\":\"https:\/\/www.cerky-studio.com\/de\/\",\"name\":\"Cerky Studio\",\"description\":\"Studio de mixage et mastering \u00e0 Mulhouse et en ligne\",\"publisher\":{\"@id\":\"https:\/\/www.cerky-studio.com\/de\/#organization\"},\"potentialAction\":[{\"@type\":\"SearchAction\",\"target\":{\"@type\":\"EntryPoint\",\"urlTemplate\":\"https:\/\/www.cerky-studio.com\/de\/?s={search_term_string}\"},\"query-input\":{\"@type\":\"PropertyValueSpecification\",\"valueRequired\":true,\"valueName\":\"search_term_string\"}}],\"inLanguage\":\"de\"},{\"@type\":\"Organization\",\"@id\":\"https:\/\/www.cerky-studio.com\/de\/#organization\",\"name\":\"Cerky Studio\",\"url\":\"https:\/\/www.cerky-studio.com\/de\/\",\"logo\":{\"@type\":\"ImageObject\",\"inLanguage\":\"de\",\"@id\":\"https:\/\/www.cerky-studio.com\/de\/#\/schema\/logo\/image\/\",\"url\":\"https:\/\/www.cerky-studio.com\/wp-cerky\/uploads\/2018\/11\/cerky-studio-logo-noir-big.png\",\"contentUrl\":\"https:\/\/www.cerky-studio.com\/wp-cerky\/uploads\/2018\/11\/cerky-studio-logo-noir-big.png\",\"width\":912,\"height\":787,\"caption\":\"Cerky Studio\"},\"image\":{\"@id\":\"https:\/\/www.cerky-studio.com\/de\/#\/schema\/logo\/image\/\"},\"sameAs\":[\"https:\/\/www.facebook.com\/DjCerk\",\"https:\/\/x.com\/DJ_CERK\",\"https:\/\/www.instagram.com\/dj.cerk\/\",\"https:\/\/www.youtube.com\/djcerk07\"]}]}<\/script>\n<!-- \/ Yoast SEO plugin. -->","yoast_head_json":{"title":"Online Mixing & Mastering D\u00fcsseldorf Studio Rhein-Ruhr-Region","description":"Professionelles Online-Mixing & Mastering f\u00fcr K\u00fcnstler aus D\u00fcsseldorf und der Metropolregion Rhein-Ruhr \u2013 sendefertiger Sound ohne Studioanreise.","robots":{"index":"index","follow":"follow","max-snippet":"max-snippet:-1","max-image-preview":"max-image-preview:large","max-video-preview":"max-video-preview:-1"},"canonical":"https:\/\/www.cerky-studio.com\/de\/mixing-mastering-duesseldorf\/","og_locale":"de_DE","og_type":"article","og_title":"Online Mixing & Mastering D\u00fcsseldorf Studio Rhein-Ruhr-Region","og_description":"Professionelles Online-Mixing & Mastering f\u00fcr K\u00fcnstler aus D\u00fcsseldorf und der Metropolregion Rhein-Ruhr \u2013 sendefertiger Sound ohne Studioanreise.","og_url":"https:\/\/www.cerky-studio.com\/de\/mixing-mastering-duesseldorf\/","og_site_name":"Cerky Studio","article_publisher":"https:\/\/www.facebook.com\/DjCerk","article_modified_time":"2025-12-12T14:43:53+00:00","twitter_card":"summary_large_image","twitter_site":"@DJ_CERK","twitter_misc":{"Gesch\u00e4tzte Lesezeit":"4\u00a0Minuten"},"schema":{"@context":"https:\/\/schema.org","@graph":[{"@type":"WebPage","@id":"https:\/\/www.cerky-studio.com\/de\/mixing-mastering-duesseldorf\/","url":"https:\/\/www.cerky-studio.com\/de\/mixing-mastering-duesseldorf\/","name":"Online Mixing & Mastering D\u00fcsseldorf Studio Rhein-Ruhr-Region","isPartOf":{"@id":"https:\/\/www.cerky-studio.com\/de\/#website"},"datePublished":"2025-09-11T13:04:15+00:00","dateModified":"2025-12-12T14:43:53+00:00","description":"Professionelles Online-Mixing & Mastering f\u00fcr K\u00fcnstler aus D\u00fcsseldorf und der Metropolregion Rhein-Ruhr \u2013 sendefertiger Sound ohne Studioanreise.","breadcrumb":{"@id":"https:\/\/www.cerky-studio.com\/de\/mixing-mastering-duesseldorf\/#breadcrumb"},"inLanguage":"de","potentialAction":[{"@type":"ReadAction","target":["https:\/\/www.cerky-studio.com\/de\/mixing-mastering-duesseldorf\/"]}]},{"@type":"BreadcrumbList","@id":"https:\/\/www.cerky-studio.com\/de\/mixing-mastering-duesseldorf\/#breadcrumb","itemListElement":[{"@type":"ListItem","position":1,"name":"Accueil","item":"https:\/\/www.cerky-studio.com\/de\/"},{"@type":"ListItem","position":2,"name":"Mixing und Mastering in D\u00fcsseldorf"}]},{"@type":"WebSite","@id":"https:\/\/www.cerky-studio.com\/de\/#website","url":"https:\/\/www.cerky-studio.com\/de\/","name":"Cerky Studio","description":"Studio de mixage et mastering \u00e0 Mulhouse et en ligne","publisher":{"@id":"https:\/\/www.cerky-studio.com\/de\/#organization"},"potentialAction":[{"@type":"SearchAction","target":{"@type":"EntryPoint","urlTemplate":"https:\/\/www.cerky-studio.com\/de\/?s={search_term_string}"},"query-input":{"@type":"PropertyValueSpecification","valueRequired":true,"valueName":"search_term_string"}}],"inLanguage":"de"},{"@type":"Organization","@id":"https:\/\/www.cerky-studio.com\/de\/#organization","name":"Cerky Studio","url":"https:\/\/www.cerky-studio.com\/de\/","logo":{"@type":"ImageObject","inLanguage":"de","@id":"https:\/\/www.cerky-studio.com\/de\/#\/schema\/logo\/image\/","url":"https:\/\/www.cerky-studio.com\/wp-cerky\/uploads\/2018\/11\/cerky-studio-logo-noir-big.png","contentUrl":"https:\/\/www.cerky-studio.com\/wp-cerky\/uploads\/2018\/11\/cerky-studio-logo-noir-big.png","width":912,"height":787,"caption":"Cerky Studio"},"image":{"@id":"https:\/\/www.cerky-studio.com\/de\/#\/schema\/logo\/image\/"},"sameAs":["https:\/\/www.facebook.com\/DjCerk","https:\/\/x.com\/DJ_CERK","https:\/\/www.instagram.com\/dj.cerk\/","https:\/\/www.youtube.com\/djcerk07"]}]}},"_links":{"self":[{"href":"https:\/\/www.cerky-studio.com\/de\/wp-json\/wp\/v2\/pages\/3883","targetHints":{"allow":["GET"]}}],"collection":[{"href":"https:\/\/www.cerky-studio.com\/de\/wp-json\/wp\/v2\/pages"}],"about":[{"href":"https:\/\/www.cerky-studio.com\/de\/wp-json\/wp\/v2\/types\/page"}],"author":[{"embeddable":true,"href":"https:\/\/www.cerky-studio.com\/de\/wp-json\/wp\/v2\/users\/2"}],"replies":[{"embeddable":true,"href":"https:\/\/www.cerky-studio.com\/de\/wp-json\/wp\/v2\/comments?post=3883"}],"version-history":[{"count":5,"href":"https:\/\/www.cerky-studio.com\/de\/wp-json\/wp\/v2\/pages\/3883\/revisions"}],"predecessor-version":[{"id":4564,"href":"https:\/\/www.cerky-studio.com\/de\/wp-json\/wp\/v2\/pages\/3883\/revisions\/4564"}],"wp:attachment":[{"href":"https:\/\/www.cerky-studio.com\/de\/wp-json\/wp\/v2\/media?parent=3883"}],"curies":[{"name":"wp","href":"https:\/\/api.w.org\/{rel}","templated":true}]}}