{"id":3887,"date":"2025-09-11T15:52:48","date_gmt":"2025-09-11T13:52:48","guid":{"rendered":"https:\/\/www.cerky-studio.com\/?page_id=3887"},"modified":"2025-12-12T15:44:51","modified_gmt":"2025-12-12T14:44:51","slug":"mixing-mastering-leipzig","status":"publish","type":"page","link":"https:\/\/www.cerky-studio.com\/de\/mixing-mastering-leipzig\/","title":{"rendered":"Mixing und Mastering in Leipzig"},"content":{"rendered":"<div class=\"wpb-content-wrapper\"><p>[vc_row][vc_column][vc_column_text css=&#8220;&#8220;]<\/p>\n<h2 style=\"text-align: center;\">Cerky Studio \u2013 Online Mixing und Mastering f\u00fcr Musik aus Leipzig<\/h2>\n<p>[\/vc_column_text][\/vc_column][\/vc_row][vc_row][vc_column width=&#8220;1\/6&#8243;][\/vc_column][vc_column width=&#8220;2\/3&#8243;][vc_column_text css=&#8220;&#8220;]<\/p>\n<p style=\"text-align: center;\"><strong>Cerky Studio bietet professionelle Mixing- und Mastering-Dienstleistungen online f\u00fcr K\u00fcnstler aus Leipzig, dem Umland und ganz Sachsen an. Ob Musiker, S\u00e4nger, Band oder Label \u2013 wenn Sie in Leipzig oder einer der umliegenden St\u00e4dte ans\u00e4ssig sind, profitieren Sie von einer professionellen Betreuung, die Ihrem Sound die Qualit\u00e4t verleiht, die heutigen Industriestandards entspricht.<\/strong><\/p>\n<p>[\/vc_column_text][vc_empty_space][\/vc_column][vc_column width=&#8220;1\/6&#8243;][\/vc_column][\/vc_row][vc_row][vc_column width=&#8220;1\/2&#8243;][vc_column_text css=&#8220;&#8220;]<\/p>\n<h3>Ein professioneller Sound f\u00fcr K\u00fcnstler aus Leipzig<\/h3>\n<p>Damit Ihre Songs mit Produktionen auf Streaming-Plattformen, im Radio oder auf der B\u00fchne mithalten k\u00f6nnen, <strong>sind pr\u00e4zises Mixing und hochwertiges Mastering unverzichtbar<\/strong>. Cerky Studio unterst\u00fctzt K\u00fcnstler aus Leipzig und den umliegenden St\u00e4dten (Halle (Saale), Markkleeberg, Schkeuditz, Taucha, Delitzsch, Merseburg, Borna, Naumburg, Grimma\u2026) <strong>mit Online-Dienstleistungen<\/strong>, die Ihre musikalische Identit\u00e4t respektieren und Ihre Werke veredeln.[\/vc_column_text][\/vc_column][vc_column width=&#8220;1\/2&#8243;][vc_single_image image=&#8220;3051&#8243; img_size=&#8220;Large&#8220; alignment=&#8220;center&#8220; onclick=&#8220;link_image&#8220; css=&#8220;&#8220;][\/vc_column][\/vc_row][vc_row][vc_column][vc_empty_space][vc_separator css=&#8220;&#8220;][vc_empty_space][\/vc_column][\/vc_row][vc_row][vc_column width=&#8220;1\/2&#8243;][vc_column_text css=&#8220;&#8220;]<\/p>\n<h3>Warum Mixing und Mastering unverzichtbar sind<\/h3>\n<p>Nach der Aufnahme <strong>bringt das Mixing Ihre Spuren zum Leben<\/strong>, indem es Lautst\u00e4rken ausgleicht, Frequenzen verfeinert und <strong>die verschiedenen Elemente harmonisch zusammenf\u00fchrt<\/strong>. Das Mastering als letzter Schritt <strong>perfektioniert das Endergebnis<\/strong>: Es sorgt f\u00fcr klangliche Konsistenz, optimiert die Gesamtlautst\u00e4rke und bereitet Ihren Track <strong>f\u00fcr eine professionelle Ver\u00f6ffentlichung<\/strong> auf Spotify, im Radio oder auf physischen Tontr\u00e4gern vor. Gemeinsam garantieren diese beiden Arbeitsschritte Wettbewerbsf\u00e4higkeit und die emotionale Kraft, die Ihre Musik verdient.<\/p>\n<p>Lesen Sie auch : <a href=\"https:\/\/www.cerky-studio.com\/de\/mixing\/faq\/\">H\u00e4ufige Fragen zum Mixing<\/a><br \/>\nLesen Sie auch : <a href=\"https:\/\/www.cerky-studio.com\/de\/mastering\/faq\/\">H\u00e4ufige Fragen zum Mastering<\/a><\/p>\n<p>[\/vc_column_text][\/vc_column][vc_column width=&#8220;1\/2&#8243;][vc_single_image image=&#8220;2454&#8243; img_size=&#8220;Large&#8220; alignment=&#8220;center&#8220; onclick=&#8220;link_image&#8220; css=&#8220;&#8220;][\/vc_column][\/vc_row][vc_row][vc_column][vc_empty_space][vc_separator css=&#8220;&#8220;][vc_empty_space][\/vc_column][\/vc_row][vc_row][vc_column width=&#8220;1\/2&#8243;][vc_column_text css=&#8220;&#8220;]<\/p>\n<h3>Interaktives online Mixing und Mastering<\/h3>\n<p>Dank <strong>eines privaten Streaming-Links<\/strong> haben Sie die M\u00f6glichkeit, Ihre Mixing- oder Mastering-Session live zu verfolgen, <strong>direkt mit dem Toningenieur zu interagieren und jeden Schritt in Echtzeit freizugeben<\/strong>.<br \/>\nDiese kollaborative Arbeitsweise <strong>garantiert ein Ergebnis<\/strong>, das exakt Ihren Erwartungen entspricht \u2013 mit der Pr\u00e4zision einer Studiosession, <strong>w\u00e4hrend Sie bequem von zu Hause aus arbeiten<\/strong>, sei es in Leipzig, Halle oder einer anderen Stadt in Sachsen.<\/p>\n<p>Mehr erfahren \u00fcber <a href=\"https:\/\/www.cerky-studio.com\/de\/mixing\/online\/\">Online-Mixing<\/a><br \/>\nMehr erfahren \u00fcber <a href=\"https:\/\/www.cerky-studio.com\/de\/mastering\/online\/\">Online-Mastering<\/a><\/p>\n<p>[\/vc_column_text][\/vc_column][vc_column width=&#8220;1\/2&#8243;][vc_single_image image=&#8220;3021&#8243; img_size=&#8220;Large&#8220; alignment=&#8220;center&#8220; onclick=&#8220;link_image&#8220; css=&#8220;&#8220;][\/vc_column][\/vc_row][vc_row][vc_column][vc_empty_space][vc_separator css=&#8220;&#8220;][vc_empty_space][\/vc_column][\/vc_row][vc_row][vc_column width=&#8220;1\/2&#8243;][vc_column_text css=&#8220;&#8220;]<\/p>\n<h3 style=\"text-align: center;\">Erfahren Sie mehr \u00fcber Mixing und Mastering<\/h3>\n<p>[\/vc_column_text][vc_column_text css=&#8220;&#8220;]<\/p>\n<p style=\"text-align: center;\">Erfahren Sie mehr \u00fcber <a href=\"https:\/\/www.cerky-studio.com\/de\/mixing\/definition\/\">das Ziel eines guten Mixes<\/a> und <a href=\"https:\/\/www.cerky-studio.com\/de\/mastering\/definition\/\">warum ein Mastering unerl\u00e4sslich ist<\/a><\/p>\n<p>[\/vc_column_text][vc_empty_space][vc_separator css=&#8220;&#8220;][vc_empty_space][\/vc_column][vc_column width=&#8220;1\/2&#8243;][vc_column_text css=&#8220;&#8220;]<\/p>\n<h3 style=\"text-align: center;\">Auf die jeweiligen Musikgenres abgestimmte Leistungen<\/h3>\n<p>[\/vc_column_text][vc_column_text css=&#8220;&#8220;]<\/p>\n<p style=\"text-align: center;\">Cerky Studio bietet <a href=\"https:\/\/www.cerky-studio.com\/de\/mixing\/musikgenres\/\">einen Mix<\/a> und ein <a href=\"https:\/\/www.cerky-studio.com\/de\/mastering\/musikgenres\/\">Mastering, das an Ihren musikalischen Stil<\/a> angepasst ist<\/p>\n<p>[\/vc_column_text][vc_empty_space][vc_separator css=&#8220;&#8220;][vc_empty_space][\/vc_column][\/vc_row][vc_row][vc_column width=&#8220;1\/2&#8243;][vc_column_text css=&#8220;&#8220;]<\/p>\n<h2>Cerky Studio \u2013 Expertise f\u00fcr Ihre Musik<\/h2>\n<p>Jedes Projekt bei Cerky Studio wird <strong>mit Sorgfalt und einer individuellen Herangehensweise begleitet<\/strong> \u2013 vom Mixing bis zum Mastering \u2013, um die Kraft und Emotion <strong>Ihrer Musik voll zur Geltung zu bringen<\/strong>.<\/p>\n<p>Pierre Lorrain, Toningenieur, Produzent und Musikmacher, widmet sich jedem Song mit Offenheit und Neugier, <strong>unabh\u00e4ngig vom Genre<\/strong>. Dank seiner Erfahrung und seines geschulten Ohrs wahrt er Ihre k\u00fcnstlerische Identit\u00e4t und verst\u00e4rkt gleichzeitig Wirkung und Koh\u00e4renz Ihres Sounds. Mehr als ein technischer Service \u2013 <strong>ein echtes kreatives Miteinander<\/strong>, um Ihre Musik zu veredeln und <strong>auf professionelles Niveau zu heben<\/strong>.[\/vc_column_text][\/vc_column][vc_column width=&#8220;1\/2&#8243;][vc_single_image image=&#8220;2795&#8243; img_size=&#8220;Large&#8220; alignment=&#8220;center&#8220; onclick=&#8220;link_image&#8220; css=&#8220;&#8220;][vc_column_text css=&#8220;&#8220;]<\/p>\n<p style=\"text-align: center;\">Erfahren Sie mehr \u00fcber <a href=\"https:\/\/www.cerky-studio.com\/de\/cerky\/\">Pierre Lorrain allias Cerky<\/a>, Ihren Tontechniker<\/p>\n<p>[\/vc_column_text][\/vc_column][\/vc_row][vc_row][vc_column][vc_empty_space][vc_separator css=&#8220;&#8220;][vc_empty_space][\/vc_column][\/vc_row][vc_row][vc_column width=&#8220;1\/2&#8243;][vc_column_text css=&#8220;&#8220;]<\/p>\n<h3 style=\"text-align: center;\">Die Referenzen des Studios<\/h3>\n<p>[\/vc_column_text][vc_column_text css=&#8220;&#8220;]<\/p>\n<p style=\"text-align: center;\">Entdecken Sie <a href=\"https:\/\/www.cerky-studio.com\/de\/referenzen\/\">die K\u00fcnstler<\/a>, die mit Cerky Studio gearbeitet haben<\/p>\n<p>[\/vc_column_text][vc_empty_space][vc_separator css=&#8220;&#8220;][vc_empty_space][\/vc_column][vc_column width=&#8220;1\/2&#8243;][vc_column_text css=&#8220;&#8220;]<\/p>\n<h3 style=\"text-align: center;\">Les Tarifs<\/h3>\n<p>[\/vc_column_text][vc_column_text css=&#8220;&#8220;]<\/p>\n<p style=\"text-align: center;\">Informieren Sie sich jetzt \u00fcber <a href=\"https:\/\/www.cerky-studio.com\/de\/mixing\/preise\/\">die Preise f\u00fcr Mixings<\/a> und <a href=\"https:\/\/www.cerky-studio.com\/de\/mastering\/preise\/\">die Preise f\u00fcr Masterings<\/a><\/p>\n<p>[\/vc_column_text][vc_empty_space][vc_separator css=&#8220;&#8220;][vc_empty_space][\/vc_column][\/vc_row][vc_row][vc_column width=&#8220;1\/6&#8243;][\/vc_column][vc_column width=&#8220;2\/3&#8243;][vc_column_text css=&#8220;&#8220;]<\/p>\n<h3 style=\"text-align: center;\">H\u00f6ren Sie ausgew\u00e4hlte Produktionen von Cerky Studio<\/h3>\n<p>[\/vc_column_text][vc_empty_space][\/vc_column][vc_column width=&#8220;1\/6&#8243;][\/vc_column][\/vc_row][vc_row][vc_column width=&#8220;1\/2&#8243;][vc_column_text css=&#8220;&#8220;]https:\/\/open.spotify.com\/intl-fr\/track\/7B6z0HrxAByztLfgzkoxBw[\/vc_column_text][\/vc_column][vc_column width=&#8220;1\/2&#8243;][vc_column_text css=&#8220;&#8220;]https:\/\/open.spotify.com\/intl-fr\/track\/3llW2J8Gl8LggqQcQSjyqM[\/vc_column_text][\/vc_column][\/vc_row][vc_row][vc_column][vc_empty_space][vc_separator css=&#8220;&#8220;][vc_empty_space][\/vc_column][\/vc_row][vc_row][vc_column][vc_column_text css=&#8220;&#8220;]<\/p>\n<p style=\"text-align: center;\">Greifen Sie auf das <a href=\"https:\/\/www.cerky-studio.com\/de\/kit-mixing-mastering-cerky-studio\/\">Mixing und Mastering-Kit<\/a> zu, um alle meine Dienstleistungen f\u00fcr K\u00fcnstler und Labels zu entdecken<\/p>\n<p>[\/vc_column_text][\/vc_column][\/vc_row][vc_row][vc_column][vc_column_text css=&#8220;&#8220;]<\/p>\n<p style=\"text-align: center;\"><strong>Cerky Studio se tient \u00e0 votre disposition pour toute information suppl\u00e9mentaire ou pour confier vos mixages et masterings<\/strong><\/p>\n<p>[\/vc_column_text][vc_btn title=&#8220;Cerky Studio kontaktieren&#8220; style=&#8220;flat&#8220; color=&#8220;danger&#8220; size=&#8220;lg&#8220; align=&#8220;center&#8220; css=&#8220;&#8220; link=&#8220;url:https%3A%2F%2Fwww.cerky-studio.com%2Fde%2Fkontakt%2F|title:Kontakt&#8220;][\/vc_column][\/vc_row]<\/p>\n<\/div>","protected":false},"excerpt":{"rendered":"<p>[vc_row][vc_column][vc_column_text css=&#8220;&#8220;] Cerky Studio \u2013 Online Mixing und Mastering f\u00fcr Musik aus Leipzig [\/vc_column_text][\/vc_column][\/vc_row][vc_row][vc_column width=&#8220;1\/6&#8243;][\/vc_column][vc_column width=&#8220;2\/3&#8243;][vc_column_text css=&#8220;&#8220;] Cerky Studio bietet professionelle Mixing- und Mastering-Dienstleistungen online f\u00fcr K\u00fcnstler aus Leipzig, dem Umland und ganz Sachsen an. Ob Musiker, S\u00e4nger, Band oder Label \u2013 wenn Sie in Leipzig oder einer der umliegenden St\u00e4dte ans\u00e4ssig sind, profitieren Sie [&hellip;]<\/p>\n","protected":false},"author":2,"featured_media":0,"parent":0,"menu_order":470,"comment_status":"closed","ping_status":"closed","template":"","meta":{"footnotes":""},"class_list":["post-3887","page","type-page","status-publish","hentry"],"yoast_head":"<!-- This site is optimized with the Yoast SEO plugin v26.1.1 - https:\/\/yoast.com\/wordpress\/plugins\/seo\/ -->\n<title>Online Mixing und Mastering Studio in Leipzig Metropolregion<\/title>\n<meta name=\"description\" content=\"Cerky Studio bietet professionelles Online-Mixing und Mastering f\u00fcr K\u00fcnstler aus Leipzig, Halle und der Region Sachsen \u2013 pr\u00e4ziser Sound, individuell betreut\" \/>\n<meta name=\"robots\" content=\"index, follow, max-snippet:-1, max-image-preview:large, max-video-preview:-1\" \/>\n<link rel=\"canonical\" href=\"https:\/\/www.cerky-studio.com\/de\/mixing-mastering-leipzig\/\" \/>\n<meta property=\"og:locale\" content=\"de_DE\" \/>\n<meta property=\"og:type\" content=\"article\" \/>\n<meta property=\"og:title\" content=\"Online Mixing und Mastering Studio in Leipzig Metropolregion\" \/>\n<meta property=\"og:description\" content=\"Cerky Studio bietet professionelles Online-Mixing und Mastering f\u00fcr K\u00fcnstler aus Leipzig, Halle und der Region Sachsen \u2013 pr\u00e4ziser Sound, individuell betreut\" \/>\n<meta property=\"og:url\" content=\"https:\/\/www.cerky-studio.com\/de\/mixing-mastering-leipzig\/\" \/>\n<meta property=\"og:site_name\" content=\"Cerky Studio\" \/>\n<meta property=\"article:publisher\" content=\"https:\/\/www.facebook.com\/DjCerk\" \/>\n<meta property=\"article:modified_time\" content=\"2025-12-12T14:44:51+00:00\" \/>\n<meta name=\"twitter:card\" content=\"summary_large_image\" \/>\n<meta name=\"twitter:site\" content=\"@DJ_CERK\" \/>\n<meta name=\"twitter:label1\" content=\"Gesch\u00e4tzte Lesezeit\" \/>\n\t<meta name=\"twitter:data1\" content=\"4\u00a0Minuten\" \/>\n<script type=\"application\/ld+json\" class=\"yoast-schema-graph\">{\"@context\":\"https:\/\/schema.org\",\"@graph\":[{\"@type\":\"WebPage\",\"@id\":\"https:\/\/www.cerky-studio.com\/de\/mixing-mastering-leipzig\/\",\"url\":\"https:\/\/www.cerky-studio.com\/de\/mixing-mastering-leipzig\/\",\"name\":\"Online Mixing und Mastering Studio in Leipzig Metropolregion\",\"isPartOf\":{\"@id\":\"https:\/\/www.cerky-studio.com\/de\/#website\"},\"datePublished\":\"2025-09-11T13:52:48+00:00\",\"dateModified\":\"2025-12-12T14:44:51+00:00\",\"description\":\"Cerky Studio bietet professionelles Online-Mixing und Mastering f\u00fcr K\u00fcnstler aus Leipzig, Halle und der Region Sachsen \u2013 pr\u00e4ziser Sound, individuell betreut\",\"breadcrumb\":{\"@id\":\"https:\/\/www.cerky-studio.com\/de\/mixing-mastering-leipzig\/#breadcrumb\"},\"inLanguage\":\"de\",\"potentialAction\":[{\"@type\":\"ReadAction\",\"target\":[\"https:\/\/www.cerky-studio.com\/de\/mixing-mastering-leipzig\/\"]}]},{\"@type\":\"BreadcrumbList\",\"@id\":\"https:\/\/www.cerky-studio.com\/de\/mixing-mastering-leipzig\/#breadcrumb\",\"itemListElement\":[{\"@type\":\"ListItem\",\"position\":1,\"name\":\"Accueil\",\"item\":\"https:\/\/www.cerky-studio.com\/de\/\"},{\"@type\":\"ListItem\",\"position\":2,\"name\":\"Mixing und Mastering in Leipzig\"}]},{\"@type\":\"WebSite\",\"@id\":\"https:\/\/www.cerky-studio.com\/de\/#website\",\"url\":\"https:\/\/www.cerky-studio.com\/de\/\",\"name\":\"Cerky Studio\",\"description\":\"Studio de mixage et mastering \u00e0 Mulhouse et en ligne\",\"publisher\":{\"@id\":\"https:\/\/www.cerky-studio.com\/de\/#organization\"},\"potentialAction\":[{\"@type\":\"SearchAction\",\"target\":{\"@type\":\"EntryPoint\",\"urlTemplate\":\"https:\/\/www.cerky-studio.com\/de\/?s={search_term_string}\"},\"query-input\":{\"@type\":\"PropertyValueSpecification\",\"valueRequired\":true,\"valueName\":\"search_term_string\"}}],\"inLanguage\":\"de\"},{\"@type\":\"Organization\",\"@id\":\"https:\/\/www.cerky-studio.com\/de\/#organization\",\"name\":\"Cerky Studio\",\"url\":\"https:\/\/www.cerky-studio.com\/de\/\",\"logo\":{\"@type\":\"ImageObject\",\"inLanguage\":\"de\",\"@id\":\"https:\/\/www.cerky-studio.com\/de\/#\/schema\/logo\/image\/\",\"url\":\"https:\/\/www.cerky-studio.com\/wp-cerky\/uploads\/2018\/11\/cerky-studio-logo-noir-big.png\",\"contentUrl\":\"https:\/\/www.cerky-studio.com\/wp-cerky\/uploads\/2018\/11\/cerky-studio-logo-noir-big.png\",\"width\":912,\"height\":787,\"caption\":\"Cerky Studio\"},\"image\":{\"@id\":\"https:\/\/www.cerky-studio.com\/de\/#\/schema\/logo\/image\/\"},\"sameAs\":[\"https:\/\/www.facebook.com\/DjCerk\",\"https:\/\/x.com\/DJ_CERK\",\"https:\/\/www.instagram.com\/dj.cerk\/\",\"https:\/\/www.youtube.com\/djcerk07\"]}]}<\/script>\n<!-- \/ Yoast SEO plugin. -->","yoast_head_json":{"title":"Online Mixing und Mastering Studio in Leipzig Metropolregion","description":"Cerky Studio bietet professionelles Online-Mixing und Mastering f\u00fcr K\u00fcnstler aus Leipzig, Halle und der Region Sachsen \u2013 pr\u00e4ziser Sound, individuell betreut","robots":{"index":"index","follow":"follow","max-snippet":"max-snippet:-1","max-image-preview":"max-image-preview:large","max-video-preview":"max-video-preview:-1"},"canonical":"https:\/\/www.cerky-studio.com\/de\/mixing-mastering-leipzig\/","og_locale":"de_DE","og_type":"article","og_title":"Online Mixing und Mastering Studio in Leipzig Metropolregion","og_description":"Cerky Studio bietet professionelles Online-Mixing und Mastering f\u00fcr K\u00fcnstler aus Leipzig, Halle und der Region Sachsen \u2013 pr\u00e4ziser Sound, individuell betreut","og_url":"https:\/\/www.cerky-studio.com\/de\/mixing-mastering-leipzig\/","og_site_name":"Cerky Studio","article_publisher":"https:\/\/www.facebook.com\/DjCerk","article_modified_time":"2025-12-12T14:44:51+00:00","twitter_card":"summary_large_image","twitter_site":"@DJ_CERK","twitter_misc":{"Gesch\u00e4tzte Lesezeit":"4\u00a0Minuten"},"schema":{"@context":"https:\/\/schema.org","@graph":[{"@type":"WebPage","@id":"https:\/\/www.cerky-studio.com\/de\/mixing-mastering-leipzig\/","url":"https:\/\/www.cerky-studio.com\/de\/mixing-mastering-leipzig\/","name":"Online Mixing und Mastering Studio in Leipzig Metropolregion","isPartOf":{"@id":"https:\/\/www.cerky-studio.com\/de\/#website"},"datePublished":"2025-09-11T13:52:48+00:00","dateModified":"2025-12-12T14:44:51+00:00","description":"Cerky Studio bietet professionelles Online-Mixing und Mastering f\u00fcr K\u00fcnstler aus Leipzig, Halle und der Region Sachsen \u2013 pr\u00e4ziser Sound, individuell betreut","breadcrumb":{"@id":"https:\/\/www.cerky-studio.com\/de\/mixing-mastering-leipzig\/#breadcrumb"},"inLanguage":"de","potentialAction":[{"@type":"ReadAction","target":["https:\/\/www.cerky-studio.com\/de\/mixing-mastering-leipzig\/"]}]},{"@type":"BreadcrumbList","@id":"https:\/\/www.cerky-studio.com\/de\/mixing-mastering-leipzig\/#breadcrumb","itemListElement":[{"@type":"ListItem","position":1,"name":"Accueil","item":"https:\/\/www.cerky-studio.com\/de\/"},{"@type":"ListItem","position":2,"name":"Mixing und Mastering in Leipzig"}]},{"@type":"WebSite","@id":"https:\/\/www.cerky-studio.com\/de\/#website","url":"https:\/\/www.cerky-studio.com\/de\/","name":"Cerky Studio","description":"Studio de mixage et mastering \u00e0 Mulhouse et en ligne","publisher":{"@id":"https:\/\/www.cerky-studio.com\/de\/#organization"},"potentialAction":[{"@type":"SearchAction","target":{"@type":"EntryPoint","urlTemplate":"https:\/\/www.cerky-studio.com\/de\/?s={search_term_string}"},"query-input":{"@type":"PropertyValueSpecification","valueRequired":true,"valueName":"search_term_string"}}],"inLanguage":"de"},{"@type":"Organization","@id":"https:\/\/www.cerky-studio.com\/de\/#organization","name":"Cerky Studio","url":"https:\/\/www.cerky-studio.com\/de\/","logo":{"@type":"ImageObject","inLanguage":"de","@id":"https:\/\/www.cerky-studio.com\/de\/#\/schema\/logo\/image\/","url":"https:\/\/www.cerky-studio.com\/wp-cerky\/uploads\/2018\/11\/cerky-studio-logo-noir-big.png","contentUrl":"https:\/\/www.cerky-studio.com\/wp-cerky\/uploads\/2018\/11\/cerky-studio-logo-noir-big.png","width":912,"height":787,"caption":"Cerky Studio"},"image":{"@id":"https:\/\/www.cerky-studio.com\/de\/#\/schema\/logo\/image\/"},"sameAs":["https:\/\/www.facebook.com\/DjCerk","https:\/\/x.com\/DJ_CERK","https:\/\/www.instagram.com\/dj.cerk\/","https:\/\/www.youtube.com\/djcerk07"]}]}},"_links":{"self":[{"href":"https:\/\/www.cerky-studio.com\/de\/wp-json\/wp\/v2\/pages\/3887","targetHints":{"allow":["GET"]}}],"collection":[{"href":"https:\/\/www.cerky-studio.com\/de\/wp-json\/wp\/v2\/pages"}],"about":[{"href":"https:\/\/www.cerky-studio.com\/de\/wp-json\/wp\/v2\/types\/page"}],"author":[{"embeddable":true,"href":"https:\/\/www.cerky-studio.com\/de\/wp-json\/wp\/v2\/users\/2"}],"replies":[{"embeddable":true,"href":"https:\/\/www.cerky-studio.com\/de\/wp-json\/wp\/v2\/comments?post=3887"}],"version-history":[{"count":5,"href":"https:\/\/www.cerky-studio.com\/de\/wp-json\/wp\/v2\/pages\/3887\/revisions"}],"predecessor-version":[{"id":4565,"href":"https:\/\/www.cerky-studio.com\/de\/wp-json\/wp\/v2\/pages\/3887\/revisions\/4565"}],"wp:attachment":[{"href":"https:\/\/www.cerky-studio.com\/de\/wp-json\/wp\/v2\/media?parent=3887"}],"curies":[{"name":"wp","href":"https:\/\/api.w.org\/{rel}","templated":true}]}}