{"id":3892,"date":"2025-09-11T17:33:20","date_gmt":"2025-09-11T15:33:20","guid":{"rendered":"https:\/\/www.cerky-studio.com\/?page_id=3892"},"modified":"2025-12-12T15:45:57","modified_gmt":"2025-12-12T14:45:57","slug":"mixing-mastering-dortmund","status":"publish","type":"page","link":"https:\/\/www.cerky-studio.com\/de\/mixing-mastering-dortmund\/","title":{"rendered":"Mixing und Mastering in Dortmund"},"content":{"rendered":"<div class=\"wpb-content-wrapper\"><p>[vc_row][vc_column][vc_column_text css=&#8220;&#8220;]<\/p>\n<h2 style=\"text-align: center;\">Online Mixing und Mastering f\u00fcr K\u00fcnstler aus Dortmund und der Metropolregion<\/h2>\n<p>[\/vc_column_text][\/vc_column][\/vc_row][vc_row][vc_column width=&#8220;1\/6&#8243;][\/vc_column][vc_column width=&#8220;2\/3&#8243;][vc_column_text css=&#8220;&#8220;]<\/p>\n<p style=\"text-align: center;\"><strong>Sind Sie Musiker, S\u00e4nger oder Mitglied einer Band mit Sitz in Dortmund oder Umgebung? Cerky Studio bietet professionelle Online-Mixing- und Mastering-Dienste an, die darauf ausgelegt sind, Ihre Tracks auf ein optimales Klangniveau zu bringen, entsprechend den Standards der Musikindustrie und bereit f\u00fcr alle Streaming- und Distributionsplattformen.<\/strong><\/p>\n<p>[\/vc_column_text][vc_empty_space][\/vc_column][vc_column width=&#8220;1\/6&#8243;][\/vc_column][\/vc_row][vc_row][vc_column width=&#8220;1\/2&#8243;][vc_column_text css=&#8220;&#8220;]<\/p>\n<h3>Cerky Studio \u2013 Mixing und Mastering f\u00fcr K\u00fcnstler aus Dortmund<\/h3>\n<p>Ein sorgf\u00e4ltiges Mixing und Mastering ist unerl\u00e4sslich, <strong>um Ihrer Musik einen professionellen und kraftvollen Sound zu verleihen<\/strong>. Cerky Studio unterst\u00fctzt Musiker und Bands aus Dortmund und dem Ruhrgebiet (Bochum, Essen, Herne, L\u00fcnen, Unna, Kamen, Witten, Schwerte, Castrop-Rauxel\u2026) <strong>mit einem Online-Service f\u00fcr Mixing und Mastering<\/strong>. Ziel ist es, Ihre k\u00fcnstlerische Identit\u00e4t zu betonen und gleichzeitig <strong>einen vertriebsfertigen Sound zu erzielen<\/strong>, der f\u00fcr die Ver\u00f6ffentlichung bereit ist und <strong>den industriellen Standards entspricht<\/strong>.<\/p>\n<p>Mehr erfahren \u00fcber <a href=\"https:\/\/www.cerky-studio.com\/de\/mixing\/dienstleistung\/\">Mixing Leistungen<\/a><br \/>\nMehr erfahren \u00fcber <a href=\"https:\/\/www.cerky-studio.com\/de\/mastering\/dienstleistung\/\">Mastering Leistungen<\/a><\/p>\n<p>[\/vc_column_text][\/vc_column][vc_column width=&#8220;1\/2&#8243;][vc_single_image image=&#8220;3051&#8243; img_size=&#8220;Large&#8220; alignment=&#8220;center&#8220; onclick=&#8220;link_image&#8220; css=&#8220;&#8220;][\/vc_column][\/vc_row][vc_row][vc_column][vc_empty_space][vc_separator css=&#8220;&#8220;][vc_empty_space][\/vc_column][\/vc_row][vc_row][vc_column width=&#8220;1\/2&#8243;][vc_column_text css=&#8220;&#8220;]<\/p>\n<h3>Ein interaktiver und effizienter Online-Service<\/h3>\n<p>Dank <strong>eines privaten Streaming-Links<\/strong> k\u00f6nnen Sie die wichtigsten Schritte des Mixings und Masterings <strong>live verfolgen<\/strong>. Sie k\u00f6nnen in Echtzeit <strong>mit dem Toningenieur kommunizieren<\/strong> und jede Anpassung direkt best\u00e4tigen. Dieses Verfahren gew\u00e4hrleistet <strong>eine reibungslose Kommunikation und ein Ergebnis<\/strong>, das Ihren Erwartungen entspricht \u2013 so, als w\u00e4ren Sie pers\u00f6nlich im Studio, <strong>w\u00e4hrend Sie bequem in Dortmund<\/strong> oder Umgebung bleiben.<\/p>\n<p>Mehr erfahren \u00fcber <a href=\"https:\/\/www.cerky-studio.com\/de\/mixing\/online\/\">Online-Mixing<\/a><br \/>\nMehr erfahren \u00fcber <a href=\"https:\/\/www.cerky-studio.com\/de\/mastering\/online\/\">Online-Mastering<\/a><\/p>\n<p>[\/vc_column_text][\/vc_column][vc_column width=&#8220;1\/2&#8243;][vc_single_image image=&#8220;3378&#8243; img_size=&#8220;Large&#8220; alignment=&#8220;center&#8220; onclick=&#8220;link_image&#8220; css=&#8220;&#8220;][\/vc_column][\/vc_row][vc_row][vc_column][vc_empty_space][vc_separator css=&#8220;&#8220;][vc_empty_space][\/vc_column][\/vc_row][vc_row][vc_column width=&#8220;1\/2&#8243;][vc_column_text css=&#8220;&#8220;]<\/p>\n<h3>Die wesentlichen Aufgaben von Mixing und Mastering<\/h3>\n<p>Das Mixing verwandelt Ihre Rohaufnahmen in eine ausgewogene, <strong>klare und harmonische Produktion<\/strong>. Jede Spur wird <strong>analysiert und angepasst<\/strong>, um ihren Platz im St\u00fcck zu finden \u2013 in Bezug auf Lautst\u00e4rke, Frequenzen und Stereoraum.<br \/>\nDas Mastering <strong>st\u00e4rkt anschlie\u00dfend die Gesamtkoh\u00e4renz<\/strong>, optimiert die Dynamik und bereitet Ihre Tracks <strong>f\u00fcr eine professionelle Ver\u00f6ffentlichung vor<\/strong>, sei es im Streaming, Radio oder auf physischen Medien. Zusammen sorgen diese beiden Schritte f\u00fcr einen dichten, kraftvollen und <strong>konkurrenzf\u00e4higen Sound<\/strong>.<\/p>\n<p>Mehr erfahren: <a href=\"https:\/\/www.cerky-studio.com\/de\/mixing\/musikgenres\/\">Mixing nach Musikgenres<\/a><br \/>\nMehr erfahren: <a href=\"https:\/\/www.cerky-studio.com\/de\/mastering\/musikgenres\/\">Mastering nach Musikgenres<\/a><\/p>\n<p>[\/vc_column_text][\/vc_column][vc_column width=&#8220;1\/2&#8243;][vc_single_image image=&#8220;2681&#8243; img_size=&#8220;Large&#8220; alignment=&#8220;center&#8220; onclick=&#8220;link_image&#8220; css=&#8220;&#8220;][\/vc_column][\/vc_row][vc_row][vc_column][vc_empty_space][vc_separator css=&#8220;&#8220;][vc_empty_space][\/vc_column][\/vc_row][vc_row][vc_column width=&#8220;1\/2&#8243;][vc_column_text css=&#8220;&#8220;]<\/p>\n<h3 style=\"text-align: center;\">Definition und Rolle von Mixing und Mastering<\/h3>\n<p>[\/vc_column_text][vc_column_text css=&#8220;&#8220;]<\/p>\n<p style=\"text-align: center;\">Welche Wirkung <a href=\"https:\/\/www.cerky-studio.com\/de\/mixing\/dienstleistung\/\">ein professionelles Mixing<\/a> hat und <a href=\"https:\/\/www.cerky-studio.com\/de\/mastering\/dienstleistung\/\">warum ein Mastering entscheidend<\/a><\/p>\n<p>[\/vc_column_text][vc_single_image image=&#8220;2386&#8243; img_size=&#8220;Large&#8220; alignment=&#8220;center&#8220; onclick=&#8220;link_image&#8220; css=&#8220;&#8220;][vc_empty_space][vc_separator css=&#8220;&#8220;][vc_empty_space][\/vc_column][vc_column width=&#8220;1\/2&#8243;][vc_column_text css=&#8220;&#8220;]<\/p>\n<h3 style=\"text-align: center;\">H\u00e4ufig gestellte Fragen zum Mischen und Mastering<\/h3>\n<p>[\/vc_column_text][vc_column_text css=&#8220;&#8220;]<\/p>\n<p style=\"text-align: center;\">Finden Sie Antworten auf Ihre Fragen <a href=\"https:\/\/www.cerky-studio.com\/de\/mixing\/faq\/\">in meiner F.A.Q. zum Mixing<\/a> und <a href=\"https:\/\/www.cerky-studio.com\/de\/mastering\/faq\/\">F.A.Q. zum Mastering.<\/a><\/p>\n<p>[\/vc_column_text][vc_single_image image=&#8220;3258&#8243; img_size=&#8220;Large&#8220; alignment=&#8220;center&#8220; onclick=&#8220;link_image&#8220; css=&#8220;&#8220;][vc_empty_space][vc_separator css=&#8220;&#8220;][vc_empty_space][\/vc_column][\/vc_row][vc_row][vc_column width=&#8220;1\/2&#8243;][vc_column_text css=&#8220;&#8220;]<\/p>\n<h2>Die Vorteile von Cerky Studio<\/h2>\n<p>Bei Cerky Studio erh\u00e4lt jedes Projekt <strong>eine individuelle Behandlung<\/strong>, egal ob Mixing oder Mastering. Ziel ist es, die Kraft und Sensibilit\u00e4t Ihrer Musik voll zur Geltung zu bringen. <strong>Jeder Track wird pr\u00e4zise und professionell bearbeitet<\/strong>, bereit f\u00fcr Streaming, Online-Ver\u00f6ffentlichung oder physische Medien.<\/p>\n<p>Pierre Lorrain, Toningenieur, Produzent und Produzent, engagiert sich <strong>f\u00fcr jedes Projekt unabh\u00e4ngig vom Stil<\/strong>. Mit seiner Erfahrung und seinem geschulten Ohr erfasst er die Essenz Ihres musikalischen Universums und setzt Ihre Intentionen authentisch um. Mehr als ein Techniker, <strong>wird er zu einem Partner, der Ihnen hilft, Ihre Tracks zu veredeln<\/strong> und ein professionelles Ergebnis zu erzielen.[\/vc_column_text][\/vc_column][vc_column width=&#8220;1\/2&#8243;][vc_single_image image=&#8220;2795&#8243; img_size=&#8220;Large&#8220; alignment=&#8220;center&#8220; onclick=&#8220;link_image&#8220; css=&#8220;&#8220;][\/vc_column][\/vc_row][vc_row][vc_column][vc_empty_space][vc_separator css=&#8220;&#8220;][vc_empty_space][\/vc_column][\/vc_row][vc_row][vc_column width=&#8220;1\/6&#8243;][\/vc_column][vc_column width=&#8220;2\/3&#8243;][vc_column_text css=&#8220;&#8220;]<\/p>\n<h3 style=\"text-align: center;\">Einige Titel, die im Cerky Studio produziert wurden<\/h3>\n<p>[\/vc_column_text][vc_empty_space][\/vc_column][vc_column width=&#8220;1\/6&#8243;][\/vc_column][\/vc_row][vc_row][vc_column width=&#8220;1\/2&#8243;][vc_column_text css=&#8220;&#8220;]https:\/\/open.spotify.com\/intl-fr\/track\/7B6z0HrxAByztLfgzkoxBw[\/vc_column_text][\/vc_column][vc_column width=&#8220;1\/2&#8243;][vc_column_text css=&#8220;&#8220;]https:\/\/open.spotify.com\/intl-fr\/track\/3llW2J8Gl8LggqQcQSjyqM[\/vc_column_text][\/vc_column][\/vc_row][vc_row][vc_column][vc_empty_space][vc_separator css=&#8220;&#8220;][vc_empty_space][\/vc_column][\/vc_row][vc_row][vc_column width=&#8220;1\/3&#8243;][vc_column_text css=&#8220;&#8220;]<\/p>\n<h3 style=\"text-align: center;\">Referenzen<\/h3>\n<p>[\/vc_column_text][vc_column_text css=&#8220;&#8220;]<\/p>\n<p style=\"text-align: center;\">Entdecken Sie <a href=\"https:\/\/www.cerky-studio.com\/de\/referenzen\/\">die K\u00fcnstler<\/a>, die mit Cerky Studio zusammengearbeitet haben.<\/p>\n<p>[\/vc_column_text][vc_empty_space][vc_separator css=&#8220;&#8220;][vc_empty_space][\/vc_column][vc_column width=&#8220;1\/3&#8243;][vc_column_text css=&#8220;&#8220;]<\/p>\n<h3 style=\"text-align: center;\">\u00dcber Cerky<\/h3>\n<p>[\/vc_column_text][vc_column_text css=&#8220;&#8220;]<\/p>\n<p style=\"text-align: center;\">Erfahren Sie mehr \u00fcber <a href=\"https:\/\/www.cerky-studio.com\/de\/cerky\/\">Pierre Lorrain alias Cerky<\/a> und seinen Werdegang.<\/p>\n<p>[\/vc_column_text][vc_empty_space][vc_separator css=&#8220;&#8220;][vc_empty_space][\/vc_column][vc_column width=&#8220;1\/3&#8243;][vc_column_text css=&#8220;&#8220;]<\/p>\n<h3 style=\"text-align: center;\">Preise<\/h3>\n<p>[\/vc_column_text][vc_column_text css=&#8220;&#8220;]<\/p>\n<p style=\"text-align: center;\">Informieren Sie sich \u00fcber <a href=\"https:\/\/www.cerky-studio.com\/de\/mixing\/preise\/\">die Preise f\u00fcr Mixing<\/a> und <a href=\"https:\/\/www.cerky-studio.com\/de\/mastering\/preise\/\">Mastering bei Cerky Studio<\/a>.<\/p>\n<p>[\/vc_column_text][vc_empty_space][vc_separator css=&#8220;&#8220;][vc_empty_space][\/vc_column][\/vc_row][vc_row][vc_column][vc_column_text css=&#8220;&#8220;]<\/p>\n<p style=\"text-align: center;\">Greifen Sie auf das <a href=\"https:\/\/www.cerky-studio.com\/de\/kit-mixing-mastering-cerky-studio\/\">Mixing und Mastering-Kit<\/a> zu, um alle meine Dienstleistungen f\u00fcr K\u00fcnstler und Labels zu entdecken<\/p>\n<p>[\/vc_column_text][\/vc_column][\/vc_row][vc_row][vc_column][vc_column_text css=&#8220;&#8220;]<\/p>\n<p style=\"text-align: center;\"><strong>F\u00fcr weitere Informationen oder um Ihre Mixing- und Mastering-Projekte zu \u00fcbergeben, steht Cerky Studio jederzeit zur Verf\u00fcgung.<\/strong><\/p>\n<p>[\/vc_column_text][\/vc_column][\/vc_row][vc_row title=&#8220;Je contacte Cerky Studio&#8220; style=&#8220;flat&#8220; gradient_color_1=&#8220;turquoise&#8220; gradient_color_2=&#8220;vista-blue&#8220; gradient_custom_color_1=&#8220;#dd3333&#8243; gradient_custom_color_2=&#8220;#eeee22&#8243; gradient_text_color=&#8220;#ffffff&#8220; custom_background=&#8220;#ededed&#8220; custom_text=&#8220;#666&#8243; outline_custom_color=&#8220;#666&#8243; outline_custom_hover_background=&#8220;#666&#8243; outline_custom_hover_text=&#8220;#fff&#8220; shape=&#8220;rounded&#8220; color=&#8220;danger&#8220; size=&#8220;lg&#8220; align=&#8220;center&#8220; button_block=&#8220;&#8220; add_icon=&#8220;&#8220; i_align=&#8220;left&#8220; i_type=&#8220;fontawesome&#8220; i_icon_fontawesome=&#8220;fas fa-adjust&#8220; i_icon_openiconic=&#8220;vc-oi vc-oi-dial&#8220; i_icon_typicons=&#8220;typcn typcn-adjust-brightness&#8220; i_icon_entypo=&#8220;entypo-icon entypo-icon-note&#8220; i_icon_linecons=&#8220;vc_li vc_li-heart&#8220; i_icon_monosocial=&#8220;vc-mono vc-mono-fivehundredpx&#8220; i_icon_material=&#8220;vc-material vc-material-cake&#8220; i_icon_pixelicons=&#8220;vc_pixel_icon vc_pixel_icon-alert&#8220; custom_onclick=&#8220;&#8220; link=&#8220;url:https%3A%2F%2Fwww.cerky-studio.com%2Fcontact%2F|||&#8220; custom_onclick_code=&#8220;&#8220;][vc_column][vc_btn title=&#8220;Cerky Studio kontaktieren&#8220; style=&#8220;flat&#8220; color=&#8220;danger&#8220; size=&#8220;lg&#8220; align=&#8220;center&#8220; css=&#8220;&#8220; link=&#8220;url:https%3A%2F%2Fwww.cerky-studio.com%2Fde%2Fkontakt%2F|title:Kontakt&#8220;][\/vc_column][\/vc_row]<\/p>\n<\/div>","protected":false},"excerpt":{"rendered":"<p>[vc_row][vc_column][vc_column_text css=&#8220;&#8220;] Online Mixing und Mastering f\u00fcr K\u00fcnstler aus Dortmund und der Metropolregion [\/vc_column_text][\/vc_column][\/vc_row][vc_row][vc_column width=&#8220;1\/6&#8243;][\/vc_column][vc_column width=&#8220;2\/3&#8243;][vc_column_text css=&#8220;&#8220;] Sind Sie Musiker, S\u00e4nger oder Mitglied einer Band mit Sitz in Dortmund oder Umgebung? Cerky Studio bietet professionelle Online-Mixing- und Mastering-Dienste an, die darauf ausgelegt sind, Ihre Tracks auf ein optimales Klangniveau zu bringen, entsprechend den Standards der [&hellip;]<\/p>\n","protected":false},"author":2,"featured_media":0,"parent":0,"menu_order":480,"comment_status":"closed","ping_status":"closed","template":"","meta":{"footnotes":""},"class_list":["post-3892","page","type-page","status-publish","hentry"],"yoast_head":"<!-- This site is optimized with the Yoast SEO plugin v26.1.1 - https:\/\/yoast.com\/wordpress\/plugins\/seo\/ -->\n<title>Online Mixing und Mastering Dortmund, Studio Musik Dortmund<\/title>\n<meta name=\"description\" content=\"Professionelles Mixing und Mastering aus der Ferne f\u00fcr K\u00fcnstler aus Dortmund, der Metropolregion Rhein-Ruhr und dem Umland. Cerky Studio optimiert Ihre Tracks f\u00fcr einen kraftvollen, ausgewogenen Sound, bereit f\u00fcr Streaming, Radio und physische Ver\u00f6ffentlichungen\" \/>\n<meta name=\"robots\" content=\"index, follow, max-snippet:-1, max-image-preview:large, max-video-preview:-1\" \/>\n<link rel=\"canonical\" href=\"https:\/\/www.cerky-studio.com\/de\/mixing-mastering-dortmund\/\" \/>\n<meta property=\"og:locale\" content=\"de_DE\" \/>\n<meta property=\"og:type\" content=\"article\" \/>\n<meta property=\"og:title\" content=\"Online Mixing und Mastering Dortmund, Studio Musik Dortmund\" \/>\n<meta property=\"og:description\" content=\"Professionelles Mixing und Mastering aus der Ferne f\u00fcr K\u00fcnstler aus Dortmund, der Metropolregion Rhein-Ruhr und dem Umland. Cerky Studio optimiert Ihre Tracks f\u00fcr einen kraftvollen, ausgewogenen Sound, bereit f\u00fcr Streaming, Radio und physische Ver\u00f6ffentlichungen\" \/>\n<meta property=\"og:url\" content=\"https:\/\/www.cerky-studio.com\/de\/mixing-mastering-dortmund\/\" \/>\n<meta property=\"og:site_name\" content=\"Cerky Studio\" \/>\n<meta property=\"article:publisher\" content=\"https:\/\/www.facebook.com\/DjCerk\" \/>\n<meta property=\"article:modified_time\" content=\"2025-12-12T14:45:57+00:00\" \/>\n<meta name=\"twitter:card\" content=\"summary_large_image\" \/>\n<meta name=\"twitter:site\" content=\"@DJ_CERK\" \/>\n<meta name=\"twitter:label1\" content=\"Gesch\u00e4tzte Lesezeit\" \/>\n\t<meta name=\"twitter:data1\" content=\"5\u00a0Minuten\" \/>\n<script type=\"application\/ld+json\" class=\"yoast-schema-graph\">{\"@context\":\"https:\/\/schema.org\",\"@graph\":[{\"@type\":\"WebPage\",\"@id\":\"https:\/\/www.cerky-studio.com\/de\/mixing-mastering-dortmund\/\",\"url\":\"https:\/\/www.cerky-studio.com\/de\/mixing-mastering-dortmund\/\",\"name\":\"Online Mixing und Mastering Dortmund, Studio Musik Dortmund\",\"isPartOf\":{\"@id\":\"https:\/\/www.cerky-studio.com\/de\/#website\"},\"datePublished\":\"2025-09-11T15:33:20+00:00\",\"dateModified\":\"2025-12-12T14:45:57+00:00\",\"description\":\"Professionelles Mixing und Mastering aus der Ferne f\u00fcr K\u00fcnstler aus Dortmund, der Metropolregion Rhein-Ruhr und dem Umland. Cerky Studio optimiert Ihre Tracks f\u00fcr einen kraftvollen, ausgewogenen Sound, bereit f\u00fcr Streaming, Radio und physische Ver\u00f6ffentlichungen\",\"breadcrumb\":{\"@id\":\"https:\/\/www.cerky-studio.com\/de\/mixing-mastering-dortmund\/#breadcrumb\"},\"inLanguage\":\"de\",\"potentialAction\":[{\"@type\":\"ReadAction\",\"target\":[\"https:\/\/www.cerky-studio.com\/de\/mixing-mastering-dortmund\/\"]}]},{\"@type\":\"BreadcrumbList\",\"@id\":\"https:\/\/www.cerky-studio.com\/de\/mixing-mastering-dortmund\/#breadcrumb\",\"itemListElement\":[{\"@type\":\"ListItem\",\"position\":1,\"name\":\"Accueil\",\"item\":\"https:\/\/www.cerky-studio.com\/de\/\"},{\"@type\":\"ListItem\",\"position\":2,\"name\":\"Mixing und Mastering in Dortmund\"}]},{\"@type\":\"WebSite\",\"@id\":\"https:\/\/www.cerky-studio.com\/de\/#website\",\"url\":\"https:\/\/www.cerky-studio.com\/de\/\",\"name\":\"Cerky Studio\",\"description\":\"Studio de mixage et mastering \u00e0 Mulhouse et en ligne\",\"publisher\":{\"@id\":\"https:\/\/www.cerky-studio.com\/de\/#organization\"},\"potentialAction\":[{\"@type\":\"SearchAction\",\"target\":{\"@type\":\"EntryPoint\",\"urlTemplate\":\"https:\/\/www.cerky-studio.com\/de\/?s={search_term_string}\"},\"query-input\":{\"@type\":\"PropertyValueSpecification\",\"valueRequired\":true,\"valueName\":\"search_term_string\"}}],\"inLanguage\":\"de\"},{\"@type\":\"Organization\",\"@id\":\"https:\/\/www.cerky-studio.com\/de\/#organization\",\"name\":\"Cerky Studio\",\"url\":\"https:\/\/www.cerky-studio.com\/de\/\",\"logo\":{\"@type\":\"ImageObject\",\"inLanguage\":\"de\",\"@id\":\"https:\/\/www.cerky-studio.com\/de\/#\/schema\/logo\/image\/\",\"url\":\"https:\/\/www.cerky-studio.com\/wp-cerky\/uploads\/2018\/11\/cerky-studio-logo-noir-big.png\",\"contentUrl\":\"https:\/\/www.cerky-studio.com\/wp-cerky\/uploads\/2018\/11\/cerky-studio-logo-noir-big.png\",\"width\":912,\"height\":787,\"caption\":\"Cerky Studio\"},\"image\":{\"@id\":\"https:\/\/www.cerky-studio.com\/de\/#\/schema\/logo\/image\/\"},\"sameAs\":[\"https:\/\/www.facebook.com\/DjCerk\",\"https:\/\/x.com\/DJ_CERK\",\"https:\/\/www.instagram.com\/dj.cerk\/\",\"https:\/\/www.youtube.com\/djcerk07\"]}]}<\/script>\n<!-- \/ Yoast SEO plugin. -->","yoast_head_json":{"title":"Online Mixing und Mastering Dortmund, Studio Musik Dortmund","description":"Professionelles Mixing und Mastering aus der Ferne f\u00fcr K\u00fcnstler aus Dortmund, der Metropolregion Rhein-Ruhr und dem Umland. Cerky Studio optimiert Ihre Tracks f\u00fcr einen kraftvollen, ausgewogenen Sound, bereit f\u00fcr Streaming, Radio und physische Ver\u00f6ffentlichungen","robots":{"index":"index","follow":"follow","max-snippet":"max-snippet:-1","max-image-preview":"max-image-preview:large","max-video-preview":"max-video-preview:-1"},"canonical":"https:\/\/www.cerky-studio.com\/de\/mixing-mastering-dortmund\/","og_locale":"de_DE","og_type":"article","og_title":"Online Mixing und Mastering Dortmund, Studio Musik Dortmund","og_description":"Professionelles Mixing und Mastering aus der Ferne f\u00fcr K\u00fcnstler aus Dortmund, der Metropolregion Rhein-Ruhr und dem Umland. Cerky Studio optimiert Ihre Tracks f\u00fcr einen kraftvollen, ausgewogenen Sound, bereit f\u00fcr Streaming, Radio und physische Ver\u00f6ffentlichungen","og_url":"https:\/\/www.cerky-studio.com\/de\/mixing-mastering-dortmund\/","og_site_name":"Cerky Studio","article_publisher":"https:\/\/www.facebook.com\/DjCerk","article_modified_time":"2025-12-12T14:45:57+00:00","twitter_card":"summary_large_image","twitter_site":"@DJ_CERK","twitter_misc":{"Gesch\u00e4tzte Lesezeit":"5\u00a0Minuten"},"schema":{"@context":"https:\/\/schema.org","@graph":[{"@type":"WebPage","@id":"https:\/\/www.cerky-studio.com\/de\/mixing-mastering-dortmund\/","url":"https:\/\/www.cerky-studio.com\/de\/mixing-mastering-dortmund\/","name":"Online Mixing und Mastering Dortmund, Studio Musik Dortmund","isPartOf":{"@id":"https:\/\/www.cerky-studio.com\/de\/#website"},"datePublished":"2025-09-11T15:33:20+00:00","dateModified":"2025-12-12T14:45:57+00:00","description":"Professionelles Mixing und Mastering aus der Ferne f\u00fcr K\u00fcnstler aus Dortmund, der Metropolregion Rhein-Ruhr und dem Umland. Cerky Studio optimiert Ihre Tracks f\u00fcr einen kraftvollen, ausgewogenen Sound, bereit f\u00fcr Streaming, Radio und physische Ver\u00f6ffentlichungen","breadcrumb":{"@id":"https:\/\/www.cerky-studio.com\/de\/mixing-mastering-dortmund\/#breadcrumb"},"inLanguage":"de","potentialAction":[{"@type":"ReadAction","target":["https:\/\/www.cerky-studio.com\/de\/mixing-mastering-dortmund\/"]}]},{"@type":"BreadcrumbList","@id":"https:\/\/www.cerky-studio.com\/de\/mixing-mastering-dortmund\/#breadcrumb","itemListElement":[{"@type":"ListItem","position":1,"name":"Accueil","item":"https:\/\/www.cerky-studio.com\/de\/"},{"@type":"ListItem","position":2,"name":"Mixing und Mastering in Dortmund"}]},{"@type":"WebSite","@id":"https:\/\/www.cerky-studio.com\/de\/#website","url":"https:\/\/www.cerky-studio.com\/de\/","name":"Cerky Studio","description":"Studio de mixage et mastering \u00e0 Mulhouse et en ligne","publisher":{"@id":"https:\/\/www.cerky-studio.com\/de\/#organization"},"potentialAction":[{"@type":"SearchAction","target":{"@type":"EntryPoint","urlTemplate":"https:\/\/www.cerky-studio.com\/de\/?s={search_term_string}"},"query-input":{"@type":"PropertyValueSpecification","valueRequired":true,"valueName":"search_term_string"}}],"inLanguage":"de"},{"@type":"Organization","@id":"https:\/\/www.cerky-studio.com\/de\/#organization","name":"Cerky Studio","url":"https:\/\/www.cerky-studio.com\/de\/","logo":{"@type":"ImageObject","inLanguage":"de","@id":"https:\/\/www.cerky-studio.com\/de\/#\/schema\/logo\/image\/","url":"https:\/\/www.cerky-studio.com\/wp-cerky\/uploads\/2018\/11\/cerky-studio-logo-noir-big.png","contentUrl":"https:\/\/www.cerky-studio.com\/wp-cerky\/uploads\/2018\/11\/cerky-studio-logo-noir-big.png","width":912,"height":787,"caption":"Cerky Studio"},"image":{"@id":"https:\/\/www.cerky-studio.com\/de\/#\/schema\/logo\/image\/"},"sameAs":["https:\/\/www.facebook.com\/DjCerk","https:\/\/x.com\/DJ_CERK","https:\/\/www.instagram.com\/dj.cerk\/","https:\/\/www.youtube.com\/djcerk07"]}]}},"_links":{"self":[{"href":"https:\/\/www.cerky-studio.com\/de\/wp-json\/wp\/v2\/pages\/3892","targetHints":{"allow":["GET"]}}],"collection":[{"href":"https:\/\/www.cerky-studio.com\/de\/wp-json\/wp\/v2\/pages"}],"about":[{"href":"https:\/\/www.cerky-studio.com\/de\/wp-json\/wp\/v2\/types\/page"}],"author":[{"embeddable":true,"href":"https:\/\/www.cerky-studio.com\/de\/wp-json\/wp\/v2\/users\/2"}],"replies":[{"embeddable":true,"href":"https:\/\/www.cerky-studio.com\/de\/wp-json\/wp\/v2\/comments?post=3892"}],"version-history":[{"count":5,"href":"https:\/\/www.cerky-studio.com\/de\/wp-json\/wp\/v2\/pages\/3892\/revisions"}],"predecessor-version":[{"id":4566,"href":"https:\/\/www.cerky-studio.com\/de\/wp-json\/wp\/v2\/pages\/3892\/revisions\/4566"}],"wp:attachment":[{"href":"https:\/\/www.cerky-studio.com\/de\/wp-json\/wp\/v2\/media?parent=3892"}],"curies":[{"name":"wp","href":"https:\/\/api.w.org\/{rel}","templated":true}]}}