{"id":3897,"date":"2025-09-11T20:14:08","date_gmt":"2025-09-11T18:14:08","guid":{"rendered":"https:\/\/www.cerky-studio.com\/?page_id=3897"},"modified":"2025-12-12T15:47:50","modified_gmt":"2025-12-12T14:47:50","slug":"mixing-mastering-essen","status":"publish","type":"page","link":"https:\/\/www.cerky-studio.com\/de\/mixing-mastering-essen\/","title":{"rendered":"Mixing und Mastering in Essen"},"content":{"rendered":"<div class=\"wpb-content-wrapper\"><p>[vc_row][vc_column][vc_column_text css=&#8220;&#8220;]<\/p>\n<h2 style=\"text-align: center;\">Online-Mixing und Mastering f\u00fcr K\u00fcnstler aus Essen und Umgebung<\/h2>\n<p>[\/vc_column_text][\/vc_column][\/vc_row][vc_row][vc_column width=&#8220;1\/6&#8243;][\/vc_column][vc_column width=&#8220;2\/3&#8243;][vc_column_text css=&#8220;&#8220;]<\/p>\n<p style=\"text-align: center;\"><strong>Sie sind Musiker, S\u00e4nger oder Label mit Sitz in Essen oder im Ruhrgebiet? Cerky Studio bietet professionelle Online-Mixing- und Mastering-Dienstleistungen, die Ihre Tracks auf ein professionelles Klangniveau heben, den Standards und Codes der Musikindustrie entsprechen und f\u00fcr die Verbreitung auf allen Plattformen sowie in physischen Formaten bereit sind.<\/strong><\/p>\n<p>[\/vc_column_text][vc_empty_space][\/vc_column][vc_column width=&#8220;1\/6&#8243;][\/vc_column][\/vc_row][vc_row][vc_column width=&#8220;1\/2&#8243;][vc_column_text css=&#8220;&#8220;]<\/p>\n<h3>Cerky Studio \u2013 Ihr Partner f\u00fcr Mixing und Mastering in Essen<\/h3>\n<p>Professionelles Mixing und Mastering <strong>sind entscheidend, um einen klaren, kraftvollen und ausgewogenen Sound zu erzielen<\/strong>. Cerky Studio unterst\u00fctzt K\u00fcnstler, S\u00e4nger und Bands aus Essen und der Metropolregion (M\u00fclheim an der Ruhr, Oberhausen, Gelsenkirchen, Bottrop, Duisburg, Bochum, Gladbeck, Hattingen\u2026)<strong> mit einem 100\u202f% Online-Service<\/strong>. Ziel ist es, <strong>Ihre musikalische Identit\u00e4t hervorzuheben<\/strong>, die Standards und Codes der Musikindustrie zu respektieren und ein Ergebnis zu liefern, das bereit f\u00fcr die Distribution ist \u2013 digital oder physisch.<\/p>\n<p>Mehr erfahren \u00fcber <a href=\"https:\/\/www.cerky-studio.com\/de\/mixing\/dienstleistung\/\">die Mixing-Dienstleistungen<\/a><br \/>\nMehr erfahren \u00fcber <a href=\"https:\/\/www.cerky-studio.com\/de\/mastering\/dienstleistung\/\">die Mastering-Dienstleistungen<\/a><\/p>\n<p>[\/vc_column_text][\/vc_column][vc_column width=&#8220;1\/2&#8243;][vc_single_image image=&#8220;3051&#8243; img_size=&#8220;Large&#8220; alignment=&#8220;center&#8220; onclick=&#8220;link_image&#8220; css=&#8220;&#8220;][\/vc_column][\/vc_row][vc_row][vc_column][vc_empty_space][vc_separator css=&#8220;&#8220;][vc_empty_space][\/vc_column][\/vc_row][vc_row][vc_column width=&#8220;1\/2&#8243;][vc_column_text css=&#8220;&#8220;]<b>Einfache, interaktive und ortsunabh\u00e4ngige Zusammenarbeit<\/b><\/p>\n<p>\u00dcber ein privates Streaming-Link, das per E-Mail gesendet wird, <strong>k\u00f6nnen Sie die Mixing- und Mastering-Sessions in Echtzeit verfolgen<\/strong>. Diese Methode erm\u00f6glicht <strong>direkte Kommunikation mit dem Toningenieur<\/strong>, Interaktionen und die Freigabe jeder Bearbeitung Ihrer Musik. So entsteht eine reibungslose Zusammenarbeit und ein Ergebnis, das Ihren Erwartungen entspricht, <strong>ohne dass Sie Essen oder die Region verlassen m\u00fcssen<\/strong>.<\/p>\n<p><a href=\"https:\/\/www.cerky-studio.com\/de\/mixing\/online\/\">Mixing aus der Ferne<\/a> entdecken<br \/>\n<a href=\"https:\/\/www.cerky-studio.com\/de\/mastering\/online\/\">Mastering aus der Ferne<\/a> entdecken<\/p>\n<p>[\/vc_column_text][\/vc_column][vc_column width=&#8220;1\/2&#8243;][vc_single_image image=&#8220;3568&#8243; img_size=&#8220;Large&#8220; alignment=&#8220;center&#8220; onclick=&#8220;link_image&#8220; css=&#8220;&#8220;][\/vc_column][\/vc_row][vc_row][vc_column][vc_empty_space][vc_separator css=&#8220;&#8220;][vc_empty_space][\/vc_column][\/vc_row][vc_row][vc_column width=&#8220;1\/2&#8243;][vc_column_text css=&#8220;&#8220;]<\/p>\n<h3>Warum Mixing und Mastering unverzichtbar sind<\/h3>\n<p>Mixing bedeutet, <strong>Ihre Rohaufnahmen zu einem harmonischen<\/strong>, klaren und ausgewogenen Gesamtwerk zu verarbeiten. Jede Spur wird sorgf\u00e4ltig analysiert und angepasst \u2013 Lautst\u00e4rke, Frequenzen, Dynamik und R\u00e4umlichkeit werden optimiert.<br \/>\nMastering <strong>verst\u00e4rkt und finalisiert die Arbeit<\/strong>, optimiert Dynamik und Klangbalance und bereitet Ihre Tracks f\u00fcr die Ver\u00f6ffentlichung vor \u2013 Streaming, CD, Vinyl. Beide Schritte sind entscheidend, <strong>um einen professionellen Sound zu erzielen<\/strong>.[\/vc_column_text][\/vc_column][vc_column width=&#8220;1\/2&#8243;][vc_single_image image=&#8220;3499&#8243; img_size=&#8220;Large&#8220; alignment=&#8220;center&#8220; onclick=&#8220;link_image&#8220; css=&#8220;&#8220;][\/vc_column][\/vc_row][vc_row][vc_column width=&#8220;1\/2&#8243;][vc_empty_space][vc_separator css=&#8220;&#8220;][vc_empty_space][vc_column_text css=&#8220;&#8220;]<\/p>\n<h3 style=\"text-align: center;\">Mehr \u00fcber Mixing und Mastering<\/h3>\n<p>[\/vc_column_text][vc_column_text css=&#8220;&#8220;]<\/p>\n<p style=\"text-align: center;\">Lernen Sie detailliert, warum <a href=\"https:\/\/www.cerky-studio.com\/de\/mixing\/definition\/\">professionelles Mixing<\/a> und<a href=\"https:\/\/www.cerky-studio.com\/de\/mastering\/definition\/\"> Mastering f\u00fcr Ihre Musik<\/a> so wichtig sind.<\/p>\n<p>[\/vc_column_text][vc_empty_space][vc_separator css=&#8220;&#8220;][vc_empty_space][\/vc_column][vc_column width=&#8220;1\/2&#8243;][vc_empty_space][vc_separator css=&#8220;&#8220;][vc_empty_space][vc_column_text css=&#8220;&#8220;]<\/p>\n<h3 style=\"text-align: center;\">H\u00e4ufige Fragen zu Mixing und Mastering<\/h3>\n<p>[\/vc_column_text][vc_column_text css=&#8220;&#8220;]<\/p>\n<p style=\"text-align: center;\">Brauchen Sie Antworten? Sehen Sie sich <a href=\"https:\/\/www.cerky-studio.com\/de\/mixing\/faq\/\">meine F.A.Q. zum Mixing<\/a> und <a href=\"https:\/\/www.cerky-studio.com\/de\/mastering\/faq\/\">meine F.A.Q. zum Mastering<\/a> an.<\/p>\n<p>[\/vc_column_text][vc_empty_space][vc_separator css=&#8220;&#8220;][vc_empty_space][\/vc_column][\/vc_row][vc_row][vc_column width=&#8220;1\/2&#8243;][vc_column_text css=&#8220;&#8220;]<\/p>\n<h2>Warum Cerky Studio vertrauen ?<\/h2>\n<p>Bei Cerky Studio erh\u00e4lt jedes Projekt einen pers\u00f6nlichen und anspruchsvollen Ansatz. Ihre Tracks werden pr\u00e4zise, sorgf\u00e4ltig und <strong>mit k\u00fcnstlerischem Feingef\u00fchl bearbeitet<\/strong>, um Emotionen und Energie voll zu entfalten. <strong>Jeder Song wird fertiggestellt<\/strong> und ist bereit f\u00fcr Streaming, digitale Distribution oder physisches Pressing.<\/p>\n<p>Pierre Lorrain, Toningenieur, Produzent und Musikregisseur, engagiert sich f\u00fcr jedes Projekt, <strong>unabh\u00e4ngig vom Musikstil<\/strong>. Seine Erfahrung und sein geschultes Geh\u00f6r sorgen daf\u00fcr, dass Ihr musikalisches Universum authentisch wiedergegeben wird. <strong>Mehr als ein Techniker<\/strong>, ist er Ihr <strong>kreativer Partner<\/strong>, der ma\u00dfgeschneiderte Ratschl\u00e4ge gibt, um Ihre Produktionen zu veredeln und <strong>ein professionelles Ergebnis zu erzielen<\/strong>.[\/vc_column_text][\/vc_column][vc_column width=&#8220;1\/2&#8243;][vc_single_image image=&#8220;2795&#8243; img_size=&#8220;Large&#8220; alignment=&#8220;center&#8220; onclick=&#8220;link_image&#8220; css=&#8220;&#8220;][\/vc_column][\/vc_row][vc_row][vc_column][vc_empty_space][vc_separator css=&#8220;&#8220;][vc_empty_space][\/vc_column][\/vc_row][vc_row][vc_column width=&#8220;1\/2&#8243;][vc_column_text css=&#8220;&#8220;]https:\/\/open.spotify.com\/intl-fr\/track\/7B6z0HrxAByztLfgzkoxBw[\/vc_column_text][\/vc_column][vc_column width=&#8220;1\/2&#8243;][vc_column_text css=&#8220;&#8220;]https:\/\/open.spotify.com\/intl-fr\/track\/3llW2J8Gl8LggqQcQSjyqM[\/vc_column_text][\/vc_column][\/vc_row][vc_row][vc_column width=&#8220;1\/2&#8243;][vc_column_text css=&#8220;&#8220;]https:\/\/open.spotify.com\/track\/2K4HEVz2zgYgUJIWpSMkC6?si=xmqtQhKlQuuCH6Vrl77xYg[\/vc_column_text][\/vc_column][vc_column width=&#8220;1\/2&#8243;][vc_column_text css=&#8220;&#8220;]https:\/\/open.spotify.com\/intl-fr\/track\/71Ew1DBnWwI1urzIAxitDu[\/vc_column_text][\/vc_column][\/vc_row][vc_row][vc_column][vc_empty_space][vc_separator css=&#8220;&#8220;][vc_empty_space][\/vc_column][\/vc_row][vc_row][vc_column width=&#8220;1\/2&#8243;][vc_column_text css=&#8220;&#8220;]<\/p>\n<h3 style=\"text-align: center;\">Mixing nach Musikgenres<\/h3>\n<p>[\/vc_column_text][vc_column_text css=&#8220;&#8220;]<\/p>\n<p style=\"text-align: center;\">Entdecken Sie die Besonderheiten <a href=\"https:\/\/www.cerky-studio.com\/de\/mixing\/musikgenres\/\">des Mixens nach Musikgenres<\/a><\/p>\n<p>[\/vc_column_text][vc_single_image image=&#8220;3474&#8243; img_size=&#8220;Large&#8220; alignment=&#8220;center&#8220; onclick=&#8220;link_image&#8220; css=&#8220;&#8220;][vc_empty_space][vc_separator css=&#8220;&#8220;][vc_empty_space][\/vc_column][vc_column width=&#8220;1\/2&#8243;][vc_column_text css=&#8220;&#8220;]<\/p>\n<h3 style=\"text-align: center;\">Mastering nach Musikgenres<\/h3>\n<p>[\/vc_column_text][vc_column_text css=&#8220;&#8220;]<\/p>\n<p style=\"text-align: center;\">Erfahren Sie mehr \u00fcber die Feinheiten <a href=\"https:\/\/www.cerky-studio.com\/de\/mastering\/musikgenres\/\">des Mastering je nach Musikgenre<\/a><\/p>\n<p>[\/vc_column_text][vc_single_image image=&#8220;3505&#8243; img_size=&#8220;Large&#8220; onclick=&#8220;link_image&#8220; css=&#8220;&#8220;][vc_empty_space][vc_separator css=&#8220;&#8220;][vc_empty_space][\/vc_column][\/vc_row][vc_row][vc_column width=&#8220;1\/6&#8243;][\/vc_column][vc_column width=&#8220;2\/3&#8243;][vc_column_text css=&#8220;&#8220;]<\/p>\n<p style=\"text-align: center;\">F\u00fcr weitere Informationen \u00fcber Mixing- und Mastering-Services wenden Sie sich jetzt an Cerky Studio.<\/p>\n<p>[\/vc_column_text][vc_empty_space][\/vc_column][vc_column width=&#8220;1\/6&#8243;][\/vc_column][\/vc_row][vc_row][vc_column][vc_column_text css=&#8220;&#8220;]<\/p>\n<p style=\"text-align: center;\">Greifen Sie auf das <a href=\"https:\/\/www.cerky-studio.com\/de\/kit-mixing-mastering-cerky-studio\/\">Mixing und Mastering-Kit<\/a> zu, um alle meine Dienstleistungen f\u00fcr K\u00fcnstler und Labels zu entdecken<\/p>\n<p>[\/vc_column_text][\/vc_column][\/vc_row][vc_row title=&#8220;Je contacte Cerky Studio&#8220; style=&#8220;flat&#8220; gradient_color_1=&#8220;turquoise&#8220; gradient_color_2=&#8220;vista-blue&#8220; gradient_custom_color_1=&#8220;#dd3333&#8243; gradient_custom_color_2=&#8220;#eeee22&#8243; gradient_text_color=&#8220;#ffffff&#8220; custom_background=&#8220;#ededed&#8220; custom_text=&#8220;#666&#8243; outline_custom_color=&#8220;#666&#8243; outline_custom_hover_background=&#8220;#666&#8243; outline_custom_hover_text=&#8220;#fff&#8220; shape=&#8220;rounded&#8220; color=&#8220;danger&#8220; size=&#8220;lg&#8220; align=&#8220;center&#8220; button_block=&#8220;&#8220; add_icon=&#8220;&#8220; i_align=&#8220;left&#8220; i_type=&#8220;fontawesome&#8220; i_icon_fontawesome=&#8220;fas fa-adjust&#8220; i_icon_openiconic=&#8220;vc-oi vc-oi-dial&#8220; i_icon_typicons=&#8220;typcn typcn-adjust-brightness&#8220; i_icon_entypo=&#8220;entypo-icon entypo-icon-note&#8220; i_icon_linecons=&#8220;vc_li vc_li-heart&#8220; i_icon_monosocial=&#8220;vc-mono vc-mono-fivehundredpx&#8220; i_icon_material=&#8220;vc-material vc-material-cake&#8220; i_icon_pixelicons=&#8220;vc_pixel_icon vc_pixel_icon-alert&#8220; custom_onclick=&#8220;&#8220; link=&#8220;url:https%3A%2F%2Fwww.cerky-studio.com%2Fcontact%2F|||&#8220; custom_onclick_code=&#8220;&#8220;][vc_column][vc_btn title=&#8220;Cerky Studio kontaktieren&#8220; style=&#8220;flat&#8220; color=&#8220;danger&#8220; size=&#8220;lg&#8220; align=&#8220;center&#8220; css=&#8220;&#8220; link=&#8220;url:https%3A%2F%2Fwww.cerky-studio.com%2Fde%2Fkontakt%2F|title:Kontakt&#8220;][\/vc_column][\/vc_row]<\/p>\n<\/div>","protected":false},"excerpt":{"rendered":"<p>[vc_row][vc_column][vc_column_text css=&#8220;&#8220;] Online-Mixing und Mastering f\u00fcr K\u00fcnstler aus Essen und Umgebung [\/vc_column_text][\/vc_column][\/vc_row][vc_row][vc_column width=&#8220;1\/6&#8243;][\/vc_column][vc_column width=&#8220;2\/3&#8243;][vc_column_text css=&#8220;&#8220;] Sie sind Musiker, S\u00e4nger oder Label mit Sitz in Essen oder im Ruhrgebiet? Cerky Studio bietet professionelle Online-Mixing- und Mastering-Dienstleistungen, die Ihre Tracks auf ein professionelles Klangniveau heben, den Standards und Codes der Musikindustrie entsprechen und f\u00fcr die Verbreitung auf [&hellip;]<\/p>\n","protected":false},"author":2,"featured_media":0,"parent":0,"menu_order":490,"comment_status":"closed","ping_status":"closed","template":"","meta":{"footnotes":""},"class_list":["post-3897","page","type-page","status-publish","hentry"],"yoast_head":"<!-- This site is optimized with the Yoast SEO plugin v26.1.1 - https:\/\/yoast.com\/wordpress\/plugins\/seo\/ -->\n<title>Online Mixing und Mastering Studio in Essen Metropolregion<\/title>\n<meta name=\"description\" content=\"Professionelles Online-Mixing und Mastering in Essen und im Ruhrgebiet: Cerky Studio veredelt Ihre Musik mit klarem, kraftvollem Sound, der den Standards der Musikindustrie entspricht \u2013 bereit f\u00fcr Streaming, digitale Distribution und physische Formate\" \/>\n<meta name=\"robots\" content=\"index, follow, max-snippet:-1, max-image-preview:large, max-video-preview:-1\" \/>\n<link rel=\"canonical\" href=\"https:\/\/www.cerky-studio.com\/de\/mixing-mastering-essen\/\" \/>\n<meta property=\"og:locale\" content=\"de_DE\" \/>\n<meta property=\"og:type\" content=\"article\" \/>\n<meta property=\"og:title\" content=\"Online Mixing und Mastering Studio in Essen Metropolregion\" \/>\n<meta property=\"og:description\" content=\"Professionelles Online-Mixing und Mastering in Essen und im Ruhrgebiet: Cerky Studio veredelt Ihre Musik mit klarem, kraftvollem Sound, der den Standards der Musikindustrie entspricht \u2013 bereit f\u00fcr Streaming, digitale Distribution und physische Formate\" \/>\n<meta property=\"og:url\" content=\"https:\/\/www.cerky-studio.com\/de\/mixing-mastering-essen\/\" \/>\n<meta property=\"og:site_name\" content=\"Cerky Studio\" \/>\n<meta property=\"article:publisher\" content=\"https:\/\/www.facebook.com\/DjCerk\" \/>\n<meta property=\"article:modified_time\" content=\"2025-12-12T14:47:50+00:00\" \/>\n<meta name=\"twitter:card\" content=\"summary_large_image\" \/>\n<meta name=\"twitter:site\" content=\"@DJ_CERK\" \/>\n<meta name=\"twitter:label1\" content=\"Gesch\u00e4tzte Lesezeit\" \/>\n\t<meta name=\"twitter:data1\" content=\"5\u00a0Minuten\" \/>\n<script type=\"application\/ld+json\" class=\"yoast-schema-graph\">{\"@context\":\"https:\/\/schema.org\",\"@graph\":[{\"@type\":\"WebPage\",\"@id\":\"https:\/\/www.cerky-studio.com\/de\/mixing-mastering-essen\/\",\"url\":\"https:\/\/www.cerky-studio.com\/de\/mixing-mastering-essen\/\",\"name\":\"Online Mixing und Mastering Studio in Essen Metropolregion\",\"isPartOf\":{\"@id\":\"https:\/\/www.cerky-studio.com\/de\/#website\"},\"datePublished\":\"2025-09-11T18:14:08+00:00\",\"dateModified\":\"2025-12-12T14:47:50+00:00\",\"description\":\"Professionelles Online-Mixing und Mastering in Essen und im Ruhrgebiet: Cerky Studio veredelt Ihre Musik mit klarem, kraftvollem Sound, der den Standards der Musikindustrie entspricht \u2013 bereit f\u00fcr Streaming, digitale Distribution und physische Formate\",\"breadcrumb\":{\"@id\":\"https:\/\/www.cerky-studio.com\/de\/mixing-mastering-essen\/#breadcrumb\"},\"inLanguage\":\"de\",\"potentialAction\":[{\"@type\":\"ReadAction\",\"target\":[\"https:\/\/www.cerky-studio.com\/de\/mixing-mastering-essen\/\"]}]},{\"@type\":\"BreadcrumbList\",\"@id\":\"https:\/\/www.cerky-studio.com\/de\/mixing-mastering-essen\/#breadcrumb\",\"itemListElement\":[{\"@type\":\"ListItem\",\"position\":1,\"name\":\"Accueil\",\"item\":\"https:\/\/www.cerky-studio.com\/de\/\"},{\"@type\":\"ListItem\",\"position\":2,\"name\":\"Mixing und Mastering in Essen\"}]},{\"@type\":\"WebSite\",\"@id\":\"https:\/\/www.cerky-studio.com\/de\/#website\",\"url\":\"https:\/\/www.cerky-studio.com\/de\/\",\"name\":\"Cerky Studio\",\"description\":\"Studio de mixage et mastering \u00e0 Mulhouse et en ligne\",\"publisher\":{\"@id\":\"https:\/\/www.cerky-studio.com\/de\/#organization\"},\"potentialAction\":[{\"@type\":\"SearchAction\",\"target\":{\"@type\":\"EntryPoint\",\"urlTemplate\":\"https:\/\/www.cerky-studio.com\/de\/?s={search_term_string}\"},\"query-input\":{\"@type\":\"PropertyValueSpecification\",\"valueRequired\":true,\"valueName\":\"search_term_string\"}}],\"inLanguage\":\"de\"},{\"@type\":\"Organization\",\"@id\":\"https:\/\/www.cerky-studio.com\/de\/#organization\",\"name\":\"Cerky Studio\",\"url\":\"https:\/\/www.cerky-studio.com\/de\/\",\"logo\":{\"@type\":\"ImageObject\",\"inLanguage\":\"de\",\"@id\":\"https:\/\/www.cerky-studio.com\/de\/#\/schema\/logo\/image\/\",\"url\":\"https:\/\/www.cerky-studio.com\/wp-cerky\/uploads\/2018\/11\/cerky-studio-logo-noir-big.png\",\"contentUrl\":\"https:\/\/www.cerky-studio.com\/wp-cerky\/uploads\/2018\/11\/cerky-studio-logo-noir-big.png\",\"width\":912,\"height\":787,\"caption\":\"Cerky Studio\"},\"image\":{\"@id\":\"https:\/\/www.cerky-studio.com\/de\/#\/schema\/logo\/image\/\"},\"sameAs\":[\"https:\/\/www.facebook.com\/DjCerk\",\"https:\/\/x.com\/DJ_CERK\",\"https:\/\/www.instagram.com\/dj.cerk\/\",\"https:\/\/www.youtube.com\/djcerk07\"]}]}<\/script>\n<!-- \/ Yoast SEO plugin. -->","yoast_head_json":{"title":"Online Mixing und Mastering Studio in Essen Metropolregion","description":"Professionelles Online-Mixing und Mastering in Essen und im Ruhrgebiet: Cerky Studio veredelt Ihre Musik mit klarem, kraftvollem Sound, der den Standards der Musikindustrie entspricht \u2013 bereit f\u00fcr Streaming, digitale Distribution und physische Formate","robots":{"index":"index","follow":"follow","max-snippet":"max-snippet:-1","max-image-preview":"max-image-preview:large","max-video-preview":"max-video-preview:-1"},"canonical":"https:\/\/www.cerky-studio.com\/de\/mixing-mastering-essen\/","og_locale":"de_DE","og_type":"article","og_title":"Online Mixing und Mastering Studio in Essen Metropolregion","og_description":"Professionelles Online-Mixing und Mastering in Essen und im Ruhrgebiet: Cerky Studio veredelt Ihre Musik mit klarem, kraftvollem Sound, der den Standards der Musikindustrie entspricht \u2013 bereit f\u00fcr Streaming, digitale Distribution und physische Formate","og_url":"https:\/\/www.cerky-studio.com\/de\/mixing-mastering-essen\/","og_site_name":"Cerky Studio","article_publisher":"https:\/\/www.facebook.com\/DjCerk","article_modified_time":"2025-12-12T14:47:50+00:00","twitter_card":"summary_large_image","twitter_site":"@DJ_CERK","twitter_misc":{"Gesch\u00e4tzte Lesezeit":"5\u00a0Minuten"},"schema":{"@context":"https:\/\/schema.org","@graph":[{"@type":"WebPage","@id":"https:\/\/www.cerky-studio.com\/de\/mixing-mastering-essen\/","url":"https:\/\/www.cerky-studio.com\/de\/mixing-mastering-essen\/","name":"Online Mixing und Mastering Studio in Essen Metropolregion","isPartOf":{"@id":"https:\/\/www.cerky-studio.com\/de\/#website"},"datePublished":"2025-09-11T18:14:08+00:00","dateModified":"2025-12-12T14:47:50+00:00","description":"Professionelles Online-Mixing und Mastering in Essen und im Ruhrgebiet: Cerky Studio veredelt Ihre Musik mit klarem, kraftvollem Sound, der den Standards der Musikindustrie entspricht \u2013 bereit f\u00fcr Streaming, digitale Distribution und physische Formate","breadcrumb":{"@id":"https:\/\/www.cerky-studio.com\/de\/mixing-mastering-essen\/#breadcrumb"},"inLanguage":"de","potentialAction":[{"@type":"ReadAction","target":["https:\/\/www.cerky-studio.com\/de\/mixing-mastering-essen\/"]}]},{"@type":"BreadcrumbList","@id":"https:\/\/www.cerky-studio.com\/de\/mixing-mastering-essen\/#breadcrumb","itemListElement":[{"@type":"ListItem","position":1,"name":"Accueil","item":"https:\/\/www.cerky-studio.com\/de\/"},{"@type":"ListItem","position":2,"name":"Mixing und Mastering in Essen"}]},{"@type":"WebSite","@id":"https:\/\/www.cerky-studio.com\/de\/#website","url":"https:\/\/www.cerky-studio.com\/de\/","name":"Cerky Studio","description":"Studio de mixage et mastering \u00e0 Mulhouse et en ligne","publisher":{"@id":"https:\/\/www.cerky-studio.com\/de\/#organization"},"potentialAction":[{"@type":"SearchAction","target":{"@type":"EntryPoint","urlTemplate":"https:\/\/www.cerky-studio.com\/de\/?s={search_term_string}"},"query-input":{"@type":"PropertyValueSpecification","valueRequired":true,"valueName":"search_term_string"}}],"inLanguage":"de"},{"@type":"Organization","@id":"https:\/\/www.cerky-studio.com\/de\/#organization","name":"Cerky Studio","url":"https:\/\/www.cerky-studio.com\/de\/","logo":{"@type":"ImageObject","inLanguage":"de","@id":"https:\/\/www.cerky-studio.com\/de\/#\/schema\/logo\/image\/","url":"https:\/\/www.cerky-studio.com\/wp-cerky\/uploads\/2018\/11\/cerky-studio-logo-noir-big.png","contentUrl":"https:\/\/www.cerky-studio.com\/wp-cerky\/uploads\/2018\/11\/cerky-studio-logo-noir-big.png","width":912,"height":787,"caption":"Cerky Studio"},"image":{"@id":"https:\/\/www.cerky-studio.com\/de\/#\/schema\/logo\/image\/"},"sameAs":["https:\/\/www.facebook.com\/DjCerk","https:\/\/x.com\/DJ_CERK","https:\/\/www.instagram.com\/dj.cerk\/","https:\/\/www.youtube.com\/djcerk07"]}]}},"_links":{"self":[{"href":"https:\/\/www.cerky-studio.com\/de\/wp-json\/wp\/v2\/pages\/3897","targetHints":{"allow":["GET"]}}],"collection":[{"href":"https:\/\/www.cerky-studio.com\/de\/wp-json\/wp\/v2\/pages"}],"about":[{"href":"https:\/\/www.cerky-studio.com\/de\/wp-json\/wp\/v2\/types\/page"}],"author":[{"embeddable":true,"href":"https:\/\/www.cerky-studio.com\/de\/wp-json\/wp\/v2\/users\/2"}],"replies":[{"embeddable":true,"href":"https:\/\/www.cerky-studio.com\/de\/wp-json\/wp\/v2\/comments?post=3897"}],"version-history":[{"count":7,"href":"https:\/\/www.cerky-studio.com\/de\/wp-json\/wp\/v2\/pages\/3897\/revisions"}],"predecessor-version":[{"id":4567,"href":"https:\/\/www.cerky-studio.com\/de\/wp-json\/wp\/v2\/pages\/3897\/revisions\/4567"}],"wp:attachment":[{"href":"https:\/\/www.cerky-studio.com\/de\/wp-json\/wp\/v2\/media?parent=3897"}],"curies":[{"name":"wp","href":"https:\/\/api.w.org\/{rel}","templated":true}]}}