{"id":3916,"date":"2025-09-12T08:00:22","date_gmt":"2025-09-12T06:00:22","guid":{"rendered":"https:\/\/www.cerky-studio.com\/?page_id=3916"},"modified":"2025-12-12T15:33:48","modified_gmt":"2025-12-12T14:33:48","slug":"mixing-mastering-nuernberg","status":"publish","type":"page","link":"https:\/\/www.cerky-studio.com\/de\/mixing-mastering-nuernberg\/","title":{"rendered":"Mixing und Mastering in N\u00fcrnberg"},"content":{"rendered":"<div class=\"wpb-content-wrapper\"><p>[vc_row][vc_column][vc_column_text css=&#8220;&#8220;]<\/p>\n<h2 style=\"text-align: center;\">Cerky Studio bietet Mixing und Mastering-Dienstleistungen f\u00fcr K\u00fcnstler aus N\u00fcrnberg und der Metropolregion Franken<\/h2>\n<p>[\/vc_column_text][\/vc_column][\/vc_row][vc_row][vc_column width=&#8220;1\/6&#8243;][\/vc_column][vc_column width=&#8220;2\/3&#8243;][vc_column_text css=&#8220;&#8220;]<\/p>\n<p style=\"text-align: center;\"><strong>Cerky Studio bietet professionelles Online-Mixing und Mastering f\u00fcr Musiker, Bands und Labels mit Sitz in N\u00fcrnberg, seiner Metropolregion und in ganz Franken. Ob in N\u00fcrnberg, F\u00fcrth, Erlangen, Schwabach, Bamberg, Bayreuth, Ansbach, W\u00fcrzburg oder Regensburg \u2013 Sie profitieren von einer ma\u00dfgeschneiderten Betreuung, um Ihre Musikprojekte zu veredeln und einen professionellen, konkurrenzf\u00e4higen Sound zu erhalten, der den aktuellen Standards der Musikindustrie entspricht.<\/strong><\/p>\n<p>[\/vc_column_text][vc_empty_space][\/vc_column][vc_column width=&#8220;1\/6&#8243;][\/vc_column][\/vc_row][vc_row][vc_column width=&#8220;1\/2&#8243;][vc_column_text css=&#8220;&#8220;]<\/p>\n<h3>Mixing und Mastering: Ihre klangliche Identit\u00e4t entfalten<\/h3>\n<p>Das <b>Mixing<\/b> <strong>erweckt Ihre Rohaufnahmen zum Leben<\/strong>, bringt die Instrumente in Einklang, gibt jedem Element seinen Platz im Frequenzspektrum und im Stereo-Bild und hebt die Details hervor, die Ihren Stil und <strong>Ihr musikalisches Universum ausmachen<\/strong>.<br \/>\nDas <b>Mastering<\/b><strong> sorgt anschlie\u00dfend f\u00fcr Druck und Tiefe<\/strong>, garantiert einen Sound, der auf allen Streaming-Plattformen und physischen Formaten professionell klingt, und hebt <strong>Ihre Produktion auf ein konkurrenzf\u00e4higes Niveau<\/strong>. Zusammen sichern diese beiden Schritte einen klaren, ausgewogenen und kraftvollen Klang, der <strong>den Standards der Musikindustrie gerecht wird<\/strong>.<\/p>\n<p>Mehr erfahren <a href=\"https:\/\/www.cerky-studio.com\/de\/mixing\/definition\/\">\u00fcber Mixing<\/a><br \/>\nMehr erfahren <a href=\"https:\/\/www.cerky-studio.com\/de\/mastering\/definition\/\">\u00fcber Mastering<\/a><\/p>\n<p>[\/vc_column_text][\/vc_column][vc_column width=&#8220;1\/2&#8243;][vc_single_image image=&#8220;3051&#8243; img_size=&#8220;Large&#8220; alignment=&#8220;center&#8220; onclick=&#8220;link_image&#8220; css=&#8220;&#8220;][\/vc_column][\/vc_row][vc_row][vc_column][vc_empty_space][vc_separator css=&#8220;&#8220;][vc_empty_space][\/vc_column][\/vc_row][vc_row][vc_column width=&#8220;1\/2&#8243;][vc_column_text css=&#8220;&#8220;]<\/p>\n<h3>Dienstleistungen \u2013 \u00fcberall verf\u00fcgbar<\/h3>\n<p>Mit den <b>Online-Services von Cerky Studio<\/b> m\u00fcssen Sie nicht reisen. Senden Sie einfach Ihre Spuren per Mail und verfolgen Sie den Prozess in Echtzeit \u00fcber <strong>einen privaten Streaming-Link<\/strong>. So k\u00f6nnen Sie aktiv am Workflow teilnehmen und sicherstellen, dass das Ergebnis Ihren Vorstellungen entspricht \u2013 <strong>mit der Pr\u00e4zision einer Studiosession<\/strong>.[\/vc_column_text][\/vc_column][vc_column width=&#8220;1\/2&#8243;][vc_single_image image=&#8220;3563&#8243; img_size=&#8220;Large&#8220; alignment=&#8220;center&#8220; onclick=&#8220;link_image&#8220; css=&#8220;&#8220;][\/vc_column][\/vc_row][vc_row][vc_column width=&#8220;1\/2&#8243;][vc_empty_space][vc_separator css=&#8220;&#8220;][vc_empty_space][vc_column_text css=&#8220;&#8220;]<\/p>\n<h4>Mixing aus der Ferne entdecken<\/h4>\n<p>Nutzen Sie diesen Kanal, um die Bearbeitung Ihrer Spuren live <strong>zu verfolgen und in Echtzeit mit Cerky Studio zu kommunizieren<\/strong>. Diese Interaktion st\u00e4rkt die Verbindung zwischen K\u00fcnstler und Tontechniker.[\/vc_column_text][vc_single_image image=&#8220;2668&#8243; img_size=&#8220;Large&#8220; alignment=&#8220;center&#8220; onclick=&#8220;custom_link&#8220; css=&#8220;&#8220; link=&#8220;https:\/\/www.cerky-studio.com\/mixage\/a-distance\/&#8220;][\/vc_column][vc_column width=&#8220;1\/2&#8243;][vc_empty_space][vc_separator css=&#8220;&#8220;][vc_empty_space][vc_column_text css=&#8220;&#8220;]<\/p>\n<h4 data-start=\"48\" data-end=\"95\">Entdecken Sie das Mastering aus der Ferne<\/h4>\n<p data-start=\"97\" data-end=\"303\">Dieser Service gew\u00e4hrleistet eine reibungslose und unmittelbare Kommunikation, <strong>erm\u00f6glicht schnelle Anpassungen<\/strong> und f\u00f6rdert <strong>eine enge Zusammenarbeit zwischen K\u00fcnstler und Tontechniker<\/strong> \u2013 auch auf Distanz.<\/p>\n<p>[\/vc_column_text][vc_single_image image=&#8220;2666&#8243; img_size=&#8220;Large&#8220; alignment=&#8220;center&#8220; onclick=&#8220;custom_link&#8220; css=&#8220;&#8220; link=&#8220;https:\/\/www.cerky-studio.com\/mastering\/a-distance\/&#8220;][\/vc_column][\/vc_row][vc_row][vc_column][vc_empty_space][vc_separator css=&#8220;&#8220;][vc_empty_space][\/vc_column][\/vc_row][vc_row][vc_column width=&#8220;1\/2&#8243;][vc_column_text css=&#8220;&#8220;]<\/p>\n<h2>Warum Cerky Studio f\u00fcr Ihre Musikprojekte?<\/h2>\n<p>Bei <b>Cerky Studio<\/b> erh\u00e4lt jeder Song ein individuelles, sorgf\u00e4ltiges Treatment \u2013 vom Mixing bis zum Mastering, um die volle Kraft, <strong>Emotion und Intention Ihrer Musik h\u00f6rbar zu machen<\/strong>. Jeder Titel wird mit h\u00f6chster Pr\u00e4zision bearbeitet und so vorbereitet, dass er sofort f\u00fcr Streaming, digitale Distribution oder physische Pressungen (CD, Vinyl) bereit ist.<\/p>\n<p><b>Pierre Lorrain<\/b>, Toningenieur, Produzent und Musiker, <strong>arbeitet genre\u00fcbergreifend mit Leidenschaft<\/strong>. Dank seiner Erfahrung und seines geschulten Geh\u00f6rs gelingt es ihm, Ihre k\u00fcnstlerische Vision authentisch und professionell umzusetzen. Mehr als ein Dienstleister, ist <strong>er Ihr kreativer Partner<\/strong>, der mit ma\u00dfgeschneiderten Tipps <strong>Ihre Songs veredelt und ihnen den Impact eines professionellen Sounds verleiht<\/strong>.[\/vc_column_text][\/vc_column][vc_column width=&#8220;1\/2&#8243;][vc_single_image image=&#8220;2795&#8243; img_size=&#8220;Large&#8220; alignment=&#8220;center&#8220; onclick=&#8220;link_image&#8220; css=&#8220;&#8220;][\/vc_column][\/vc_row][vc_row][vc_column][vc_empty_space][vc_separator css=&#8220;&#8220;][vc_empty_space][\/vc_column][\/vc_row][vc_row][vc_column width=&#8220;1\/3&#8243;][vc_column_text css=&#8220;&#8220;]<\/p>\n<div class=\"context-result\">\n<div class=\"text\">\n<h3 style=\"text-align: center;\"><span class=\"text__translation\" dir=\"ltr\">Leistungen<\/span><\/h3>\n<\/div>\n<\/div>\n<div class=\"options ng-star-inserted\">\n<div class=\"options__button options__button_synonyms ng-star-inserted\"><\/div>\n<\/div>\n<p>[\/vc_column_text][vc_column_text css=&#8220;&#8220;]<\/p>\n<p style=\"text-align: center;\">Entdecken Sie <a href=\"https:\/\/www.cerky-studio.com\/de\/mixing\/dienstleistung\/\">die Mixing<\/a>\u00a0und <a href=\"https:\/\/www.cerky-studio.com\/de\/mastering\/dienstleistung\/\">Mastering-Services<\/a> von Cerky Studio<\/p>\n<p>[\/vc_column_text][vc_empty_space][vc_separator css=&#8220;&#8220;][vc_empty_space][\/vc_column][vc_column width=&#8220;1\/3&#8243;][vc_column_text css=&#8220;&#8220;]<\/p>\n<h3 style=\"text-align: center;\">Qui est Cerky ?<\/h3>\n<p>[\/vc_column_text][vc_column_text css=&#8220;&#8220;]<\/p>\n<p style=\"text-align: center;\">Erfahren Sie mehr \u00fcber <a href=\"https:\/\/www.cerky-studio.com\/de\/cerky\/\">Pierre Lorrain alias Cerky<\/a> und seinen Werdegang<\/p>\n<p>[\/vc_column_text][vc_empty_space][vc_separator css=&#8220;&#8220;][vc_empty_space][\/vc_column][vc_column width=&#8220;1\/3&#8243;][vc_column_text css=&#8220;&#8220;]<\/p>\n<h3 style=\"text-align: center;\">Les Tarifs<\/h3>\n<p>[\/vc_column_text][vc_column_text css=&#8220;&#8220;]<\/p>\n<p style=\"text-align: center;\">Sehen Sie die aktuellen <a href=\"https:\/\/www.cerky-studio.com\/de\/mastering\/preise\/\">Preise f\u00fcr Mixing<\/a> und <a href=\"https:\/\/www.cerky-studio.com\/de\/mastering\/preise\/\">die Preise f\u00fcr Mastering<\/a><\/p>\n<p>[\/vc_column_text][vc_empty_space][vc_separator css=&#8220;&#8220;][vc_empty_space][\/vc_column][\/vc_row][vc_row][vc_column width=&#8220;1\/2&#8243;][vc_column_text css=&#8220;&#8220;]<\/p>\n<h3 style=\"text-align: center;\">Die musikalischen Genres<\/h3>\n<p>[\/vc_column_text][vc_column_text css=&#8220;&#8220;]<\/p>\n<p style=\"text-align: center;\">Entdecken Sie <a href=\"https:\/\/www.cerky-studio.com\/de\/mixing\/musikgenres\/\">Mixing nach Musikgenres<\/a><br \/>\nund <a href=\"https:\/\/www.cerky-studio.com\/de\/mastering\/musikgenres\/\">Mastering nach Musikgenres<\/a><\/p>\n<p>[\/vc_column_text][\/vc_column][vc_column width=&#8220;1\/2&#8243;][vc_column_text css=&#8220;&#8220;]<\/p>\n<h3 style=\"text-align: center;\">Question fr\u00e9quentes<\/h3>\n<p>[\/vc_column_text][vc_column_text css=&#8220;&#8220;]<\/p>\n<p style=\"text-align: center;\">Beantworte deine Fragen, mit <a href=\"https:\/\/www.cerky-studio.com\/de\/mixing\/faq\/\">meine F.A.Q. zum Mixen<\/a> und <a href=\"https:\/\/www.cerky-studio.com\/de\/mastering\/faq\/\">meine F.A.Q. zum Mastering<\/a> konsultierst<\/p>\n<p>[\/vc_column_text][\/vc_column][\/vc_row][vc_row][vc_column][vc_empty_space][vc_separator css=&#8220;&#8220;][vc_empty_space][\/vc_column][\/vc_row][vc_row][vc_column width=&#8220;1\/6&#8243;][\/vc_column][vc_column width=&#8220;2\/3&#8243;][vc_column_text css=&#8220;&#8220;]<\/p>\n<h3 style=\"text-align: center;\">H\u00f6ren Sie einige Tracks, die bei Cerky Studio entstanden sind<\/h3>\n<p>[\/vc_column_text][\/vc_column][vc_column width=&#8220;1\/6&#8243;][\/vc_column][\/vc_row][vc_row][vc_column width=&#8220;1\/2&#8243;][vc_column_text css=&#8220;&#8220;]https:\/\/open.spotify.com\/intl-fr\/track\/3llW2J8Gl8LggqQcQSjyqM[\/vc_column_text][\/vc_column][vc_column width=&#8220;1\/2&#8243;][vc_column_text css=&#8220;&#8220;]https:\/\/open.spotify.com\/intl-fr\/track\/7B6z0HrxAByztLfgzkoxBw[\/vc_column_text][\/vc_column][\/vc_row][vc_row][vc_column width=&#8220;1\/2&#8243;][vc_column_text css=&#8220;&#8220;]https:\/\/open.spotify.com\/track\/0AFik7IRAIJ4ymZZgaINen?si=zq_YfzX9RLSmwV_ctMri2w[\/vc_column_text][\/vc_column][vc_column width=&#8220;1\/2&#8243;][vc_column_text css=&#8220;&#8220;]https:\/\/open.spotify.com\/track\/71Ew1DBnWwI1urzIAxitDu?si=jYVPnPiiQk2a4PwtJQdeNw[\/vc_column_text][\/vc_column][\/vc_row][vc_row][vc_column][vc_empty_space][vc_separator css=&#8220;&#8220;][vc_empty_space][\/vc_column][\/vc_row][vc_row][vc_column width=&#8220;1\/6&#8243;][\/vc_column][vc_column width=&#8220;2\/3&#8243;][vc_column_text css=&#8220;&#8220;]<\/p>\n<p style=\"text-align: center;\"><b>F\u00fcr weitere Informationen zu den Dienstleistungen von Cerky Studio steht Ihnen das Studio jederzeit zur Verf\u00fcgung.<\/b><\/p>\n<p>[\/vc_column_text][vc_empty_space][\/vc_column][vc_column width=&#8220;1\/6&#8243;][\/vc_column][\/vc_row][vc_row][vc_column][vc_column_text css=&#8220;&#8220;]<\/p>\n<p style=\"text-align: center;\">Greifen Sie auf das <a href=\"https:\/\/www.cerky-studio.com\/de\/kit-mixing-mastering-cerky-studio\/\">Mixing und Mastering-Kit<\/a> zu, um alle meine Dienstleistungen f\u00fcr K\u00fcnstler und Labels zu entdecken<\/p>\n<p>[\/vc_column_text][\/vc_column][\/vc_row][vc_row title=&#8220;Je contacte Cerky Studio&#8220; style=&#8220;flat&#8220; gradient_color_1=&#8220;turquoise&#8220; gradient_color_2=&#8220;vista-blue&#8220; gradient_custom_color_1=&#8220;#dd3333&#8243; gradient_custom_color_2=&#8220;#eeee22&#8243; gradient_text_color=&#8220;#ffffff&#8220; custom_background=&#8220;#ededed&#8220; custom_text=&#8220;#666&#8243; outline_custom_color=&#8220;#666&#8243; outline_custom_hover_background=&#8220;#666&#8243; outline_custom_hover_text=&#8220;#fff&#8220; shape=&#8220;rounded&#8220; color=&#8220;danger&#8220; size=&#8220;lg&#8220; align=&#8220;center&#8220; button_block=&#8220;&#8220; add_icon=&#8220;&#8220; i_align=&#8220;left&#8220; i_type=&#8220;fontawesome&#8220; i_icon_fontawesome=&#8220;fas fa-adjust&#8220; i_icon_openiconic=&#8220;vc-oi vc-oi-dial&#8220; i_icon_typicons=&#8220;typcn typcn-adjust-brightness&#8220; i_icon_entypo=&#8220;entypo-icon entypo-icon-note&#8220; i_icon_linecons=&#8220;vc_li vc_li-heart&#8220; i_icon_monosocial=&#8220;vc-mono vc-mono-fivehundredpx&#8220; i_icon_material=&#8220;vc-material vc-material-cake&#8220; i_icon_pixelicons=&#8220;vc_pixel_icon vc_pixel_icon-alert&#8220; custom_onclick=&#8220;&#8220; link=&#8220;url:https%3A%2F%2Fwww.cerky-studio.com%2Fcontact%2F|||&#8220; custom_onclick_code=&#8220;&#8220;][vc_column][vc_btn title=&#8220;Cerky Studio kontaktieren&#8220; style=&#8220;flat&#8220; color=&#8220;danger&#8220; size=&#8220;lg&#8220; align=&#8220;center&#8220; css=&#8220;&#8220; link=&#8220;url:https%3A%2F%2Fwww.cerky-studio.com%2Fde%2Fkontakt%2F|title:Kontakt&#8220;][\/vc_column][\/vc_row]<\/p>\n<\/div>","protected":false},"excerpt":{"rendered":"<p>[vc_row][vc_column][vc_column_text css=&#8220;&#8220;] Cerky Studio bietet Mixing und Mastering-Dienstleistungen f\u00fcr K\u00fcnstler aus N\u00fcrnberg und der Metropolregion Franken [\/vc_column_text][\/vc_column][\/vc_row][vc_row][vc_column width=&#8220;1\/6&#8243;][\/vc_column][vc_column width=&#8220;2\/3&#8243;][vc_column_text css=&#8220;&#8220;] Cerky Studio bietet professionelles Online-Mixing und Mastering f\u00fcr Musiker, Bands und Labels mit Sitz in N\u00fcrnberg, seiner Metropolregion und in ganz Franken. Ob in N\u00fcrnberg, F\u00fcrth, Erlangen, Schwabach, Bamberg, Bayreuth, Ansbach, W\u00fcrzburg oder Regensburg \u2013 [&hellip;]<\/p>\n","protected":false},"author":2,"featured_media":0,"parent":0,"menu_order":401,"comment_status":"closed","ping_status":"closed","template":"","meta":{"footnotes":""},"class_list":["post-3916","page","type-page","status-publish","hentry"],"yoast_head":"<!-- This site is optimized with the Yoast SEO plugin v26.1.1 - https:\/\/yoast.com\/wordpress\/plugins\/seo\/ -->\n<title>Online Mixing Mastering N\u00fcrnberg, Studio N\u00fcrnberg Metropolregion<\/title>\n<meta name=\"description\" content=\"Cerky Studio bietet professionelles Online-Mixing und Mastering f\u00fcr K\u00fcnstler, Bands und Labels aus N\u00fcrnberg und der Metropolregion Franken. Ma\u00dfgeschneiderte Betreuung f\u00fcr einen klaren, kraftvollen und konkurrenzf\u00e4higen Sound \u2013 bereit f\u00fcr Streaming, digitale Distribution und physische Formate.\" \/>\n<meta name=\"robots\" content=\"index, follow, max-snippet:-1, max-image-preview:large, max-video-preview:-1\" \/>\n<link rel=\"canonical\" href=\"https:\/\/www.cerky-studio.com\/de\/mixing-mastering-nuernberg\/\" \/>\n<meta property=\"og:locale\" content=\"de_DE\" \/>\n<meta property=\"og:type\" content=\"article\" \/>\n<meta property=\"og:title\" content=\"Online Mixing Mastering N\u00fcrnberg, Studio N\u00fcrnberg Metropolregion\" \/>\n<meta property=\"og:description\" content=\"Cerky Studio bietet professionelles Online-Mixing und Mastering f\u00fcr K\u00fcnstler, Bands und Labels aus N\u00fcrnberg und der Metropolregion Franken. Ma\u00dfgeschneiderte Betreuung f\u00fcr einen klaren, kraftvollen und konkurrenzf\u00e4higen Sound \u2013 bereit f\u00fcr Streaming, digitale Distribution und physische Formate.\" \/>\n<meta property=\"og:url\" content=\"https:\/\/www.cerky-studio.com\/de\/mixing-mastering-nuernberg\/\" \/>\n<meta property=\"og:site_name\" content=\"Cerky Studio\" \/>\n<meta property=\"article:publisher\" content=\"https:\/\/www.facebook.com\/DjCerk\" \/>\n<meta property=\"article:modified_time\" content=\"2025-12-12T14:33:48+00:00\" \/>\n<meta name=\"twitter:card\" content=\"summary_large_image\" \/>\n<meta name=\"twitter:site\" content=\"@DJ_CERK\" \/>\n<meta name=\"twitter:label1\" content=\"Gesch\u00e4tzte Lesezeit\" \/>\n\t<meta name=\"twitter:data1\" content=\"5\u00a0Minuten\" \/>\n<script type=\"application\/ld+json\" class=\"yoast-schema-graph\">{\"@context\":\"https:\/\/schema.org\",\"@graph\":[{\"@type\":\"WebPage\",\"@id\":\"https:\/\/www.cerky-studio.com\/de\/mixing-mastering-nuernberg\/\",\"url\":\"https:\/\/www.cerky-studio.com\/de\/mixing-mastering-nuernberg\/\",\"name\":\"Online Mixing Mastering N\u00fcrnberg, Studio N\u00fcrnberg Metropolregion\",\"isPartOf\":{\"@id\":\"https:\/\/www.cerky-studio.com\/de\/#website\"},\"datePublished\":\"2025-09-12T06:00:22+00:00\",\"dateModified\":\"2025-12-12T14:33:48+00:00\",\"description\":\"Cerky Studio bietet professionelles Online-Mixing und Mastering f\u00fcr K\u00fcnstler, Bands und Labels aus N\u00fcrnberg und der Metropolregion Franken. Ma\u00dfgeschneiderte Betreuung f\u00fcr einen klaren, kraftvollen und konkurrenzf\u00e4higen Sound \u2013 bereit f\u00fcr Streaming, digitale Distribution und physische Formate.\",\"breadcrumb\":{\"@id\":\"https:\/\/www.cerky-studio.com\/de\/mixing-mastering-nuernberg\/#breadcrumb\"},\"inLanguage\":\"de\",\"potentialAction\":[{\"@type\":\"ReadAction\",\"target\":[\"https:\/\/www.cerky-studio.com\/de\/mixing-mastering-nuernberg\/\"]}]},{\"@type\":\"BreadcrumbList\",\"@id\":\"https:\/\/www.cerky-studio.com\/de\/mixing-mastering-nuernberg\/#breadcrumb\",\"itemListElement\":[{\"@type\":\"ListItem\",\"position\":1,\"name\":\"Accueil\",\"item\":\"https:\/\/www.cerky-studio.com\/de\/\"},{\"@type\":\"ListItem\",\"position\":2,\"name\":\"Mixing und Mastering in N\u00fcrnberg\"}]},{\"@type\":\"WebSite\",\"@id\":\"https:\/\/www.cerky-studio.com\/de\/#website\",\"url\":\"https:\/\/www.cerky-studio.com\/de\/\",\"name\":\"Cerky Studio\",\"description\":\"Studio de mixage et mastering \u00e0 Mulhouse et en ligne\",\"publisher\":{\"@id\":\"https:\/\/www.cerky-studio.com\/de\/#organization\"},\"potentialAction\":[{\"@type\":\"SearchAction\",\"target\":{\"@type\":\"EntryPoint\",\"urlTemplate\":\"https:\/\/www.cerky-studio.com\/de\/?s={search_term_string}\"},\"query-input\":{\"@type\":\"PropertyValueSpecification\",\"valueRequired\":true,\"valueName\":\"search_term_string\"}}],\"inLanguage\":\"de\"},{\"@type\":\"Organization\",\"@id\":\"https:\/\/www.cerky-studio.com\/de\/#organization\",\"name\":\"Cerky Studio\",\"url\":\"https:\/\/www.cerky-studio.com\/de\/\",\"logo\":{\"@type\":\"ImageObject\",\"inLanguage\":\"de\",\"@id\":\"https:\/\/www.cerky-studio.com\/de\/#\/schema\/logo\/image\/\",\"url\":\"https:\/\/www.cerky-studio.com\/wp-cerky\/uploads\/2018\/11\/cerky-studio-logo-noir-big.png\",\"contentUrl\":\"https:\/\/www.cerky-studio.com\/wp-cerky\/uploads\/2018\/11\/cerky-studio-logo-noir-big.png\",\"width\":912,\"height\":787,\"caption\":\"Cerky Studio\"},\"image\":{\"@id\":\"https:\/\/www.cerky-studio.com\/de\/#\/schema\/logo\/image\/\"},\"sameAs\":[\"https:\/\/www.facebook.com\/DjCerk\",\"https:\/\/x.com\/DJ_CERK\",\"https:\/\/www.instagram.com\/dj.cerk\/\",\"https:\/\/www.youtube.com\/djcerk07\"]}]}<\/script>\n<!-- \/ Yoast SEO plugin. -->","yoast_head_json":{"title":"Online Mixing Mastering N\u00fcrnberg, Studio N\u00fcrnberg Metropolregion","description":"Cerky Studio bietet professionelles Online-Mixing und Mastering f\u00fcr K\u00fcnstler, Bands und Labels aus N\u00fcrnberg und der Metropolregion Franken. Ma\u00dfgeschneiderte Betreuung f\u00fcr einen klaren, kraftvollen und konkurrenzf\u00e4higen Sound \u2013 bereit f\u00fcr Streaming, digitale Distribution und physische Formate.","robots":{"index":"index","follow":"follow","max-snippet":"max-snippet:-1","max-image-preview":"max-image-preview:large","max-video-preview":"max-video-preview:-1"},"canonical":"https:\/\/www.cerky-studio.com\/de\/mixing-mastering-nuernberg\/","og_locale":"de_DE","og_type":"article","og_title":"Online Mixing Mastering N\u00fcrnberg, Studio N\u00fcrnberg Metropolregion","og_description":"Cerky Studio bietet professionelles Online-Mixing und Mastering f\u00fcr K\u00fcnstler, Bands und Labels aus N\u00fcrnberg und der Metropolregion Franken. Ma\u00dfgeschneiderte Betreuung f\u00fcr einen klaren, kraftvollen und konkurrenzf\u00e4higen Sound \u2013 bereit f\u00fcr Streaming, digitale Distribution und physische Formate.","og_url":"https:\/\/www.cerky-studio.com\/de\/mixing-mastering-nuernberg\/","og_site_name":"Cerky Studio","article_publisher":"https:\/\/www.facebook.com\/DjCerk","article_modified_time":"2025-12-12T14:33:48+00:00","twitter_card":"summary_large_image","twitter_site":"@DJ_CERK","twitter_misc":{"Gesch\u00e4tzte Lesezeit":"5\u00a0Minuten"},"schema":{"@context":"https:\/\/schema.org","@graph":[{"@type":"WebPage","@id":"https:\/\/www.cerky-studio.com\/de\/mixing-mastering-nuernberg\/","url":"https:\/\/www.cerky-studio.com\/de\/mixing-mastering-nuernberg\/","name":"Online Mixing Mastering N\u00fcrnberg, Studio N\u00fcrnberg Metropolregion","isPartOf":{"@id":"https:\/\/www.cerky-studio.com\/de\/#website"},"datePublished":"2025-09-12T06:00:22+00:00","dateModified":"2025-12-12T14:33:48+00:00","description":"Cerky Studio bietet professionelles Online-Mixing und Mastering f\u00fcr K\u00fcnstler, Bands und Labels aus N\u00fcrnberg und der Metropolregion Franken. Ma\u00dfgeschneiderte Betreuung f\u00fcr einen klaren, kraftvollen und konkurrenzf\u00e4higen Sound \u2013 bereit f\u00fcr Streaming, digitale Distribution und physische Formate.","breadcrumb":{"@id":"https:\/\/www.cerky-studio.com\/de\/mixing-mastering-nuernberg\/#breadcrumb"},"inLanguage":"de","potentialAction":[{"@type":"ReadAction","target":["https:\/\/www.cerky-studio.com\/de\/mixing-mastering-nuernberg\/"]}]},{"@type":"BreadcrumbList","@id":"https:\/\/www.cerky-studio.com\/de\/mixing-mastering-nuernberg\/#breadcrumb","itemListElement":[{"@type":"ListItem","position":1,"name":"Accueil","item":"https:\/\/www.cerky-studio.com\/de\/"},{"@type":"ListItem","position":2,"name":"Mixing und Mastering in N\u00fcrnberg"}]},{"@type":"WebSite","@id":"https:\/\/www.cerky-studio.com\/de\/#website","url":"https:\/\/www.cerky-studio.com\/de\/","name":"Cerky Studio","description":"Studio de mixage et mastering \u00e0 Mulhouse et en ligne","publisher":{"@id":"https:\/\/www.cerky-studio.com\/de\/#organization"},"potentialAction":[{"@type":"SearchAction","target":{"@type":"EntryPoint","urlTemplate":"https:\/\/www.cerky-studio.com\/de\/?s={search_term_string}"},"query-input":{"@type":"PropertyValueSpecification","valueRequired":true,"valueName":"search_term_string"}}],"inLanguage":"de"},{"@type":"Organization","@id":"https:\/\/www.cerky-studio.com\/de\/#organization","name":"Cerky Studio","url":"https:\/\/www.cerky-studio.com\/de\/","logo":{"@type":"ImageObject","inLanguage":"de","@id":"https:\/\/www.cerky-studio.com\/de\/#\/schema\/logo\/image\/","url":"https:\/\/www.cerky-studio.com\/wp-cerky\/uploads\/2018\/11\/cerky-studio-logo-noir-big.png","contentUrl":"https:\/\/www.cerky-studio.com\/wp-cerky\/uploads\/2018\/11\/cerky-studio-logo-noir-big.png","width":912,"height":787,"caption":"Cerky Studio"},"image":{"@id":"https:\/\/www.cerky-studio.com\/de\/#\/schema\/logo\/image\/"},"sameAs":["https:\/\/www.facebook.com\/DjCerk","https:\/\/x.com\/DJ_CERK","https:\/\/www.instagram.com\/dj.cerk\/","https:\/\/www.youtube.com\/djcerk07"]}]}},"_links":{"self":[{"href":"https:\/\/www.cerky-studio.com\/de\/wp-json\/wp\/v2\/pages\/3916","targetHints":{"allow":["GET"]}}],"collection":[{"href":"https:\/\/www.cerky-studio.com\/de\/wp-json\/wp\/v2\/pages"}],"about":[{"href":"https:\/\/www.cerky-studio.com\/de\/wp-json\/wp\/v2\/types\/page"}],"author":[{"embeddable":true,"href":"https:\/\/www.cerky-studio.com\/de\/wp-json\/wp\/v2\/users\/2"}],"replies":[{"embeddable":true,"href":"https:\/\/www.cerky-studio.com\/de\/wp-json\/wp\/v2\/comments?post=3916"}],"version-history":[{"count":6,"href":"https:\/\/www.cerky-studio.com\/de\/wp-json\/wp\/v2\/pages\/3916\/revisions"}],"predecessor-version":[{"id":4557,"href":"https:\/\/www.cerky-studio.com\/de\/wp-json\/wp\/v2\/pages\/3916\/revisions\/4557"}],"wp:attachment":[{"href":"https:\/\/www.cerky-studio.com\/de\/wp-json\/wp\/v2\/media?parent=3916"}],"curies":[{"name":"wp","href":"https:\/\/api.w.org\/{rel}","templated":true}]}}