{"id":4262,"date":"2025-09-08T20:01:56","date_gmt":"2025-09-08T18:01:56","guid":{"rendered":"https:\/\/www.cerky-studio.com\/?page_id=4262"},"modified":"2025-12-12T15:32:08","modified_gmt":"2025-12-12T14:32:08","slug":"mixing-mastering-basel","status":"publish","type":"page","link":"https:\/\/www.cerky-studio.com\/de\/mixing-mastering-basel\/","title":{"rendered":"Mixing und Mastering in Basel"},"content":{"rendered":"<div class=\"wpb-content-wrapper\"><p>[vc_row][vc_column][vc_column_text css=&#8220;&#8220;]<\/p>\n<h2 style=\"text-align: center;\">Online Mixing und Mastering f\u00fcr K\u00fcnstler aus Basel und der Region<\/h2>\n<p>[\/vc_column_text][\/vc_column][\/vc_row][vc_row][vc_column width=&#8220;1\/6&#8243;][\/vc_column][vc_column width=&#8220;2\/3&#8243;][vc_column_text css=&#8220;&#8220;]<\/p>\n<p style=\"text-align: center;\"><strong>Sind Sie Musiker, S\u00e4nger, Band oder Label mit Sitz in Basel oder in der Nordwestschweiz? Cerky Studio bietet professionelle Online-Dienstleistungen im Bereich Mixing und Mastering an \u2013 mit dem Ziel, Ihren Songs einen optimalen Sound zu verleihen, der den heutigen Industriestandards entspricht und f\u00fcr alle g\u00e4ngigen Plattformen bereit ist.<\/strong><\/p>\n<p>[\/vc_column_text][vc_empty_space][\/vc_column][vc_column width=&#8220;1\/6&#8243;][\/vc_column][\/vc_row][vc_row][vc_column width=&#8220;1\/2&#8243;][vc_column_text css=&#8220;&#8220;]<\/p>\n<h3 data-start=\"864\" data-end=\"928\">Cerky Studio \u2013 Mixing und Mastering f\u00fcr K\u00fcnstler aus Basel<\/h3>\n<p data-start=\"930\" data-end=\"1444\">Ein professionelles <strong>Mixing und Mastering ist unverzichtbar<\/strong>, um einen dichten, ausgewogenen und kraftvollen Klang zu erzielen. Cerky Studio begleitet Musiker, S\u00e4nger und Bands aus Basel und der Agglomeration (Riehen, Birsfelden, Allschwil, Muttenz, M\u00fcnchenstein, Pratteln, Liestal, Reinach \u2026) <strong>mit einem 100 % Online-Service<\/strong>. Ziel ist es, Ihre musikalische Identit\u00e4t zu veredeln und <strong>Ihren Sound perfekt auf die Distribution vorzubereiten<\/strong> \u2013 mit einem Klang, der den h\u00f6chsten Standards der Musikindustrie entspricht.<\/p>\n<p data-start=\"1446\" data-end=\"1510\">Mehr erfahren \u00fcber <a href=\"https:\/\/www.cerky-studio.com\/de\/mixing\/definition\/\">Mixing<\/a><br data-start=\"1474\" data-end=\"1477\" \/>Mehr erfahren \u00fcber <a href=\"https:\/\/www.cerky-studio.com\/de\/mastering\/definition\/\">Mastering<\/a><\/p>\n<p>[\/vc_column_text][\/vc_column][vc_column width=&#8220;1\/2&#8243;][vc_single_image image=&#8220;3604&#8243; img_size=&#8220;Large&#8220; alignment=&#8220;center&#8220; onclick=&#8220;link_image&#8220; css=&#8220;&#8220;][\/vc_column][\/vc_row][vc_row][vc_column][vc_empty_space][vc_separator css=&#8220;&#8220;][vc_empty_space][\/vc_column][\/vc_row][vc_row][vc_column width=&#8220;1\/2&#8243;][vc_column_text css=&#8220;&#8220;]<\/p>\n<h3 data-start=\"1517\" data-end=\"1566\">Eine einfache und interaktive Zusammenarbeit<\/h3>\n<p data-start=\"1568\" data-end=\"1979\"><strong>Dank eines privaten Streaming-Systems<\/strong> k\u00f6nnen Sie Ihre Mixing- und Mastering-Sessions in Echtzeit mitverfolgen. <strong>Diese Methode erm\u00f6glicht es Ihnen, direkt mit dem Toningenieur zu kommunizieren<\/strong> und Anpassungen Schritt f\u00fcr Schritt freizugeben. So entsteht ein Ergebnis, das genau Ihren Vorstellungen entspricht \u2013 <strong>ganz bequem von zu Hause in Basel<\/strong>, in der Agglomeration oder in der gesamten Region Nordwestschweiz.<\/p>\n<p data-start=\"1981\" data-end=\"2049\">Entdecken Sie <a href=\"https:\/\/www.cerky-studio.com\/de\/mixing\/online\/\">Online-Mixing<\/a><br data-start=\"2011\" data-end=\"2014\" \/>Entdecken Sie <a href=\"https:\/\/www.cerky-studio.com\/de\/mastering\/online\/\">Online-Mastering<\/a><\/p>\n<p>[\/vc_column_text][\/vc_column][vc_column width=&#8220;1\/2&#8243;][vc_single_image image=&#8220;3378&#8243; img_size=&#8220;Large&#8220; alignment=&#8220;center&#8220; onclick=&#8220;link_image&#8220; css=&#8220;&#8220;][\/vc_column][\/vc_row][vc_row][vc_column][vc_empty_space][vc_separator css=&#8220;&#8220;][vc_empty_space][\/vc_column][\/vc_row][vc_row][vc_column width=&#8220;1\/2&#8243;][vc_column_text css=&#8220;&#8220;]<\/p>\n<h3 data-start=\"2056\" data-end=\"2112\">Mixing und Mastering \u2013 zwei unverzichtbare Schritte<\/h3>\n<p data-start=\"2114\" data-end=\"2656\">Beim Mixing werden <strong>Ihre unbearbeiteten Aufnahmen in eine klare, ausgewogene und professionelle Produktion verwandelt<\/strong>. Jede Spur wird analysiert, in Lautst\u00e4rke, Frequenzen und R\u00e4umlichkeit angepasst, sodass sie sich harmonisch ins Gesamtbild einf\u00fcgt.<br data-start=\"2363\" data-end=\"2366\" \/>Im Anschluss <strong>veredelt das Mastering das Resultat<\/strong>: Es optimiert die Dynamik, perfektioniert das Klangbild und <strong>bereitet Ihre Musik f\u00fcr alle Formate vor<\/strong> \u2013 Streaming, Radio, CD oder Vinyl. Gemeinsam sichern diese beiden Schritte einen kraftvollen, <strong>professionellen und konkurrenzf\u00e4higen Sound<\/strong>.<\/p>\n<p data-start=\"2658\" data-end=\"2748\">Erfahren Sie mehr \u00fcber <a href=\"https:\/\/www.cerky-studio.com\/de\/mixing\/dienstleistung\/\">die Mixleistungen<\/a><br data-start=\"2699\" data-end=\"2702\" \/>Erfahren Sie mehr \u00fcber <a href=\"https:\/\/www.cerky-studio.com\/de\/mastering\/dienstleistung\/\">die Mastering-Leistungen<\/a><\/p>\n<p>[\/vc_column_text][\/vc_column][vc_column width=&#8220;1\/2&#8243;][vc_single_image image=&#8220;3493&#8243; img_size=&#8220;Large&#8220; alignment=&#8220;center&#8220; onclick=&#8220;link_image&#8220; css=&#8220;&#8220;][\/vc_column][\/vc_row][vc_row][vc_column][vc_empty_space][vc_separator css=&#8220;&#8220;][vc_empty_space][\/vc_column][\/vc_row][vc_row][vc_column width=&#8220;2\/3&#8243;][vc_column_text css=&#8220;&#8220;]<\/p>\n<h3>H\u00e4ufige Fragen zu Mixing und Mastering<\/h3>\n<p>[\/vc_column_text][\/vc_column][vc_column width=&#8220;1\/3&#8243;][\/vc_column][\/vc_row][vc_row][vc_column width=&#8220;1\/2&#8243;][vc_column_text css=&#8220;&#8220;]<\/p>\n<h4>H\u00e4ufig gestellte Fragen zum Mixen<\/h4>\n<p>Viele K\u00fcnstler stellen sich Fragen zum Mixing: <strong>Was genau passiert dabei<\/strong>?<br \/>\nWelche Ergebnisse sind realistisch? <strong>Wie bereitet man Spuren richtig vor<\/strong>? <a href=\"https:\/\/www.cerky-studio.com\/de\/mixing\/faq\/\">In meiner Mixing-FAQ<\/a> finden Sie klare Antworten auf die wichtigsten Fragen.[\/vc_column_text][vc_single_image image=&#8220;3472&#8243; img_size=&#8220;Large&#8220; alignment=&#8220;center&#8220; onclick=&#8220;link_image&#8220; css=&#8220;&#8220;][\/vc_column][vc_column width=&#8220;1\/2&#8243;][vc_column_text css=&#8220;&#8220;]<\/p>\n<h4>H\u00e4ufig gestellte Fragen zum Mastering<\/h4>\n<p data-start=\"3025\" data-end=\"3270\">Auch das Mastering ist <strong>oft von Mythen umgeben:<\/strong> Was bringt es wirklich? <strong>Wie bereitet man Tracks f\u00fcr diesen finalen Schritt vor<\/strong>? <a href=\"https:\/\/www.cerky-studio.com\/de\/mastering\/faq\/\">In meiner Mastering-FAQ<\/a> finden Sie verl\u00e4ssliche Informationen und Antworten.<\/p>\n<p>[\/vc_column_text][vc_single_image image=&#8220;3608&#8243; img_size=&#8220;Large&#8220; alignment=&#8220;center&#8220; onclick=&#8220;link_image&#8220; css=&#8220;&#8220;][\/vc_column][\/vc_row][vc_row][vc_column][vc_empty_space][vc_separator css=&#8220;&#8220;][vc_empty_space][\/vc_column][\/vc_row][vc_row][vc_column width=&#8220;1\/6&#8243;][\/vc_column][vc_column width=&#8220;2\/3&#8243;][vc_column_text css=&#8220;&#8220;]<\/p>\n<h3 style=\"text-align: center;\">Entdecken Sie einige Titel von Cerky Studio<\/h3>\n<p>[\/vc_column_text][vc_empty_space][\/vc_column][vc_column width=&#8220;1\/6&#8243;][\/vc_column][\/vc_row][vc_row][vc_column width=&#8220;1\/2&#8243;][vc_column_text css=&#8220;&#8220;]https:\/\/open.spotify.com\/intl-fr\/track\/7B6z0HrxAByztLfgzkoxBw[\/vc_column_text][\/vc_column][vc_column width=&#8220;1\/2&#8243;][vc_column_text css=&#8220;&#8220;]https:\/\/open.spotify.com\/intl-fr\/track\/3llW2J8Gl8LggqQcQSjyqM[\/vc_column_text][\/vc_column][\/vc_row][vc_row][vc_column width=&#8220;1\/2&#8243;][vc_column_text css=&#8220;&#8220;]https:\/\/open.spotify.com\/intl-fr\/track\/5ztkGWBlUcVYvCRv5BC3Mn[\/vc_column_text][\/vc_column][vc_column width=&#8220;1\/2&#8243;][vc_column_text css=&#8220;&#8220;]https:\/\/open.spotify.com\/track\/2K4HEVz2zgYgUJIWpSMkC6?si=5cHHOwtqRKSvzy6RrcIjxA[\/vc_column_text][\/vc_column][\/vc_row][vc_row][vc_column][vc_empty_space][vc_separator css=&#8220;&#8220;][vc_empty_space][\/vc_column][\/vc_row][vc_row][vc_column width=&#8220;1\/2&#8243;][vc_column_text css=&#8220;&#8220;]<\/p>\n<h2 data-start=\"3313\" data-end=\"3337\">Warum Cerky Studio?<\/h2>\n<p data-start=\"3339\" data-end=\"3606\">Jedes Projekt im Cerky Studio erh\u00e4lt <strong>eine individuelle Herangehensweise, abgestimmt auf Ihr musikalisches Universum<\/strong>. Jeder Song wird mit Pr\u00e4zision, k\u00fcnstlerischem Feingef\u00fchl und Hingabe finalisiert \u2013 <strong>bereit f\u00fcr Streaming, Online-Distribution oder physische Formate<\/strong>.<\/p>\n<p data-start=\"3608\" data-end=\"3988\">Pierre Lorrain, Toningenieur, Produzent und Regisseur, engagiert sich in jedem Projekt, <strong>unabh\u00e4ngig vom Stil und der musikalischen Welt<\/strong>. Sein Fachwissen und sein aufmerksames Ohr erm\u00f6glichen es, Ihre Absichten in eine getreue und professionelle Wiedergabe zu \u00fcbersetzen. Mehr als nur ein Techniker, <strong>er begleitet Sie<\/strong> mit ma\u00dfgeschneiderten Tipps, um Ihre Kreationen zu veredeln<\/p>\n<p>[\/vc_column_text][\/vc_column][vc_column width=&#8220;1\/2&#8243;][vc_single_image image=&#8220;3588&#8243; img_size=&#8220;Large&#8220; alignment=&#8220;center&#8220; onclick=&#8220;link_image&#8220; css=&#8220;&#8220;][\/vc_column][\/vc_row][vc_row][vc_column][vc_empty_space][vc_separator css=&#8220;&#8220;][vc_empty_space][\/vc_column][\/vc_row][vc_row][vc_column width=&#8220;1\/3&#8243;][vc_column_text css=&#8220;&#8220;]<\/p>\n<h3 style=\"text-align: center;\">Die K\u00fcnstler<\/h3>\n<p>[\/vc_column_text][vc_column_text css=&#8220;&#8220;]<\/p>\n<p style=\"text-align: center;\">Entdecken <a href=\"https:\/\/www.cerky-studio.com\/de\/referenzen\/\">Sie Musiker<\/a>, die mit Cerky Studio gearbeitet haben<\/p>\n<p>[\/vc_column_text][vc_empty_space][vc_separator css=&#8220;&#8220;][vc_empty_space][\/vc_column][vc_column width=&#8220;1\/3&#8243;][vc_column_text css=&#8220;&#8220;]<\/p>\n<h3 style=\"text-align: center;\">Die Preise<\/h3>\n<p>[\/vc_column_text][vc_column_text css=&#8220;&#8220;]<\/p>\n<p style=\"text-align: center;\">Informieren Sie sich \u00fcber <a href=\"https:\/\/www.cerky-studio.com\/de\/mixing\/preise\/\">Mixing-Tarife<\/a> und <a href=\"https:\/\/www.cerky-studio.com\/de\/mastering\/preise\/\">Mastering-Tarife<\/a><\/p>\n<p>[\/vc_column_text][vc_empty_space][vc_separator css=&#8220;&#8220;][vc_empty_space][\/vc_column][vc_column width=&#8220;1\/3&#8243;][vc_column_text css=&#8220;&#8220;]<\/p>\n<h3 style=\"text-align: center;\">\u00dcber Cerky<\/h3>\n<p>[\/vc_column_text][vc_column_text css=&#8220;&#8220;]<\/p>\n<p style=\"text-align: center;\">Erfahren Sie mehr \u00fcber <a href=\"https:\/\/www.cerky-studio.com\/de\/cerky\/\">Pierre Lorrain alias Cerky<\/a> und seinen Werdegang<\/p>\n<p>[\/vc_column_text][vc_empty_space][vc_separator css=&#8220;&#8220;][vc_empty_space][\/vc_column][\/vc_row][vc_row][vc_column][vc_column_text css=&#8220;&#8220;]<\/p>\n<p style=\"text-align: center;\">Greifen Sie auf das <a href=\"https:\/\/www.cerky-studio.com\/de\/kit-mixing-mastering-cerky-studio\/\">Mixing und Mastering-Kit<\/a> zu, um alle meine Dienstleistungen f\u00fcr K\u00fcnstler und Labels zu entdecken<\/p>\n<p>[\/vc_column_text][\/vc_column][\/vc_row][vc_row][vc_column][vc_column_text css=&#8220;&#8220;]<\/p>\n<p style=\"text-align: center;\"><strong>F\u00fcr weitere Informationen oder um Ihr Mixing- oder Mastering-Projekt zu starten, kontaktieren Sie Cerky Studio.<\/strong><\/p>\n<p>[\/vc_column_text][\/vc_column][\/vc_row][vc_row title=&#8220;Je contacte Cerky Studio&#8220; style=&#8220;flat&#8220; gradient_color_1=&#8220;turquoise&#8220; gradient_color_2=&#8220;vista-blue&#8220; gradient_custom_color_1=&#8220;#dd3333&#8243; gradient_custom_color_2=&#8220;#eeee22&#8243; gradient_text_color=&#8220;#ffffff&#8220; custom_background=&#8220;#ededed&#8220; custom_text=&#8220;#666&#8243; outline_custom_color=&#8220;#666&#8243; outline_custom_hover_background=&#8220;#666&#8243; outline_custom_hover_text=&#8220;#fff&#8220; shape=&#8220;rounded&#8220; color=&#8220;danger&#8220; size=&#8220;lg&#8220; align=&#8220;center&#8220; button_block=&#8220;&#8220; add_icon=&#8220;&#8220; i_align=&#8220;left&#8220; i_type=&#8220;fontawesome&#8220; i_icon_fontawesome=&#8220;fas fa-adjust&#8220; i_icon_openiconic=&#8220;vc-oi vc-oi-dial&#8220; i_icon_typicons=&#8220;typcn typcn-adjust-brightness&#8220; i_icon_entypo=&#8220;entypo-icon entypo-icon-note&#8220; i_icon_linecons=&#8220;vc_li vc_li-heart&#8220; i_icon_monosocial=&#8220;vc-mono vc-mono-fivehundredpx&#8220; i_icon_material=&#8220;vc-material vc-material-cake&#8220; i_icon_pixelicons=&#8220;vc_pixel_icon vc_pixel_icon-alert&#8220; custom_onclick=&#8220;&#8220; link=&#8220;url:https%3A%2F%2Fwww.cerky-studio.com%2Fcontact%2F|||&#8220; custom_onclick_code=&#8220;&#8220;][vc_column][vc_btn title=&#8220;Ich kontaktiere Cerky Studio&#8220; style=&#8220;flat&#8220; color=&#8220;danger&#8220; size=&#8220;lg&#8220; align=&#8220;center&#8220; css=&#8220;&#8220; link=&#8220;url:https%3A%2F%2Fwww.cerky-studio.com%2Fde%2Fkontakt%2F|title:Kontakt&#8220;][\/vc_column][\/vc_row]<\/p>\n<\/div>","protected":false},"excerpt":{"rendered":"<p>[vc_row][vc_column][vc_column_text css=&#8220;&#8220;] Online Mixing und Mastering f\u00fcr K\u00fcnstler aus Basel und der Region [\/vc_column_text][\/vc_column][\/vc_row][vc_row][vc_column width=&#8220;1\/6&#8243;][\/vc_column][vc_column width=&#8220;2\/3&#8243;][vc_column_text css=&#8220;&#8220;] Sind Sie Musiker, S\u00e4nger, Band oder Label mit Sitz in Basel oder in der Nordwestschweiz? Cerky Studio bietet professionelle Online-Dienstleistungen im Bereich Mixing und Mastering an \u2013 mit dem Ziel, Ihren Songs einen optimalen Sound zu verleihen, der [&hellip;]<\/p>\n","protected":false},"author":2,"featured_media":0,"parent":0,"menu_order":108,"comment_status":"closed","ping_status":"closed","template":"","meta":{"footnotes":""},"class_list":["post-4262","page","type-page","status-publish","hentry"],"yoast_head":"<!-- This site is optimized with the Yoast SEO plugin v26.1.1 - https:\/\/yoast.com\/wordpress\/plugins\/seo\/ -->\n<title>Mixing Mastering Basel, Online Studio Mastering Basel Schweiz<\/title>\n<meta name=\"description\" content=\"Cerky Studio \u2013 Online Mixing &amp; Mastering f\u00fcr K\u00fcnstler aus Basel, der Agglomeration (Riehen, Birsfelden, Allschwil, Muttenz, Liestal\u2026) und der Nordwestschweiz. Professioneller Sound nach heutigen Industriestandards.\" \/>\n<meta name=\"robots\" content=\"index, follow, max-snippet:-1, max-image-preview:large, max-video-preview:-1\" \/>\n<link rel=\"canonical\" href=\"https:\/\/www.cerky-studio.com\/de\/mixing-mastering-basel\/\" \/>\n<meta property=\"og:locale\" content=\"de_DE\" \/>\n<meta property=\"og:type\" content=\"article\" \/>\n<meta property=\"og:title\" content=\"Mixing Mastering Basel, Online Studio Mastering Basel Schweiz\" \/>\n<meta property=\"og:description\" content=\"Cerky Studio \u2013 Online Mixing &amp; Mastering f\u00fcr K\u00fcnstler aus Basel, der Agglomeration (Riehen, Birsfelden, Allschwil, Muttenz, Liestal\u2026) und der Nordwestschweiz. Professioneller Sound nach heutigen Industriestandards.\" \/>\n<meta property=\"og:url\" content=\"https:\/\/www.cerky-studio.com\/de\/mixing-mastering-basel\/\" \/>\n<meta property=\"og:site_name\" content=\"Cerky Studio\" \/>\n<meta property=\"article:publisher\" content=\"https:\/\/www.facebook.com\/DjCerk\" \/>\n<meta property=\"article:modified_time\" content=\"2025-12-12T14:32:08+00:00\" \/>\n<meta name=\"twitter:card\" content=\"summary_large_image\" \/>\n<meta name=\"twitter:site\" content=\"@DJ_CERK\" \/>\n<meta name=\"twitter:label1\" content=\"Gesch\u00e4tzte Lesezeit\" \/>\n\t<meta name=\"twitter:data1\" content=\"4\u00a0Minuten\" \/>\n<script type=\"application\/ld+json\" class=\"yoast-schema-graph\">{\"@context\":\"https:\/\/schema.org\",\"@graph\":[{\"@type\":\"WebPage\",\"@id\":\"https:\/\/www.cerky-studio.com\/de\/mixing-mastering-basel\/\",\"url\":\"https:\/\/www.cerky-studio.com\/de\/mixing-mastering-basel\/\",\"name\":\"Mixing Mastering Basel, Online Studio Mastering Basel Schweiz\",\"isPartOf\":{\"@id\":\"https:\/\/www.cerky-studio.com\/de\/#website\"},\"datePublished\":\"2025-09-08T18:01:56+00:00\",\"dateModified\":\"2025-12-12T14:32:08+00:00\",\"description\":\"Cerky Studio \u2013 Online Mixing & Mastering f\u00fcr K\u00fcnstler aus Basel, der Agglomeration (Riehen, Birsfelden, Allschwil, Muttenz, Liestal\u2026) und der Nordwestschweiz. Professioneller Sound nach heutigen Industriestandards.\",\"breadcrumb\":{\"@id\":\"https:\/\/www.cerky-studio.com\/de\/mixing-mastering-basel\/#breadcrumb\"},\"inLanguage\":\"de\",\"potentialAction\":[{\"@type\":\"ReadAction\",\"target\":[\"https:\/\/www.cerky-studio.com\/de\/mixing-mastering-basel\/\"]}]},{\"@type\":\"BreadcrumbList\",\"@id\":\"https:\/\/www.cerky-studio.com\/de\/mixing-mastering-basel\/#breadcrumb\",\"itemListElement\":[{\"@type\":\"ListItem\",\"position\":1,\"name\":\"Accueil\",\"item\":\"https:\/\/www.cerky-studio.com\/de\/\"},{\"@type\":\"ListItem\",\"position\":2,\"name\":\"Mixing und Mastering in Basel\"}]},{\"@type\":\"WebSite\",\"@id\":\"https:\/\/www.cerky-studio.com\/de\/#website\",\"url\":\"https:\/\/www.cerky-studio.com\/de\/\",\"name\":\"Cerky Studio\",\"description\":\"Studio de mixage et mastering \u00e0 Mulhouse et en ligne\",\"publisher\":{\"@id\":\"https:\/\/www.cerky-studio.com\/de\/#organization\"},\"potentialAction\":[{\"@type\":\"SearchAction\",\"target\":{\"@type\":\"EntryPoint\",\"urlTemplate\":\"https:\/\/www.cerky-studio.com\/de\/?s={search_term_string}\"},\"query-input\":{\"@type\":\"PropertyValueSpecification\",\"valueRequired\":true,\"valueName\":\"search_term_string\"}}],\"inLanguage\":\"de\"},{\"@type\":\"Organization\",\"@id\":\"https:\/\/www.cerky-studio.com\/de\/#organization\",\"name\":\"Cerky Studio\",\"url\":\"https:\/\/www.cerky-studio.com\/de\/\",\"logo\":{\"@type\":\"ImageObject\",\"inLanguage\":\"de\",\"@id\":\"https:\/\/www.cerky-studio.com\/de\/#\/schema\/logo\/image\/\",\"url\":\"https:\/\/www.cerky-studio.com\/wp-cerky\/uploads\/2018\/11\/cerky-studio-logo-noir-big.png\",\"contentUrl\":\"https:\/\/www.cerky-studio.com\/wp-cerky\/uploads\/2018\/11\/cerky-studio-logo-noir-big.png\",\"width\":912,\"height\":787,\"caption\":\"Cerky Studio\"},\"image\":{\"@id\":\"https:\/\/www.cerky-studio.com\/de\/#\/schema\/logo\/image\/\"},\"sameAs\":[\"https:\/\/www.facebook.com\/DjCerk\",\"https:\/\/x.com\/DJ_CERK\",\"https:\/\/www.instagram.com\/dj.cerk\/\",\"https:\/\/www.youtube.com\/djcerk07\"]}]}<\/script>\n<!-- \/ Yoast SEO plugin. -->","yoast_head_json":{"title":"Mixing Mastering Basel, Online Studio Mastering Basel Schweiz","description":"Cerky Studio \u2013 Online Mixing & Mastering f\u00fcr K\u00fcnstler aus Basel, der Agglomeration (Riehen, Birsfelden, Allschwil, Muttenz, Liestal\u2026) und der Nordwestschweiz. Professioneller Sound nach heutigen Industriestandards.","robots":{"index":"index","follow":"follow","max-snippet":"max-snippet:-1","max-image-preview":"max-image-preview:large","max-video-preview":"max-video-preview:-1"},"canonical":"https:\/\/www.cerky-studio.com\/de\/mixing-mastering-basel\/","og_locale":"de_DE","og_type":"article","og_title":"Mixing Mastering Basel, Online Studio Mastering Basel Schweiz","og_description":"Cerky Studio \u2013 Online Mixing & Mastering f\u00fcr K\u00fcnstler aus Basel, der Agglomeration (Riehen, Birsfelden, Allschwil, Muttenz, Liestal\u2026) und der Nordwestschweiz. Professioneller Sound nach heutigen Industriestandards.","og_url":"https:\/\/www.cerky-studio.com\/de\/mixing-mastering-basel\/","og_site_name":"Cerky Studio","article_publisher":"https:\/\/www.facebook.com\/DjCerk","article_modified_time":"2025-12-12T14:32:08+00:00","twitter_card":"summary_large_image","twitter_site":"@DJ_CERK","twitter_misc":{"Gesch\u00e4tzte Lesezeit":"4\u00a0Minuten"},"schema":{"@context":"https:\/\/schema.org","@graph":[{"@type":"WebPage","@id":"https:\/\/www.cerky-studio.com\/de\/mixing-mastering-basel\/","url":"https:\/\/www.cerky-studio.com\/de\/mixing-mastering-basel\/","name":"Mixing Mastering Basel, Online Studio Mastering Basel Schweiz","isPartOf":{"@id":"https:\/\/www.cerky-studio.com\/de\/#website"},"datePublished":"2025-09-08T18:01:56+00:00","dateModified":"2025-12-12T14:32:08+00:00","description":"Cerky Studio \u2013 Online Mixing & Mastering f\u00fcr K\u00fcnstler aus Basel, der Agglomeration (Riehen, Birsfelden, Allschwil, Muttenz, Liestal\u2026) und der Nordwestschweiz. Professioneller Sound nach heutigen Industriestandards.","breadcrumb":{"@id":"https:\/\/www.cerky-studio.com\/de\/mixing-mastering-basel\/#breadcrumb"},"inLanguage":"de","potentialAction":[{"@type":"ReadAction","target":["https:\/\/www.cerky-studio.com\/de\/mixing-mastering-basel\/"]}]},{"@type":"BreadcrumbList","@id":"https:\/\/www.cerky-studio.com\/de\/mixing-mastering-basel\/#breadcrumb","itemListElement":[{"@type":"ListItem","position":1,"name":"Accueil","item":"https:\/\/www.cerky-studio.com\/de\/"},{"@type":"ListItem","position":2,"name":"Mixing und Mastering in Basel"}]},{"@type":"WebSite","@id":"https:\/\/www.cerky-studio.com\/de\/#website","url":"https:\/\/www.cerky-studio.com\/de\/","name":"Cerky Studio","description":"Studio de mixage et mastering \u00e0 Mulhouse et en ligne","publisher":{"@id":"https:\/\/www.cerky-studio.com\/de\/#organization"},"potentialAction":[{"@type":"SearchAction","target":{"@type":"EntryPoint","urlTemplate":"https:\/\/www.cerky-studio.com\/de\/?s={search_term_string}"},"query-input":{"@type":"PropertyValueSpecification","valueRequired":true,"valueName":"search_term_string"}}],"inLanguage":"de"},{"@type":"Organization","@id":"https:\/\/www.cerky-studio.com\/de\/#organization","name":"Cerky Studio","url":"https:\/\/www.cerky-studio.com\/de\/","logo":{"@type":"ImageObject","inLanguage":"de","@id":"https:\/\/www.cerky-studio.com\/de\/#\/schema\/logo\/image\/","url":"https:\/\/www.cerky-studio.com\/wp-cerky\/uploads\/2018\/11\/cerky-studio-logo-noir-big.png","contentUrl":"https:\/\/www.cerky-studio.com\/wp-cerky\/uploads\/2018\/11\/cerky-studio-logo-noir-big.png","width":912,"height":787,"caption":"Cerky Studio"},"image":{"@id":"https:\/\/www.cerky-studio.com\/de\/#\/schema\/logo\/image\/"},"sameAs":["https:\/\/www.facebook.com\/DjCerk","https:\/\/x.com\/DJ_CERK","https:\/\/www.instagram.com\/dj.cerk\/","https:\/\/www.youtube.com\/djcerk07"]}]}},"_links":{"self":[{"href":"https:\/\/www.cerky-studio.com\/de\/wp-json\/wp\/v2\/pages\/4262","targetHints":{"allow":["GET"]}}],"collection":[{"href":"https:\/\/www.cerky-studio.com\/de\/wp-json\/wp\/v2\/pages"}],"about":[{"href":"https:\/\/www.cerky-studio.com\/de\/wp-json\/wp\/v2\/types\/page"}],"author":[{"embeddable":true,"href":"https:\/\/www.cerky-studio.com\/de\/wp-json\/wp\/v2\/users\/2"}],"replies":[{"embeddable":true,"href":"https:\/\/www.cerky-studio.com\/de\/wp-json\/wp\/v2\/comments?post=4262"}],"version-history":[{"count":9,"href":"https:\/\/www.cerky-studio.com\/de\/wp-json\/wp\/v2\/pages\/4262\/revisions"}],"predecessor-version":[{"id":4555,"href":"https:\/\/www.cerky-studio.com\/de\/wp-json\/wp\/v2\/pages\/4262\/revisions\/4555"}],"wp:attachment":[{"href":"https:\/\/www.cerky-studio.com\/de\/wp-json\/wp\/v2\/media?parent=4262"}],"curies":[{"name":"wp","href":"https:\/\/api.w.org\/{rel}","templated":true}]}}