{"id":4315,"date":"2025-09-29T18:05:53","date_gmt":"2025-09-29T16:05:53","guid":{"rendered":"https:\/\/www.cerky-studio.com\/?page_id=4315"},"modified":"2025-12-12T15:35:06","modified_gmt":"2025-12-12T14:35:06","slug":"mixing-mastering-zuerich","status":"publish","type":"page","link":"https:\/\/www.cerky-studio.com\/de\/mixing-mastering-zuerich\/","title":{"rendered":"Mixing und Mastering in Z\u00fcrich"},"content":{"rendered":"<div class=\"wpb-content-wrapper\"><p>[vc_row][vc_column][vc_column_text css=&#8220;&#8220;]<\/p>\n<h2 style=\"text-align: center;\">Online Mixing und Mastering f\u00fcr K\u00fcnstler aus Z\u00fcrich und der Metropolregion<\/h2>\n<p>[\/vc_column_text][\/vc_column][\/vc_row][vc_row][vc_column width=&#8220;1\/6&#8243;][\/vc_column][vc_column width=&#8220;2\/3&#8243;][vc_column_text css=&#8220;&#8220;]<\/p>\n<p style=\"text-align: center;\"><strong>Sind Sie Musiker, S\u00e4nger oder ein Label mit Sitz in Z\u00fcrich oder im Kanton Z\u00fcrich?<\/strong><br data-start=\"633\" data-end=\"636\" \/><strong>Cerky Studio bietet professionelle Online-Mixing- und Mastering-Dienstleistungen, die Ihren Tracks einen hochwertigen, industriekonformen Sound verleihen \u2013 perfekt vorbereitet f\u00fcr die Ver\u00f6ffentlichung auf allen Streaming-Plattformen sowie in physischen Formaten.<\/strong><\/p>\n<p>[\/vc_column_text][vc_empty_space][\/vc_column][vc_column width=&#8220;1\/6&#8243;][\/vc_column][\/vc_row][vc_row][vc_column width=&#8220;1\/2&#8243;][vc_column_text css=&#8220;&#8220;]<\/p>\n<h3 data-start=\"900\" data-end=\"976\">Cerky Studio \u2013 Ihr Mixing- und Mastering-Partner f\u00fcr K\u00fcnstler aus Z\u00fcrich<\/h3>\n<p data-start=\"978\" data-end=\"1525\"><strong>Professionelles<\/strong> <strong>Mixing und Mastering sind entscheidende Schritte<\/strong>, um einen pr\u00e4zisen, kraftvollen und perfekt ausbalancierten Sound zu erzielen.<br data-start=\"1121\" data-end=\"1124\" \/><strong>Cerky Studio<\/strong> <strong>unterst\u00fctzt<\/strong> Musiker, S\u00e4nger, Bands und Labels aus Z\u00fcrich und der gesamten Metropolregion (Winterthur, Uster, D\u00fcbendorf, Dietikon, Wetzikon, W\u00e4denswil, Horgen, B\u00fclach, Opfikon\u2026) <strong>mit einem<\/strong> <strong data-start=\"1324\" data-end=\"1348\">100 % Online-Service<\/strong>.<br data-start=\"1349\" data-end=\"1352\" \/>Unser Ziel: Ihre musikalische Identit\u00e4t veredeln, die Standards der Branche respektieren und ein Ergebnis liefern, das bereit ist f\u00fcr den digitalen oder physischen Vertrieb.<\/p>\n<p data-start=\"1527\" data-end=\"1637\">Mehr erfahren \u00fcber <a href=\"https:\/\/www.cerky-studio.com\/de\/mixing\/dienstleistung\/\">Mixing Dienstleistungen<\/a><br data-start=\"1579\" data-end=\"1582\" \/>Mehr erfahren \u00fcber <a href=\"https:\/\/www.cerky-studio.com\/de\/mastering\/dienstleistung\/\">Mastering Dienstleistungen<\/a><\/p>\n<p>[\/vc_column_text][\/vc_column][vc_column width=&#8220;1\/2&#8243;][vc_single_image image=&#8220;3048&#8243; img_size=&#8220;Large&#8220; alignment=&#8220;center&#8220; onclick=&#8220;link_image&#8220; css=&#8220;&#8220;][\/vc_column][\/vc_row][vc_row][vc_column][vc_empty_space][vc_separator css=&#8220;&#8220;][vc_empty_space][\/vc_column][\/vc_row][vc_row][vc_column width=&#8220;1\/2&#8243;][vc_column_text css=&#8220;&#8220;]<\/p>\n<h3 data-start=\"1644\" data-end=\"1699\">Mixing und Mastering \u2013 zwei sich erg\u00e4nzende Schritte<\/h3>\n<p data-start=\"1701\" data-end=\"2214\"><strong>Mixing verwandelt Ihre Rohaufnahmen in eine professionelle, homogene Produktion<\/strong>. Jede Spur wird im Hinblick auf Lautst\u00e4rke, Frequenzen und R\u00e4umlichkeit pr\u00e4zise angepasst, um ihren Platz im Gesamtklangbild zu finden.<br data-start=\"1916\" data-end=\"1919\" \/><strong>Anschlie\u00dfend verleiht das Mastering dem Sound den letzten Schliff<\/strong>: Frequenzbalance, optimierte Dynamik und Vorbereitung f\u00fcr alle Formate \u2013 Streaming, Radio, Vinyl oder CD.<br data-start=\"2090\" data-end=\"2093\" \/><strong>Zusammen garantieren diese beiden Phasen ein professionelles, konkurrenzf\u00e4higes Ergebnis<\/strong>, das sofort vertriebsbereit ist.<\/p>\n<p data-start=\"2216\" data-end=\"2290\">Lesen Sie auch: <a href=\"https:\/\/www.cerky-studio.com\/de\/mixing\/definition\/\">Was ist Mixing ?<\/a><br data-start=\"2250\" data-end=\"2253\" \/>Lesen Sie auch: <a href=\"https:\/\/www.cerky-studio.com\/de\/mastering\/definition\/\">Was ist Mastering ?<\/a><\/p>\n<p>[\/vc_column_text][\/vc_column][vc_column width=&#8220;1\/2&#8243;][vc_single_image image=&#8220;3485&#8243; img_size=&#8220;Large&#8220; alignment=&#8220;center&#8220; onclick=&#8220;link_image&#8220; css=&#8220;&#8220;][\/vc_column][\/vc_row][vc_row][vc_column][vc_empty_space][vc_separator css=&#8220;&#8220;][vc_empty_space][\/vc_column][\/vc_row][vc_row][vc_column width=&#8220;1\/2&#8243;][vc_column_text css=&#8220;&#8220;]<\/p>\n<h3 data-start=\"2297\" data-end=\"2356\">Einfache, interaktive und ortsunabh\u00e4ngige Zusammenarbeit<\/h3>\n<p data-start=\"2358\" data-end=\"2788\"><strong>Dank eines privaten Streaming-Links<\/strong> k\u00f6nnen Sie die Mixing- und Mastering-Sessions in Echtzeit verfolgen, <strong>direkt mit dem Tontechniker interagieren<\/strong> und jede Bearbeitungsstufe freigeben.<br data-start=\"2541\" data-end=\"2544\" \/>Diese Methode erm\u00f6glicht eine <strong data-start=\"2574\" data-end=\"2600\">fl\u00fcssige Kommunikation<\/strong>, <strong>eine<\/strong> <strong data-start=\"2607\" data-end=\"2642\">ma\u00dfgeschneiderte Zusammenarbeit<\/strong> <strong>und ein Ergebnis<\/strong>, das Ihren Vorstellungen exakt entspricht \u2013 und das alles ohne Ihr Zuhause in Z\u00fcrich oder der Region Z\u00fcrich verlassen zu m\u00fcssen.<\/p>\n<p data-start=\"2790\" data-end=\"2870\">Entdecken Sie <a href=\"https:\/\/www.cerky-studio.com\/de\/mixing\/online\/\">Mixing aus der Ferne<\/a><br data-start=\"2827\" data-end=\"2830\" \/>Entdecken Sie <a href=\"https:\/\/www.cerky-studio.com\/de\/mastering\/online\/\">Mastering aus der Ferne<\/a><\/p>\n<p>[\/vc_column_text][\/vc_column][vc_column width=&#8220;1\/2&#8243;][vc_single_image image=&#8220;3568&#8243; img_size=&#8220;Large&#8220; alignment=&#8220;center&#8220; onclick=&#8220;link_image&#8220; css=&#8220;&#8220;][\/vc_column][\/vc_row][vc_row][vc_column][vc_empty_space][vc_separator css=&#8220;&#8220;][vc_empty_space][\/vc_column][\/vc_row][vc_row][vc_column width=&#8220;1\/2&#8243;][vc_column_text css=&#8220;&#8220;]<\/p>\n<h2>Warum Cerky Studio?<\/h2>\n<p data-start=\"2901\" data-end=\"3226\"><strong>Bei Cerky Studio wird jedes Projekt mit h\u00f6chster Pr\u00e4zision, Sensibilit\u00e4t und technischem Know-how umgesetzt<\/strong> \u2013 mit dem Ziel, die Emotion, Energie und Ausdruckskraft Ihrer Musik voll zur Geltung zu bringen. <strong>Jeder Track wird so bearbeitet<\/strong>, dass er f\u00fcr Streaming, digitale Distribution oder physische <strong>Ver\u00f6ffentlichung bereit ist<\/strong>.<\/p>\n<p data-start=\"3228\" data-end=\"3671\">Pierre Lorrain, Toningenieur, Produzent und Musikregisseur, widmet sich jedem Projekt mit Leidenschaft \u2013 <strong>unabh\u00e4ngig vom Musikstil<\/strong>. Dank seiner technischen Expertise und seines musikalischen Geh\u00f6rs gelingt es ihm, Ihre klangliche Vision authentisch und professionell umzusetzen. <strong>Mehr als ein Techniker ist er Ihr<\/strong> <strong data-start=\"3540\" data-end=\"3561\">kreativer Partner<\/strong>, der Sie w\u00e4hrend des gesamten Prozesses individuell ber\u00e4t, um <strong>Ihre Produktion auf das n\u00e4chste Level zu heben<\/strong>.<\/p>\n<p>[\/vc_column_text][\/vc_column][vc_column width=&#8220;1\/2&#8243;][vc_single_image image=&#8220;2795&#8243; img_size=&#8220;Large&#8220; alignment=&#8220;center&#8220; onclick=&#8220;link_image&#8220; css=&#8220;&#8220;][\/vc_column][\/vc_row][vc_row][vc_column][vc_empty_space][vc_separator css=&#8220;&#8220;][vc_empty_space][\/vc_column][\/vc_row][vc_row][vc_column][vc_column_text css=&#8220;&#8220;]<\/p>\n<h3 style=\"text-align: center;\">H\u00f6ren Sie jetzt ausgew\u00e4hlte Produktionen aus dem Cerky Studio<\/h3>\n<p>[\/vc_column_text][vc_empty_space][\/vc_column][\/vc_row][vc_row][vc_column width=&#8220;1\/2&#8243;][vc_column_text css=&#8220;&#8220;]https:\/\/open.spotify.com\/intl-fr\/track\/7B6z0HrxAByztLfgzkoxBw[\/vc_column_text][\/vc_column][vc_column width=&#8220;1\/2&#8243;][vc_column_text css=&#8220;&#8220;]https:\/\/open.spotify.com\/intl-fr\/track\/3llW2J8Gl8LggqQcQSjyqM[\/vc_column_text][\/vc_column][\/vc_row][vc_row][vc_column width=&#8220;1\/2&#8243;][vc_column_text css=&#8220;&#8220;]https:\/\/open.spotify.com\/track\/2K4HEVz2zgYgUJIWpSMkC6?si=xmqtQhKlQuuCH6Vrl77xYg[\/vc_column_text][\/vc_column][vc_column width=&#8220;1\/2&#8243;][vc_column_text css=&#8220;&#8220;]https:\/\/open.spotify.com\/intl-fr\/track\/71Ew1DBnWwI1urzIAxitDu[\/vc_column_text][\/vc_column][\/vc_row][vc_row][vc_column][vc_empty_space][vc_separator css=&#8220;&#8220;][vc_empty_space][\/vc_column][\/vc_row][vc_row][vc_column width=&#8220;1\/2&#8243;][vc_column_text css=&#8220;&#8220;]<\/p>\n<h4 data-start=\"3744\" data-end=\"3772\">H\u00e4ufige Fragen zum Mixing<\/h4>\n<p data-start=\"3774\" data-end=\"3941\">Sie fragen sich, was Mixing bewirkt, welche Ergebnisse zu erwarten sind oder wie Sie Ihre Spuren vorbereiten sollten?<br \/>\n<a href=\"https:\/\/www.cerky-studio.com\/de\/mixing\/faq\/\">Werfen Sie einen Blick in unsere Mixing-FAQ<\/a>.<\/p>\n<p>[\/vc_column_text][vc_single_image image=&#8220;2386&#8243; img_size=&#8220;Large&#8220; alignment=&#8220;center&#8220; onclick=&#8220;link_image&#8220; css=&#8220;&#8220;][\/vc_column][vc_column width=&#8220;1\/2&#8243;][vc_column_text css=&#8220;&#8220;]<\/p>\n<h4 data-start=\"3948\" data-end=\"3979\">H\u00e4ufige Fragen zum Mastering<\/h4>\n<p data-start=\"3981\" data-end=\"4202\">Mastering ist oft von Mythen umgeben. Erfahren Sie, was wirklich dahintersteckt und wie Sie Ihre Musik optimal auf diese letzte Phase vorbereiten k\u00f6nnen.\u00a0<a href=\"https:\/\/www.cerky-studio.com\/de\/mastering\/faq\/\">Hier geht\u2019s zur Mastering-FAQ.<\/a><\/p>\n<p>[\/vc_column_text][vc_single_image image=&#8220;3258&#8243; img_size=&#8220;Large&#8220; alignment=&#8220;center&#8220; onclick=&#8220;link_image&#8220; css=&#8220;&#8220;][\/vc_column][\/vc_row][vc_row][vc_column][vc_empty_space][vc_separator css=&#8220;&#8220;][vc_empty_space][\/vc_column][\/vc_row][vc_row][vc_column width=&#8220;1\/2&#8243;][vc_column_text css=&#8220;&#8220;]<\/p>\n<h2 data-start=\"4209\" data-end=\"4251\">Genre-spezifisches Mixing und Mastering<\/h2>\n<p data-start=\"4253\" data-end=\"4629\">Das Mixing <strong>variiert je nach Musikstil und erfordert ein geschultes Ohr<\/strong>, technisches Know-how und ein tiefes Verst\u00e4ndnis <strong>der Genre-spezifischen Anforderungen<\/strong>.<br data-start=\"4410\" data-end=\"4413\" \/>Auch im Mastering sind <strong>subtile Anpassungen entscheidend<\/strong>: Mit Fachwissen und Erfahrung passen <strong>wir unsere technischen Entscheidungen an die Besonderheiten jedes Genres an<\/strong> \u2013 f\u00fcr ein optimales und authentisches Ergebnis.<\/p>\n<p data-start=\"4631\" data-end=\"4709\">Mehr \u00fcber <a href=\"https:\/\/www.cerky-studio.com\/de\/mixing\/musikgenres\/\">Mixing nach Musikgenres<\/a><br data-start=\"4667\" data-end=\"4670\" \/>Mehr \u00fcber <a href=\"https:\/\/www.cerky-studio.com\/de\/mastering\/musikgenres\/\">Mastering nach Musikgenres<\/a><\/p>\n<p>[\/vc_column_text][\/vc_column][vc_column width=&#8220;1\/2&#8243;][vc_single_image image=&#8220;2389&#8243; img_size=&#8220;Large&#8220; alignment=&#8220;center&#8220; onclick=&#8220;link_image&#8220; css=&#8220;&#8220;][\/vc_column][\/vc_row][vc_row][vc_column][vc_empty_space][vc_separator css=&#8220;&#8220;][vc_empty_space][\/vc_column][\/vc_row][vc_row][vc_column width=&#8220;1\/3&#8243;][vc_column_text css=&#8220;&#8220;]<\/p>\n<h3 style=\"text-align: center;\">Referenzen<\/h3>\n<p>[\/vc_column_text][vc_column_text css=&#8220;&#8220;]<\/p>\n<p style=\"text-align: center;\">Entdecken Sie <a href=\"https:\/\/www.cerky-studio.com\/de\/referenzen\/\">die K\u00fcnstler<\/a>, die Cerky Studio ihr Vertrauen geschenkt haben.<\/p>\n<p>[\/vc_column_text][vc_empty_space][vc_separator css=&#8220;&#8220;][vc_empty_space][\/vc_column][vc_column width=&#8220;1\/3&#8243;][vc_column_text css=&#8220;&#8220;]<\/p>\n<h3 style=\"text-align: center;\">Wer ist Cerky ?<\/h3>\n<p>[\/vc_column_text][vc_column_text css=&#8220;&#8220;]<\/p>\n<p style=\"text-align: center;\">Erfahren Sie mehr \u00fcber <a href=\"https:\/\/www.cerky-studio.com\/de\/cerky\/\">Pierre Lorrain alias Cerky<\/a> und seinen Werdegang.<\/p>\n<p>[\/vc_column_text][vc_empty_space][vc_separator css=&#8220;&#8220;][vc_empty_space][\/vc_column][vc_column width=&#8220;1\/3&#8243;][vc_column_text css=&#8220;&#8220;]<\/p>\n<h3 style=\"text-align: center;\">Preise<\/h3>\n<p>[\/vc_column_text][vc_column_text css=&#8220;&#8220;]<\/p>\n<p style=\"text-align: center;\">Hier finden Sie aktuelle <a href=\"https:\/\/www.cerky-studio.com\/de\/mixing\/preise\/\">Preise f\u00fcr Mixing<\/a> und <a href=\"https:\/\/www.cerky-studio.com\/de\/mastering\/preise\/\">Preise f\u00fcr Mastering<\/a>.<\/p>\n<p>[\/vc_column_text][vc_empty_space][vc_separator css=&#8220;&#8220;][vc_empty_space][\/vc_column][\/vc_row][vc_row][vc_column][vc_column_text css=&#8220;&#8220;]<\/p>\n<p style=\"text-align: center;\"><strong>F\u00fcr weitere Informationen oder um Ihr Mixing- oder Mastering-Projekt zu starten, kontaktieren Sie Cerky Studio noch heute<\/strong><\/p>\n<p>[\/vc_column_text][\/vc_column][\/vc_row][vc_row][vc_column][vc_column_text css=&#8220;&#8220;]<\/p>\n<p style=\"text-align: center;\">Greifen Sie auf das <a href=\"https:\/\/www.cerky-studio.com\/de\/kit-mixing-mastering-cerky-studio\/\">Mixing und Mastering-Kit<\/a> zu, um alle meine Dienstleistungen f\u00fcr K\u00fcnstler und Labels zu entdecken<\/p>\n<p>[\/vc_column_text][\/vc_column][\/vc_row][vc_row title=&#8220;Je contacte Cerky Studio&#8220; style=&#8220;flat&#8220; gradient_color_1=&#8220;turquoise&#8220; gradient_color_2=&#8220;vista-blue&#8220; gradient_custom_color_1=&#8220;#dd3333&#8243; gradient_custom_color_2=&#8220;#eeee22&#8243; gradient_text_color=&#8220;#ffffff&#8220; custom_background=&#8220;#ededed&#8220; custom_text=&#8220;#666&#8243; outline_custom_color=&#8220;#666&#8243; outline_custom_hover_background=&#8220;#666&#8243; outline_custom_hover_text=&#8220;#fff&#8220; shape=&#8220;rounded&#8220; color=&#8220;danger&#8220; size=&#8220;lg&#8220; align=&#8220;center&#8220; button_block=&#8220;&#8220; add_icon=&#8220;&#8220; i_align=&#8220;left&#8220; i_type=&#8220;fontawesome&#8220; i_icon_fontawesome=&#8220;fas fa-adjust&#8220; i_icon_openiconic=&#8220;vc-oi vc-oi-dial&#8220; i_icon_typicons=&#8220;typcn typcn-adjust-brightness&#8220; i_icon_entypo=&#8220;entypo-icon entypo-icon-note&#8220; i_icon_linecons=&#8220;vc_li vc_li-heart&#8220; i_icon_monosocial=&#8220;vc-mono vc-mono-fivehundredpx&#8220; i_icon_material=&#8220;vc-material vc-material-cake&#8220; i_icon_pixelicons=&#8220;vc_pixel_icon vc_pixel_icon-alert&#8220; custom_onclick=&#8220;&#8220; link=&#8220;url:https%3A%2F%2Fwww.cerky-studio.com%2Fcontact%2F|||&#8220; custom_onclick_code=&#8220;&#8220;][vc_column][vc_btn title=&#8220;Ich kontaktiere Cerky Studio&#8220; style=&#8220;flat&#8220; color=&#8220;danger&#8220; size=&#8220;lg&#8220; align=&#8220;center&#8220; css=&#8220;&#8220; link=&#8220;url:https%3A%2F%2Fwww.cerky-studio.com%2Fde%2Fkontakt%2F|title:Kontakt&#8220;][\/vc_column][\/vc_row]<\/p>\n<\/div>","protected":false},"excerpt":{"rendered":"<p>[vc_row][vc_column][vc_column_text css=&#8220;&#8220;] Online Mixing und Mastering f\u00fcr K\u00fcnstler aus Z\u00fcrich und der Metropolregion [\/vc_column_text][\/vc_column][\/vc_row][vc_row][vc_column width=&#8220;1\/6&#8243;][\/vc_column][vc_column width=&#8220;2\/3&#8243;][vc_column_text css=&#8220;&#8220;] Sind Sie Musiker, S\u00e4nger oder ein Label mit Sitz in Z\u00fcrich oder im Kanton Z\u00fcrich?Cerky Studio bietet professionelle Online-Mixing- und Mastering-Dienstleistungen, die Ihren Tracks einen hochwertigen, industriekonformen Sound verleihen \u2013 perfekt vorbereitet f\u00fcr die Ver\u00f6ffentlichung auf allen Streaming-Plattformen [&hellip;]<\/p>\n","protected":false},"author":2,"featured_media":0,"parent":0,"menu_order":402,"comment_status":"closed","ping_status":"closed","template":"","meta":{"footnotes":""},"class_list":["post-4315","page","type-page","status-publish","hentry"],"yoast_head":"<!-- This site is optimized with the Yoast SEO plugin v26.1.1 - https:\/\/yoast.com\/wordpress\/plugins\/seo\/ -->\n<title>Online Mixing &amp; Mastering Studio Z\u00fcrich, Mastering Studio Z\u00fcrich<\/title>\n<meta name=\"description\" content=\"Professionelles Online-Mixing &amp; Mastering in Z\u00fcrich \u2013 Cerky Studio verleiht Ihrer Musik Klarheit, Kraft und Tiefe f\u00fcr Streaming, Radio &amp; physische Releases.\" \/>\n<meta name=\"robots\" content=\"index, follow, max-snippet:-1, max-image-preview:large, max-video-preview:-1\" \/>\n<link rel=\"canonical\" href=\"https:\/\/www.cerky-studio.com\/de\/mixing-mastering-zuerich\/\" \/>\n<meta property=\"og:locale\" content=\"de_DE\" \/>\n<meta property=\"og:type\" content=\"article\" \/>\n<meta property=\"og:title\" content=\"Online Mixing &amp; Mastering Studio Z\u00fcrich, Mastering Studio Z\u00fcrich\" \/>\n<meta property=\"og:description\" content=\"Professionelles Online-Mixing &amp; Mastering in Z\u00fcrich \u2013 Cerky Studio verleiht Ihrer Musik Klarheit, Kraft und Tiefe f\u00fcr Streaming, Radio &amp; physische Releases.\" \/>\n<meta property=\"og:url\" content=\"https:\/\/www.cerky-studio.com\/de\/mixing-mastering-zuerich\/\" \/>\n<meta property=\"og:site_name\" content=\"Cerky Studio\" \/>\n<meta property=\"article:publisher\" content=\"https:\/\/www.facebook.com\/DjCerk\" \/>\n<meta property=\"article:modified_time\" content=\"2025-12-12T14:35:06+00:00\" \/>\n<meta name=\"twitter:card\" content=\"summary_large_image\" \/>\n<meta name=\"twitter:site\" content=\"@DJ_CERK\" \/>\n<meta name=\"twitter:label1\" content=\"Gesch\u00e4tzte Lesezeit\" \/>\n\t<meta name=\"twitter:data1\" content=\"4\u00a0Minuten\" \/>\n<script type=\"application\/ld+json\" class=\"yoast-schema-graph\">{\"@context\":\"https:\/\/schema.org\",\"@graph\":[{\"@type\":\"WebPage\",\"@id\":\"https:\/\/www.cerky-studio.com\/de\/mixing-mastering-zuerich\/\",\"url\":\"https:\/\/www.cerky-studio.com\/de\/mixing-mastering-zuerich\/\",\"name\":\"Online Mixing & Mastering Studio Z\u00fcrich, Mastering Studio Z\u00fcrich\",\"isPartOf\":{\"@id\":\"https:\/\/www.cerky-studio.com\/de\/#website\"},\"datePublished\":\"2025-09-29T16:05:53+00:00\",\"dateModified\":\"2025-12-12T14:35:06+00:00\",\"description\":\"Professionelles Online-Mixing & Mastering in Z\u00fcrich \u2013 Cerky Studio verleiht Ihrer Musik Klarheit, Kraft und Tiefe f\u00fcr Streaming, Radio & physische Releases.\",\"breadcrumb\":{\"@id\":\"https:\/\/www.cerky-studio.com\/de\/mixing-mastering-zuerich\/#breadcrumb\"},\"inLanguage\":\"de\",\"potentialAction\":[{\"@type\":\"ReadAction\",\"target\":[\"https:\/\/www.cerky-studio.com\/de\/mixing-mastering-zuerich\/\"]}]},{\"@type\":\"BreadcrumbList\",\"@id\":\"https:\/\/www.cerky-studio.com\/de\/mixing-mastering-zuerich\/#breadcrumb\",\"itemListElement\":[{\"@type\":\"ListItem\",\"position\":1,\"name\":\"Accueil\",\"item\":\"https:\/\/www.cerky-studio.com\/de\/\"},{\"@type\":\"ListItem\",\"position\":2,\"name\":\"Mixing und Mastering in Z\u00fcrich\"}]},{\"@type\":\"WebSite\",\"@id\":\"https:\/\/www.cerky-studio.com\/de\/#website\",\"url\":\"https:\/\/www.cerky-studio.com\/de\/\",\"name\":\"Cerky Studio\",\"description\":\"Studio de mixage et mastering \u00e0 Mulhouse et en ligne\",\"publisher\":{\"@id\":\"https:\/\/www.cerky-studio.com\/de\/#organization\"},\"potentialAction\":[{\"@type\":\"SearchAction\",\"target\":{\"@type\":\"EntryPoint\",\"urlTemplate\":\"https:\/\/www.cerky-studio.com\/de\/?s={search_term_string}\"},\"query-input\":{\"@type\":\"PropertyValueSpecification\",\"valueRequired\":true,\"valueName\":\"search_term_string\"}}],\"inLanguage\":\"de\"},{\"@type\":\"Organization\",\"@id\":\"https:\/\/www.cerky-studio.com\/de\/#organization\",\"name\":\"Cerky Studio\",\"url\":\"https:\/\/www.cerky-studio.com\/de\/\",\"logo\":{\"@type\":\"ImageObject\",\"inLanguage\":\"de\",\"@id\":\"https:\/\/www.cerky-studio.com\/de\/#\/schema\/logo\/image\/\",\"url\":\"https:\/\/www.cerky-studio.com\/wp-cerky\/uploads\/2018\/11\/cerky-studio-logo-noir-big.png\",\"contentUrl\":\"https:\/\/www.cerky-studio.com\/wp-cerky\/uploads\/2018\/11\/cerky-studio-logo-noir-big.png\",\"width\":912,\"height\":787,\"caption\":\"Cerky Studio\"},\"image\":{\"@id\":\"https:\/\/www.cerky-studio.com\/de\/#\/schema\/logo\/image\/\"},\"sameAs\":[\"https:\/\/www.facebook.com\/DjCerk\",\"https:\/\/x.com\/DJ_CERK\",\"https:\/\/www.instagram.com\/dj.cerk\/\",\"https:\/\/www.youtube.com\/djcerk07\"]}]}<\/script>\n<!-- \/ Yoast SEO plugin. -->","yoast_head_json":{"title":"Online Mixing & Mastering Studio Z\u00fcrich, Mastering Studio Z\u00fcrich","description":"Professionelles Online-Mixing & Mastering in Z\u00fcrich \u2013 Cerky Studio verleiht Ihrer Musik Klarheit, Kraft und Tiefe f\u00fcr Streaming, Radio & physische Releases.","robots":{"index":"index","follow":"follow","max-snippet":"max-snippet:-1","max-image-preview":"max-image-preview:large","max-video-preview":"max-video-preview:-1"},"canonical":"https:\/\/www.cerky-studio.com\/de\/mixing-mastering-zuerich\/","og_locale":"de_DE","og_type":"article","og_title":"Online Mixing & Mastering Studio Z\u00fcrich, Mastering Studio Z\u00fcrich","og_description":"Professionelles Online-Mixing & Mastering in Z\u00fcrich \u2013 Cerky Studio verleiht Ihrer Musik Klarheit, Kraft und Tiefe f\u00fcr Streaming, Radio & physische Releases.","og_url":"https:\/\/www.cerky-studio.com\/de\/mixing-mastering-zuerich\/","og_site_name":"Cerky Studio","article_publisher":"https:\/\/www.facebook.com\/DjCerk","article_modified_time":"2025-12-12T14:35:06+00:00","twitter_card":"summary_large_image","twitter_site":"@DJ_CERK","twitter_misc":{"Gesch\u00e4tzte Lesezeit":"4\u00a0Minuten"},"schema":{"@context":"https:\/\/schema.org","@graph":[{"@type":"WebPage","@id":"https:\/\/www.cerky-studio.com\/de\/mixing-mastering-zuerich\/","url":"https:\/\/www.cerky-studio.com\/de\/mixing-mastering-zuerich\/","name":"Online Mixing & Mastering Studio Z\u00fcrich, Mastering Studio Z\u00fcrich","isPartOf":{"@id":"https:\/\/www.cerky-studio.com\/de\/#website"},"datePublished":"2025-09-29T16:05:53+00:00","dateModified":"2025-12-12T14:35:06+00:00","description":"Professionelles Online-Mixing & Mastering in Z\u00fcrich \u2013 Cerky Studio verleiht Ihrer Musik Klarheit, Kraft und Tiefe f\u00fcr Streaming, Radio & physische Releases.","breadcrumb":{"@id":"https:\/\/www.cerky-studio.com\/de\/mixing-mastering-zuerich\/#breadcrumb"},"inLanguage":"de","potentialAction":[{"@type":"ReadAction","target":["https:\/\/www.cerky-studio.com\/de\/mixing-mastering-zuerich\/"]}]},{"@type":"BreadcrumbList","@id":"https:\/\/www.cerky-studio.com\/de\/mixing-mastering-zuerich\/#breadcrumb","itemListElement":[{"@type":"ListItem","position":1,"name":"Accueil","item":"https:\/\/www.cerky-studio.com\/de\/"},{"@type":"ListItem","position":2,"name":"Mixing und Mastering in Z\u00fcrich"}]},{"@type":"WebSite","@id":"https:\/\/www.cerky-studio.com\/de\/#website","url":"https:\/\/www.cerky-studio.com\/de\/","name":"Cerky Studio","description":"Studio de mixage et mastering \u00e0 Mulhouse et en ligne","publisher":{"@id":"https:\/\/www.cerky-studio.com\/de\/#organization"},"potentialAction":[{"@type":"SearchAction","target":{"@type":"EntryPoint","urlTemplate":"https:\/\/www.cerky-studio.com\/de\/?s={search_term_string}"},"query-input":{"@type":"PropertyValueSpecification","valueRequired":true,"valueName":"search_term_string"}}],"inLanguage":"de"},{"@type":"Organization","@id":"https:\/\/www.cerky-studio.com\/de\/#organization","name":"Cerky Studio","url":"https:\/\/www.cerky-studio.com\/de\/","logo":{"@type":"ImageObject","inLanguage":"de","@id":"https:\/\/www.cerky-studio.com\/de\/#\/schema\/logo\/image\/","url":"https:\/\/www.cerky-studio.com\/wp-cerky\/uploads\/2018\/11\/cerky-studio-logo-noir-big.png","contentUrl":"https:\/\/www.cerky-studio.com\/wp-cerky\/uploads\/2018\/11\/cerky-studio-logo-noir-big.png","width":912,"height":787,"caption":"Cerky Studio"},"image":{"@id":"https:\/\/www.cerky-studio.com\/de\/#\/schema\/logo\/image\/"},"sameAs":["https:\/\/www.facebook.com\/DjCerk","https:\/\/x.com\/DJ_CERK","https:\/\/www.instagram.com\/dj.cerk\/","https:\/\/www.youtube.com\/djcerk07"]}]}},"_links":{"self":[{"href":"https:\/\/www.cerky-studio.com\/de\/wp-json\/wp\/v2\/pages\/4315","targetHints":{"allow":["GET"]}}],"collection":[{"href":"https:\/\/www.cerky-studio.com\/de\/wp-json\/wp\/v2\/pages"}],"about":[{"href":"https:\/\/www.cerky-studio.com\/de\/wp-json\/wp\/v2\/types\/page"}],"author":[{"embeddable":true,"href":"https:\/\/www.cerky-studio.com\/de\/wp-json\/wp\/v2\/users\/2"}],"replies":[{"embeddable":true,"href":"https:\/\/www.cerky-studio.com\/de\/wp-json\/wp\/v2\/comments?post=4315"}],"version-history":[{"count":3,"href":"https:\/\/www.cerky-studio.com\/de\/wp-json\/wp\/v2\/pages\/4315\/revisions"}],"predecessor-version":[{"id":4558,"href":"https:\/\/www.cerky-studio.com\/de\/wp-json\/wp\/v2\/pages\/4315\/revisions\/4558"}],"wp:attachment":[{"href":"https:\/\/www.cerky-studio.com\/de\/wp-json\/wp\/v2\/media?parent=4315"}],"curies":[{"name":"wp","href":"https:\/\/api.w.org\/{rel}","templated":true}]}}