{"id":4727,"date":"2026-02-07T11:37:32","date_gmt":"2026-02-07T10:37:32","guid":{"rendered":"https:\/\/www.cerky-studio.com\/?page_id=4727"},"modified":"2026-05-07T10:37:45","modified_gmt":"2026-05-07T08:37:45","slug":"vinyl-mastering","status":"publish","type":"page","link":"https:\/\/www.cerky-studio.com\/de\/mastering\/vinyl-mastering\/","title":{"rendered":"Vinyl Mastering"},"content":{"rendered":"<div class=\"wpb-content-wrapper\"><p>[vc_row][vc_column][vc_column_text css=&#8220;&#8220;]<\/p>\n<h2 style=\"text-align: center;\">Die Besonderheiten des Masterings f\u00fcr Vinyl<\/h2>\n<p>[\/vc_column_text][\/vc_column][\/vc_row][vc_row][vc_column width=&#8220;1\/6&#8243;][\/vc_column][vc_column width=&#8220;2\/3&#8243;][vc_column_text css=&#8220;&#8220;]<\/p>\n<p style=\"text-align: center;\">Wenn ein K\u00fcnstler oder ein Label einen Mastering-Ingenieur beauftragt, einen Titel, eine EP oder ein Album fertigzustellen, ist es sehr \u00fcblich, das Mastering an die verschiedenen Vertriebsformate anzupassen: Streaming, CD und Vinyl. Jedes Medium besitzt seine eigenen Eigenschaften. Es ist daher notwendig, die angewendeten Bearbeitungen technisch anzupassen, um ein optimales Ergebnis zu erzielen, das perfekt auf das jeweilige Medium abgestimmt ist,<br \/>\ninsbesondere auf Vinyl.<\/p>\n<p>[\/vc_column_text][vc_empty_space][vc_empty_space][\/vc_column][vc_column width=&#8220;1\/6&#8243;][\/vc_column][\/vc_row][vc_row][vc_column width=&#8220;1\/2&#8243;][vc_column_text css=&#8220;&#8220;]<\/p>\n<h3>Vinyl, a Physical and Analog Medium<\/h3>\n<p>[\/vc_column_text][vc_column_text css=&#8220;&#8220;]<\/p>\n<p data-start=\"577\" data-end=\"657\">Das f\u00fcr Vinyl bestimmte Mastering ist spezifischer als das f\u00fcr digitale Formate.<\/p>\n<p data-start=\"659\" data-end=\"872\">Denn hier handelt es sich um ein physisches und analoges Medium, das in ein Material (den Lack) graviert wird, um anschlie\u00dfend mechanisch von einer Nadel (dem Tonabnehmer des Plattenspielers) abgetastet zu werden.<\/p>\n<p data-start=\"874\" data-end=\"945\">Diese Besonderheit erfordert eine echte Anpassung der Audiobearbeitung.<\/p>\n<p data-start=\"947\" data-end=\"1109\">Ab diesem Punkt m\u00fcssen mehrere Faktoren ber\u00fccksichtigt werden, da bestimmte Audiobearbeitungen einen direkten Einfluss auf die Qualit\u00e4t des Schnitts haben k\u00f6nnen.<\/p>\n<p>[\/vc_column_text][\/vc_column][vc_column width=&#8220;1\/2&#8243;][vc_empty_space][vc_single_image image=&#8220;4719&#8243; img_size=&#8220;Large&#8220; alignment=&#8220;center&#8220; onclick=&#8220;link_image&#8220; css=&#8220;&#8220;][\/vc_column][\/vc_row][vc_row][vc_column][vc_empty_space][vc_separator css=&#8220;&#8220;][vc_empty_space][\/vc_column][\/vc_row][vc_row][vc_column width=&#8220;5\/6&#8243;][vc_column_text css=&#8220;&#8220;]<\/p>\n<h3>Lautst\u00e4rke, Clipping und Limiting Effekte am Ende der Kette<\/h3>\n<p>[\/vc_column_text][\/vc_column][vc_column width=&#8220;1\/6&#8243;][\/vc_column][\/vc_row][vc_row][vc_column][vc_empty_space height=&#8220;16px&#8220;][\/vc_column][\/vc_row][vc_row][vc_column width=&#8220;1\/2&#8243;][vc_column_text css=&#8220;&#8220;]<\/p>\n<p data-start=\"1178\" data-end=\"1320\">Der Lautheitspegel (Loudness), die Stereobreite sowie der Einsatz von Clipping und Limiting sind entscheidende Kriterien f\u00fcr den Vinylschnitt.<\/p>\n<p data-start=\"1322\" data-end=\"1650\">Je lauter und breiter ein Signal ist, desto mehr Platz nimmt die Rille auf der Platte ein (Rillenabstand). Diese Einschr\u00e4nkung kann beim Pressen erhebliche Folgen haben, insbesondere aus finanzieller Sicht, wenn dadurch eine zus\u00e4tzliche Platte erforderlich wird, um den gesamten Inhalt eines Albums oder einer EP unterzubringen.<\/p>\n<p>[\/vc_column_text][vc_column_text css=&#8220;&#8220;]<\/p>\n<p data-start=\"1652\" data-end=\"1802\">Clipping neigt dazu, die Signalspitzen abzuflachen, sehr abrupte Winkel zu erzeugen und nat\u00fcrliche Transienten in \u201equadratische\u201c Formen zu verwandeln.<\/p>\n<p data-start=\"1804\" data-end=\"1982\">Limiting hingegen komprimiert die Mikrodynamik, erh\u00f6ht die durchschnittliche Energie des Signals und l\u00e4sst es dauerhaft \u201evoll\u201c erscheinen, was eine st\u00e4ndig breite Rille erzwingt.<\/p>\n<p>[\/vc_column_text][vc_column_text css=&#8220;&#8220;]<\/p>\n<p data-start=\"1984\" data-end=\"2255\">Diese Eigenschaften wirken sich direkt auf den Schneidprozess und somit auf die Bewegung des Tonabnehmers aus, mit h\u00f6rbaren Folgen: aggressive H\u00f6hen, instabiles Stereobild, Verzerrungen in den hohen Frequenzen (insbesondere bei Zischlauten) und ein Verlust an Definition.<\/p>\n<p data-start=\"2257\" data-end=\"2403\">F\u00fcr einen optimalen Schnitt ist es jedoch entscheidend, Atemr\u00e4ume, dynamische Kontraste, ruhigere Passagen und nat\u00fcrliche Transienten zu bewahren.<\/p>\n<p>[\/vc_column_text][\/vc_column][vc_column width=&#8220;1\/2&#8243;][vc_single_image image=&#8220;4720&#8243; img_size=&#8220;Medium&#8220; alignment=&#8220;center&#8220; onclick=&#8220;link_image&#8220; css=&#8220;&#8220; title=&#8220;Signal ohne Clipping&#8220;][vc_single_image image=&#8220;4721&#8243; img_size=&#8220;Medium&#8220; alignment=&#8220;center&#8220; onclick=&#8220;link_image&#8220; css=&#8220;&#8220; title=&#8220;Signal mit Clipping&#8220;][\/vc_column][\/vc_row][vc_row][vc_column][vc_empty_space][vc_separator css=&#8220;&#8220;][vc_empty_space][\/vc_column][\/vc_row][vc_row][vc_column width=&#8220;5\/6&#8243;][vc_column_text css=&#8220;&#8220;]<\/p>\n<h3 data-start=\"2113\" data-end=\"2163\">Die Lieferung eines f\u00fcr den Vinylschnitt bestimmten Masters<\/h3>\n<p>[\/vc_column_text][\/vc_column][vc_column width=&#8220;1\/6&#8243;][\/vc_column][\/vc_row][vc_row][vc_column][vc_empty_space height=&#8220;16px&#8220;][\/vc_column][\/vc_row][vc_row][vc_column width=&#8220;1\/2&#8243;][vc_column_text css=&#8220;&#8220;]<\/p>\n<p data-start=\"2471\" data-end=\"2785\">Ein Mastering-Ingenieur, der Ihre Musik f\u00fcr das Vinylformat anpasst, wird die notwendigen Entscheidungen treffen, um ein Audio zu erhalten, das speziell f\u00fcr einen optimalen Schnitt geformt ist, und dabei die k\u00fcnstlerische Intention des Werks, so wie es konzipiert, produziert und gemischt wurde, treu respektieren.<\/p>\n<p data-start=\"2787\" data-end=\"2978\">Dieses Ergebnis wird anschlie\u00dfend an einen Cutting Engineer \u00fcbergeben, dessen Aufgabe es ist, das Audiosignal in eine physische Rille zu verwandeln, die in eine Masterplatte geschnitten wird.<\/p>\n<p data-start=\"2980\" data-end=\"3170\">Seine Arbeit erfordert w\u00e4hrend des gesamten Schneidprozesses eine konstante, adaptive und Echtzeit-Aufmerksamkeit, um eine Masterplatte zu erhalten, die perfekt f\u00fcr das Pressen geeignet ist.<\/p>\n<p data-start=\"3172\" data-end=\"3491\">Daher ist es essenziell, diesen Schritt im Voraus zu ber\u00fccksichtigen, indem die Arbeit des Cutting Engineers so weit wie m\u00f6glich erleichtert wird, durch die Vorbereitung eines vinylgerechten Masters und die Bereitstellung eines technischen Datenblatts mit den notwendigen Informationen zu bestimmten Aspekten der Musik.<\/p>\n<p>[\/vc_column_text][\/vc_column][vc_column width=&#8220;1\/2&#8243;][vc_column_text css=&#8220;&#8220;][\/vc_column_text][vc_single_image image=&#8220;4722&#8243; img_size=&#8220;Large&#8220; alignment=&#8220;center&#8220; onclick=&#8220;link_image&#8220; css=&#8220;&#8220;][\/vc_column][\/vc_row][vc_row][vc_column][vc_empty_space][vc_separator css=&#8220;&#8220;][vc_empty_space][\/vc_column][\/vc_row][vc_row][vc_column width=&#8220;1\/2&#8243;][vc_empty_space height=&#8220;24px&#8220;][vc_column_text css=&#8220;&#8220;]<\/p>\n<h3>Vinyl-Mastering, zusammengefasst<\/h3>\n<p>[\/vc_column_text][vc_column_text css=&#8220;&#8220;]<\/p>\n<p data-start=\"3532\" data-end=\"3623\">Die Entscheidung f\u00fcr eine Vinylpressung erfordert echtes Fachwissen in der Mastering-Phase.<\/p>\n<p data-start=\"3625\" data-end=\"3810\">Bestimmte technische Entscheidungen m\u00fcssen getroffen werden, um das Audio an ein physisches und analoges Medium anzupassen und dabei die k\u00fcnstlerische Intention vollst\u00e4ndig zu bewahren.<\/p>\n<p data-start=\"3812\" data-end=\"3982\">Das Ziel ist es, ein Klangergebnis zu erzielen, das dem Originalwerk treu \u2014 oder sogar identisch \u2014 ist, unter Ber\u00fccksichtigung der spezifischen Einschr\u00e4nkungen von Vinyl.<\/p>\n<p>[\/vc_column_text][\/vc_column][vc_column width=&#8220;1\/2&#8243;][vc_single_image image=&#8220;4723&#8243; img_size=&#8220;Large&#8220; alignment=&#8220;center&#8220; onclick=&#8220;link_image&#8220; css=&#8220;&#8220;][\/vc_column][\/vc_row][vc_row][vc_column][vc_empty_space][\/vc_column][\/vc_row][vc_row][vc_column][vc_column_text css=&#8220;&#8220;]<\/p>\n<p style=\"text-align: center;\">F\u00fcr weitere Informationen zum Vinyl-Mastering kontaktieren Sie Cerky Studio<\/p>\n<p>[\/vc_column_text][vc_empty_space][\/vc_column][\/vc_row][vc_row title=&#8220;Je contacte Cerky Studio&#8220; style=&#8220;flat&#8220; gradient_color_1=&#8220;turquoise&#8220; gradient_color_2=&#8220;vista-blue&#8220; gradient_custom_color_1=&#8220;#dd3333&#8243; gradient_custom_color_2=&#8220;#eeee22&#8243; gradient_text_color=&#8220;#ffffff&#8220; custom_background=&#8220;#ededed&#8220; custom_text=&#8220;#666&#8243; outline_custom_color=&#8220;#666&#8243; outline_custom_hover_background=&#8220;#666&#8243; outline_custom_hover_text=&#8220;#fff&#8220; shape=&#8220;rounded&#8220; color=&#8220;danger&#8220; size=&#8220;lg&#8220; align=&#8220;center&#8220; button_block=&#8220;&#8220; add_icon=&#8220;&#8220; i_align=&#8220;left&#8220; i_type=&#8220;fontawesome&#8220; i_icon_fontawesome=&#8220;fas fa-adjust&#8220; i_icon_openiconic=&#8220;vc-oi vc-oi-dial&#8220; i_icon_typicons=&#8220;typcn typcn-adjust-brightness&#8220; i_icon_entypo=&#8220;entypo-icon entypo-icon-note&#8220; i_icon_linecons=&#8220;vc_li vc_li-heart&#8220; i_icon_monosocial=&#8220;vc-mono vc-mono-fivehundredpx&#8220; i_icon_material=&#8220;vc-material vc-material-cake&#8220; i_icon_pixelicons=&#8220;vc_pixel_icon vc_pixel_icon-alert&#8220; custom_onclick=&#8220;&#8220; link=&#8220;url:https%3A%2F%2Fwww.cerky-studio.com%2Fcontact%2F|||&#8220; custom_onclick_code=&#8220;&#8220;][vc_column][vc_btn title=&#8220;Ich kontaktiere Cerky Studio&#8220; style=&#8220;flat&#8220; color=&#8220;danger&#8220; size=&#8220;lg&#8220; align=&#8220;center&#8220; css=&#8220;&#8220; link=&#8220;url:https%3A%2F%2Fwww.cerky-studio.com%2Fcontact%2F|||&#8220;][\/vc_column][\/vc_row][vc_row title=&#8220;Je contacte Cerky Studio&#8220; style=&#8220;flat&#8220; gradient_color_1=&#8220;turquoise&#8220; gradient_color_2=&#8220;vista-blue&#8220; gradient_custom_color_1=&#8220;#dd3333&#8243; gradient_custom_color_2=&#8220;#eeee22&#8243; gradient_text_color=&#8220;#ffffff&#8220; custom_background=&#8220;#ededed&#8220; custom_text=&#8220;#666&#8243; outline_custom_color=&#8220;#666&#8243; outline_custom_hover_background=&#8220;#666&#8243; outline_custom_hover_text=&#8220;#fff&#8220; shape=&#8220;rounded&#8220; color=&#8220;danger&#8220; size=&#8220;lg&#8220; align=&#8220;center&#8220; button_block=&#8220;&#8220; add_icon=&#8220;&#8220; i_align=&#8220;left&#8220; i_type=&#8220;fontawesome&#8220; i_icon_fontawesome=&#8220;fas fa-adjust&#8220; i_icon_openiconic=&#8220;vc-oi vc-oi-dial&#8220; i_icon_typicons=&#8220;typcn typcn-adjust-brightness&#8220; i_icon_entypo=&#8220;entypo-icon entypo-icon-note&#8220; i_icon_linecons=&#8220;vc_li vc_li-heart&#8220; i_icon_monosocial=&#8220;vc-mono vc-mono-fivehundredpx&#8220; i_icon_material=&#8220;vc-material vc-material-cake&#8220; i_icon_pixelicons=&#8220;vc_pixel_icon vc_pixel_icon-alert&#8220; custom_onclick=&#8220;&#8220; link=&#8220;url:https%3A%2F%2Fwww.cerky-studio.com%2Fcontact%2F|||&#8220; custom_onclick_code=&#8220;&#8220;][vc_column][vc_empty_space][\/vc_column][\/vc_row][vc_row title=&#8220;Je contacte Cerky Studio&#8220; style=&#8220;flat&#8220; gradient_color_1=&#8220;turquoise&#8220; gradient_color_2=&#8220;vista-blue&#8220; gradient_custom_color_1=&#8220;#dd3333&#8243; gradient_custom_color_2=&#8220;#eeee22&#8243; gradient_text_color=&#8220;#ffffff&#8220; custom_background=&#8220;#ededed&#8220; custom_text=&#8220;#666&#8243; outline_custom_color=&#8220;#666&#8243; outline_custom_hover_background=&#8220;#666&#8243; outline_custom_hover_text=&#8220;#fff&#8220; shape=&#8220;rounded&#8220; color=&#8220;danger&#8220; size=&#8220;lg&#8220; align=&#8220;center&#8220; button_block=&#8220;&#8220; add_icon=&#8220;&#8220; i_align=&#8220;left&#8220; i_type=&#8220;fontawesome&#8220; i_icon_fontawesome=&#8220;fas fa-adjust&#8220; i_icon_openiconic=&#8220;vc-oi vc-oi-dial&#8220; i_icon_typicons=&#8220;typcn typcn-adjust-brightness&#8220; i_icon_entypo=&#8220;entypo-icon entypo-icon-note&#8220; i_icon_linecons=&#8220;vc_li vc_li-heart&#8220; i_icon_monosocial=&#8220;vc-mono vc-mono-fivehundredpx&#8220; i_icon_material=&#8220;vc-material vc-material-cake&#8220; i_icon_pixelicons=&#8220;vc_pixel_icon vc_pixel_icon-alert&#8220; custom_onclick=&#8220;&#8220; link=&#8220;url:https%3A%2F%2Fwww.cerky-studio.com%2Fcontact%2F|||&#8220; custom_onclick_code=&#8220;&#8220;][vc_column width=&#8220;1\/2&#8243;][vc_single_image image=&#8220;4724&#8243; img_size=&#8220;Large&#8220; alignment=&#8220;center&#8220; onclick=&#8220;link_image&#8220; css=&#8220;&#8220;][\/vc_column][vc_column width=&#8220;1\/2&#8243;][vc_single_image image=&#8220;4725&#8243; img_size=&#8220;Large&#8220; alignment=&#8220;center&#8220; onclick=&#8220;link_image&#8220; css=&#8220;&#8220;][\/vc_column][\/vc_row]<\/p>\n<\/div>","protected":false},"excerpt":{"rendered":"<p>[vc_row][vc_column][vc_column_text css=&#8220;&#8220;] Die Besonderheiten des Masterings f\u00fcr Vinyl [\/vc_column_text][\/vc_column][\/vc_row][vc_row][vc_column width=&#8220;1\/6&#8243;][\/vc_column][vc_column width=&#8220;2\/3&#8243;][vc_column_text css=&#8220;&#8220;] Wenn ein K\u00fcnstler oder ein Label einen Mastering-Ingenieur beauftragt, einen Titel, eine EP oder ein Album fertigzustellen, ist es sehr \u00fcblich, das Mastering an die verschiedenen Vertriebsformate anzupassen: Streaming, CD und Vinyl. Jedes Medium besitzt seine eigenen Eigenschaften. Es ist daher notwendig, die [&hellip;]<\/p>\n","protected":false},"author":2,"featured_media":0,"parent":3783,"menu_order":27,"comment_status":"closed","ping_status":"closed","template":"","meta":{"footnotes":""},"class_list":["post-4727","page","type-page","status-publish","hentry"],"yoast_head":"<!-- This site is optimized with the Yoast SEO plugin v26.1.1 - https:\/\/yoast.com\/wordpress\/plugins\/seo\/ -->\n<title>Professionelles Vinyl Mastering, wie man Musik f\u00fcr Vinyl mastert<\/title>\n<meta name=\"description\" content=\"Vinyl-Mastering erkl\u00e4rt: Dynamik, Clipping und Schneideprozess. Cerky Studio bietet professionelles Mastering speziell f\u00fcr Vinylpressungen.\" \/>\n<meta name=\"robots\" content=\"index, follow, max-snippet:-1, max-image-preview:large, max-video-preview:-1\" \/>\n<link rel=\"canonical\" href=\"https:\/\/www.cerky-studio.com\/de\/mastering\/vinyl-mastering\/\" \/>\n<meta property=\"og:locale\" content=\"de_DE\" \/>\n<meta property=\"og:type\" content=\"article\" \/>\n<meta property=\"og:title\" content=\"Professionelles Vinyl Mastering, wie man Musik f\u00fcr Vinyl mastert\" \/>\n<meta property=\"og:description\" content=\"Vinyl-Mastering erkl\u00e4rt: Dynamik, Clipping und Schneideprozess. Cerky Studio bietet professionelles Mastering speziell f\u00fcr Vinylpressungen.\" \/>\n<meta property=\"og:url\" content=\"https:\/\/www.cerky-studio.com\/de\/mastering\/vinyl-mastering\/\" \/>\n<meta property=\"og:site_name\" content=\"Cerky Studio\" \/>\n<meta property=\"article:publisher\" content=\"https:\/\/www.facebook.com\/DjCerk\" \/>\n<meta property=\"article:modified_time\" content=\"2026-05-07T08:37:45+00:00\" \/>\n<meta name=\"twitter:card\" content=\"summary_large_image\" \/>\n<meta name=\"twitter:site\" content=\"@DJ_CERK\" \/>\n<meta name=\"twitter:label1\" content=\"Gesch\u00e4tzte Lesezeit\" \/>\n\t<meta name=\"twitter:data1\" content=\"6\u00a0Minuten\" \/>\n<script type=\"application\/ld+json\" class=\"yoast-schema-graph\">{\"@context\":\"https:\/\/schema.org\",\"@graph\":[{\"@type\":\"WebPage\",\"@id\":\"https:\/\/www.cerky-studio.com\/de\/mastering\/vinyl-mastering\/\",\"url\":\"https:\/\/www.cerky-studio.com\/de\/mastering\/vinyl-mastering\/\",\"name\":\"Professionelles Vinyl Mastering, wie man Musik f\u00fcr Vinyl mastert\",\"isPartOf\":{\"@id\":\"https:\/\/www.cerky-studio.com\/de\/#website\"},\"datePublished\":\"2026-02-07T10:37:32+00:00\",\"dateModified\":\"2026-05-07T08:37:45+00:00\",\"description\":\"Vinyl-Mastering erkl\u00e4rt: Dynamik, Clipping und Schneideprozess. Cerky Studio bietet professionelles Mastering speziell f\u00fcr Vinylpressungen.\",\"breadcrumb\":{\"@id\":\"https:\/\/www.cerky-studio.com\/de\/mastering\/vinyl-mastering\/#breadcrumb\"},\"inLanguage\":\"de\",\"potentialAction\":[{\"@type\":\"ReadAction\",\"target\":[\"https:\/\/www.cerky-studio.com\/de\/mastering\/vinyl-mastering\/\"]}]},{\"@type\":\"BreadcrumbList\",\"@id\":\"https:\/\/www.cerky-studio.com\/de\/mastering\/vinyl-mastering\/#breadcrumb\",\"itemListElement\":[{\"@type\":\"ListItem\",\"position\":1,\"name\":\"Accueil\",\"item\":\"https:\/\/www.cerky-studio.com\/de\/\"},{\"@type\":\"ListItem\",\"position\":2,\"name\":\"Mastering\",\"item\":\"https:\/\/www.cerky-studio.com\/de\/mastering\/\"},{\"@type\":\"ListItem\",\"position\":3,\"name\":\"Vinyl Mastering\"}]},{\"@type\":\"WebSite\",\"@id\":\"https:\/\/www.cerky-studio.com\/de\/#website\",\"url\":\"https:\/\/www.cerky-studio.com\/de\/\",\"name\":\"Cerky Studio\",\"description\":\"Studio de mixage et mastering \u00e0 Mulhouse et en ligne\",\"publisher\":{\"@id\":\"https:\/\/www.cerky-studio.com\/de\/#organization\"},\"potentialAction\":[{\"@type\":\"SearchAction\",\"target\":{\"@type\":\"EntryPoint\",\"urlTemplate\":\"https:\/\/www.cerky-studio.com\/de\/?s={search_term_string}\"},\"query-input\":{\"@type\":\"PropertyValueSpecification\",\"valueRequired\":true,\"valueName\":\"search_term_string\"}}],\"inLanguage\":\"de\"},{\"@type\":\"Organization\",\"@id\":\"https:\/\/www.cerky-studio.com\/de\/#organization\",\"name\":\"Cerky Studio\",\"url\":\"https:\/\/www.cerky-studio.com\/de\/\",\"logo\":{\"@type\":\"ImageObject\",\"inLanguage\":\"de\",\"@id\":\"https:\/\/www.cerky-studio.com\/de\/#\/schema\/logo\/image\/\",\"url\":\"https:\/\/www.cerky-studio.com\/wp-cerky\/uploads\/2018\/11\/cerky-studio-logo-noir-big.png\",\"contentUrl\":\"https:\/\/www.cerky-studio.com\/wp-cerky\/uploads\/2018\/11\/cerky-studio-logo-noir-big.png\",\"width\":912,\"height\":787,\"caption\":\"Cerky Studio\"},\"image\":{\"@id\":\"https:\/\/www.cerky-studio.com\/de\/#\/schema\/logo\/image\/\"},\"sameAs\":[\"https:\/\/www.facebook.com\/DjCerk\",\"https:\/\/x.com\/DJ_CERK\",\"https:\/\/www.instagram.com\/dj.cerk\/\",\"https:\/\/www.youtube.com\/djcerk07\"]}]}<\/script>\n<!-- \/ Yoast SEO plugin. -->","yoast_head_json":{"title":"Professionelles Vinyl Mastering, wie man Musik f\u00fcr Vinyl mastert","description":"Vinyl-Mastering erkl\u00e4rt: Dynamik, Clipping und Schneideprozess. Cerky Studio bietet professionelles Mastering speziell f\u00fcr Vinylpressungen.","robots":{"index":"index","follow":"follow","max-snippet":"max-snippet:-1","max-image-preview":"max-image-preview:large","max-video-preview":"max-video-preview:-1"},"canonical":"https:\/\/www.cerky-studio.com\/de\/mastering\/vinyl-mastering\/","og_locale":"de_DE","og_type":"article","og_title":"Professionelles Vinyl Mastering, wie man Musik f\u00fcr Vinyl mastert","og_description":"Vinyl-Mastering erkl\u00e4rt: Dynamik, Clipping und Schneideprozess. Cerky Studio bietet professionelles Mastering speziell f\u00fcr Vinylpressungen.","og_url":"https:\/\/www.cerky-studio.com\/de\/mastering\/vinyl-mastering\/","og_site_name":"Cerky Studio","article_publisher":"https:\/\/www.facebook.com\/DjCerk","article_modified_time":"2026-05-07T08:37:45+00:00","twitter_card":"summary_large_image","twitter_site":"@DJ_CERK","twitter_misc":{"Gesch\u00e4tzte Lesezeit":"6\u00a0Minuten"},"schema":{"@context":"https:\/\/schema.org","@graph":[{"@type":"WebPage","@id":"https:\/\/www.cerky-studio.com\/de\/mastering\/vinyl-mastering\/","url":"https:\/\/www.cerky-studio.com\/de\/mastering\/vinyl-mastering\/","name":"Professionelles Vinyl Mastering, wie man Musik f\u00fcr Vinyl mastert","isPartOf":{"@id":"https:\/\/www.cerky-studio.com\/de\/#website"},"datePublished":"2026-02-07T10:37:32+00:00","dateModified":"2026-05-07T08:37:45+00:00","description":"Vinyl-Mastering erkl\u00e4rt: Dynamik, Clipping und Schneideprozess. Cerky Studio bietet professionelles Mastering speziell f\u00fcr Vinylpressungen.","breadcrumb":{"@id":"https:\/\/www.cerky-studio.com\/de\/mastering\/vinyl-mastering\/#breadcrumb"},"inLanguage":"de","potentialAction":[{"@type":"ReadAction","target":["https:\/\/www.cerky-studio.com\/de\/mastering\/vinyl-mastering\/"]}]},{"@type":"BreadcrumbList","@id":"https:\/\/www.cerky-studio.com\/de\/mastering\/vinyl-mastering\/#breadcrumb","itemListElement":[{"@type":"ListItem","position":1,"name":"Accueil","item":"https:\/\/www.cerky-studio.com\/de\/"},{"@type":"ListItem","position":2,"name":"Mastering","item":"https:\/\/www.cerky-studio.com\/de\/mastering\/"},{"@type":"ListItem","position":3,"name":"Vinyl Mastering"}]},{"@type":"WebSite","@id":"https:\/\/www.cerky-studio.com\/de\/#website","url":"https:\/\/www.cerky-studio.com\/de\/","name":"Cerky Studio","description":"Studio de mixage et mastering \u00e0 Mulhouse et en ligne","publisher":{"@id":"https:\/\/www.cerky-studio.com\/de\/#organization"},"potentialAction":[{"@type":"SearchAction","target":{"@type":"EntryPoint","urlTemplate":"https:\/\/www.cerky-studio.com\/de\/?s={search_term_string}"},"query-input":{"@type":"PropertyValueSpecification","valueRequired":true,"valueName":"search_term_string"}}],"inLanguage":"de"},{"@type":"Organization","@id":"https:\/\/www.cerky-studio.com\/de\/#organization","name":"Cerky Studio","url":"https:\/\/www.cerky-studio.com\/de\/","logo":{"@type":"ImageObject","inLanguage":"de","@id":"https:\/\/www.cerky-studio.com\/de\/#\/schema\/logo\/image\/","url":"https:\/\/www.cerky-studio.com\/wp-cerky\/uploads\/2018\/11\/cerky-studio-logo-noir-big.png","contentUrl":"https:\/\/www.cerky-studio.com\/wp-cerky\/uploads\/2018\/11\/cerky-studio-logo-noir-big.png","width":912,"height":787,"caption":"Cerky Studio"},"image":{"@id":"https:\/\/www.cerky-studio.com\/de\/#\/schema\/logo\/image\/"},"sameAs":["https:\/\/www.facebook.com\/DjCerk","https:\/\/x.com\/DJ_CERK","https:\/\/www.instagram.com\/dj.cerk\/","https:\/\/www.youtube.com\/djcerk07"]}]}},"_links":{"self":[{"href":"https:\/\/www.cerky-studio.com\/de\/wp-json\/wp\/v2\/pages\/4727","targetHints":{"allow":["GET"]}}],"collection":[{"href":"https:\/\/www.cerky-studio.com\/de\/wp-json\/wp\/v2\/pages"}],"about":[{"href":"https:\/\/www.cerky-studio.com\/de\/wp-json\/wp\/v2\/types\/page"}],"author":[{"embeddable":true,"href":"https:\/\/www.cerky-studio.com\/de\/wp-json\/wp\/v2\/users\/2"}],"replies":[{"embeddable":true,"href":"https:\/\/www.cerky-studio.com\/de\/wp-json\/wp\/v2\/comments?post=4727"}],"version-history":[{"count":5,"href":"https:\/\/www.cerky-studio.com\/de\/wp-json\/wp\/v2\/pages\/4727\/revisions"}],"predecessor-version":[{"id":4735,"href":"https:\/\/www.cerky-studio.com\/de\/wp-json\/wp\/v2\/pages\/4727\/revisions\/4735"}],"up":[{"embeddable":true,"href":"https:\/\/www.cerky-studio.com\/de\/wp-json\/wp\/v2\/pages\/3783"}],"wp:attachment":[{"href":"https:\/\/www.cerky-studio.com\/de\/wp-json\/wp\/v2\/media?parent=4727"}],"curies":[{"name":"wp","href":"https:\/\/api.w.org\/{rel}","templated":true}]}}