{"id":3700,"date":"2018-10-19T10:45:27","date_gmt":"2018-10-19T08:45:27","guid":{"rendered":"https:\/\/www.cerky-studio.com\/cerky\/"},"modified":"2026-05-07T11:23:32","modified_gmt":"2026-05-07T09:23:32","slug":"cerky","status":"publish","type":"page","link":"https:\/\/www.cerky-studio.com\/en\/cerky\/","title":{"rendered":"Cerky"},"content":{"rendered":"<div class=\"wpb-content-wrapper\"><p>[vc_row][vc_column width=&#8221;1\/2&#8243;][vc_column_text css=&#8221;&#8221;]<\/p>\n<h2>Who is Cerky?<\/h2>\n<p>Pierre Lorrain, also known as Cerky, <strong>is the founder and sound engineer of Cerky Studio<\/strong>.<\/p>\n<p>Born into a musical family environment, he discovered his passion for sound at an early age and began <strong>his musical journey at 15, in 2005<\/strong>, as a scratch DJ under the name <strong>DJ CERK<\/strong>. He quickly moved into Hip-Hop and Electronic production, collaborating with local artists, before founding the group A.S.O.M. and the duo DF&amp;CERK, with whom he toured France for <strong>concerts and competitions<\/strong>, including the Inou\u00efs du Printemps de Bourges.<\/p>\n<p>Confronted with the technical demands of music production, he developed <strong>a deep passion for studio work<\/strong>. He trained in electronics (BTS) and at the Institut International de l\u2019Image et du Son (3IS), while developing his home studio, which gradually evolved into Cerky Studio.[\/vc_column_text][\/vc_column][vc_column width=&#8221;1\/2&#8243;][vc_empty_space][vc_single_image image=&#8221;4861&#8243; img_size=&#8221;Large&#8221; alignment=&#8221;center&#8221; onclick=&#8221;link_image&#8221; css=&#8221;&#8221;][\/vc_column][\/vc_row][vc_row][vc_column][vc_empty_space][\/vc_column][\/vc_row][vc_row][vc_column width=&#8221;1\/2&#8243;][vc_column_text css=&#8221;&#8221;]Throughout his journey, he crossed paths <a href=\"https:\/\/www.cerky-studio.com\/en\/references\/\">with numerous influential artists<\/a> (A.S.O.M., DF, SMR, 75e Session, N\u00e9pal, Vald, Ormaz, Claudio Cap\u00e9o\u2026) who helped him expand his experience and artistic vision.<\/p>\n<p>In 2017, he founded <strong>Cerky Studio near Mulhouse in France<\/strong>, creating a professional space for artists from the region and beyond. Today, based in the Mulhouse (France), the studio has grown into a fully professional environment, both in terms of equipment and service quality, <strong>specializing in mixing and mastering<\/strong>.<\/p>\n<p>In 2022, he collaborated with <strong>Claudio Cap\u00e9o<\/strong> and his musical director Gil\u2019us to co-produce, record, and mix the album <i>Rose des Vents<\/i>, <strong>now certified Platinum with a Diamond single<\/strong>. He also joined the group on stage as a musician (keys and turntables) for over 70 concerts across France.[\/vc_column_text][\/vc_column][vc_column width=&#8221;1\/2&#8243;][vc_single_image image=&#8221;4866&#8243; img_size=&#8221;Large&#8221; alignment=&#8221;center&#8221; onclick=&#8221;link_image&#8221; css=&#8221;&#8221;][\/vc_column][\/vc_row][vc_row][vc_column][vc_empty_space][\/vc_column][\/vc_row][vc_row][vc_column width=&#8221;1\/6&#8243;][\/vc_column][vc_column width=&#8221;2\/3&#8243;][vc_single_image image=&#8221;4923&#8243; img_size=&#8221;Large&#8221; alignment=&#8221;center&#8221; onclick=&#8221;link_image&#8221; css=&#8221;&#8221;][\/vc_column][vc_column width=&#8221;1\/6&#8243;][\/vc_column][\/vc_row][vc_row][vc_column][vc_empty_space][\/vc_column][\/vc_row][vc_row][vc_column][vc_btn title=&#8221;Contact Cerky Studio&#8221; style=&#8221;flat&#8221; color=&#8221;danger&#8221; size=&#8221;lg&#8221; align=&#8221;center&#8221; css=&#8221;&#8221; link=&#8221;url:https%3A%2F%2Fwww.cerky-studio.com%2Fcontact%2F|||&#8221;][\/vc_column][\/vc_row][vc_row][vc_column][vc_empty_space][\/vc_column][\/vc_row][vc_row][vc_column width=&#8221;1\/3&#8243;][\/vc_column][vc_column width=&#8221;1\/3&#8243;][vc_single_image image=&#8221;3544&#8243; img_size=&#8221;medium&#8221; alignment=&#8221;center&#8221; onclick=&#8221;link_image&#8221; css=&#8221;&#8221;][\/vc_column][vc_column width=&#8221;1\/3&#8243;][\/vc_column][\/vc_row][vc_row][vc_column width=&#8221;1\/6&#8243;][\/vc_column][vc_column width=&#8221;2\/3&#8243;][vc_column_text css=&#8221;&#8221;]<\/p>\n<p style=\"text-align: center;\"><strong>Find Cerky on all platforms :<\/strong><\/p>\n<div class=\"streaming-links\"><a href=\"https:\/\/open.spotify.com\/artist\/2pCYNnHahOmKzXBSATnhG1?si=17IyZ5CDRDW6Ll_A86p4Sw\" target=\"_blank\" rel=\"noopener\"><img decoding=\"async\" src=\"https:\/\/www.cerky-studio.com\/wp-cerky\/uploads\/2019\/02\/spotify.png\" alt=\"Spotify DJ Cerk\" \/><\/a><a href=\"https:\/\/youtube.com\/@CERKY\" target=\"_blank\" rel=\"noopener\"><img loading=\"lazy\" decoding=\"async\" class=\"alignnone\" src=\"https:\/\/www.cerky-studio.com\/wp-cerky\/uploads\/2019\/02\/youtube.png\" alt=\"YouTube DJ Cerk\" width=\"120\" height=\"27\" \/><\/a><a href=\"https:\/\/soundcloud.com\/cerkystudio\" target=\"_blank\" rel=\"noopener\"><img loading=\"lazy\" decoding=\"async\" class=\"alignnone\" src=\"https:\/\/www.cerky-studio.com\/wp-cerky\/uploads\/2019\/02\/soundcloud.png\" alt=\"SoundCloud DJ Cerk\" width=\"120\" height=\"68\" \/><\/a><a href=\"https:\/\/www.deezer.com\/fr\/artist\/5316121\" target=\"_blank\" rel=\"noopener\"><img decoding=\"async\" src=\"https:\/\/www.cerky-studio.com\/wp-cerky\/uploads\/2019\/02\/deezer.png\" alt=\"Deezer DJ Cerk\" \/><\/a><a href=\"https:\/\/djcerk.bandcamp.com\/\" target=\"_blank\" rel=\"noopener\"><img decoding=\"async\" src=\"https:\/\/www.cerky-studio.com\/wp-cerky\/uploads\/2019\/02\/bandcamp.png\" alt=\"Bandcamp DJ Cerk\" \/><\/a><\/div>\n<p>[\/vc_column_text][\/vc_column][vc_column width=&#8221;1\/6&#8243;][\/vc_column][\/vc_row][vc_row][vc_column][vc_empty_space][\/vc_column][\/vc_row][vc_row][vc_column][vc_column_text css=&#8221;&#8221;]<\/p>\n<p style=\"text-align: center;\">Access <a href=\"https:\/\/www.cerky-studio.com\/en\/kit-mixing-mastering-cerky-studio\/\">the Mixing and Mastering Kit<\/a> to discover all of my services for artists and labels.<\/p>\n<p>[\/vc_column_text][\/vc_column][\/vc_row][vc_row][vc_column][vc_btn title=&#8221;Contact Cerky Studio&#8221; style=&#8221;flat&#8221; color=&#8221;danger&#8221; size=&#8221;lg&#8221; align=&#8221;center&#8221; css=&#8221;&#8221; link=&#8221;url:https%3A%2F%2Fwww.cerky-studio.com%2Fcontact%2F|||&#8221;][\/vc_column][\/vc_row]<\/p>\n<\/div>","protected":false},"excerpt":{"rendered":"<p>[vc_row][vc_column width=&#8221;1\/2&#8243;][vc_column_text css=&#8221;&#8221;] Who is Cerky? Pierre Lorrain, also known as Cerky, is the founder and sound engineer of Cerky Studio. Born into a musical family environment, he discovered his passion for sound at an early age and began his musical journey at 15, in 2005, as a scratch DJ under the name DJ CERK. [&hellip;]<\/p>\n","protected":false},"author":2,"featured_media":0,"parent":0,"menu_order":4,"comment_status":"closed","ping_status":"closed","template":"","meta":{"footnotes":""},"class_list":["post-3700","page","type-page","status-publish","hentry"],"yoast_head":"<!-- This site is optimized with the Yoast SEO plugin v26.1.1 - https:\/\/yoast.com\/wordpress\/plugins\/seo\/ -->\n<title>Qui est Cerky ? Biographie Pierre Lorrain (DJ Cerk) - Cerky Studio<\/title>\n<meta name=\"description\" content=\"D\u00e9couvrez le parcours de Pierre Lorrain alias Cerky, fondateur de Cerky Studio : ing\u00e9nieur du son, producteur et musicien, sp\u00e9cialis\u00e9 en mixage et mastering, ayant collabor\u00e9 avec Vald, N\u00e9pal, Claudio Cap\u00e9o et de nombreux artistes.\" \/>\n<meta name=\"robots\" content=\"index, follow, max-snippet:-1, max-image-preview:large, max-video-preview:-1\" \/>\n<link rel=\"canonical\" href=\"https:\/\/www.cerky-studio.com\/en\/cerky\/\" \/>\n<meta property=\"og:locale\" content=\"en_US\" \/>\n<meta property=\"og:type\" content=\"article\" \/>\n<meta property=\"og:title\" content=\"Qui est Cerky ? Biographie Pierre Lorrain (DJ Cerk) - Cerky Studio\" \/>\n<meta property=\"og:description\" content=\"D\u00e9couvrez le parcours de Pierre Lorrain alias Cerky, fondateur de Cerky Studio : ing\u00e9nieur du son, producteur et musicien, sp\u00e9cialis\u00e9 en mixage et mastering, ayant collabor\u00e9 avec Vald, N\u00e9pal, Claudio Cap\u00e9o et de nombreux artistes.\" \/>\n<meta property=\"og:url\" content=\"https:\/\/www.cerky-studio.com\/en\/cerky\/\" \/>\n<meta property=\"og:site_name\" content=\"Cerky Studio\" \/>\n<meta property=\"article:publisher\" content=\"https:\/\/www.facebook.com\/DjCerk\" \/>\n<meta property=\"article:modified_time\" content=\"2026-05-07T09:23:32+00:00\" \/>\n<meta property=\"og:image\" content=\"https:\/\/www.cerky-studio.com\/wp-cerky\/uploads\/2019\/02\/spotify.png\" \/>\n<meta name=\"twitter:card\" content=\"summary_large_image\" \/>\n<meta name=\"twitter:site\" content=\"@DJ_CERK\" \/>\n<meta name=\"twitter:label1\" content=\"Est. reading time\" \/>\n\t<meta name=\"twitter:data1\" content=\"4 minutes\" \/>\n<script type=\"application\/ld+json\" class=\"yoast-schema-graph\">{\"@context\":\"https:\/\/schema.org\",\"@graph\":[{\"@type\":\"WebPage\",\"@id\":\"https:\/\/www.cerky-studio.com\/en\/cerky\/\",\"url\":\"https:\/\/www.cerky-studio.com\/en\/cerky\/\",\"name\":\"Qui est Cerky ? Biographie Pierre Lorrain (DJ Cerk) - Cerky Studio\",\"isPartOf\":{\"@id\":\"https:\/\/www.cerky-studio.com\/en\/#website\"},\"primaryImageOfPage\":{\"@id\":\"https:\/\/www.cerky-studio.com\/en\/cerky\/#primaryimage\"},\"image\":{\"@id\":\"https:\/\/www.cerky-studio.com\/en\/cerky\/#primaryimage\"},\"thumbnailUrl\":\"https:\/\/www.cerky-studio.com\/wp-cerky\/uploads\/2019\/02\/spotify.png\",\"datePublished\":\"2018-10-19T08:45:27+00:00\",\"dateModified\":\"2026-05-07T09:23:32+00:00\",\"description\":\"D\u00e9couvrez le parcours de Pierre Lorrain alias Cerky, fondateur de Cerky Studio : ing\u00e9nieur du son, producteur et musicien, sp\u00e9cialis\u00e9 en mixage et mastering, ayant collabor\u00e9 avec Vald, N\u00e9pal, Claudio Cap\u00e9o et de nombreux artistes.\",\"breadcrumb\":{\"@id\":\"https:\/\/www.cerky-studio.com\/en\/cerky\/#breadcrumb\"},\"inLanguage\":\"en-US\",\"potentialAction\":[{\"@type\":\"ReadAction\",\"target\":[\"https:\/\/www.cerky-studio.com\/en\/cerky\/\"]}]},{\"@type\":\"ImageObject\",\"inLanguage\":\"en-US\",\"@id\":\"https:\/\/www.cerky-studio.com\/en\/cerky\/#primaryimage\",\"url\":\"https:\/\/www.cerky-studio.com\/wp-cerky\/uploads\/2019\/02\/spotify.png\",\"contentUrl\":\"https:\/\/www.cerky-studio.com\/wp-cerky\/uploads\/2019\/02\/spotify.png\"},{\"@type\":\"BreadcrumbList\",\"@id\":\"https:\/\/www.cerky-studio.com\/en\/cerky\/#breadcrumb\",\"itemListElement\":[{\"@type\":\"ListItem\",\"position\":1,\"name\":\"Accueil\",\"item\":\"https:\/\/www.cerky-studio.com\/en\/\"},{\"@type\":\"ListItem\",\"position\":2,\"name\":\"Cerky\"}]},{\"@type\":\"WebSite\",\"@id\":\"https:\/\/www.cerky-studio.com\/en\/#website\",\"url\":\"https:\/\/www.cerky-studio.com\/en\/\",\"name\":\"Cerky Studio\",\"description\":\"Studio de mixage et mastering \u00e0 Mulhouse et en ligne\",\"publisher\":{\"@id\":\"https:\/\/www.cerky-studio.com\/en\/#organization\"},\"potentialAction\":[{\"@type\":\"SearchAction\",\"target\":{\"@type\":\"EntryPoint\",\"urlTemplate\":\"https:\/\/www.cerky-studio.com\/en\/?s={search_term_string}\"},\"query-input\":{\"@type\":\"PropertyValueSpecification\",\"valueRequired\":true,\"valueName\":\"search_term_string\"}}],\"inLanguage\":\"en-US\"},{\"@type\":\"Organization\",\"@id\":\"https:\/\/www.cerky-studio.com\/en\/#organization\",\"name\":\"Cerky Studio\",\"url\":\"https:\/\/www.cerky-studio.com\/en\/\",\"logo\":{\"@type\":\"ImageObject\",\"inLanguage\":\"en-US\",\"@id\":\"https:\/\/www.cerky-studio.com\/en\/#\/schema\/logo\/image\/\",\"url\":\"https:\/\/www.cerky-studio.com\/wp-cerky\/uploads\/2018\/11\/cerky-studio-logo-noir-big.png\",\"contentUrl\":\"https:\/\/www.cerky-studio.com\/wp-cerky\/uploads\/2018\/11\/cerky-studio-logo-noir-big.png\",\"width\":912,\"height\":787,\"caption\":\"Cerky Studio\"},\"image\":{\"@id\":\"https:\/\/www.cerky-studio.com\/en\/#\/schema\/logo\/image\/\"},\"sameAs\":[\"https:\/\/www.facebook.com\/DjCerk\",\"https:\/\/x.com\/DJ_CERK\",\"https:\/\/www.instagram.com\/dj.cerk\/\",\"https:\/\/www.youtube.com\/djcerk07\"]}]}<\/script>\n<!-- \/ Yoast SEO plugin. -->","yoast_head_json":{"title":"Qui est Cerky ? Biographie Pierre Lorrain (DJ Cerk) - Cerky Studio","description":"D\u00e9couvrez le parcours de Pierre Lorrain alias Cerky, fondateur de Cerky Studio : ing\u00e9nieur du son, producteur et musicien, sp\u00e9cialis\u00e9 en mixage et mastering, ayant collabor\u00e9 avec Vald, N\u00e9pal, Claudio Cap\u00e9o et de nombreux artistes.","robots":{"index":"index","follow":"follow","max-snippet":"max-snippet:-1","max-image-preview":"max-image-preview:large","max-video-preview":"max-video-preview:-1"},"canonical":"https:\/\/www.cerky-studio.com\/en\/cerky\/","og_locale":"en_US","og_type":"article","og_title":"Qui est Cerky ? Biographie Pierre Lorrain (DJ Cerk) - Cerky Studio","og_description":"D\u00e9couvrez le parcours de Pierre Lorrain alias Cerky, fondateur de Cerky Studio : ing\u00e9nieur du son, producteur et musicien, sp\u00e9cialis\u00e9 en mixage et mastering, ayant collabor\u00e9 avec Vald, N\u00e9pal, Claudio Cap\u00e9o et de nombreux artistes.","og_url":"https:\/\/www.cerky-studio.com\/en\/cerky\/","og_site_name":"Cerky Studio","article_publisher":"https:\/\/www.facebook.com\/DjCerk","article_modified_time":"2026-05-07T09:23:32+00:00","og_image":[{"url":"https:\/\/www.cerky-studio.com\/wp-cerky\/uploads\/2019\/02\/spotify.png","type":"","width":"","height":""}],"twitter_card":"summary_large_image","twitter_site":"@DJ_CERK","twitter_misc":{"Est. reading time":"4 minutes"},"schema":{"@context":"https:\/\/schema.org","@graph":[{"@type":"WebPage","@id":"https:\/\/www.cerky-studio.com\/en\/cerky\/","url":"https:\/\/www.cerky-studio.com\/en\/cerky\/","name":"Qui est Cerky ? Biographie Pierre Lorrain (DJ Cerk) - Cerky Studio","isPartOf":{"@id":"https:\/\/www.cerky-studio.com\/en\/#website"},"primaryImageOfPage":{"@id":"https:\/\/www.cerky-studio.com\/en\/cerky\/#primaryimage"},"image":{"@id":"https:\/\/www.cerky-studio.com\/en\/cerky\/#primaryimage"},"thumbnailUrl":"https:\/\/www.cerky-studio.com\/wp-cerky\/uploads\/2019\/02\/spotify.png","datePublished":"2018-10-19T08:45:27+00:00","dateModified":"2026-05-07T09:23:32+00:00","description":"D\u00e9couvrez le parcours de Pierre Lorrain alias Cerky, fondateur de Cerky Studio : ing\u00e9nieur du son, producteur et musicien, sp\u00e9cialis\u00e9 en mixage et mastering, ayant collabor\u00e9 avec Vald, N\u00e9pal, Claudio Cap\u00e9o et de nombreux artistes.","breadcrumb":{"@id":"https:\/\/www.cerky-studio.com\/en\/cerky\/#breadcrumb"},"inLanguage":"en-US","potentialAction":[{"@type":"ReadAction","target":["https:\/\/www.cerky-studio.com\/en\/cerky\/"]}]},{"@type":"ImageObject","inLanguage":"en-US","@id":"https:\/\/www.cerky-studio.com\/en\/cerky\/#primaryimage","url":"https:\/\/www.cerky-studio.com\/wp-cerky\/uploads\/2019\/02\/spotify.png","contentUrl":"https:\/\/www.cerky-studio.com\/wp-cerky\/uploads\/2019\/02\/spotify.png"},{"@type":"BreadcrumbList","@id":"https:\/\/www.cerky-studio.com\/en\/cerky\/#breadcrumb","itemListElement":[{"@type":"ListItem","position":1,"name":"Accueil","item":"https:\/\/www.cerky-studio.com\/en\/"},{"@type":"ListItem","position":2,"name":"Cerky"}]},{"@type":"WebSite","@id":"https:\/\/www.cerky-studio.com\/en\/#website","url":"https:\/\/www.cerky-studio.com\/en\/","name":"Cerky Studio","description":"Studio de mixage et mastering \u00e0 Mulhouse et en ligne","publisher":{"@id":"https:\/\/www.cerky-studio.com\/en\/#organization"},"potentialAction":[{"@type":"SearchAction","target":{"@type":"EntryPoint","urlTemplate":"https:\/\/www.cerky-studio.com\/en\/?s={search_term_string}"},"query-input":{"@type":"PropertyValueSpecification","valueRequired":true,"valueName":"search_term_string"}}],"inLanguage":"en-US"},{"@type":"Organization","@id":"https:\/\/www.cerky-studio.com\/en\/#organization","name":"Cerky Studio","url":"https:\/\/www.cerky-studio.com\/en\/","logo":{"@type":"ImageObject","inLanguage":"en-US","@id":"https:\/\/www.cerky-studio.com\/en\/#\/schema\/logo\/image\/","url":"https:\/\/www.cerky-studio.com\/wp-cerky\/uploads\/2018\/11\/cerky-studio-logo-noir-big.png","contentUrl":"https:\/\/www.cerky-studio.com\/wp-cerky\/uploads\/2018\/11\/cerky-studio-logo-noir-big.png","width":912,"height":787,"caption":"Cerky Studio"},"image":{"@id":"https:\/\/www.cerky-studio.com\/en\/#\/schema\/logo\/image\/"},"sameAs":["https:\/\/www.facebook.com\/DjCerk","https:\/\/x.com\/DJ_CERK","https:\/\/www.instagram.com\/dj.cerk\/","https:\/\/www.youtube.com\/djcerk07"]}]}},"_links":{"self":[{"href":"https:\/\/www.cerky-studio.com\/en\/wp-json\/wp\/v2\/pages\/3700","targetHints":{"allow":["GET"]}}],"collection":[{"href":"https:\/\/www.cerky-studio.com\/en\/wp-json\/wp\/v2\/pages"}],"about":[{"href":"https:\/\/www.cerky-studio.com\/en\/wp-json\/wp\/v2\/types\/page"}],"author":[{"embeddable":true,"href":"https:\/\/www.cerky-studio.com\/en\/wp-json\/wp\/v2\/users\/2"}],"replies":[{"embeddable":true,"href":"https:\/\/www.cerky-studio.com\/en\/wp-json\/wp\/v2\/comments?post=3700"}],"version-history":[{"count":11,"href":"https:\/\/www.cerky-studio.com\/en\/wp-json\/wp\/v2\/pages\/3700\/revisions"}],"predecessor-version":[{"id":4970,"href":"https:\/\/www.cerky-studio.com\/en\/wp-json\/wp\/v2\/pages\/3700\/revisions\/4970"}],"wp:attachment":[{"href":"https:\/\/www.cerky-studio.com\/en\/wp-json\/wp\/v2\/media?parent=3700"}],"curies":[{"name":"wp","href":"https:\/\/api.w.org\/{rel}","templated":true}]}}